{"id":8092,"date":"2025-09-03T13:15:52","date_gmt":"2025-09-03T10:15:52","guid":{"rendered":"https:\/\/ermtech.com.tr\/magaza\/?post_type=product&#038;p=8092"},"modified":"2026-02-02T16:59:31","modified_gmt":"2026-02-02T13:59:31","slug":"ecoflow-glacier-tasinabilir-buzdolabi","status":"publish","type":"product","link":"https:\/\/ermtech.com.tr\/magaza\/urun\/ecoflow-glacier-tasinabilir-buzdolabi","title":{"rendered":"EcoFlow GLACIER Ta\u015f\u0131nabilir Buzdolab\u0131"},"content":{"rendered":"<p><!DOCTYPE html><br \/>\n<html lang=\"tr\"><br \/>\n<head><br \/>\n    <meta charset=\"UTF-8\"><br \/>\n    <meta name=\"viewport\" content=\"width=device-width, initial-scale=1.0\"><br \/>\n    <title>EcoFlow GLACIER \u00dcr\u00fcn Tan\u0131t\u0131m\u0131<\/title><\/p>\n<style>\n        .container {\n            max-width: 1200px;\n            margin: 0 auto;\n            padding: 20px;\n            font-family: 'Segoe UI', Tahoma, Geneva, Verdana, sans-serif;\n            line-height: 1.6;\n            color: #333;\n        }\n        .section-title {\n            text-align: center;\n            margin: 40px 0 20px;\n            font-size: 2.5em;\n            color: #1a51a8;\n        }\n        .section-subtitle {\n            text-align: center;\n            margin-bottom: 30px;\n            font-size: 1.2em;\n            color: #555;\n        }\n        .two-column-layout {\n            display: flex;\n            flex-direction: column;\n            gap: 20px;\n            margin-bottom: 40px;\n        }\n        .two-column-layout .column {\n            background: #fff;\n            padding: 25px;\n            border-radius: 12px;\n            box-shadow: 0 4px 15px rgba(0, 0, 0, 0.08);\n            text-align: center;\n        }\n        .two-column-layout .column img {\n            max-width: 100%;\n            height: auto;\n            border-radius: 8px;\n            margin-bottom: 15px;\n        }\n        .two-column-layout .text-content {\n            display: flex;\n            flex-direction: column;\n            justify-content: center;\n            text-align: left;\n        }\n        @media (min-width: 768px) {\n            .two-column-layout {\n                flex-direction: row;\n            }\n            .two-column-layout .column {\n                flex: 1;\n            }\n            .two-column-layout.reverse {\n                flex-direction: row-reverse;\n            }\n        }\n    <\/style>\n<p><\/head><br \/>\n<body><\/p>\n<div class=\"container\">\n<div class=\"product-gallery\">\n        <img decoding=\"async\" src=\"https:\/\/ecoflow.com.tr\/wp-content\/uploads\/2024\/02\/GLACIER-03-1-Pick-up_trucks-2-1500x750.webp\" alt=\"EcoFlow GLACIER Buzdolab\u0131-Dondurucu\">\n    <\/div>\n<h3 class=\"section-title\">End\u00fcstrinin ilk entegre buz makinesi.<\/h3>\n<h4 class=\"section-subtitle\">120W kompres\u00f6r<\/h4>\n<p style=\"text-align: center; max-width: 800px; margin: 0 auto 40px;\">120 W\u2019l\u0131k g\u00fc\u00e7l\u00fc bir kompres\u00f6rle donat\u0131ld\u0131\u011f\u0131ndan, size 12 dakikada 18 kat\u0131 buz k\u00fcp\u00fc sa\u011flar. Yolculu\u011funuz boyunca t\u00fcm t\u00fcyler \u00fcrpertici anlar\u0131 so\u011fuk sodalarla tatland\u0131r\u0131n.<\/p>\n<div class=\"product-gallery\">\n        <img decoding=\"async\" src=\"https:\/\/ecoflow.com.tr\/wp-content\/uploads\/2023\/05\/videoframe_5440-1.png\" alt=\"EcoFlow GLACIER Buz Yapma\">\n    <\/div>\n<div class=\"two-column-layout\">\n<div class=\"column\">\n<h3 style=\"color: #1a51a8;\">En iyi haliyle bir buzdolab\u0131-dondurucu.<\/h3>\n<h4 style=\"color: #555;\">\u00c7ift b\u00f6lge, \u00e7ift kontrol.<\/h4>\n<p>Hepsi s\u00f6k\u00fclebilir bir kol ve bir tekerlek seti. Buzdolab\u0131-dondurucuyu maceralar\u0131n\u0131z sizi nereye g\u00f6t\u00fcr\u00fcrse oraya g\u00f6t\u00fcr\u00fcn. Bu aksesuarlar\u0131 ay\u0131r\u0131n ve Glacier\u2019i karavan\u0131n\u0131z\u0131n tezgah\u0131na, yolcu koltu\u011funa ve di\u011fer kompakt alanlara yerle\u015ftirin.<\/p>\n<\/p><\/div>\n<div class=\"column\">\n            <img decoding=\"async\" src=\"https:\/\/ecoflow.com.tr\/wp-content\/uploads\/2023\/05\/videoframe_5440-1.png\" alt=\"\u00c7ift B\u00f6lge Kontrol\">\n        <\/div>\n<\/p><\/div>\n<div class=\"two-column-layout reverse\">\n<div class=\"column\">\n<h3 style=\"color: #1a51a8;\">Sekt\u00f6rdeki en h\u0131zl\u0131 so\u011futma.<\/h3>\n<p>Bo\u015fken optimum h\u0131zda so\u011futma yapan Glacier, yakla\u015f\u0131k 15 dakika i\u00e7inde 30\u00b0C\u2019den 0\u00b0C\u2019ye h\u0131zla so\u011fur.<\/p>\n<\/p><\/div>\n<div class=\"column\">\n            <img decoding=\"async\" src=\"https:\/\/ecoflow.com.tr\/wp-content\/uploads\/2023\/05\/GLACIER-07-battery-1.webp\" alt=\"H\u0131zl\u0131 So\u011futma \u00d6zelli\u011fi\">\n        <\/div>\n<\/p><\/div>\n<\/div>\n<p><\/body><br \/>\n<\/html><br \/>\n<!DOCTYPE html><br \/>\n<html lang=\"tr\"><br \/>\n<head><br \/>\n    <meta charset=\"UTF-8\"><br \/>\n    <meta name=\"viewport\" content=\"width=device-width, initial-scale=1.0\"><br \/>\n    <title>EcoFlow GLACIER Enerji \u00d6zellikleri<\/title><\/p>\n<style>\n        .container {\n            max-width: 1200px;\n            margin: 0 auto;\n            padding: 20px;\n            font-family: 'Segoe UI', Tahoma, Geneva, Verdana, sans-serif;\n            line-height: 1.6;\n            color: #333;\n        }\n        .section-title {\n            text-align: center;\n            margin: 40px 0 20px;\n            font-size: 2.5em;\n            color: #1a51a8;\n        }\n        .section-subtitle {\n            text-align: center;\n            margin-bottom: 30px;\n            font-size: 1.2em;\n            color: #555;\n        }\n        .two-column-layout {\n            display: flex;\n            flex-direction: column;\n            gap: 20px;\n            margin-bottom: 40px;\n        }\n        .two-column-layout .column {\n            background: #fff;\n            padding: 25px;\n            border-radius: 12px;\n            box-shadow: 0 4px 15px rgba(0, 0, 0, 0.08);\n            text-align: center;\n        }\n        .two-column-layout .column img {\n            max-width: 100%;\n            height: auto;\n            border-radius: 8px;\n            margin-bottom: 15px;\n        }\n        .charging-options-container {\n            display: flex;\n            flex-wrap: wrap;\n            justify-content: center;\n            gap: 20px;\n            margin-top: 30px;\n        }\n        .charging-box {\n            background: #fff;\n            padding: 20px;\n            border-radius: 12px;\n            box-shadow: 0 4px 15px rgba(0, 0, 0, 0.08);\n            text-align: center;\n            flex: 1 1 300px;\n        }\n        .charging-box img {\n            max-width: 100%;\n            height: auto;\n            border-radius: 8px;\n            margin-bottom: 15px;\n        }\n        .charging-box h4 {\n            color: #1a51a8;\n            margin-top: 0;\n            font-size: 1.2em;\n        }\n        .charging-box p {\n            font-size: 0.9em;\n            color: #666;\n        }\n        @media (min-width: 768px) {\n            .two-column-layout {\n                flex-direction: row;\n            }\n            .two-column-layout.reverse {\n                flex-direction: row-reverse;\n            }\n        }\n    <\/style>\n<p><\/head><br \/>\n<body><\/p>\n<div class=\"container\">\n<h3 class=\"section-title\">\u00c7evre dostu olmaktan daha haval\u0131 bir \u015fey yoktur.<\/h3>\n<h4 class=\"section-subtitle\">Hepimiz hem ye\u015fil gezegeni hem de kullan\u0131c\u0131 deneyiminizi korumak i\u00e7in u\u011fra\u015f\u0131yoruz.<\/h4>\n<div class=\"two-column-layout\">\n<div class=\"column\">\n<h3 style=\"color: #1a51a8;\">VIP teknolojisi.<\/h3>\n<p>Glacier, vakum yal\u0131t\u0131m panellerini (VIP\u2019ler) destekler. D\u00fc\u015f\u00fck termal iletkenli\u011fe sahip bu paneller, enerji verimlili\u011fini optimize etmeye, enerji t\u00fcketimini, karbon ayak izini ve so\u011futucu ak\u0131\u015fkan \u00fcretiminin \u00e7evresel etkisini azaltmaya yard\u0131mc\u0131 olur.<\/p>\n<\/p><\/div>\n<div class=\"column\">\n            <img decoding=\"async\" src=\"https:\/\/ecoflow.com.tr\/wp-content\/uploads\/2023\/05\/GLACIER-12-VIP_technology-1.webp\" alt=\"VIP Teknolojisi\">\n        <\/div>\n<\/p><\/div>\n<div class=\"two-column-layout reverse\">\n<div class=\"column\">\n<h3 style=\"color: #1a51a8;\">Eco Modu<\/h3>\n<p>Eco modunda \u2013 enerji tasarrufu modu \u2013 Glacier g\u00fcnde yaln\u0131zca 0,18 kWh kullan\u0131r.<\/p>\n<\/p><\/div>\n<div class=\"column\">\n            <img decoding=\"async\" src=\"https:\/\/ecoflow.com.tr\/wp-content\/uploads\/2023\/05\/GLACIER-13-compressor.webp\" alt=\"Eco Modu\">\n        <\/div>\n<\/p><\/div>\n<h3 class=\"section-title\">\u00c7oklu \u015farj y\u00f6ntemleri<\/h3>\n<h4 class=\"section-subtitle\">Her yerde \u015farj edin.<\/h4>\n<div class=\"charging-options-container\">\n<div class=\"charging-box\">\n            <img decoding=\"async\" src=\"https:\/\/ecoflow.com.tr\/wp-content\/uploads\/2023\/05\/GLACIER-14-1-Solar_Charging.webp\" alt=\"Solar \u015earj\"><\/p>\n<h4>Solar \u015earj<\/h4>\n<p>G\u00fcne\u015f enerjisiyle (240 W&#8217;a kadar) 2,1 saat gibi k\u0131sa bir s\u00fcrede tamamen \u015farj olur.<\/p>\n<\/p><\/div>\n<div class=\"charging-box\">\n            <img decoding=\"async\" src=\"https:\/\/ecoflow.com.tr\/wp-content\/uploads\/2023\/05\/GLACIER-14-2-AC_Charging.webp\" alt=\"AC \u015earj\u0131\"><\/p>\n<h4>AC \u015earj\u0131<\/h4>\n<p>AC ile 2,2 saatte tamamen \u015farj olur.<\/p>\n<\/p><\/div>\n<div class=\"charging-box\">\n            <img decoding=\"async\" src=\"https:\/\/ecoflow.com.tr\/wp-content\/uploads\/2023\/05\/GLACIER-14-3-DC_Charging.webp\" alt=\"DC \u015earj\u0131\"><\/p>\n<h4>DC \u015earj\u0131<\/h4>\n<p>DC (12V) ile 4 saatte veya DC (24V) ile 2,1 saatte tamamen \u015farj olur.<\/p>\n<\/p><\/div>\n<\/p><\/div>\n<\/div>\n<p><\/body><br \/>\n<\/html><br \/>\n<!DOCTYPE html><br \/>\n<html lang=\"tr\"><br \/>\n<head><br \/>\n    <meta charset=\"UTF-8\"><br \/>\n    <meta name=\"viewport\" content=\"width=device-width, initial-scale=1.0\"><br \/>\n    <title>EcoFlow GLACIER Kutu \u0130\u00e7eri\u011fi &#038; Teknik \u00d6zellikler<\/title><\/p>\n<style>\n        .container {\n            max-width: 1200px;\n            margin: 0 auto;\n            padding: 20px;\n            font-family: 'Segoe UI', Tahoma, Geneva, Verdana, sans-serif;\n            line-height: 1.6;\n            color: #333;\n        }\n        .section-title {\n            text-align: center;\n            margin: 40px 0 20px;\n            font-size: 2.5em;\n            color: #1a51a8;\n        }\n        .content-box {\n            background-color: #ffffff;\n            border-radius: 12px;\n            box-shadow: 0 4px 15px rgba(0, 0, 0, 0.08);\n            padding: 25px;\n            margin-bottom: 20px;\n            text-align: center;\n        }\n        .content-box img {\n            max-width: 100%;\n            height: auto;\n            border-radius: 8px;\n            margin-top: 15px;\n        }\n        .content-box h3 {\n            color: #1a51a8;\n            font-size: 1.5em;\n            margin-bottom: 5px;\n        }\n        .three-column-grid {\n            display: grid;\n            grid-template-columns: repeat(auto-fit, minmax(280px, 1fr));\n            gap: 20px;\n            margin-bottom: 40px;\n        }\n        .specs-grid {\n            display: grid;\n            grid-template-columns: repeat(auto-fit, minmax(300px, 1fr));\n            gap: 15px;\n            margin-top: 30px;\n        }\n        .spec-item {\n            background: #fff;\n            padding: 20px;\n            border-radius: 12px;\n            box-shadow: 0 2px 10px rgba(0, 0, 0, 0.05);\n        }\n        .spec-item .title {\n            font-weight: bold;\n            color: #1a51a8;\n            margin-bottom: 5px;\n        }\n        .spec-item .description {\n            color: #666;\n        }\n        @media (max-width: 768px) {\n            .section-title {\n                font-size: 2em;\n            }\n        }\n    <\/style>\n<p><\/head><br \/>\n<body><\/p>\n<div class=\"container\">\n<h2 class=\"section-title\">Kutuda Ne Var<\/h2>\n<div class=\"three-column-grid\">\n<div class=\"content-box\">\n<h3>EcoFlow GLACIER<\/h3>\n<p>            <img decoding=\"async\" src=\"https:\/\/ecoflow.com.tr\/wp-content\/uploads\/2023\/05\/GLACIER-15-1_375x.webp\" alt=\"EcoFlow GLACIER\">\n        <\/div>\n<div class=\"content-box\">\n<h3>Buz K\u00fcre\u011fi<\/h3>\n<p>            <img decoding=\"async\" src=\"https:\/\/ecoflow.com.tr\/wp-content\/uploads\/2023\/05\/GLACIER-15-2-ice_shovel_375x.webp\" alt=\"Buz K\u00fcre\u011fi\">\n        <\/div>\n<div class=\"content-box\">\n<h3>Sol B\u00f6lge Sepeti<\/h3>\n<p>            <img decoding=\"async\" src=\"https:\/\/ecoflow.com.tr\/wp-content\/uploads\/2023\/05\/GLACIER-15-3-Left_zone_basket_375x.webp\" alt=\"Sol B\u00f6lge Sepeti\">\n        <\/div>\n<div class=\"content-box\">\n<h3>AC G\u00fc\u00e7 Adapt\u00f6r\u00fc + Kablosu<\/h3>\n<p>            <img decoding=\"async\" src=\"https:\/\/ecoflow.com.tr\/wp-content\/uploads\/2023\/05\/GLACIER-15-4-Power_adapter_cable_375x.webp\" alt=\"AC G\u00fc\u00e7 Adapt\u00f6r\u00fc\">\n        <\/div>\n<div class=\"content-box\">\n<h3>Ara\u00e7 \u015earj Kablosu<\/h3>\n<p>            <img decoding=\"async\" src=\"https:\/\/ecoflow.com.tr\/wp-content\/uploads\/2023\/05\/GLACIER-15-5-Car_charging_cable_375x.webp\" alt=\"Ara\u00e7 \u015earj Kablosu\">\n        <\/div>\n<div class=\"content-box\">\n<h3>H\u0131zl\u0131 Ba\u015flang\u0131\u00e7 K\u0131lavuzu<\/h3>\n<p>            <img decoding=\"async\" src=\"https:\/\/ecoflow.com.tr\/wp-content\/uploads\/2023\/05\/GLACIER-15-6-Quick_Start_Guide_375x.webp\" alt=\"H\u0131zl\u0131 Ba\u015flang\u0131\u00e7 K\u0131lavuzu\">\n        <\/div>\n<div class=\"content-box\">\n<h3>Garanti Belgesi<\/h3>\n<p>            <img decoding=\"async\" src=\"https:\/\/ecoflow.com.tr\/wp-content\/uploads\/2023\/05\/GLACIER-15-7-Warranty_Card_375x.webp\" alt=\"Garanti Belgesi\">\n        <\/div>\n<\/p><\/div>\n<p style=\"text-align: center; font-style: italic; color: #888;\">GLACIER aksesuarlar\u0131 (Tak-\u00c7\u0131kar Pil ve S\u00f6k\u00fclebilir Tekerlekler ve Kol) ayr\u0131ca sat\u0131l\u0131r.<\/p>\n<h2 class=\"section-title\">Teknik \u00d6zellikler<\/h2>\n<div class=\"specs-grid\">\n<div class=\"spec-item\">\n<div class=\"title\">AC giri\u015fi<\/div>\n<div class=\"description\">100-240V, 50\/60Hz, 180W<\/div>\n<\/div>\n<div class=\"spec-item\">\n<div class=\"title\">Solar \u015earj Giri\u015fi<\/div>\n<div class=\"description\">240W (11-60V, 13A Maks)<\/div>\n<\/div>\n<div class=\"spec-item\">\n<div class=\"title\">Ara\u00e7 \u015earj Giri\u015fi<\/div>\n<div class=\"description\">96W\/192W (12\/24V, 8A Maks)<\/div>\n<\/div>\n<div class=\"spec-item\">\n<div class=\"title\">Batarya Paketi G\u00fcc\u00fc<\/div>\n<div class=\"description\">100 W (USB-C)<\/div>\n<\/div>\n<div class=\"spec-item\">\n<div class=\"title\">Operasyon Hacmi<\/div>\n<div class=\"description\">Tek b\u00f6lge: 38L; \u00c7ift b\u00f6lge: 36L<\/div>\n<\/div>\n<div class=\"spec-item\">\n<div class=\"title\">Net a\u011f\u0131rl\u0131\u011f\u0131<\/div>\n<div class=\"description\">23 kg<\/div>\n<\/div>\n<div class=\"spec-item\">\n<div class=\"title\">Boyutlar<\/div>\n<div class=\"description\">776 \u00d7 385 \u00d7 445 mm<\/div>\n<\/div>\n<div class=\"spec-item\">\n<div class=\"title\">IP Derecesi<\/div>\n<div class=\"description\">IPX4<\/div>\n<\/div>\n<div class=\"spec-item\">\n<div class=\"title\">So\u011futma S\u0131cakl\u0131k Aral\u0131\u011f\u0131<\/div>\n<div class=\"description\">\u201325\u00b0C ila 10\u00b0C<\/div>\n<\/div>\n<div class=\"spec-item\">\n<div class=\"title\">G\u00fcr\u00fclt\u00fc Seviyesi<\/div>\n<div class=\"description\">Buz yapma: &lt;52dB; So\u011futma: &lt;42dB<\/div>\n<\/div>\n<div class=\"spec-item\">\n<div class=\"title\">So\u011futucu ak\u0131\u015fkan<\/div>\n<div class=\"description\">R600a, 32 gr<\/div>\n<\/div>\n<div class=\"spec-item\">\n<div class=\"title\">H\u0131zl\u0131 Dondurma Modu<\/div>\n<div class=\"description\">15 dakika (30\u00b0C ila 0\u00b0C)<\/div>\n<\/div>\n<div class=\"spec-item\">\n<div class=\"title\">So\u011futma G\u00fc\u00e7 De\u011feri<\/div>\n<div class=\"description\">120W<\/div>\n<\/div>\n<div class=\"spec-item\">\n<div class=\"title\">Bluetooth<\/div>\n<div class=\"description\">Var<\/div>\n<\/div>\n<div class=\"spec-item\">\n<div class=\"title\">Wifi<\/div>\n<div class=\"description\">Yaln\u0131zca 2,4G Wi-Fi&#8217;yi destekler<\/div>\n<\/div><\/div>\n<\/div>\n<p><\/body><br \/>\n<\/html><\/p>\n","protected":false},"excerpt":{"rendered":"<ul>\n<li>End\u00fcstrinin ilk entegre buz makinesi<\/li>\n<li>\u00c7ift b\u00f6lge, \u00e7ift kontrol<\/li>\n<li>Sekt\u00f6rdeki en h\u0131zl\u0131 so\u011futma<\/li>\n<li>40 saate kadar kablosuz so\u011futma<\/li>\n<li>38L b\u00fcy\u00fck kapasite<\/li>\n<li>Ayr\u0131labilir valiz tasar\u0131m\u0131<\/li>\n<li>Ak\u0131ll\u0131 uygulama kontrol\u00fc<\/li>\n<\/ul>\n","protected":false},"featured_media":8102,"comment_status":"open","ping_status":"closed","template":"","meta":{"_acf_changed":false},"product_cat":[276],"product_tag":[],"class_list":{"0":"post-8092","1":"product","2":"type-product","3":"status-publish","4":"has-post-thumbnail","6":"product_cat-guc-istasyonlari","8":"first","9":"outofstock","10":"taxable","11":"shipping-taxable","12":"purchasable","13":"product-type-simple"},"acf":[],"_links":{"self":[{"href":"https:\/\/ermtech.com.tr\/magaza\/wp-json\/wp\/v2\/product\/8092","targetHints":{"allow":["GET"]}}],"collection":[{"href":"https:\/\/ermtech.com.tr\/magaza\/wp-json\/wp\/v2\/product"}],"about":[{"href":"https:\/\/ermtech.com.tr\/magaza\/wp-json\/wp\/v2\/types\/product"}],"replies":[{"embeddable":true,"href":"https:\/\/ermtech.com.tr\/magaza\/wp-json\/wp\/v2\/comments?post=8092"}],"version-history":[{"count":8,"href":"https:\/\/ermtech.com.tr\/magaza\/wp-json\/wp\/v2\/product\/8092\/revisions"}],"predecessor-version":[{"id":8095,"href":"https:\/\/ermtech.com.tr\/magaza\/wp-json\/wp\/v2\/product\/8092\/revisions\/8095"}],"wp:featuredmedia":[{"embeddable":true,"href":"https:\/\/ermtech.com.tr\/magaza\/wp-json\/wp\/v2\/media\/8102"}],"wp:attachment":[{"href":"https:\/\/ermtech.com.tr\/magaza\/wp-json\/wp\/v2\/media?parent=8092"}],"wp:term":[{"taxonomy":"product_cat","embeddable":true,"href":"https:\/\/ermtech.com.tr\/magaza\/wp-json\/wp\/v2\/product_cat?post=8092"},{"taxonomy":"product_tag","embeddable":true,"href":"https:\/\/ermtech.com.tr\/magaza\/wp-json\/wp\/v2\/product_tag?post=8092"}],"curies":[{"name":"wp","href":"https:\/\/api.w.org\/{rel}","templated":true}]}}