{"id":8070,"date":"2025-09-03T12:33:16","date_gmt":"2025-09-03T09:33:16","guid":{"rendered":"https:\/\/ermtech.com.tr\/magaza\/?post_type=product&#038;p=8070"},"modified":"2026-05-04T11:05:13","modified_gmt":"2026-05-04T08:05:13","slug":"ecoflow-delta-pro-3-tasinabilir-guc-kaynagi","status":"publish","type":"product","link":"http:\/\/ermtech.com.tr\/magaza\/urun\/ecoflow-delta-pro-3-tasinabilir-guc-kaynagi","title":{"rendered":"EcoFlow DELTA Pro 3 Ta\u015f\u0131nabilir G\u00fc\u00e7 Kayna\u011f\u0131"},"content":{"rendered":"<h3 style=\"text-align: center;\">Elektri\u011fe \u0130htiya\u00e7 Duyulan Her An\u0131<br \/>\nEnerjiyle Doldurun<\/h3>\n<ul>\n<li><em>Ev Kullan\u0131m\u0131 \u0130\u00e7in<\/em><\/li>\n<li><em>Karavan Kullan\u0131m\u0131 \u0130\u00e7in<\/em><\/li>\n<li><em>\u015eebeke D\u0131\u015f\u0131 Kullan\u0131m \u0130\u00e7in<\/em><\/li>\n<li><em>Yerinde Kendin Yap Projeleri \u0130\u00e7in<\/em><\/li>\n<li><em>A\u00e7\u0131k Hava Maceralar\u0131 \u0130\u00e7in<\/em><\/li>\n<\/ul>\n<p><img fetchpriority=\"high\" decoding=\"async\" src=\"https:\/\/ecoflow.com.tr\/wp-content\/uploads\/2025\/02\/pc_For_Home_Use_eu-3-1500x750.jpg\" alt=\"\" width=\"1120\" height=\"560\" data-wp-editing=\"1\" \/><\/p>\n<p>&nbsp;<\/p>\n<p><img decoding=\"async\" src=\"https:\/\/ecoflow.com.tr\/wp-content\/uploads\/2025\/02\/Frame_1000008477-4.webp\" alt=\"\" width=\"1120\" height=\"560\" \/><\/p>\n<p>&nbsp;<\/p>\n<p><img decoding=\"async\" src=\"https:\/\/ecoflow.com.tr\/wp-content\/uploads\/2025\/02\/pc_For_Off-grid_Use_eu-3-1500x750.jpg\" alt=\"\" width=\"1120\" height=\"560\" \/><\/p>\n<p>&nbsp;<\/p>\n<p><img loading=\"lazy\" decoding=\"async\" src=\"https:\/\/ecoflow.com.tr\/wp-content\/uploads\/2025\/02\/pc_For_On-site_DIY_Projects_eu-2-1500x750.webp\" alt=\"\" width=\"1120\" height=\"560\" \/><\/p>\n<p>&nbsp;<\/p>\n<p><img loading=\"lazy\" decoding=\"async\" src=\"https:\/\/ecoflow.com.tr\/wp-content\/uploads\/2025\/02\/pc_For_Outdoor_Adventures_eu-2-1500x750.jpg\" alt=\"\" width=\"1120\" height=\"560\" \/><\/p>\n<p>Evinizin Sorunsuz \u00c7al\u0131\u015fmas\u0131n\u0131 Sa\u011flay\u0131n<\/p>\n<p>Temel Cihazlar\u0131n \u00c7al\u0131\u015fmaya Devam Etmesini Sa\u011flar<\/p>\n<p>12kWh&#8217;ye kadar Geni\u015fletilebilir Kapasite<\/p>\n<p>Kapsaml\u0131 10 ms UPS<\/p>\n<p><img loading=\"lazy\" decoding=\"async\" src=\"https:\/\/ecoflow.com.tr\/wp-content\/uploads\/2025\/02\/pc_Ensure_essential_appliances_keep_working_eu-1-1500x750.webp\" alt=\"\" width=\"1120\" height=\"560\" \/><\/p>\n<p><img loading=\"lazy\" decoding=\"async\" src=\"https:\/\/ecoflow.com.tr\/wp-content\/uploads\/2025\/02\/pc_Retrofittable_System_with_Expandable_Battery_Capacity_up_to_12kWh_eu_41055ecf-d604-4a18-a13b-bbc6c72a8523-1-1500x750.webp\" alt=\"\" width=\"1120\" height=\"560\" \/><\/p>\n<p>Birden fazla cihaz\u0131 ayn\u0131 anda kolayca \u00e7al\u0131\u015ft\u0131r\u0131n. G\u00fcc\u00fc 12.000W\u2019a kadar geni\u015fletmek i\u00e7in paralel ba\u011flay\u0131n ve birden fazla y\u00fcksek g\u00fc\u00e7l\u00fc cihaz\u0131 ayn\u0131 anda destekleyin. S\u00fcrekli fi\u015f \u00e7ekme veya de\u011fi\u015ftirme gerekmez.<\/p>\n<p><img loading=\"lazy\" decoding=\"async\" src=\"https:\/\/ecoflow.com.tr\/wp-content\/uploads\/2025\/02\/pc_A_comprehensive_10_ms_UPS_eu-1-1500x750.webp\" alt=\"\" width=\"1120\" height=\"560\" \/><\/p>\n<p>F\u0131s\u0131lt\u0131 kadar sessiz<\/p>\n<p>Eviniz ve Kom\u015fular\u0131n\u0131z \u0130\u00e7in Sessiz Konfor<\/p>\n<p>X-Quiet teknolojisiyle f\u0131s\u0131lt\u0131 kadar sessizdir, huzurlu bir u\u011fultu* sa\u011flar ve yata\u011f\u0131n\u0131z\u0131n yan\u0131nda tutsan\u0131z bile size huzurlu bir uyku gecesi vaat eder.<br \/>\nO kadar sessizdir ki varl\u0131\u011f\u0131n\u0131 bile fark etmezsiniz.<\/p>\n<p>*30 dB kadar d\u00fc\u015f\u00fck<\/p>\n<p><img decoding=\"async\" title=\"pc_Silent_as_a_Whisper_eu (1)\" src=\"https:\/\/ecoflow.com.tr\/wp-content\/uploads\/elementor\/thumbs\/pc_Silent_as_a_Whisper_eu-1-r2cmxkt0xaipr3u89qjehqkwe3uicct9nrwikpk1k0.webp\" alt=\"pc_Silent_as_a_Whisper_eu (1)\" \/><\/p>\n<h4>Her Yerde H\u0131zl\u0131 \u015earj<\/h4>\n<h4>EcoFlow&#8217;un \u00e7\u0131\u011f\u0131r a\u00e7an X-Stream h\u0131zl\u0131 \u015farj teknolojisini tan\u0131tarak yeni bir end\u00fcstri standard\u0131 belirleyin. Sadece bir saatte %0&#8217;dan %80&#8217;e kadar \u015farj edin. \u00c7oklu \u015farj kombinasyonlar\u0131yla 7000W&#8217;a kadar s\u00fcper h\u0131zl\u0131 \u015farj\u0131n keyfini \u00e7\u0131kar\u0131n.<\/h4>\n<p><img decoding=\"async\" title=\"pc_Charge_Fast_Everywhere_eu (1)\" src=\"https:\/\/ecoflow.com.tr\/wp-content\/uploads\/elementor\/thumbs\/pc_Charge_Fast_Everywhere_eu-1-r2cn0jymkeks7rm3v3p3afvqhqnz116a1eomobtuam.webp\" alt=\"pc_Charge_Fast_Everywhere_eu (1)\" \/><\/p>\n<h3>\u015earj ihtiya\u00e7lar\u0131n\u0131z\u0131 her yerde, her zaman kar\u015f\u0131laman\u0131n 6 benzersiz y\u00f6ntemi<\/h3>\n<p><img decoding=\"async\" title=\"DeltaPro3-2\" src=\"https:\/\/ecoflow.com.tr\/wp-content\/uploads\/elementor\/thumbs\/DeltaPro3-2-r2isotqed0nbrjb2x0ol0k0qsahsc3n1s6fejd82sc.webp\" alt=\"DeltaPro3-2\" \/><\/p>\n<h3>EcoFlow DELTA Pro 3&#8217;\u00fc Evinize Esnek<br \/>\n\u015eekilde Ba\u011flaman\u0131n \u0130ki Yolu<\/h3>\n<h3>PowerStream Mikroinverter<\/h3>\n<h3>EcoFlow DELTA Pro 3, PowerStream Mikroinverter ve g\u00fcne\u015f panelleri, \u015febekeye ba\u011fl\u0131 kullan\u0131m i\u00e7in bir g\u00fcne\u015f enerjisi ev ak\u00fc sistemi olu\u015fturur. Sekt\u00f6r lideri SolarDualCharge* ve DualPower** \u00f6zellikleriyle sistem ger\u00e7ek g\u00fc\u00e7 ba\u011f\u0131ms\u0131zl\u0131\u011f\u0131na ula\u015fabilir.<\/h3>\n<p>*Hem PowerStream Mikroinverter&#8217;dan (800W giri\u015f) hem de EcoFlow DELTA Pro 3&#8217;ten (2600W giri\u015f) e\u015f<br \/>\nzamanl\u0131 g\u00fcne\u015f enerjisi giri\u015fi<\/p>\n<p>**Evinize PowerStream Mikroinverter (800W \u00e7\u0131k\u0131\u015f) ve EcoFlow DELTA Pro 3 (4000W \u00e7\u0131k\u0131\u015f) arac\u0131l\u0131\u011f\u0131yla<br \/>\nayn\u0131 anda g\u00fc\u00e7 verin<\/p>\n<h3>Manuel Transfer Anahtar\u0131<\/h3>\n<p>Manuel Transfer Anahtar\u0131*, bir kamu g\u00fc\u00e7 kayna\u011f\u0131 ile ta\u015f\u0131nabilir bir g\u00fc\u00e7 istasyonu aras\u0131nda istedi\u011finiz zaman sorunsuz bir \u015fekilde ge\u00e7i\u015f yapman\u0131z\u0131 sa\u011flar. Geceleri, Manuel Transfer Anahtar\u0131 ile EcoFlow DELTA Pro 3&#8217;e tamamen ge\u00e7i\u015f yaparak, g\u00fcn boyunca depolanan g\u00fcne\u015f enerjisini \u015febekeden ba\u011f\u0131ms\u0131z hale getirmek ve elektrik maliyetlerinizi azaltmak i\u00e7in kullanabilirsiniz.<\/p>\n<p>*Kurulum i\u00e7in lisansl\u0131 bir elektrik\u00e7i veya kalifiye bir profesyonel gerekir.<\/p>\n<p><img loading=\"lazy\" decoding=\"async\" src=\"https:\/\/ecoflow.com.tr\/wp-content\/uploads\/2025\/02\/DeltaPro3-3.webp\" sizes=\"(max-width: 2000px) 100vw, 2000px\" srcset=\"https:\/\/ecoflow.com.tr\/wp-content\/uploads\/2025\/02\/DeltaPro3-3.webp 2000w, https:\/\/ecoflow.com.tr\/wp-content\/uploads\/2025\/02\/DeltaPro3-3-1500x670.webp 1500w, https:\/\/ecoflow.com.tr\/wp-content\/uploads\/2025\/02\/DeltaPro3-3-768x343.webp 768w, https:\/\/ecoflow.com.tr\/wp-content\/uploads\/2025\/02\/DeltaPro3-3-1536x686.webp 1536w\" alt=\"\" width=\"2000\" height=\"893\" \/><\/p>\n<h3>EcoFlow&#8217;un Size Getirdi\u011fi G\u00fcvenli Hissi<br \/>\nKe\u015ffedin<\/h3>\n<p>Son teknoloji LFP Teknolojisi\u00c7\u0131\u011f\u0131r a\u00e7an X-Guard BMS ile destekleniyorDayan\u0131kl\u0131 Yap\u0131da Devrim2 Y\u0131l Garanti, S\u0131f\u0131r Endi\u015fe<\/p>\n<p><img loading=\"lazy\" decoding=\"async\" src=\"https:\/\/ecoflow.com.tr\/wp-content\/uploads\/2025\/02\/pc_State-of-the-art_LFP_Tech_eu-1-1500x750.webp\" alt=\"\" width=\"1120\" height=\"560\" \/>Otomotiv s\u0131n\u0131f\u0131 LFP h\u00fccreleriyle \u00fcretilen EcoFlow DELTA Pro 3, darbelere, suya, toza ve yang\u0131n risklerine kar\u015f\u0131 dayan\u0131kl\u0131l\u0131k sa\u011flayan sekt\u00f6r\u00fcn ilk IP65 dereceli pil tak\u0131m\u0131na sahiptir. %80\u2019e kadar 4000 d\u00f6ng\u00fcyle, bu 11 y\u0131l boyunca her g\u00fcn g\u00fc\u00e7 demektir*. Her t\u00fcrl\u00fc hava ko\u015fulunda g\u00fcvenilir performans\u0131 deneyimleyin, her durumda g\u00f6n\u00fcl rahatl\u0131\u011f\u0131 sa\u011flay\u0131n.<\/p>\n<p>* 25\u2103 ko\u015fullar\u0131nda 0,5C h\u0131z\u0131nda \u015farj ve de\u015farj ile kontroll\u00fc laboratuvar ko\u015fullar\u0131nda test edilmi\u015ftir<\/p>\n<p><img loading=\"lazy\" decoding=\"async\" src=\"https:\/\/ecoflow.com.tr\/wp-content\/uploads\/2025\/02\/pc_BMS_powered_by_ground-breaking_X-Guard_eu-1-1500x750.webp\" alt=\"\" width=\"1120\" height=\"560\" \/><\/p>\n<p><img loading=\"lazy\" decoding=\"async\" src=\"https:\/\/ecoflow.com.tr\/wp-content\/uploads\/2025\/02\/pc_Revolutionising_Durable_Construction_eu-1-1500x750.webp\" alt=\"\" width=\"1120\" height=\"560\" \/><\/p>\n<p><img loading=\"lazy\" decoding=\"async\" src=\"https:\/\/ecoflow.com.tr\/wp-content\/uploads\/2024\/02\/DeltaPro3-4-1500x750.webp\" alt=\"\" width=\"1120\" height=\"560\" \/><\/p>\n<h3>EcoFlow Uygulamas\u0131yla Zahmetsiz Hepsi Bir Arada Komut<\/h3>\n<p><img decoding=\"async\" title=\"DeltaPro3-5\" src=\"https:\/\/ecoflow.com.tr\/wp-content\/uploads\/elementor\/thumbs\/DeltaPro3-5-r2isu4jmj88shnd2ccla54rw43x77wsgasfbezhkuy.webp\" alt=\"DeltaPro3-5\" \/><\/p>\n<p>&nbsp;<\/p>\n<section data-id=\"17bb2d9\" data-element_type=\"section\" data-settings=\"{&quot;jet_parallax_layout_list&quot;:[]}\">\u00a0<\/section>\n<p>&nbsp;<\/p>\n<table dir=\"ltr\" border=\"1\" cellspacing=\"0\" cellpadding=\"0\" data-sheets-root=\"1\" data-sheets-baot=\"1\">\n<colgroup>\n<col width=\"100\" \/>\n<col width=\"100\" \/>\n<col width=\"100\" \/><\/colgroup>\n<tbody>\n<tr>\n<td>\u00d6zellik<\/td>\n<td>De\u011fer<\/td>\n<td>A\u00e7\u0131klama<\/td>\n<\/tr>\n<tr>\n<td>Kapasite<\/td>\n<td>4096 Wh<\/td>\n<td>Cihaz\u0131n depolayabildi\u011fi toplam enerji miktar\u0131.<\/td>\n<\/tr>\n<tr>\n<td>AC \u00c7\u0131k\u0131\u015f\u0131<\/td>\n<td>4000W (dalgalanma 8000W)<\/td>\n<td>Ev aletlerini \u00e7al\u0131\u015ft\u0131rabilmek i\u00e7in sa\u011flanan s\u00fcrekli ve anl\u0131k maksimum g\u00fc\u00e7.<\/td>\n<\/tr>\n<tr>\n<td>X-Boost G\u00fcc\u00fc<\/td>\n<td>6000W<\/td>\n<td>Cihaz\u0131n, 4000W&#8217;l\u0131k nominal g\u00fcc\u00fcn\u00fcn \u00fczerine \u00e7\u0131karak \u00e7al\u0131\u015ft\u0131rabildi\u011fi maksimum g\u00fc\u00e7.<\/td>\n<\/tr>\n<tr>\n<td>Pil Kimyas\u0131<\/td>\n<td>LFP (Lityum Demir Fosfat)<\/td>\n<td>G\u00fcvenli ve uzun \u00f6m\u00fcrl\u00fc pil teknolojisi.<\/td>\n<\/tr>\n<tr>\n<td>D\u00f6ng\u00fc \u00d6mr\u00fc<\/td>\n<td>4000 d\u00f6ng\u00fc (%80+ kapasiteyle)<\/td>\n<td>Pilin kapasitesini kaybetmeden ka\u00e7 kez tam \u015farj ve de\u015farj olabilece\u011fi.<\/td>\n<\/tr>\n<tr>\n<td>G\u00fcne\u015f Enerjisi \u015earj\u0131<\/td>\n<td>2600W (2 port)<\/td>\n<td>G\u00fcne\u015f panelleriyle \u015farj i\u00e7in maksimum g\u00fc\u00e7 giri\u015fi.<\/td>\n<\/tr>\n<tr>\n<td>AC \u015earj Giri\u015fi<\/td>\n<td>3600W (240V&#8217;ta)<\/td>\n<td>Prizi kullanarak en h\u0131zl\u0131 \u015fekilde \u015farj olabilme g\u00fcc\u00fc.<\/td>\n<\/tr>\n<tr>\n<td>Araba \u015earj Giri\u015fi<\/td>\n<td>12V 8A \/ 48V 20A<\/td>\n<td>Arac\u0131n \u00e7akmakl\u0131k giri\u015fi \u00fczerinden \u015farj olma g\u00fcc\u00fc.<\/td>\n<\/tr>\n<tr>\n<td>USB-A \u00c7\u0131k\u0131\u015f\u0131<\/td>\n<td>2 \u00e7\u0131k\u0131\u015f, 18W Maks.<\/td>\n<td>Telefon gibi cihazlar i\u00e7in h\u0131zl\u0131 \u015farj \u00f6zellikli USB \u00e7\u0131k\u0131\u015flar\u0131.<\/td>\n<\/tr>\n<tr>\n<td>USB-C \u00c7\u0131k\u0131\u015f\u0131<\/td>\n<td>2 \u00e7\u0131k\u0131\u015f, 100W Maks.<\/td>\n<td>Diz\u00fcst\u00fc bilgisayar gibi y\u00fcksek g\u00fc\u00e7 gerektiren cihazlar i\u00e7in h\u0131zl\u0131 \u015farj \u00e7\u0131k\u0131\u015flar\u0131.<\/td>\n<\/tr>\n<tr>\n<td>DC \u00c7\u0131k\u0131\u015flar\u0131<\/td>\n<td>378W toplam<\/td>\n<td>Ara\u00e7 buzdolab\u0131 gibi 12V cihazlar i\u00e7in \u00e7\u0131k\u0131\u015flar.<\/td>\n<\/tr>\n<tr>\n<td>Ekstra Batarya Deste\u011fi<\/td>\n<td>Var (2 adede kadar)<\/td>\n<td>Kapasiteyi art\u0131rmak i\u00e7in ek batarya ba\u011flanabilme \u00f6zelli\u011fi.<\/td>\n<\/tr>\n<tr>\n<td>Ba\u011flant\u0131<\/td>\n<td>Wi-Fi \/ Bluetooth<\/td>\n<td>Cihaz\u0131 kablosuz olarak kontrol etme yetene\u011fi.<\/td>\n<\/tr>\n<tr>\n<td>Boyut<\/td>\n<td>693\u00d7341\u00d7410 mm<\/td>\n<td>Cihaz\u0131n fiziksel \u00f6l\u00e7\u00fcleri.<\/td>\n<\/tr>\n<tr>\n<td>Net A\u011f\u0131rl\u0131k<\/td>\n<td>51,5 kg<\/td>\n<td>Cihaz\u0131n ta\u015f\u0131nabilirlik i\u00e7in a\u011f\u0131rl\u0131\u011f\u0131.<\/td>\n<\/tr>\n<\/tbody>\n<\/table>\n<p>&nbsp;<\/p>\n<p>&nbsp;<\/p>\n<h3>DELTA Pro 3 ve DELTA Pro<\/h3>\n<h3>DELTA Pro ile kar\u015f\u0131la\u015ft\u0131r\u0131ld\u0131\u011f\u0131nda DELTA Pro 3 \u00e7ok daha sessiz, daha fazla kapasiteye, daha y\u00fcksek \u015farj verimlili\u011fine, daha iyi ta\u015f\u0131nabilirli\u011fe ve yerden tasarruf sa\u011flayan Ekstra Batarya tasar\u0131m\u0131na sahip.<\/h3>\n","protected":false},"excerpt":{"rendered":"<ul>\n<li>G\u00fc\u00e7l\u00fc ve \u00c7ok Y\u00f6nl\u00fc \u2013 Neredeyse t\u00fcm ev aletlerinize g\u00fc\u00e7 sa\u011flayacak 4000W tek \u00fcnite \u00e7\u0131k\u0131\u015f\u0131.<\/li>\n<li>Geni\u015fletilebilir Kapasite \u2013 4\u201312kWh, enerji ihtiya\u00e7lar\u0131n\u0131za g\u00f6re uyarlanm\u0131\u015ft\u0131r.<\/li>\n<li>Sessiz \u00c7al\u0131\u015fma \u2013 30 dB kadar d\u00fc\u015f\u00fck ses seviyesi (2000W\u2019\u0131n alt\u0131nda).<\/li>\n<li>Kullan\u0131m\u0131 Kolay \u2013 Sorunsuz kurulum i\u00e7in tak ve \u00e7al\u0131\u015ft\u0131r tasar\u0131m\u0131.<\/li>\n<li>H\u0131zl\u0131 \u015earj \u2013 Sadece bir saatte %80 \u015farj olur.<\/li>\n<li>\u00c7oklu \u015earj Y\u00f6ntemleri \u2013 Maksimum esneklik i\u00e7in kombo \u015farj y\u00f6ntemlerini destekler.<\/li>\n<\/ul>\n","protected":false},"featured_media":8080,"comment_status":"open","ping_status":"closed","template":"","meta":{"_acf_changed":false},"product_cat":[276],"product_tag":[],"class_list":{"0":"post-8070","1":"product","2":"type-product","3":"status-publish","4":"has-post-thumbnail","6":"product_cat-guc-istasyonlari","8":"first","9":"instock","10":"taxable","11":"shipping-taxable","12":"purchasable","13":"product-type-simple"},"acf":[],"_links":{"self":[{"href":"https:\/\/ermtech.com.tr\/magaza\/wp-json\/wp\/v2\/product\/8070","targetHints":{"allow":["GET"]}}],"collection":[{"href":"https:\/\/ermtech.com.tr\/magaza\/wp-json\/wp\/v2\/product"}],"about":[{"href":"https:\/\/ermtech.com.tr\/magaza\/wp-json\/wp\/v2\/types\/product"}],"replies":[{"embeddable":true,"href":"https:\/\/ermtech.com.tr\/magaza\/wp-json\/wp\/v2\/comments?post=8070"}],"version-history":[{"count":12,"href":"https:\/\/ermtech.com.tr\/magaza\/wp-json\/wp\/v2\/product\/8070\/revisions"}],"predecessor-version":[{"id":8090,"href":"https:\/\/ermtech.com.tr\/magaza\/wp-json\/wp\/v2\/product\/8070\/revisions\/8090"}],"wp:featuredmedia":[{"embeddable":true,"href":"https:\/\/ermtech.com.tr\/magaza\/wp-json\/wp\/v2\/media\/8080"}],"wp:attachment":[{"href":"https:\/\/ermtech.com.tr\/magaza\/wp-json\/wp\/v2\/media?parent=8070"}],"wp:term":[{"taxonomy":"product_cat","embeddable":true,"href":"https:\/\/ermtech.com.tr\/magaza\/wp-json\/wp\/v2\/product_cat?post=8070"},{"taxonomy":"product_tag","embeddable":true,"href":"https:\/\/ermtech.com.tr\/magaza\/wp-json\/wp\/v2\/product_tag?post=8070"}],"curies":[{"name":"wp","href":"https:\/\/api.w.org\/{rel}","templated":true}]}}