{"id":7995,"date":"2025-01-11T16:23:31","date_gmt":"2025-01-11T13:23:31","guid":{"rendered":"https:\/\/ermtech.com.tr\/magaza\/?post_type=product&#038;p=7995"},"modified":"2025-01-11T16:31:17","modified_gmt":"2025-01-11T13:31:17","slug":"11-kw-solar-sistem-paketi-i","status":"publish","type":"product","link":"https:\/\/ermtech.com.tr\/magaza\/urun\/11-kw-solar-sistem-paketi-i","title":{"rendered":"11 KW Solar Sistem Paketi-I"},"content":{"rendered":"<p>Apex APX11KMH 11000W MPPT&#8217;li High Voltage Ak\u0131ll\u0131 \u0130nverter &#8211; 1 adet<br \/>\nApex 455W Half-Cut Monokristal G\u00fcne\u015f Paneli &#8211; 20 adet<br \/>\nApex 12V 200A Jel Ak\u00fc &#8211; 8 adet<br \/>\nMontaj malzemeleri ve Kablolar &#8211; 1 adet<\/p>\n","protected":false},"excerpt":{"rendered":"<table width=\"376\">\n<tbody>\n<tr>\n<td width=\"376\">Y\u00fcksek \u00f6l\u00e7ekli bir sistemdir. Tniy House veya M\u00fcstakil ev i\u00e7in tamamen d\u0131\u015f elektirkten ba\u011fams\u0131z \u00e7al\u0131\u015fabilir bir sistem tasar\u0131m\u0131d\u0131r. 4 mevsim kullanmaya uygundur. Klima, \u00e7ama\u015f\u0131r ve bula\u015f\u0131k makinesi kullanabilirsiniz. ak\u00fc say\u0131s\u0131 kullan\u0131lacak cihazlara g\u00f6re artt\u0131r\u0131labilir. Ancak ak\u00fc grubu JEL oldu\u011fundan dolay\u0131 cycle say\u0131lar\u0131 k\u0131s\u0131tl\u0131d\u0131r. Kullan\u0131ma ba\u011fl\u0131 olarak 1-3 sene i\u00e7eresinde ak\u00fclerin de\u011fi\u015ftirilmesi gerekir.<\/td>\n<\/tr>\n<\/tbody>\n<\/table>\n","protected":false},"featured_media":7999,"comment_status":"open","ping_status":"closed","template":"","meta":{"_acf_changed":false},"product_cat":[592],"product_tag":[],"class_list":{"0":"post-7995","1":"product","2":"type-product","3":"status-publish","4":"has-post-thumbnail","6":"product_cat-solar-enerji-paketleri","8":"first","9":"instock","10":"taxable","11":"shipping-taxable","12":"purchasable","13":"product-type-simple"},"acf":[],"_links":{"self":[{"href":"https:\/\/ermtech.com.tr\/magaza\/wp-json\/wp\/v2\/product\/7995","targetHints":{"allow":["GET"]}}],"collection":[{"href":"https:\/\/ermtech.com.tr\/magaza\/wp-json\/wp\/v2\/product"}],"about":[{"href":"https:\/\/ermtech.com.tr\/magaza\/wp-json\/wp\/v2\/types\/product"}],"replies":[{"embeddable":true,"href":"https:\/\/ermtech.com.tr\/magaza\/wp-json\/wp\/v2\/comments?post=7995"}],"version-history":[{"count":2,"href":"https:\/\/ermtech.com.tr\/magaza\/wp-json\/wp\/v2\/product\/7995\/revisions"}],"predecessor-version":[{"id":7998,"href":"https:\/\/ermtech.com.tr\/magaza\/wp-json\/wp\/v2\/product\/7995\/revisions\/7998"}],"wp:featuredmedia":[{"embeddable":true,"href":"https:\/\/ermtech.com.tr\/magaza\/wp-json\/wp\/v2\/media\/7999"}],"wp:attachment":[{"href":"https:\/\/ermtech.com.tr\/magaza\/wp-json\/wp\/v2\/media?parent=7995"}],"wp:term":[{"taxonomy":"product_cat","embeddable":true,"href":"https:\/\/ermtech.com.tr\/magaza\/wp-json\/wp\/v2\/product_cat?post=7995"},{"taxonomy":"product_tag","embeddable":true,"href":"https:\/\/ermtech.com.tr\/magaza\/wp-json\/wp\/v2\/product_tag?post=7995"}],"curies":[{"name":"wp","href":"https:\/\/api.w.org\/{rel}","templated":true}]}}