{"id":7588,"date":"2025-01-05T18:21:03","date_gmt":"2025-01-05T15:21:03","guid":{"rendered":"https:\/\/ermtech.com.tr\/magaza\/?post_type=product&#038;p=7588"},"modified":"2025-06-29T18:48:32","modified_gmt":"2025-06-29T15:48:32","slug":"electrozirve-30a-isolated-dahili-bluetooth-dc-dc-aku-sarj-cihazi","status":"publish","type":"product","link":"https:\/\/ermtech.com.tr\/magaza\/urun\/electrozirve-30a-isolated-dahili-bluetooth-dc-dc-aku-sarj-cihazi","title":{"rendered":"Electrozirve 30A Isolated Dahili Bluetooth DC-DC Ak\u00fc \u015earj Cihaz\u0131"},"content":{"rendered":"<table dir=\"ltr\" border=\"1\" cellspacing=\"0\" cellpadding=\"0\" data-sheets-root=\"1\" data-sheets-baot=\"1\">\n<colgroup>\n<col width=\"100\" \/>\n<col width=\"100\" \/><\/colgroup>\n<tbody>\n<tr>\n<td>Parametre<\/td>\n<td>\n<div>\n<div>Parametre De\u011feri<\/div>\n<\/div>\n<\/td>\n<\/tr>\n<tr>\n<td>Model<\/td>\n<td>\n<div>\n<div>DCI12-1230, DCI12-2415<\/div>\n<\/div>\n<\/td>\n<\/tr>\n<tr>\n<td>\u015earj modu<\/td>\n<td><\/td>\n<\/tr>\n<tr>\n<td>Giri\u015f voltaj aral\u0131\u011f\u0131<\/td>\n<td>10-16V<\/td>\n<\/tr>\n<tr>\n<td>Giri\u015f ba\u015flang\u0131\u00e7 gerilimi<\/td>\n<td>13.2V<\/td>\n<\/tr>\n<tr>\n<td>Giri\u015f durdurma gerilimi<\/td>\n<td>12.5V<\/td>\n<\/tr>\n<tr>\n<td>Batarya T\u00fcr\u00fc<\/td>\n<td>\n<div>\n<div>M\u00fch\u00fcrl\u00fc, jel, su basm\u0131\u015f, Lityum demir fosfat ve \u00f6zel pil (uygulamada ayarlanabilir)<\/div>\n<\/div>\n<\/td>\n<\/tr>\n<tr>\n<td>\u00c7\u0131k\u0131\u015f sistemi voltaj\u0131<\/td>\n<td>12V, 24V<\/td>\n<\/tr>\n<tr>\n<td>Anma \u015farj ak\u0131m\u0131<\/td>\n<td>30A, 15A<\/td>\n<\/tr>\n<tr>\n<td>G\u00fc\u00e7 modu<\/td>\n<td><\/td>\n<\/tr>\n<tr>\n<td>Giri\u015f voltaj aral\u0131\u011f\u0131<\/td>\n<td>10-16V<\/td>\n<\/tr>\n<tr>\n<td>Giri\u015f ba\u015flang\u0131\u00e7 gerilimi<\/td>\n<td>12.5V<\/td>\n<\/tr>\n<tr>\n<td>Giri\u015f durdurma gerilimi<\/td>\n<td>12.0V<\/td>\n<\/tr>\n<tr>\n<td>Nominal \u00e7\u0131k\u0131\u015f voltaj\u0131<\/td>\n<td>12.2V, 24.4V<\/td>\n<\/tr>\n<tr>\n<td>\u00c7\u0131k\u0131\u015f voltaj aral\u0131\u011f\u0131<\/td>\n<td>10-16V, 20-32V<\/td>\n<\/tr>\n<tr>\n<td>Nominal \u00e7\u0131k\u0131\u015f ak\u0131m\u0131<\/td>\n<td>30A, 15A<\/td>\n<\/tr>\n<tr>\n<td>Koruma fonksiyonu<\/td>\n<td>\n<div>\n<div>Dahili a\u015f\u0131r\u0131 s\u0131cakl\u0131k korumas\u0131, giri\u015f d\u00fc\u015f\u00fck voltaj korumas\u0131, giri\u015f a\u015f\u0131r\u0131 voltaj korumas\u0131, \u00e7\u0131k\u0131\u015f a\u015f\u0131r\u0131 voltaj korumas\u0131, \u00e7\u0131k\u0131\u015f a\u015f\u0131r\u0131 y\u00fck korumas\u0131 ve \u00e7\u0131k\u0131\u015f k\u0131sa devre korumas\u0131<\/div>\n<\/div>\n<\/td>\n<\/tr>\n<tr>\n<td>\u0130leti\u015fim fonksiyonu<\/td>\n<td>\n<div>\n<div>Bluetooth, TTL, RS485, and CAN (RV-C)<\/div>\n<\/div>\n<\/td>\n<\/tr>\n<tr>\n<td>Statik g\u00fc\u00e7 t\u00fcketimi<\/td>\n<td>\u226460mA<\/td>\n<\/tr>\n<tr>\n<td>Uzaktan A\u00e7ma\/Kapama<\/td>\n<td>\u221a<\/td>\n<\/tr>\n<tr>\n<td>Maksimum d\u00f6n\u00fc\u015f\u00fcm verimlili\u011fi<\/td>\n<td>90%<\/td>\n<\/tr>\n<tr>\n<td>Koruma seviyesi<\/td>\n<td>IP43<\/td>\n<\/tr>\n<tr>\n<td>Ortam s\u0131cakl\u0131\u011f\u0131<\/td>\n<td>-35\u00b0C~65\u00b0C<\/td>\n<\/tr>\n<tr>\n<td>So\u011futma modu<\/td>\n<td>\n<div>\n<div>Do\u011fal \u0131s\u0131 da\u011f\u0131l\u0131m\u0131<\/div>\n<\/div>\n<\/td>\n<\/tr>\n<tr>\n<td>Boyut<\/td>\n<td>\n<div>\n<div>187&#215;133,6&#215;83,9mm<\/div>\n<\/div>\n<\/td>\n<\/tr>\n<tr>\n<td>A\u011f\u0131rl\u0131k<\/td>\n<td>1400g<\/td>\n<\/tr>\n<\/tbody>\n<\/table>\n","protected":false},"excerpt":{"rendered":"<ul>\n<li>\u0130zole g\u00fc\u00e7 kayna\u011f\u0131 sistemi i\u00e7in uygundur.<\/li>\n<li>\u015earj modu ve g\u00fc\u00e7 modu dahil olmak \u00fczere iste\u011fe ba\u011fl\u0131 modlar vard\u0131r.<\/li>\n<li>\u015earj modu alt\u0131nda, kapal\u0131 pil, jel pil, su basm\u0131\u015f pil, lityum pil ve \u00f6zel pil gibi birden fazla pil t\u00fcr\u00fcn\u00fc destekler.<\/li>\n<li>\u00c7\u0131k\u0131\u015f voltaj\u0131 ayarlanabilir.<\/li>\n<li>Giri\u015f a\u015f\u0131r\u0131 voltaj\u0131 ve giri\u015f d\u00fc\u015f\u00fck voltaj\u0131 ayarlanabilir.<\/li>\n<li>Y\u00fcksek s\u0131cakl\u0131kta \u015farj olurken otomatik de\u011fer kayb\u0131 ile uygulan\u0131r.<\/li>\n<li>Mobil uygulama arac\u0131l\u0131\u011f\u0131yla parametreleri izleyebilen ve ayarlayabilen dahili Bluetooth ileti\u015fimine sahiptir.<\/li>\n<li>TTL, RS485 ve CAN (RVC Protokol\u00fc) ileti\u015fimini destekler.<\/li>\n<li>IP43 koruma s\u0131n\u0131f\u0131 ile kontrol\u00f6r, \u00e7e\u015fitli \u00e7al\u0131\u015fma ko\u015fullar\u0131nda g\u00fcvenilir ve verimli \u00e7al\u0131\u015fmay\u0131 sa\u011flayabilir.<\/li>\n<\/ul>\n","protected":false},"featured_media":7611,"comment_status":"closed","ping_status":"closed","template":"","meta":{"_acf_changed":false},"product_cat":[286],"product_tag":[333],"class_list":{"0":"post-7588","1":"product","2":"type-product","3":"status-publish","4":"has-post-thumbnail","6":"product_cat-alternatorden-aku-sarj-cihazlari-karavan-enerji-enerji","7":"product_tag-karavan","9":"first","10":"instock","11":"taxable","12":"shipping-taxable","13":"purchasable","14":"product-type-simple"},"acf":[],"_links":{"self":[{"href":"https:\/\/ermtech.com.tr\/magaza\/wp-json\/wp\/v2\/product\/7588","targetHints":{"allow":["GET"]}}],"collection":[{"href":"https:\/\/ermtech.com.tr\/magaza\/wp-json\/wp\/v2\/product"}],"about":[{"href":"https:\/\/ermtech.com.tr\/magaza\/wp-json\/wp\/v2\/types\/product"}],"replies":[{"embeddable":true,"href":"https:\/\/ermtech.com.tr\/magaza\/wp-json\/wp\/v2\/comments?post=7588"}],"version-history":[{"count":4,"href":"https:\/\/ermtech.com.tr\/magaza\/wp-json\/wp\/v2\/product\/7588\/revisions"}],"predecessor-version":[{"id":8045,"href":"https:\/\/ermtech.com.tr\/magaza\/wp-json\/wp\/v2\/product\/7588\/revisions\/8045"}],"wp:featuredmedia":[{"embeddable":true,"href":"https:\/\/ermtech.com.tr\/magaza\/wp-json\/wp\/v2\/media\/7611"}],"wp:attachment":[{"href":"https:\/\/ermtech.com.tr\/magaza\/wp-json\/wp\/v2\/media?parent=7588"}],"wp:term":[{"taxonomy":"product_cat","embeddable":true,"href":"https:\/\/ermtech.com.tr\/magaza\/wp-json\/wp\/v2\/product_cat?post=7588"},{"taxonomy":"product_tag","embeddable":true,"href":"https:\/\/ermtech.com.tr\/magaza\/wp-json\/wp\/v2\/product_tag?post=7588"}],"curies":[{"name":"wp","href":"https:\/\/api.w.org\/{rel}","templated":true}]}}