{"id":7510,"date":"2025-01-05T18:19:38","date_gmt":"2025-01-05T15:19:38","guid":{"rendered":"https:\/\/ermtech.com.tr\/magaza\/?post_type=product&#038;p=7510"},"modified":"2025-01-08T14:24:07","modified_gmt":"2025-01-08T11:24:07","slug":"karavan-dis-elektrik-soketi","status":"publish","type":"product","link":"https:\/\/ermtech.com.tr\/magaza\/urun\/karavan-dis-elektrik-soketi","title":{"rendered":"Karavan D\u0131\u015f Elektrik Soketi"},"content":{"rendered":"<p><strong>Electrozirve Karavan D\u0131\u015f Elektrik Soketi<\/strong>, karavan, tiny house ve mobil ya\u015fam alanlar\u0131 i\u00e7in g\u00fcvenli ve dayan\u0131kl\u0131 enerji ba\u011flant\u0131s\u0131 sunar. Enerji ihtiyac\u0131n\u0131z\u0131 kar\u015f\u0131lamak i\u00e7in tasarlanm\u0131\u015f bu soketler, d\u0131\u015f mekan kullan\u0131m\u0131na uygun yap\u0131s\u0131 ile uzun \u00f6m\u00fcrl\u00fc ve pratik bir \u00e7\u00f6z\u00fcmd\u00fcr.<\/p>\n","protected":false},"excerpt":{"rendered":"<p><strong>Electrozirve Karavan D\u0131\u015f Elektrik Soketi<\/strong>, karavan, tiny house ve mobil ya\u015fam alanlar\u0131 i\u00e7in g\u00fcvenli ve dayan\u0131kl\u0131 enerji ba\u011flant\u0131s\u0131 sunar. Enerji ihtiyac\u0131n\u0131z\u0131 kar\u015f\u0131lamak i\u00e7in tasarlanm\u0131\u015f bu soketler, d\u0131\u015f mekan kullan\u0131m\u0131na uygun yap\u0131s\u0131 ile uzun \u00f6m\u00fcrl\u00fc ve pratik bir \u00e7\u00f6z\u00fcmd\u00fcr.<\/p>\n","protected":false},"featured_media":7552,"comment_status":"closed","ping_status":"closed","template":"","meta":{"_acf_changed":false},"product_cat":[339,332],"product_tag":[],"class_list":{"0":"post-7510","1":"product","2":"type-product","3":"status-publish","4":"has-post-thumbnail","6":"product_cat-dis-elektrik-soketi","7":"product_cat-genel","9":"first","10":"outofstock","11":"taxable","12":"shipping-taxable","13":"purchasable","14":"product-type-simple"},"acf":[],"_links":{"self":[{"href":"https:\/\/ermtech.com.tr\/magaza\/wp-json\/wp\/v2\/product\/7510","targetHints":{"allow":["GET"]}}],"collection":[{"href":"https:\/\/ermtech.com.tr\/magaza\/wp-json\/wp\/v2\/product"}],"about":[{"href":"https:\/\/ermtech.com.tr\/magaza\/wp-json\/wp\/v2\/types\/product"}],"replies":[{"embeddable":true,"href":"https:\/\/ermtech.com.tr\/magaza\/wp-json\/wp\/v2\/comments?post=7510"}],"version-history":[{"count":1,"href":"https:\/\/ermtech.com.tr\/magaza\/wp-json\/wp\/v2\/product\/7510\/revisions"}],"predecessor-version":[{"id":7790,"href":"https:\/\/ermtech.com.tr\/magaza\/wp-json\/wp\/v2\/product\/7510\/revisions\/7790"}],"wp:featuredmedia":[{"embeddable":true,"href":"https:\/\/ermtech.com.tr\/magaza\/wp-json\/wp\/v2\/media\/7552"}],"wp:attachment":[{"href":"https:\/\/ermtech.com.tr\/magaza\/wp-json\/wp\/v2\/media?parent=7510"}],"wp:term":[{"taxonomy":"product_cat","embeddable":true,"href":"https:\/\/ermtech.com.tr\/magaza\/wp-json\/wp\/v2\/product_cat?post=7510"},{"taxonomy":"product_tag","embeddable":true,"href":"https:\/\/ermtech.com.tr\/magaza\/wp-json\/wp\/v2\/product_tag?post=7510"}],"curies":[{"name":"wp","href":"https:\/\/api.w.org\/{rel}","templated":true}]}}