{"id":7498,"date":"2025-01-05T18:19:35","date_gmt":"2025-01-05T15:19:35","guid":{"rendered":"https:\/\/ermtech.com.tr\/magaza\/?post_type=product&#038;p=7498"},"modified":"2025-06-29T19:06:07","modified_gmt":"2025-06-29T16:06:07","slug":"np-power-np-serisi-mppt-solar-sarj-kontrol-cihazi","status":"publish","type":"product","link":"https:\/\/ermtech.com.tr\/magaza\/urun\/np-power-np-serisi-mppt-solar-sarj-kontrol-cihazi","title":{"rendered":"NP Power NP Serisi 30A MPPT Solar \u015earj Kontrol Cihaz\u0131"},"content":{"rendered":"<table style=\"font-size: 16px;\" width=\"97%\">\n<tbody>\n<tr>\n<td width=\"31%\">Nominal \u015farj ak\u0131m\u0131<\/td>\n<td width=\"17%\">15A<\/td>\n<td width=\"17%\">20A<\/td>\n<td width=\"17%\">30A<\/td>\n<td width=\"17%\">40A<\/td>\n<\/tr>\n<tr>\n<td width=\"31%\">Nominal de\u015farj ak\u0131m\u0131<\/td>\n<td width=\"17%\">15A<\/td>\n<td width=\"17%\">20A<\/td>\n<td width=\"17%\">30A<\/td>\n<td width=\"17%\">40A<\/td>\n<\/tr>\n<tr>\n<td width=\"31%\">Ak\u00fc voltaj aral\u0131\u011f\u0131<\/td>\n<td colspan=\"4\" width=\"68%\">8\uff5e32V<\/td>\n<\/tr>\n<tr>\n<td width=\"31%\">Sistem nominal gerilimi<\/td>\n<td colspan=\"4\" width=\"68%\">12\/24VDC\u00a0\u00a0\u00a0 Auto \u2460<\/td>\n<\/tr>\n<tr>\n<td width=\"31%\">Maks. PV a\u00e7\u0131k devre gerilimi<\/td>\n<td colspan=\"4\" width=\"68%\">\u2461 100V<\/p>\n<p>\u2462 95V<\/td>\n<\/tr>\n<tr>\n<td width=\"31%\">MPP gerilim aral\u0131\u011f\u0131<\/td>\n<td colspan=\"4\" width=\"68%\">(Battery voltage +1V)\uff5e 75V<\/td>\n<\/tr>\n<tr>\n<td width=\"31%\">Pil Tipi<\/td>\n<td colspan=\"4\" width=\"68%\">Sealed(Default)\/Gel\/Flooded\/LiFePO4\/ Li(NiCoMn)O2\/ User<\/td>\n<\/tr>\n<tr>\n<td width=\"31%\">Nominal \u015farj g\u00fcc\u00fc<\/td>\n<td width=\"17%\">190W\/12V<\/p>\n<p>380W\/24V<\/td>\n<td width=\"17%\">260W\/12V<\/p>\n<p>520W\/24V<\/td>\n<td width=\"17%\">390W\/12V<\/p>\n<p>780W\/24V<\/td>\n<td width=\"17%\">520W\/12V<\/p>\n<p>1040W\/24V<\/td>\n<\/tr>\n<tr>\n<td width=\"31%\">LVD<\/td>\n<td colspan=\"4\" width=\"68%\">11.0V ADJ 9V\u2026.12V\uff1b\u00d72\/24V\uff1b<\/td>\n<\/tr>\n<tr>\n<td width=\"31%\">LVR<\/td>\n<td colspan=\"4\" width=\"68%\">12.6V ADJ 11V\u2026.13.5V\uff1b\u00d72\/24V\uff1b<\/td>\n<\/tr>\n<tr>\n<td width=\"31%\">Float voltaj\u0131<\/td>\n<td colspan=\"4\" width=\"68%\">13.8V ADJ 13V\u2026.15V\uff1b\u00d72\/24V\uff1b<\/td>\n<\/tr>\n<tr>\n<td width=\"31%\">Boost voltaj\u0131<\/td>\n<td colspan=\"4\" width=\"68%\">14.4V \uff1bADJ14V\u2026.17V\uff1b \u00d72\/24\uff1b Battery Voltage less than Boost Restart Voltage Start Boost changing for 2hours<\/td>\n<\/tr>\n<tr>\n<td width=\"31%\">\u00d6z t\u00fcketim<\/td>\n<td colspan=\"4\" width=\"68%\">\u226428mA(12V)\u00a0\u00a0 \u226419mA(24V)<\/td>\n<\/tr>\n<tr>\n<td width=\"31%\">De\u015farj devresi gerilim d\u00fc\u015f\u00fcm\u00fc<\/td>\n<td colspan=\"4\" width=\"68%\">\u22640.12V<\/td>\n<\/tr>\n<tr>\n<td width=\"31%\">S\u0131cakl\u0131k telafi katsay\u0131s\u0131 \u2463<\/td>\n<td colspan=\"4\" width=\"68%\">-4mv\/\u2103\/2V<\/td>\n<\/tr>\n<\/tbody>\n<\/table>\n<table width=\"98%\">\n<tbody>\n<tr>\n<td width=\"49%\">\u00c7al\u0131\u015fma ortam\u0131 s\u0131cakl\u0131\u011f\u0131 \u25c6<\/td>\n<td width=\"50%\">-20\u2103\uff5e+50\u2103(100% input and output)<\/td>\n<\/tr>\n<tr>\n<td width=\"49%\">Depolama s\u0131cakl\u0131k aral\u0131\u011f\u0131<\/td>\n<td width=\"50%\">-20\u2103\uff5e+70\u2103<\/td>\n<\/tr>\n<tr>\n<td width=\"49%\">Ba\u011f\u0131l nem<\/td>\n<td width=\"50%\">\u226495%, N.C.<\/td>\n<\/tr>\n<tr>\n<td width=\"49%\">Muhafaza<\/td>\n<td width=\"50%\">IP30<\/td>\n<\/tr>\n<\/tbody>\n<\/table>\n<table width=\"97%\">\n<tbody>\n<tr>\n<td width=\"24%\"><strong>Madde<\/strong><\/td>\n<td width=\"18%\"><strong>15A<\/strong><\/td>\n<td width=\"18%\"><strong>20A<\/strong><\/td>\n<td width=\"18%\"><strong>30A<\/strong><\/td>\n<td width=\"18%\"><strong>40A<\/strong><\/td>\n<\/tr>\n<tr>\n<td width=\"24%\">Boyut<\/td>\n<td width=\"18%\">165\u00d7123\u00d746 mm<\/td>\n<td width=\"18%\">195\u00d7123\u00d746 mm<\/td>\n<td width=\"18%\">205\u00d7157\u00d753 mm<\/td>\n<td width=\"18%\">256\u00d7157\u00d753 mm<\/td>\n<\/tr>\n<tr>\n<td width=\"24%\">Montaj<\/p>\n<p>Boyut (A*B)<\/td>\n<td width=\"18%\">106\u00d7124mm<\/td>\n<td width=\"18%\">106\u00d7124mm<\/td>\n<td width=\"18%\">138\u00d7124mm<\/td>\n<td width=\"18%\">138\u00d7155mm<\/td>\n<\/tr>\n<tr>\n<td width=\"24%\">Montaj deli\u011fi boyutu<\/td>\n<td colspan=\"4\" width=\"75%\">\u03a64mm<\/td>\n<\/tr>\n<tr>\n<td width=\"24%\">A\u011f\u0131rl\u0131k<\/td>\n<td width=\"18%\">0.56KG<\/td>\n<td width=\"18%\">0.73KG<\/td>\n<td width=\"18%\">1.2KGS<\/td>\n<td width=\"18%\">1.5KGS<\/td>\n<\/tr>\n<\/tbody>\n<\/table>\n","protected":false},"excerpt":{"rendered":"<ul>\n<li>Geli\u015fmi\u015f \u00e7ift tepe veya \u00e7oklu tepe izleme teknolojisi ile, g\u00fcne\u015f paneli g\u00f6lgelendi\u011finde veya panelin bir k\u0131sm\u0131 ar\u0131zaland\u0131\u011f\u0131nda I-V e\u011frisinde birden fazla tepe noktas\u0131 olu\u015ftu\u011funda, kontrol\u00f6r yine de maksimum g\u00fc\u00e7 noktas\u0131n\u0131 do\u011fru bir \u015fekilde izleyebilir.<\/li>\n<li>Verimlili\u011fi %99,5&#8217;ten az olmayan geli\u015fmi\u015f MPPT teknolojisi<\/li>\n<li>Maksimum DC\/DC d\u00f6n\u00fc\u015f\u00fcm verimlili\u011fi %98<\/li>\n<li>Ultra y\u00fcksek izleme h\u0131z\u0131 ve garantili izleme verimlili\u011fi<\/li>\n<li>MPP kay\u0131p oran\u0131n\u0131 ve kay\u0131p s\u00fcresini en aza indirmek i\u00e7in geli\u015fmi\u015f MPPT kontrol algoritmas\u0131<\/li>\n<li>Geni\u015f MPP \u00e7al\u0131\u015fma gerilimi aral\u0131\u011f\u0131<\/li>\n<li>\u015earj g\u00fcc\u00fcn\u00fc ve ak\u0131m\u0131 nominal aral\u0131kta s\u0131n\u0131rlay\u0131n G\u00fcne\u015f paneli g\u00fcc\u00fc belirli bir seviyeyi a\u015ft\u0131\u011f\u0131nda ve \u015farj ak\u0131m\u0131 nominal ak\u0131mdan daha b\u00fcy\u00fck oldu\u011funda, kontrol\u00f6r otomatik olarak \u015farj g\u00fcc\u00fcn\u00fc d\u00fc\u015f\u00fcrecek ve \u015farj ak\u0131m\u0131n\u0131 nominal seviyeye getirecektir.<\/li>\n<li>Kur\u015fun-asit, jel, su basm\u0131\u015f ak\u00fcleri gerekli s\u0131cakl\u0131k telafisi ile destekleyin ve lityum ak\u00fclerin g\u00fcne\u015f panelinden ba\u015flat\u0131lmas\u0131n\u0131 destekleyin<\/li>\n<li>Ger\u00e7ek zamanl\u0131 \u00e7al\u0131\u015fma kayd\u0131 fonksiyonu<\/li>\n<li>S\u0131cakl\u0131k aral\u0131\u011f\u0131 boyunca otomatik olarak g\u00fc\u00e7 azaltma<\/li>\n<li>\u00c7oklu y\u00fck \u00e7al\u0131\u015fma modlar\u0131<\/li>\n<li>TVS ayd\u0131nlatma korumas\u0131.<\/li>\n<\/ul>\n","protected":false},"featured_media":7530,"comment_status":"closed","ping_status":"closed","template":"","meta":{"_acf_changed":false},"product_cat":[297],"product_tag":[],"class_list":{"0":"post-7498","1":"product","2":"type-product","3":"status-publish","4":"has-post-thumbnail","6":"product_cat-mppt-solar-sarj-cihazlari","8":"first","9":"outofstock","10":"taxable","11":"shipping-taxable","12":"purchasable","13":"product-type-simple"},"acf":[],"_links":{"self":[{"href":"https:\/\/ermtech.com.tr\/magaza\/wp-json\/wp\/v2\/product\/7498","targetHints":{"allow":["GET"]}}],"collection":[{"href":"https:\/\/ermtech.com.tr\/magaza\/wp-json\/wp\/v2\/product"}],"about":[{"href":"https:\/\/ermtech.com.tr\/magaza\/wp-json\/wp\/v2\/types\/product"}],"replies":[{"embeddable":true,"href":"https:\/\/ermtech.com.tr\/magaza\/wp-json\/wp\/v2\/comments?post=7498"}],"version-history":[{"count":4,"href":"https:\/\/ermtech.com.tr\/magaza\/wp-json\/wp\/v2\/product\/7498\/revisions"}],"predecessor-version":[{"id":7971,"href":"https:\/\/ermtech.com.tr\/magaza\/wp-json\/wp\/v2\/product\/7498\/revisions\/7971"}],"wp:featuredmedia":[{"embeddable":true,"href":"https:\/\/ermtech.com.tr\/magaza\/wp-json\/wp\/v2\/media\/7530"}],"wp:attachment":[{"href":"https:\/\/ermtech.com.tr\/magaza\/wp-json\/wp\/v2\/media?parent=7498"}],"wp:term":[{"taxonomy":"product_cat","embeddable":true,"href":"https:\/\/ermtech.com.tr\/magaza\/wp-json\/wp\/v2\/product_cat?post=7498"},{"taxonomy":"product_tag","embeddable":true,"href":"https:\/\/ermtech.com.tr\/magaza\/wp-json\/wp\/v2\/product_tag?post=7498"}],"curies":[{"name":"wp","href":"https:\/\/api.w.org\/{rel}","templated":true}]}}