{"id":7363,"date":"2025-01-05T18:18:30","date_gmt":"2025-01-05T15:18:30","guid":{"rendered":"https:\/\/ermtech.com.tr\/magaza\/?post_type=product&#038;p=7363"},"modified":"2025-03-21T15:09:19","modified_gmt":"2025-03-21T12:09:19","slug":"electrozirve-ma-serisi-mppt-solar-sarj-kontrol-cihazi","status":"publish","type":"product","link":"https:\/\/ermtech.com.tr\/magaza\/urun\/electrozirve-ma-serisi-mppt-solar-sarj-kontrol-cihazi","title":{"rendered":"Electrozirve MA Serisi 40A MPPT Solar \u015earj Kontrol Cihaz\u0131"},"content":{"rendered":"<table dir=\"ltr\" border=\"1\" cellspacing=\"0\" cellpadding=\"0\" data-sheets-root=\"1\" data-sheets-baot=\"1\">\n<colgroup>\n<col width=\"100\" \/>\n<col width=\"100\" \/><\/colgroup>\n<tbody>\n<tr>\n<td>\u00d6zellik<\/td>\n<td>De\u011fer<\/td>\n<\/tr>\n<tr>\n<td>PV Giri\u015fi<\/td>\n<td><\/td>\n<\/tr>\n<tr>\n<td>Maks. A\u00e7\u0131k Devre Gerilimi<\/td>\n<td>150Vdc<\/td>\n<\/tr>\n<tr>\n<td>MPPT Gerilim Aral\u0131\u011f\u0131<\/td>\n<td>\n<div>\n<div>(Ak\u00fc gerilimi+2V)~110Vdc<\/div>\n<\/div>\n<\/td>\n<\/tr>\n<tr>\n<td>Maks. PV Giri\u015f G\u00fcc\u00fc<\/td>\n<td>\n<div>\n<div>520W\/12V, 1040W\/24V<\/div>\n<\/div>\n<\/td>\n<\/tr>\n<tr>\n<td>Ak\u00fc<\/td>\n<td><\/td>\n<\/tr>\n<tr>\n<td>Ak\u00fc Tipi<\/td>\n<td>\n<div>\n<div>USE\/FLD\/GEL\/LI\/SLD\/ Kullan\u0131c\u0131 Tan\u0131ml\u0131<\/div>\n<\/div>\n<\/td>\n<\/tr>\n<tr>\n<td>Nominal Ak\u00fc Gerilimi<\/td>\n<td>12\/24Vdc<\/td>\n<\/tr>\n<tr>\n<td>Ak\u00fc Gerilim Aral\u0131\u011f\u0131<\/td>\n<td>8-32Vdc<\/td>\n<\/tr>\n<tr>\n<td>Nominal \u015earj Ak\u0131m\u0131<\/td>\n<td>40A<\/td>\n<\/tr>\n<tr>\n<td>MPPT \u015earj Modu<\/td>\n<td>Buck<\/td>\n<\/tr>\n<tr>\n<td>Y\u00fck<\/td>\n<td><\/td>\n<\/tr>\n<tr>\n<td>Y\u00fck Tipi<\/td>\n<td>\n<div>\n<div>Diren\u00e7li y\u00fck, Kapasitif y\u00fck, End\u00fcktif y\u00fck<\/div>\n<\/div>\n<\/td>\n<\/tr>\n<tr>\n<td>Nominal Y\u00fck Gerilimi<\/td>\n<td>\n<div>\n<div>Ak\u00fc gerilimine e\u015fit 12V\/24V<\/div>\n<\/div>\n<\/td>\n<\/tr>\n<tr>\n<td>Nominal Y\u00fck Ak\u0131m\u0131<\/td>\n<td>40A<\/td>\n<\/tr>\n<tr>\n<td>Y\u00fck \u00c7al\u0131\u015fma Modu<\/td>\n<td>\n<div>\n<div>I\u015f\u0131k kontrol\u00fc, I\u015f\u0131k kontrol\u00fc + Zaman kontrol\u00fc, manuel kontrol (varsay\u0131lan), Hata ay\u0131klama modu, Normal a\u00e7\u0131k<\/div>\n<\/div>\n<\/td>\n<\/tr>\n<tr>\n<td>Verimlilik<\/td>\n<td><\/td>\n<\/tr>\n<tr>\n<td>MPPT \u0130zleme Verimlili\u011fi<\/td>\n<td>&gt;%99<\/td>\n<\/tr>\n<tr>\n<td>Maks. \u015earj D\u00f6n\u00fc\u015f\u00fcm Verimlili\u011fi<\/td>\n<td>\n<div>\n<div>%85-%98 (Y\u00fck g\u00fcc\u00fcne kar\u015f\u0131l\u0131k gelir %10-%100)<\/div>\n<\/div>\n<\/td>\n<\/tr>\n<tr>\n<td>\u0130leti\u015fim<\/td>\n<td><\/td>\n<\/tr>\n<tr>\n<td>TTL, RS485 (varsay\u0131lan)<\/td>\n<td>\n<div>\n<div>TTL Baud h\u0131z\u0131 9600kps, RS485 portu<\/div>\n<\/div>\n<\/td>\n<\/tr>\n<tr>\n<td>CAN (iste\u011fe ba\u011fl\u0131)<\/td>\n<td>\n<div>\n<div>\u0130ste\u011fe ba\u011fl\u0131 (RV-C Protokol\u00fc)<\/div>\n<\/div>\n<\/td>\n<\/tr>\n<tr>\n<td>Bluetooth (iste\u011fe ba\u011fl\u0131)<\/td>\n<td>\n<div>\n<div>Mobil uygulamal\u0131 harici mod\u00fcl BT-2<\/div>\n<\/div>\n<\/td>\n<\/tr>\n<tr>\n<td>Genel<\/td>\n<td><\/td>\n<\/tr>\n<tr>\n<td>A\u011f\u0131rl\u0131k<\/td>\n<td>3.4kg(7.5lb)<\/td>\n<\/tr>\n<tr>\n<td>Boyutlar<\/td>\n<td>\n<div>\n<div>260*216*83.2mm(10*8.5*3.27in)<\/div>\n<\/div>\n<\/td>\n<\/tr>\n<tr>\n<td>Koruma Derecesi<\/td>\n<td>IP32<\/td>\n<\/tr>\n<tr>\n<td>\u00c7al\u0131\u015fma S\u0131cakl\u0131k Aral\u0131\u011f\u0131<\/td>\n<td>\n<div>\n<div>-35\u00b0C-65\u00b0C (-31\u00b0F~149\u00b0F)<\/div>\n<\/div>\n<\/td>\n<\/tr>\n<\/tbody>\n<\/table>\n","protected":false},"excerpt":{"rendered":"<h3><strong>\u015eebekeden Ba\u011f\u0131ms\u0131z Uygulamalar \u0130\u00e7in<\/strong><\/h3>\n<h3><strong>Hepsi Bir Arada<\/strong><\/h3>\n<h3><strong>Kullan\u0131c\u0131 Dostu<\/strong><\/h3>\n<h3><strong>Verimli<\/strong><\/h3>\n<h3><strong>G\u00fcvenlik<\/strong><\/h3>\n<h3><strong>Ak\u0131ll\u0131<\/strong><\/h3>\n<ul data-sourcepos=\"14:1-26:0\">\n<li data-sourcepos=\"14:1-14:78\">Hem g\u00fcne\u015f paneline, hem ak\u00fcye hem de elektrik t\u00fcketen cihaza ba\u011flanabilir.<\/li>\n<li data-sourcepos=\"15:1-15:61\">Farkl\u0131 ihtiya\u00e7lara uygun \u00e7ok say\u0131da \u00e7al\u0131\u015fma modu bulunur.<\/li>\n<li data-sourcepos=\"16:1-16:35\">Kurulumu ve kullan\u0131m\u0131 kolayd\u0131r.<\/li>\n<li data-sourcepos=\"17:1-17:55\">Do\u011fal yollarla so\u011futulur ve tamamen sessiz \u00e7al\u0131\u015f\u0131r.<\/li>\n<li data-sourcepos=\"18:1-18:89\">Ak\u00fclerin tam \u015farj olmas\u0131n\u0131 ve a\u015f\u0131r\u0131 bo\u015falmas\u0131n\u0131 engelleyen koruma mekanizmas\u0131 vard\u0131r.<\/li>\n<li data-sourcepos=\"19:1-19:80\">Uzun \u00f6m\u00fcrl\u00fc ve kararl\u0131 \u00e7al\u0131\u015fma i\u00e7in y\u00fcksek kaliteli par\u00e7alar kullan\u0131lm\u0131\u015ft\u0131r.<\/li>\n<li data-sourcepos=\"20:1-20:35\">Farkl\u0131 ak\u00fc tiplerini destekler.<\/li>\n<li data-sourcepos=\"21:1-21:44\">K\u00fc\u00e7\u00fck boyutludur ve az kablo gerektirir.<\/li>\n<li data-sourcepos=\"22:1-22:85\">G\u00fcne\u015f panellerinden en y\u00fcksek verimi almay\u0131 sa\u011flayan teknolojiye sahiptir (MPPT).<\/li>\n<li data-sourcepos=\"23:1-23:65\">G\u00fcne\u015f panellerinin seri ve paralel ba\u011flanmas\u0131na olanak tan\u0131r.<\/li>\n<li data-sourcepos=\"24:1-24:45\">Farkl\u0131 ileti\u015fim protokollerini destekler.<\/li>\n<li data-sourcepos=\"25:1-26:0\">Mobil uygulama \u00fczerinden kontrol edilebilir.<\/li>\n<\/ul>\n","protected":false},"featured_media":7408,"comment_status":"closed","ping_status":"closed","template":"","meta":{"_acf_changed":false},"product_cat":[297],"product_tag":[333,346],"class_list":{"0":"post-7363","1":"product","2":"type-product","3":"status-publish","4":"has-post-thumbnail","6":"product_cat-mppt-solar-sarj-cihazlari","7":"product_tag-karavan","8":"product_tag-marin","10":"first","11":"outofstock","12":"taxable","13":"shipping-taxable","14":"purchasable","15":"product-type-simple"},"acf":[],"_links":{"self":[{"href":"https:\/\/ermtech.com.tr\/magaza\/wp-json\/wp\/v2\/product\/7363","targetHints":{"allow":["GET"]}}],"collection":[{"href":"https:\/\/ermtech.com.tr\/magaza\/wp-json\/wp\/v2\/product"}],"about":[{"href":"https:\/\/ermtech.com.tr\/magaza\/wp-json\/wp\/v2\/types\/product"}],"replies":[{"embeddable":true,"href":"https:\/\/ermtech.com.tr\/magaza\/wp-json\/wp\/v2\/comments?post=7363"}],"version-history":[{"count":6,"href":"https:\/\/ermtech.com.tr\/magaza\/wp-json\/wp\/v2\/product\/7363\/revisions"}],"predecessor-version":[{"id":7978,"href":"https:\/\/ermtech.com.tr\/magaza\/wp-json\/wp\/v2\/product\/7363\/revisions\/7978"}],"wp:featuredmedia":[{"embeddable":true,"href":"https:\/\/ermtech.com.tr\/magaza\/wp-json\/wp\/v2\/media\/7408"}],"wp:attachment":[{"href":"https:\/\/ermtech.com.tr\/magaza\/wp-json\/wp\/v2\/media?parent=7363"}],"wp:term":[{"taxonomy":"product_cat","embeddable":true,"href":"https:\/\/ermtech.com.tr\/magaza\/wp-json\/wp\/v2\/product_cat?post=7363"},{"taxonomy":"product_tag","embeddable":true,"href":"https:\/\/ermtech.com.tr\/magaza\/wp-json\/wp\/v2\/product_tag?post=7363"}],"curies":[{"name":"wp","href":"https:\/\/api.w.org\/{rel}","templated":true}]}}