{"id":7191,"date":"2024-02-10T17:38:54","date_gmt":"2024-02-10T14:38:54","guid":{"rendered":"https:\/\/ermtech.com.tr\/magaza\/?post_type=product&#038;p=7191"},"modified":"2025-06-29T19:10:03","modified_gmt":"2025-06-29T16:10:03","slug":"apex-mppt-sarj-kontrol-cihazi-harici-ekran-rm-6","status":"publish","type":"product","link":"https:\/\/ermtech.com.tr\/magaza\/urun\/apex-mppt-sarj-kontrol-cihazi-harici-ekran-rm-6","title":{"rendered":"Apex Mppt \u015earj Kontrol Cihaz\u0131 Harici Ekran Rm-6"},"content":{"rendered":"<p>MC Serisi Mppt \u015earj Kontrol Cihaz\u0131 Ekran\u0131<\/p>\n<p>Rm-6 Ekran<\/p>\n<p>Ak\u00fc Voltaj\u0131<\/p>\n<p>Solar Panel Voltaj\u0131<\/p>\n<p>\u015earj Ak\u0131m\u0131 (A)<\/p>\n<p>Kalan Ak\u00fc Kapasitesi %<\/p>\n<p>S\u0131cakl\u0131k G\u00f6stergesi<\/p>\n<p>\u015earj G\u00fcc\u00fc (W)<\/p>\n<p>Bu ekran\u0131 kablo arac\u0131l\u0131\u011f\u0131yla uzatarak g\u00f6rebilece\u011finiz bir yere monte edebilirsiniz<\/p>\n","protected":false},"excerpt":{"rendered":"<p><a href=\"http:\/\/ermtech.com.tr\/magaza\/wp-content\/uploads\/sites\/2\/2023\/11\/logo-e1699738599223.png\"><img decoding=\"async\" class=\"alignnone size-full wp-image-6814\" src=\"http:\/\/ermtech.com.tr\/magaza\/wp-content\/uploads\/sites\/2\/2023\/11\/logo-e1699738599223.png\" alt=\"\" width=\"150\" height=\"74\" \/><\/a><\/p>\n","protected":false},"featured_media":7194,"comment_status":"open","ping_status":"closed","template":"","meta":{"_acf_changed":false},"product_cat":[326],"product_tag":[],"class_list":{"0":"post-7191","1":"product","2":"type-product","3":"status-publish","4":"has-post-thumbnail","6":"product_cat-gosterge-panelleri","8":"first","9":"instock","10":"taxable","11":"shipping-taxable","12":"purchasable","13":"product-type-simple"},"acf":[],"_links":{"self":[{"href":"https:\/\/ermtech.com.tr\/magaza\/wp-json\/wp\/v2\/product\/7191","targetHints":{"allow":["GET"]}}],"collection":[{"href":"https:\/\/ermtech.com.tr\/magaza\/wp-json\/wp\/v2\/product"}],"about":[{"href":"https:\/\/ermtech.com.tr\/magaza\/wp-json\/wp\/v2\/types\/product"}],"replies":[{"embeddable":true,"href":"https:\/\/ermtech.com.tr\/magaza\/wp-json\/wp\/v2\/comments?post=7191"}],"version-history":[{"count":2,"href":"https:\/\/ermtech.com.tr\/magaza\/wp-json\/wp\/v2\/product\/7191\/revisions"}],"predecessor-version":[{"id":7196,"href":"https:\/\/ermtech.com.tr\/magaza\/wp-json\/wp\/v2\/product\/7191\/revisions\/7196"}],"wp:featuredmedia":[{"embeddable":true,"href":"https:\/\/ermtech.com.tr\/magaza\/wp-json\/wp\/v2\/media\/7194"}],"wp:attachment":[{"href":"https:\/\/ermtech.com.tr\/magaza\/wp-json\/wp\/v2\/media?parent=7191"}],"wp:term":[{"taxonomy":"product_cat","embeddable":true,"href":"https:\/\/ermtech.com.tr\/magaza\/wp-json\/wp\/v2\/product_cat?post=7191"},{"taxonomy":"product_tag","embeddable":true,"href":"https:\/\/ermtech.com.tr\/magaza\/wp-json\/wp\/v2\/product_tag?post=7191"}],"curies":[{"name":"wp","href":"https:\/\/api.w.org\/{rel}","templated":true}]}}