{"id":7111,"date":"2023-11-20T18:00:50","date_gmt":"2023-11-20T15:00:50","guid":{"rendered":"https:\/\/ermtech.com.tr\/magaza\/?post_type=product&#038;p=7111"},"modified":"2025-09-07T14:59:56","modified_gmt":"2025-09-07T11:59:56","slug":"apex-nk1000-12-1000w-tam-sinus-inverter-12v","status":"publish","type":"product","link":"https:\/\/ermtech.com.tr\/magaza\/urun\/apex-nk1000-12-1000w-tam-sinus-inverter-12v","title":{"rendered":"Apex NK1000-12 1000W Tam Sin\u00fcs \u0130nverter 12V"},"content":{"rendered":"<p>Apex NK Tam Sin\u00fcs \u0130nverter \u00dcr\u00fcn \u00d6zellikleri Tam sin\u00fcs dalgal\u0131 invert\u00f6rler cihazlara daha stabil g\u00fc\u00e7 sa\u011flayarak cihaz\u0131 korur ve uzun \u00f6m\u00fcrl\u00fc olmas\u0131n\u0131 sa\u011flar. \u00dcr\u00fcnde ak\u00fc ba\u011flant\u0131 kablolar\u0131 mevcuttur. 12V elektri\u011fi 220 V \u015febeke elektri\u011fine d\u00f6n\u00fc\u015ft\u00fcr\u00fcr.Giri\u015f ve \u00e7\u0131k\u0131\u015f tamamen yal\u0131t\u0131lm\u0131\u015f ,y\u00fcksek verimlilik %90-93. Kompakt ve hafif \u00f6zelliklere sahip y\u00fcksek frekansl\u0131 tasar\u0131m. Lityumla \u00e7al\u0131\u015fmaya uygun, \u00f6zel dalgalanma \u00f6nleyici \u00f6zellik. Koruma: Giri\u015f ters korumas\u0131, d\u00fc\u015f\u00fck voltaj korumas\u0131, a\u015f\u0131r\u0131 gerilim korumas\u0131, \u00e7\u0131k\u0131\u015f a\u015f\u0131r\u0131 y\u00fck korumas\u0131, k\u0131sa devre, a\u015f\u0131r\u0131 s\u0131cakl\u0131k, S\u0131z\u0131nt\u0131 korumas\u0131. \u00dcr\u00fcn i\u00e7indeki dahili fan invert\u00f6r\u00fcn d\u00fc\u015f\u00fck \u0131s\u0131da g\u00fcvenle \u00e7al\u0131\u015fmas\u0131n\u0131 sa\u011flar. G\u00fcr\u00fclt\u00fcs\u00fcz bir \u015fekilde \u00e7al\u0131\u015f\u0131r. Apex NK Tam Sin\u00fcs \u0130nverter Kullan\u0131m Alan\u0131 Elektrik sistemlerinde do\u011fru ak\u0131m\u0131 (DC) alternatif ak\u0131ma (AC) \u00e7evirmek amac\u0131yla kullan\u0131l\u0131r.<br \/>\nApex inverter karavanlar, tekneler, ba\u011f evleri ve VIP dizayn ara\u00e7lar\u0131ndaki gibi \u015febekeden ba\u011f\u0131ms\u0131z g\u00fc\u00e7 ihtiyac\u0131n\u0131n oldu\u011fu alanlarda yayg\u0131n kullan\u0131ma sahiptir. Bu ortamlarda televizyon, ayd\u0131nlatma gibi 220 V ile \u00e7al\u0131\u015fan cihazlar\u0131 kullanmaya imkan tan\u0131r.<\/p>\n<p>Birlikte Kullan\u0131lan Aksesuarlar: CD-80 \/ CRD-80 \/ CRW-80 \/ CRW-89<\/p>\n<table width=\"268\">\n<tbody>\n<tr>\n<td width=\"124\">Boyut (mm)<\/td>\n<td width=\"144\"><span style=\"vertical-align: inherit;\"><span style=\"vertical-align: inherit;\">281,5&#215;173,6&#215;103,1<\/span><\/span><\/td>\n<\/tr>\n<tr>\n<td width=\"124\">A\u011f\u0131rl\u0131k (kg)<\/td>\n<td width=\"144\">2.9<\/td>\n<\/tr>\n<tr>\n<td width=\"124\">G\u00fc\u00e7 (W)<\/td>\n<td width=\"144\"><span style=\"vertical-align: inherit;\"><span style=\"vertical-align: inherit;\">1000W<\/span><\/span><\/td>\n<\/tr>\n<tr>\n<td width=\"124\">Zirve (Peak) g\u00fc\u00e7 (W)<\/td>\n<td width=\"144\"><span style=\"vertical-align: inherit;\"><span style=\"vertical-align: inherit;\">3000 W (20 sn)<\/span><\/span><\/td>\n<\/tr>\n<tr>\n<td width=\"124\">Giri\u015f Voltaj\u0131 (V)<\/td>\n<td width=\"144\"><span style=\"vertical-align: inherit;\"><span style=\"vertical-align: inherit;\">12 VDC<\/span><\/span><\/td>\n<\/tr>\n<tr>\n<td width=\"124\">\u00c7\u0131k\u0131\u015f Voltaj\u0131 (V)<\/td>\n<td width=\"144\"><span style=\"vertical-align: inherit;\"><span style=\"vertical-align: inherit;\">220VAC<\/span><\/span><\/td>\n<\/tr>\n<tr>\n<td width=\"124\">Voltaj Aral\u0131\u011f\u0131 (V)<\/td>\n<td width=\"144\"><span style=\"vertical-align: inherit;\"><span style=\"vertical-align: inherit;\">12VDC-&gt; 10,5-15,0 VDC<\/span><\/span><\/p>\n<p><span style=\"vertical-align: inherit;\"><span style=\"vertical-align: inherit;\">24VDC-&gt;21-32 VDC<\/span><\/span><\/td>\n<\/tr>\n<tr>\n<td width=\"124\">Dalga Formu<\/td>\n<td width=\"144\">Tam Sin\u00fcs Dalga<\/td>\n<\/tr>\n<tr>\n<td width=\"124\">USB Giri\u015f<\/td>\n<td width=\"144\"><span style=\"vertical-align: inherit;\"><span style=\"vertical-align: inherit;\">5V 2.1A<\/span><\/span><\/td>\n<\/tr>\n<tr>\n<td width=\"124\">Dahili Bluetooth<\/td>\n<td width=\"144\">\u00a0Evet<\/td>\n<\/tr>\n<\/tbody>\n<\/table>\n","protected":false},"excerpt":{"rendered":"<p><img decoding=\"async\" class=\"alignnone wp-image-6814\" src=\"https:\/\/ermtech.com.tr\/magaza\/wp-content\/uploads\/sites\/2\/2023\/11\/logo.png\" alt=\"\" width=\"150\" height=\"74\" \/><\/p>\n","protected":false},"featured_media":7112,"comment_status":"open","ping_status":"closed","template":"","meta":{"_acf_changed":false},"product_cat":[314],"product_tag":[],"class_list":{"0":"post-7111","1":"product","2":"type-product","3":"status-publish","4":"has-post-thumbnail","6":"product_cat-tam-sinus-inverterler","8":"first","9":"outofstock","10":"taxable","11":"shipping-taxable","12":"purchasable","13":"product-type-simple"},"acf":[],"_links":{"self":[{"href":"https:\/\/ermtech.com.tr\/magaza\/wp-json\/wp\/v2\/product\/7111","targetHints":{"allow":["GET"]}}],"collection":[{"href":"https:\/\/ermtech.com.tr\/magaza\/wp-json\/wp\/v2\/product"}],"about":[{"href":"https:\/\/ermtech.com.tr\/magaza\/wp-json\/wp\/v2\/types\/product"}],"replies":[{"embeddable":true,"href":"https:\/\/ermtech.com.tr\/magaza\/wp-json\/wp\/v2\/comments?post=7111"}],"version-history":[{"count":2,"href":"https:\/\/ermtech.com.tr\/magaza\/wp-json\/wp\/v2\/product\/7111\/revisions"}],"predecessor-version":[{"id":7167,"href":"https:\/\/ermtech.com.tr\/magaza\/wp-json\/wp\/v2\/product\/7111\/revisions\/7167"}],"wp:featuredmedia":[{"embeddable":true,"href":"https:\/\/ermtech.com.tr\/magaza\/wp-json\/wp\/v2\/media\/7112"}],"wp:attachment":[{"href":"https:\/\/ermtech.com.tr\/magaza\/wp-json\/wp\/v2\/media?parent=7111"}],"wp:term":[{"taxonomy":"product_cat","embeddable":true,"href":"https:\/\/ermtech.com.tr\/magaza\/wp-json\/wp\/v2\/product_cat?post=7111"},{"taxonomy":"product_tag","embeddable":true,"href":"https:\/\/ermtech.com.tr\/magaza\/wp-json\/wp\/v2\/product_tag?post=7111"}],"curies":[{"name":"wp","href":"https:\/\/api.w.org\/{rel}","templated":true}]}}