{"id":7020,"date":"2023-11-15T16:57:30","date_gmt":"2023-11-15T13:57:30","guid":{"rendered":"https:\/\/ermtech.com.tr\/magaza\/?post_type=product&#038;p=7020"},"modified":"2024-06-30T15:02:22","modified_gmt":"2024-06-30T12:02:22","slug":"apex-tfs1500-12-1500w-tam-sinus-inverter-12v","status":"publish","type":"product","link":"https:\/\/ermtech.com.tr\/magaza\/urun\/apex-tfs1500-12-1500w-tam-sinus-inverter-12v","title":{"rendered":"Apex TFS1500-12 1500W Tam Sin\u00fcs \u0130nverter 12V"},"content":{"rendered":"<p>Apex TFS Tam Sin\u00fcs \u0130nverter \u00dcr\u00fcn \u00d6zellikleri Tam sin\u00fcs dalgal\u0131 invert\u00f6rler cihazlara daha stabil g\u00fc\u00e7 sa\u011flayarak cihaz\u0131 korur ve uzun \u00f6m\u00fcrl\u00fc olmas\u0131n\u0131 sa\u011flar. \u00dcr\u00fcnde ak\u00fc ba\u011flant\u0131 kablolar\u0131 mevcuttur. 12V elektri\u011fi 220 V \u015febeke elektri\u011fine d\u00f6n\u00fc\u015ft\u00fcr\u00fcr. TFS inverter modeli dahili transfer switchli cihazd\u0131r. DC kayna\u011f\u0131n\u0131 kullan\u0131rken AC kayna\u011fa ge\u00e7mek istedi\u011finiz de sadece AC fi\u015fi takman\u0131z yeterli olacakt\u0131r. Kendisi otomatik olarak \u00f6nceli\u011fi \u015febekeye verir ve bir m\u00fcdahele gerekmez. D\u00fc\u015f\u00fck g\u00fc\u00e7 t\u00fcketimi ve y\u00fcksek verimlilikle \u00e7al\u0131\u015f\u0131r. \u00dcr\u00fcn i\u00e7indeki dahili fan invert\u00f6r\u00fcn d\u00fc\u015f\u00fck \u0131s\u0131da g\u00fcvenle \u00e7al\u0131\u015fmas\u0131n\u0131 sa\u011flar. G\u00fcr\u00fclt\u00fcs\u00fcz bir \u015fekilde \u00e7al\u0131\u015f\u0131r.\u00dcr\u00fcn\u00fcn i\u00e7inden ak\u00fc ba\u011flant\u0131 ekipmanlar\u0131 ve AC ba\u011flant\u0131 ekipmanlar\u0131 mevcuttur. Apex TFS Tam Sin\u00fcs \u0130nverter Kullan\u0131m Alan\u0131 Elektrik sistemlerinde do\u011fru ak\u0131m\u0131 (DC) alternatif ak\u0131ma (AC) \u00e7evirmek amac\u0131yla kullan\u0131l\u0131r.<br \/>\nApex TFS inverter karavanlar, tekneler, ba\u011f evleri ve VIP dizayn ara\u00e7lar\u0131ndaki gibi \u015febekeden ba\u011f\u0131ms\u0131z g\u00fc\u00e7 ihtiyac\u0131n\u0131n oldu\u011fu alanlarda yayg\u0131n kullan\u0131ma sahiptir. \u015eebeke gerekti\u011fi zamanlarda otomatik olarak \u015febekeyi ay\u0131rabilir. Bu ortamlarda buzdolab\u0131, kahve makinesi, gibi 220V AC ile \u00e7al\u0131\u015fan cihazlar\u0131 kullanmaya imkan tan\u0131r.<\/p>\n<p>Birlikte Kullan\u0131lan Aksesuarlar: CD-80 \/ CRD-80 \/ CRW-80 \/ CRW-88<\/p>\n<table>\n<tbody>\n<tr>\n<td width=\"142\">Boyut (mm)<\/td>\n<td width=\"170\">325.2&#215;261.3&#215;112.7<\/td>\n<\/tr>\n<tr>\n<td width=\"142\">A\u011f\u0131rl\u0131k (kg)<\/td>\n<td width=\"170\">5.2<\/td>\n<\/tr>\n<tr>\n<td width=\"142\">G\u00fc\u00e7 (W)<\/td>\n<td width=\"170\">1500W<\/td>\n<\/tr>\n<tr>\n<td width=\"142\">Zirve (Peak) G\u00fc\u00e7(W)<\/td>\n<td width=\"170\">3000W (3sn)<\/td>\n<\/tr>\n<tr>\n<td width=\"142\">Giri\u015f Voltaj\u0131(V)<\/td>\n<td width=\"170\">10.5V-15.0 VDC<\/td>\n<\/tr>\n<tr>\n<td width=\"142\">\u00c7\u0131k\u0131\u015f Voltaj\u0131(V)<\/td>\n<td width=\"170\">220VAC<\/td>\n<\/tr>\n<tr>\n<td width=\"142\">\u015eebek Giri\u015f voltaj\u0131 (V)<\/td>\n<td width=\"170\">220VAC<\/td>\n<\/tr>\n<tr>\n<td width=\"142\">Dalga formu<\/td>\n<td width=\"170\">Tam Sin\u00fcs Dalga<\/td>\n<\/tr>\n<tr>\n<td width=\"142\">USB Giri\u015f<\/td>\n<td width=\"170\">5V 2.1A<\/td>\n<\/tr>\n<tr>\n<td width=\"142\">Maksimum \u015eebeke Ge\u00e7i\u015f Ak\u0131m\u0131 (A)<\/td>\n<td width=\"170\">7A<\/td>\n<\/tr>\n<tr>\n<td width=\"142\">LCD Ekran<\/td>\n<td width=\"170\">Evet<\/td>\n<\/tr>\n<\/tbody>\n<\/table>\n<p>&nbsp;<\/p>\n","protected":false},"excerpt":{"rendered":"<p><img decoding=\"async\" class=\"alignnone size-full wp-image-6814\" src=\"https:\/\/ermtech.com.tr\/magaza\/wp-content\/uploads\/sites\/2\/2023\/11\/logo-e1699738599223.png\" alt=\"\" width=\"150\" height=\"74\" \/><\/p>\n","protected":false},"featured_media":7021,"comment_status":"open","ping_status":"closed","template":"","meta":{"_acf_changed":false},"product_cat":[315,314],"product_tag":[],"class_list":{"0":"post-7020","1":"product","2":"type-product","3":"status-publish","4":"has-post-thumbnail","6":"product_cat-inverterler-invertor","7":"product_cat-tam-sinus-inverterler","9":"first","10":"outofstock","11":"taxable","12":"shipping-taxable","13":"purchasable","14":"product-type-simple"},"acf":[],"_links":{"self":[{"href":"https:\/\/ermtech.com.tr\/magaza\/wp-json\/wp\/v2\/product\/7020","targetHints":{"allow":["GET"]}}],"collection":[{"href":"https:\/\/ermtech.com.tr\/magaza\/wp-json\/wp\/v2\/product"}],"about":[{"href":"https:\/\/ermtech.com.tr\/magaza\/wp-json\/wp\/v2\/types\/product"}],"replies":[{"embeddable":true,"href":"https:\/\/ermtech.com.tr\/magaza\/wp-json\/wp\/v2\/comments?post=7020"}],"version-history":[{"count":1,"href":"https:\/\/ermtech.com.tr\/magaza\/wp-json\/wp\/v2\/product\/7020\/revisions"}],"predecessor-version":[{"id":7171,"href":"https:\/\/ermtech.com.tr\/magaza\/wp-json\/wp\/v2\/product\/7020\/revisions\/7171"}],"wp:featuredmedia":[{"embeddable":true,"href":"https:\/\/ermtech.com.tr\/magaza\/wp-json\/wp\/v2\/media\/7021"}],"wp:attachment":[{"href":"https:\/\/ermtech.com.tr\/magaza\/wp-json\/wp\/v2\/media?parent=7020"}],"wp:term":[{"taxonomy":"product_cat","embeddable":true,"href":"https:\/\/ermtech.com.tr\/magaza\/wp-json\/wp\/v2\/product_cat?post=7020"},{"taxonomy":"product_tag","embeddable":true,"href":"https:\/\/ermtech.com.tr\/magaza\/wp-json\/wp\/v2\/product_tag?post=7020"}],"curies":[{"name":"wp","href":"https:\/\/api.w.org\/{rel}","templated":true}]}}