{"id":7014,"date":"2023-11-15T16:47:07","date_gmt":"2023-11-15T13:47:07","guid":{"rendered":"https:\/\/ermtech.com.tr\/magaza\/?post_type=product&#038;p=7014"},"modified":"2024-11-08T10:45:54","modified_gmt":"2024-11-08T07:45:54","slug":"apex-ns1200-12-1200w-modifiye-sinus-inverter-12v","status":"publish","type":"product","link":"https:\/\/ermtech.com.tr\/magaza\/urun\/apex-ns1200-12-1200w-modifiye-sinus-inverter-12v","title":{"rendered":"Apex NS1200-12  1200W Modifiye Sin\u00fcs \u0130nverter 12V"},"content":{"rendered":"<p>Apex NS Modifiye Sin\u00fcs \u0130nverter \u00dcr\u00fcn \u00d6zellikleri<br \/>\nModifiye sin\u00fcs inverterler, genellikle alternatif ak\u0131m\u0131 (AC) do\u011fru ak\u0131ma (DC) d\u00f6n\u00fc\u015ft\u00fcrme g\u00f6revini yerine getiren elektronik cihazlard\u0131r. Ancak, bu t\u00fcr inverterler saf sin\u00fcs inverterlerden farkl\u0131d\u0131r. Saf sin\u00fcs inverterler, saf, p\u00fcr\u00fczs\u00fcz ve m\u00fckemmel bir sin\u00fcs dalga formu olu\u015ftururken, modifiye sin\u00fcs inverterler, daha d\u00fczensiz bir dalga formu \u00fcretirler. Apex NS Modifiye Sin\u00fcs \u0130nverter Kullan\u0131m Alan\u0131 Elektrik sistemlerinde do\u011fru ak\u0131m\u0131 (DC) alternatif ak\u0131ma (AC) \u00e7evirmek amac\u0131yla kullan\u0131l\u0131r.<br \/>\nApex inverter karavanlar, tekneler, ba\u011f evleri ve VIP dizayn ara\u00e7lar\u0131ndaki gibi \u015febekeden ba\u011f\u0131ms\u0131z g\u00fc\u00e7 ihtiyac\u0131n\u0131n oldu\u011fu alanlarda yayg\u0131n kullan\u0131ma sahiptir. Modifiye sin\u00fcs inverterlerin \u00fcrettikleri dalga formu, baz\u0131 hassas elektronik cihazlar i\u00e7in uygun olmayabilir. Baz\u0131 elektronik ekipmanlar, modifiye sin\u00fcs dalga formundan kaynakl\u0131 olarak performans sorunlar\u0131 ya\u015fayabilir veya hatta zarar g\u00f6rebilir. Bu nedenle, modifiye sin\u00fcs inverterler genellikle daha dayan\u0131kl\u0131 veya basit cihazlar i\u00e7in kullan\u0131labilir.<\/p>\n<table width=\"268\">\n<tbody>\n<tr>\n<td width=\"124\">Boyut (mm)<\/td>\n<td width=\"144\">265\u00d7230\u00d7106<\/td>\n<\/tr>\n<tr>\n<td width=\"124\">A\u011f\u0131rl\u0131k (kg)<\/td>\n<td width=\"144\">2.7<\/td>\n<\/tr>\n<tr>\n<td width=\"124\">G\u00fc\u00e7 (W)<\/td>\n<td width=\"144\">1200 W<\/td>\n<\/tr>\n<tr>\n<td width=\"124\">Zirve (Peak) g\u00fc\u00e7 (W)<\/td>\n<td width=\"144\">2400 W (3 sn)<\/td>\n<\/tr>\n<tr>\n<td width=\"124\">Giri\u015f Voltaj\u0131 (V)<\/td>\n<td width=\"144\">12 VDC<\/td>\n<\/tr>\n<tr>\n<td width=\"124\">\u00c7\u0131k\u0131\u015f Voltaj\u0131 (V)<\/td>\n<td width=\"144\">220 VAC<\/td>\n<\/tr>\n<tr>\n<td width=\"124\">Voltaj Aral\u0131\u011f\u0131 (V)<\/td>\n<td width=\"144\">12VDC-&gt; 10.5-15.0 VDC<\/td>\n<\/tr>\n<tr>\n<td width=\"124\">Dalga Formu<\/td>\n<td width=\"144\">Modifiye Sin\u00fcs Dalga<\/td>\n<\/tr>\n<tr>\n<td width=\"124\">USB Giri\u015f<\/td>\n<td width=\"144\">\u00a0\u00a0\u00a0\u00a0 5V 2.1A<\/td>\n<\/tr>\n<\/tbody>\n<\/table>\n<p>&nbsp;<\/p>\n","protected":false},"excerpt":{"rendered":"<p><img decoding=\"async\" class=\"alignnone size-full wp-image-6814\" src=\"https:\/\/ermtech.com.tr\/magaza\/wp-content\/uploads\/sites\/2\/2023\/11\/logo-e1699738599223.png\" alt=\"\" width=\"150\" height=\"74\" \/><\/p>\n","protected":false},"featured_media":7015,"comment_status":"open","ping_status":"closed","template":"","meta":{"_acf_changed":false},"product_cat":[315,313],"product_tag":[],"class_list":{"0":"post-7014","1":"product","2":"type-product","3":"status-publish","4":"has-post-thumbnail","6":"product_cat-inverterler-invertor","7":"product_cat-modifiye-sinus-inverterler","9":"first","10":"outofstock","11":"taxable","12":"shipping-taxable","13":"purchasable","14":"product-type-simple"},"acf":[],"_links":{"self":[{"href":"https:\/\/ermtech.com.tr\/magaza\/wp-json\/wp\/v2\/product\/7014","targetHints":{"allow":["GET"]}}],"collection":[{"href":"https:\/\/ermtech.com.tr\/magaza\/wp-json\/wp\/v2\/product"}],"about":[{"href":"https:\/\/ermtech.com.tr\/magaza\/wp-json\/wp\/v2\/types\/product"}],"replies":[{"embeddable":true,"href":"https:\/\/ermtech.com.tr\/magaza\/wp-json\/wp\/v2\/comments?post=7014"}],"version-history":[{"count":1,"href":"https:\/\/ermtech.com.tr\/magaza\/wp-json\/wp\/v2\/product\/7014\/revisions"}],"predecessor-version":[{"id":7173,"href":"https:\/\/ermtech.com.tr\/magaza\/wp-json\/wp\/v2\/product\/7014\/revisions\/7173"}],"wp:featuredmedia":[{"embeddable":true,"href":"https:\/\/ermtech.com.tr\/magaza\/wp-json\/wp\/v2\/media\/7015"}],"wp:attachment":[{"href":"https:\/\/ermtech.com.tr\/magaza\/wp-json\/wp\/v2\/media?parent=7014"}],"wp:term":[{"taxonomy":"product_cat","embeddable":true,"href":"https:\/\/ermtech.com.tr\/magaza\/wp-json\/wp\/v2\/product_cat?post=7014"},{"taxonomy":"product_tag","embeddable":true,"href":"https:\/\/ermtech.com.tr\/magaza\/wp-json\/wp\/v2\/product_tag?post=7014"}],"curies":[{"name":"wp","href":"https:\/\/api.w.org\/{rel}","templated":true}]}}