{"id":7006,"date":"2023-11-15T14:25:43","date_gmt":"2023-11-15T11:25:43","guid":{"rendered":"https:\/\/ermtech.com.tr\/magaza\/?post_type=product&#038;p=7006"},"modified":"2024-06-30T15:04:28","modified_gmt":"2024-06-30T12:04:28","slug":"apex-nps1000-12-24-1000w-sarjli-tam-sinus-inverter-12v-24v","status":"publish","type":"product","link":"https:\/\/ermtech.com.tr\/magaza\/urun\/apex-nps1000-12-24-1000w-sarjli-tam-sinus-inverter-12v-24v","title":{"rendered":"Apex NPS1000-12\/24 1000W \u015earjl\u0131 Tam Sin\u00fcs \u0130nverter 12V"},"content":{"rendered":"<p>Apex NPS \u015earjl\u0131 Tam Sin\u00fcs \u0130nverter \u00dcr\u00fcn \u00d6zellikleri Tam sin\u00fcs dalgal\u0131 invert\u00f6rler cihazlara daha stabil g\u00fc\u00e7 sa\u011flayarak cihaz\u0131 korur ve uzun \u00f6m\u00fcrl\u00fc olmas\u0131n\u0131 sa\u011flar. Ayr\u0131ca i\u00e7erisindeki charger sayesinde 220V AC ile bataryan\u0131z\u0131 \u015farj edebilme \u00f6zelli\u011fine sahiptir. \u00dcr\u00fcnde ak\u00fc ba\u011flant\u0131 kablolar\u0131 ve DC \u015farj i\u00e7in 220V priz mevcuttur. 12V\/24 V elektri\u011fi 220 V \u015febeke elektri\u011fine d\u00f6n\u00fc\u015ft\u00fcr\u00fcr. D\u00fc\u015f\u00fck g\u00fc\u00e7 t\u00fcketimi ve y\u00fcksek verimlilikle \u00e7al\u0131\u015f\u0131r. \u00dcr\u00fcn i\u00e7indeki dahili fan invert\u00f6r\u00fcn d\u00fc\u015f\u00fck \u0131s\u0131da g\u00fcvenle \u00e7al\u0131\u015fmas\u0131n\u0131 sa\u011flar. G\u00fcr\u00fclt\u00fcs\u00fcz bir \u015fekilde \u00e7al\u0131\u015f\u0131r. Apex NPS \u015earjl\u0131 Tam Sin\u00fcs \u0130nverter Kullan\u0131m Alan\u0131 Elektrik sistemlerinde do\u011fru ak\u0131m\u0131 (DC) alternatif ak\u0131ma (AC) \u00e7evirmek amac\u0131yla kullan\u0131l\u0131r.<br \/>\nApex inverter karavanlar, tekneler, ba\u011f evleri ve VIP dizayn ara\u00e7lar\u0131ndaki gibi \u015febekeden ba\u011f\u0131ms\u0131z g\u00fc\u00e7 ihtiyac\u0131n\u0131n oldu\u011fu alanlarda yayg\u0131n kullan\u0131ma sahiptir. \u015eebeke elektiri\u011fi ile ak\u00fcy\u00fc \u015farj etme \u00f6zelli\u011fide bulunmaktad\u0131r. Bu ortamlarda televizyon, buzdolab\u0131, matkap gibi 220 V ile \u00e7al\u0131\u015fan cihazlar\u0131 kullanmaya imkan tan\u0131r.<\/p>\n<table width=\"268\">\n<tbody>\n<tr>\n<td width=\"124\">Boyut (mm)<\/td>\n<td width=\"144\">330x230x106<\/td>\n<\/tr>\n<tr>\n<td width=\"124\">A\u011f\u0131rl\u0131k (kg)<\/td>\n<td width=\"144\">5.8<\/td>\n<\/tr>\n<tr>\n<td width=\"124\">G\u00fc\u00e7 (W)<\/td>\n<td width=\"144\">1000 W<\/td>\n<\/tr>\n<tr>\n<td width=\"124\">Zirve (Peak) g\u00fc\u00e7 (W)<\/td>\n<td width=\"144\">2000 W (3 sn)<\/td>\n<\/tr>\n<tr>\n<td width=\"124\">Giri\u015f Voltaj\u0131 (V)<\/td>\n<td width=\"144\">12\/24 VDC<\/td>\n<\/tr>\n<tr>\n<td width=\"124\">\u00c7\u0131k\u0131\u015f Voltaj\u0131 (V)<\/td>\n<td width=\"144\">220 VAC<\/td>\n<\/tr>\n<tr>\n<td rowspan=\"2\" width=\"124\">Voltaj Aral\u0131\u011f\u0131 (V)<\/td>\n<td width=\"144\">12VDC-&gt; 10.5-15.0 VDC<\/td>\n<\/tr>\n<tr>\n<td width=\"144\">24VDC-&gt; 21-30 VDC<\/td>\n<\/tr>\n<tr>\n<td width=\"124\">Dalga Formu<\/td>\n<td width=\"144\">Tam sin\u00fcs Dalga<\/td>\n<\/tr>\n<tr>\n<td rowspan=\"2\" width=\"124\">DC \u015earj Ak\u0131m\u0131<\/td>\n<td width=\"144\">12VDC-&gt; 10Ah<\/td>\n<\/tr>\n<tr>\n<td width=\"144\">24VDC-&gt; 5Ah<\/td>\n<\/tr>\n<\/tbody>\n<\/table>\n","protected":false},"excerpt":{"rendered":"<p><img decoding=\"async\" class=\"alignnone size-full wp-image-6814\" src=\"https:\/\/ermtech.com.tr\/magaza\/wp-content\/uploads\/sites\/2\/2023\/11\/logo-e1699738599223.png\" alt=\"\" width=\"150\" height=\"74\" \/><\/p>\n","protected":false},"featured_media":7007,"comment_status":"open","ping_status":"closed","template":"","meta":{"_acf_changed":false},"product_cat":[315,312],"product_tag":[],"class_list":{"0":"post-7006","1":"product","2":"type-product","3":"status-publish","4":"has-post-thumbnail","6":"product_cat-inverterler-invertor","7":"product_cat-sarjli-tam-sinus-inverterler","9":"first","10":"outofstock","11":"taxable","12":"shipping-taxable","13":"purchasable","14":"product-type-simple"},"acf":[],"_links":{"self":[{"href":"https:\/\/ermtech.com.tr\/magaza\/wp-json\/wp\/v2\/product\/7006","targetHints":{"allow":["GET"]}}],"collection":[{"href":"https:\/\/ermtech.com.tr\/magaza\/wp-json\/wp\/v2\/product"}],"about":[{"href":"https:\/\/ermtech.com.tr\/magaza\/wp-json\/wp\/v2\/types\/product"}],"replies":[{"embeddable":true,"href":"https:\/\/ermtech.com.tr\/magaza\/wp-json\/wp\/v2\/comments?post=7006"}],"version-history":[{"count":2,"href":"https:\/\/ermtech.com.tr\/magaza\/wp-json\/wp\/v2\/product\/7006\/revisions"}],"predecessor-version":[{"id":7175,"href":"https:\/\/ermtech.com.tr\/magaza\/wp-json\/wp\/v2\/product\/7006\/revisions\/7175"}],"wp:featuredmedia":[{"embeddable":true,"href":"https:\/\/ermtech.com.tr\/magaza\/wp-json\/wp\/v2\/media\/7007"}],"wp:attachment":[{"href":"https:\/\/ermtech.com.tr\/magaza\/wp-json\/wp\/v2\/media?parent=7006"}],"wp:term":[{"taxonomy":"product_cat","embeddable":true,"href":"https:\/\/ermtech.com.tr\/magaza\/wp-json\/wp\/v2\/product_cat?post=7006"},{"taxonomy":"product_tag","embeddable":true,"href":"https:\/\/ermtech.com.tr\/magaza\/wp-json\/wp\/v2\/product_tag?post=7006"}],"curies":[{"name":"wp","href":"https:\/\/api.w.org\/{rel}","templated":true}]}}