{"id":6981,"date":"2023-11-15T12:49:32","date_gmt":"2023-11-15T09:49:32","guid":{"rendered":"https:\/\/ermtech.com.tr\/magaza\/?post_type=product&#038;p=6981"},"modified":"2025-09-07T15:00:59","modified_gmt":"2025-09-07T12:00:59","slug":"electrozirve-ml2430-30a-mppt-solar-charge-controller-12-24v-ekranli","status":"publish","type":"product","link":"https:\/\/ermtech.com.tr\/magaza\/urun\/electrozirve-ml2430-30a-mppt-solar-charge-controller-12-24v-ekranli","title":{"rendered":"Electrozirve ML2430 30A MPPT Solar Charge Controller 12\/24V (Ekranl\u0131)"},"content":{"rendered":"<p>Electrozirve ML Serisi MPPT \u015earj Kontrol Cihaz\u0131 \u00dcr\u00fcn \u00d6zellikleri<br \/>\nMPPT(Maksimum G\u00fc\u00e7 Noktas\u0131 Takibi), g\u00fcne\u015f enerjisi kaynaklar\u0131n\u0131 daha verimli bir \u015fekilde kullanmak ve elektrik \u00fcretimini optimize etmek i\u00e7in \u00f6nemli bir teknolojidir. MPPT, fotovoltaik (PV) g\u00fcne\u015f panellerinden elde edilen enerjiyi en verimli \u015fekilde kullanmak, enerjiyi depolamak i\u00e7in kullan\u0131l\u0131r. Electrozirve ML Serisi MPPT \u015earj Kontrol Cihaz\u0131 Kullan\u0131m Alan\u0131 Tekne ve gemilerde, g\u00fcne\u015f panelleri gibi yenilenebilir enerji kaynaklar\u0131n\u0131n kullan\u0131lmas\u0131 durumunda; MPPT, enerjinin en iyi \u015fekilde kullan\u0131lmas\u0131n\u0131 sa\u011flar. Kamp\u00e7\u0131l\u0131k, karavan veya ta\u015f\u0131nabilir elektronik cihazlarda g\u00fcne\u015f panelleri ile elde edilen enerjinin maksimum verimle kullan\u0131lmas\u0131 i\u00e7in MPPT cihazlar\u0131 kullan\u0131labilir.<\/p>\n<p>Birlikte Kullan\u0131lan Aksesuarlar: RM-5 \/ BT-1<\/p>\n<table width=\"217\">\n<tbody>\n<tr>\n<td width=\"120\">Boyut (mm)<\/td>\n<td width=\"98\">238x173x72.5<\/td>\n<\/tr>\n<tr>\n<td width=\"120\">A\u011f\u0131rl\u0131k (kg)<\/td>\n<td width=\"98\">2<\/td>\n<\/tr>\n<tr>\n<td width=\"120\">Sistem Voltaj\u0131<\/td>\n<td width=\"98\">12V \/ 24 V<\/td>\n<\/tr>\n<tr>\n<td width=\"120\">Nominal \u015earj Ak\u0131m\u0131<\/td>\n<td width=\"98\">30A<\/td>\n<\/tr>\n<tr>\n<td width=\"120\">Batarya Voltaj\u0131<\/td>\n<td width=\"98\">9V-35V<\/td>\n<\/tr>\n<tr>\n<td width=\"120\">Maksimum PV\u00a0\u00a0\u00a0\u00a0\u00a0\u00a0 DC Giri\u015fi<\/td>\n<td width=\"98\">100V DC<\/td>\n<\/tr>\n<tr>\n<td width=\"120\">Maksimum PV\u00a0\u00a0\u00a0\u00a0\u00a0 Giri\u015f G\u00fc\u00e7<\/td>\n<td width=\"98\">400W\/12V\u00a0\u00a0\u00a0\u00a0\u00a0\u00a0\u00a0\u00a0\u00a0\u00a0\u00a0\u00a0\u00a0\u00a0\u00a0\u00a0\u00a0\u00a0\u00a0\u00a0\u00a0\u00a0\u00a0\u00a0\u00a0\u00a0\u00a0\u00a0 800W\/24V<\/td>\n<\/tr>\n<\/tbody>\n<\/table>\n","protected":false},"excerpt":{"rendered":"<h2><img decoding=\"async\" class=\"alignnone wp-image-6814\" src=\"https:\/\/ermtech.com.tr\/magaza\/wp-content\/uploads\/sites\/2\/2023\/11\/logo.png\" alt=\"\" width=\"124\" height=\"61\" \/><\/h2>\n","protected":false},"featured_media":6978,"comment_status":"open","ping_status":"closed","template":"","meta":{"_acf_changed":false},"product_cat":[297],"product_tag":[],"class_list":{"0":"post-6981","1":"product","2":"type-product","3":"status-publish","4":"has-post-thumbnail","6":"product_cat-mppt-solar-sarj-cihazlari","8":"first","9":"instock","10":"taxable","11":"shipping-taxable","12":"purchasable","13":"product-type-simple"},"acf":[],"_links":{"self":[{"href":"https:\/\/ermtech.com.tr\/magaza\/wp-json\/wp\/v2\/product\/6981","targetHints":{"allow":["GET"]}}],"collection":[{"href":"https:\/\/ermtech.com.tr\/magaza\/wp-json\/wp\/v2\/product"}],"about":[{"href":"https:\/\/ermtech.com.tr\/magaza\/wp-json\/wp\/v2\/types\/product"}],"replies":[{"embeddable":true,"href":"https:\/\/ermtech.com.tr\/magaza\/wp-json\/wp\/v2\/comments?post=6981"}],"version-history":[{"count":1,"href":"https:\/\/ermtech.com.tr\/magaza\/wp-json\/wp\/v2\/product\/6981\/revisions"}],"predecessor-version":[{"id":7253,"href":"https:\/\/ermtech.com.tr\/magaza\/wp-json\/wp\/v2\/product\/6981\/revisions\/7253"}],"wp:featuredmedia":[{"embeddable":true,"href":"https:\/\/ermtech.com.tr\/magaza\/wp-json\/wp\/v2\/media\/6978"}],"wp:attachment":[{"href":"https:\/\/ermtech.com.tr\/magaza\/wp-json\/wp\/v2\/media?parent=6981"}],"wp:term":[{"taxonomy":"product_cat","embeddable":true,"href":"https:\/\/ermtech.com.tr\/magaza\/wp-json\/wp\/v2\/product_cat?post=6981"},{"taxonomy":"product_tag","embeddable":true,"href":"https:\/\/ermtech.com.tr\/magaza\/wp-json\/wp\/v2\/product_tag?post=6981"}],"curies":[{"name":"wp","href":"https:\/\/api.w.org\/{rel}","templated":true}]}}