{"id":6970,"date":"2023-11-15T12:34:50","date_gmt":"2023-11-15T09:34:50","guid":{"rendered":"https:\/\/ermtech.com.tr\/magaza\/?post_type=product&#038;p=6970"},"modified":"2025-03-21T15:25:15","modified_gmt":"2025-03-21T12:25:15","slug":"apex-220v-12v-20a-aku-sarj-cihazi","status":"publish","type":"product","link":"https:\/\/ermtech.com.tr\/magaza\/urun\/apex-220v-12v-20a-aku-sarj-cihazi","title":{"rendered":"Apex 220V-12V 20A Ak\u00fc \u015earj Cihaz\u0131"},"content":{"rendered":"<p>Apex AC-DC Ak\u00fc \u015earj Cihaz\u0131 \u00dcr\u00fcn \u00d6zellikleri<br \/>\nApex 12V AC-DC ak\u00fc \u015farj cihaz\u0131, genellikle elektrik prizlerine tak\u0131larak ev veya end\u00fcstriyel g\u00fc\u00e7 kaynaklar\u0131ndan (alternatif ak\u0131m &#8211; AC) do\u011frudan ak\u00fcler veya bataryalar (do\u011fru ak\u0131m &#8211; DC) \u015farj etmek i\u00e7in kullan\u0131l\u0131r. Bu cihazlar, farkl\u0131 voltaj ve ak\u0131m kapasitelerine sahip olabilir ve \u00e7e\u015fitli batarya tipleri i\u00e7in \u015farj edebilme yetene\u011fine sahip olabilirler. \u00dcr\u00fcn i\u00e7inde fi\u015fli power kablosuda bulunmaktad\u0131r. Apex AC-DC Ak\u00fc \u015earj Cihaz\u0131 Kullan\u0131m Alan\u0131 Ara\u00e7lar\u0131n ak\u00fclerini \u015farj etmek veya bak\u0131m\u0131n\u0131 yapmak i\u00e7in otomotiv sekt\u00f6r\u00fcnde kullan\u0131l\u0131r \u00f6zellikle VIP Dizayn ara\u00e7lar\u0131nda, Teknelerde, yat ve gemilerdeki bataryalar\u0131n \u015farj edilmesi ve bak\u0131m\u0131 i\u00e7in, G\u00fcne\u015f panellerinden elde edilen enerjiyi depolamak ve kullanmak i\u00e7in kullan\u0131lan bataryalar\u0131n \u015farj edilmesi i\u00e7in g\u00fcne\u015f enerjisi sistemlerinde kullan\u0131l\u0131r.<\/p>\n<p>&nbsp;<\/p>\n<p>Giri\u015f Voltaj\u0131:200-230 VAC<\/p>\n<p>DC \u00c7\u0131k\u0131\u015f Ak\u0131m\u0131:20A<\/p>\n<p>DC \u00c7\u0131k\u0131\u015f Voltaj\u0131:13.2-15.0 VDC<\/p>\n<p>Boyutlar\u0131 (mm):205x155x73<\/p>\n<p>A\u011f\u0131rl\u0131k (kg):1.2<\/p>\n","protected":false},"excerpt":{"rendered":"<p><img decoding=\"async\" class=\"alignnone size-full wp-image-6814\" src=\"https:\/\/ermtech.com.tr\/magaza\/wp-content\/uploads\/sites\/2\/2023\/11\/logo-e1699738599223.png\" alt=\"\" width=\"150\" height=\"74\" \/><\/p>\n","protected":false},"featured_media":6972,"comment_status":"open","ping_status":"closed","template":"","meta":{"_acf_changed":false},"product_cat":[285],"product_tag":[],"class_list":{"0":"post-6970","1":"product","2":"type-product","3":"status-publish","4":"has-post-thumbnail","6":"product_cat-aku-sarj-cihazlari-karavan-enerji-enerji","8":"first","9":"outofstock","10":"taxable","11":"shipping-taxable","12":"purchasable","13":"product-type-simple"},"acf":[],"_links":{"self":[{"href":"https:\/\/ermtech.com.tr\/magaza\/wp-json\/wp\/v2\/product\/6970","targetHints":{"allow":["GET"]}}],"collection":[{"href":"https:\/\/ermtech.com.tr\/magaza\/wp-json\/wp\/v2\/product"}],"about":[{"href":"https:\/\/ermtech.com.tr\/magaza\/wp-json\/wp\/v2\/types\/product"}],"replies":[{"embeddable":true,"href":"https:\/\/ermtech.com.tr\/magaza\/wp-json\/wp\/v2\/comments?post=6970"}],"version-history":[{"count":1,"href":"https:\/\/ermtech.com.tr\/magaza\/wp-json\/wp\/v2\/product\/6970\/revisions"}],"predecessor-version":[{"id":7181,"href":"https:\/\/ermtech.com.tr\/magaza\/wp-json\/wp\/v2\/product\/6970\/revisions\/7181"}],"wp:featuredmedia":[{"embeddable":true,"href":"https:\/\/ermtech.com.tr\/magaza\/wp-json\/wp\/v2\/media\/6972"}],"wp:attachment":[{"href":"https:\/\/ermtech.com.tr\/magaza\/wp-json\/wp\/v2\/media?parent=6970"}],"wp:term":[{"taxonomy":"product_cat","embeddable":true,"href":"https:\/\/ermtech.com.tr\/magaza\/wp-json\/wp\/v2\/product_cat?post=6970"},{"taxonomy":"product_tag","embeddable":true,"href":"https:\/\/ermtech.com.tr\/magaza\/wp-json\/wp\/v2\/product_tag?post=6970"}],"curies":[{"name":"wp","href":"https:\/\/api.w.org\/{rel}","templated":true}]}}