{"id":6919,"date":"2023-11-13T11:25:27","date_gmt":"2023-11-13T08:25:27","guid":{"rendered":"https:\/\/ermtech.com.tr\/magaza\/?post_type=product&#038;p=6919"},"modified":"2025-03-21T15:26:21","modified_gmt":"2025-03-21T12:26:21","slug":"electrozirve-10a-transfer-switch-220v-sebeke-ayirici","status":"publish","type":"product","link":"https:\/\/ermtech.com.tr\/magaza\/urun\/electrozirve-10a-transfer-switch-220v-sebeke-ayirici","title":{"rendered":"Electrozirve Transfer Switch 10A 220V \u015eebeke Ay\u0131r\u0131c\u0131"},"content":{"rendered":"<p>Transfer Switch \u00dcr\u00fcn \u00d6zellikleri<br \/>\nTransfer Switch elektriksel sistemlerde g\u00fc\u00e7 kaynaklar\u0131 aras\u0131nda ge\u00e7i\u015f yaparken, kesintisiz bir g\u00fc\u00e7 ak\u0131\u015f\u0131n\u0131 sa\u011flamak amac\u0131yla kullan\u0131l\u0131r. Bu cihazlar, elektrik kesintileri, g\u00fc\u00e7 dalgalanmalar\u0131 veya bir g\u00fc\u00e7 kayna\u011f\u0131n\u0131n devre d\u0131\u015f\u0131 kalmas\u0131 durumunda alternatif bir g\u00fc\u00e7 kayna\u011f\u0131na otomatik olarak ge\u00e7i\u015fi sa\u011flar.Bu t\u00fcr bir anahtarlama cihaz\u0131, \u00e7ift g\u00fc\u00e7 kayna\u011f\u0131na (genellikle iki farkl\u0131 enerji kayna\u011f\u0131na) ba\u011fl\u0131 olan sistemlerde kullan\u0131l\u0131r. \u00d6rne\u011fin, birincil enerji kayna\u011f\u0131 \u015febeke elektri\u011fi iken, yedek enerji kayna\u011f\u0131 inverter olabilir. E\u011fer birincil kaynakta bir sorun olu\u015fursa veya enerji kesintisi meydana gelirse, transfer switch, otomatik olarak ikincil (yedek) kayna\u011fa ge\u00e7i\u015fi sa\u011flar, b\u00f6ylece elektrik ak\u0131\u015f\u0131 kesintisiz bir \u015fekilde devam eder. Cihaz\u0131n i\u00e7inden ba\u011flant\u0131 ekipmanl\u0131 bulunmaktad\u0131r. Transfer Switch Kullan\u0131m Alan\u0131 Elektri\u011fin devaml\u0131l\u0131\u011f\u0131 ve kesintisiz enerji i\u00e7in kullan\u0131lan Transfer Switch karavanlarda, teknelerde, telekominasyon sistemlerinde, end\u00fcstriyel ve ticari tesislerde enerjiy\u0131 kesintisiz kullanmaya devam etmek i\u00e7in tercih edilir.<\/p>\n<table width=\"235\">\n<tbody>\n<tr>\n<td width=\"109\">Boyutlar\u0131 (mm)<\/td>\n<td width=\"126\">190x80x80<\/td>\n<\/tr>\n<tr>\n<td width=\"109\">A\u011f\u0131rl\u0131k (kg)<\/td>\n<td width=\"126\">0.65<\/td>\n<\/tr>\n<tr>\n<td width=\"109\">Giri\u015f Voltaj\u0131<\/td>\n<td width=\"126\">230 V<\/p>\n<p>&nbsp;<\/td>\n<\/tr>\n<tr>\n<td width=\"109\">\u00c7\u0131k\u0131\u015f Voltaj\u0131<\/td>\n<td width=\"126\">230V<\/p>\n<p>&nbsp;<\/td>\n<\/tr>\n<tr>\n<td width=\"109\">Sabit \u0130\u015flem S\u0131n\u0131r\u0131<\/td>\n<td width=\"126\">10A<\/td>\n<\/tr>\n<tr>\n<td width=\"109\">Maksimum \u00c7\u0131k\u0131\u015f G\u00fcc\u00fc<\/td>\n<td width=\"126\">2300W<\/td>\n<\/tr>\n<\/tbody>\n<\/table>\n","protected":false},"excerpt":{"rendered":"<p><img decoding=\"async\" class=\"alignnone size-full wp-image-6814\" src=\"https:\/\/ermtech.com.tr\/magaza\/wp-content\/uploads\/sites\/2\/2023\/11\/logo-e1699738599223.png\" alt=\"\" width=\"150\" height=\"74\" \/><\/p>\n","protected":false},"featured_media":6955,"comment_status":"open","ping_status":"closed","template":"","meta":{"_acf_changed":false},"product_cat":[287],"product_tag":[],"class_list":{"0":"post-6919","1":"product","2":"type-product","3":"status-publish","4":"has-post-thumbnail","6":"product_cat-220v-secici-cihaztransfer-switch-karavan-enerji-enerji","8":"first","9":"instock","10":"taxable","11":"shipping-taxable","12":"purchasable","13":"product-type-simple"},"acf":[],"_links":{"self":[{"href":"https:\/\/ermtech.com.tr\/magaza\/wp-json\/wp\/v2\/product\/6919","targetHints":{"allow":["GET"]}}],"collection":[{"href":"https:\/\/ermtech.com.tr\/magaza\/wp-json\/wp\/v2\/product"}],"about":[{"href":"https:\/\/ermtech.com.tr\/magaza\/wp-json\/wp\/v2\/types\/product"}],"replies":[{"embeddable":true,"href":"https:\/\/ermtech.com.tr\/magaza\/wp-json\/wp\/v2\/comments?post=6919"}],"version-history":[{"count":2,"href":"https:\/\/ermtech.com.tr\/magaza\/wp-json\/wp\/v2\/product\/6919\/revisions"}],"predecessor-version":[{"id":7255,"href":"https:\/\/ermtech.com.tr\/magaza\/wp-json\/wp\/v2\/product\/6919\/revisions\/7255"}],"wp:featuredmedia":[{"embeddable":true,"href":"https:\/\/ermtech.com.tr\/magaza\/wp-json\/wp\/v2\/media\/6955"}],"wp:attachment":[{"href":"https:\/\/ermtech.com.tr\/magaza\/wp-json\/wp\/v2\/media?parent=6919"}],"wp:term":[{"taxonomy":"product_cat","embeddable":true,"href":"https:\/\/ermtech.com.tr\/magaza\/wp-json\/wp\/v2\/product_cat?post=6919"},{"taxonomy":"product_tag","embeddable":true,"href":"https:\/\/ermtech.com.tr\/magaza\/wp-json\/wp\/v2\/product_tag?post=6919"}],"curies":[{"name":"wp","href":"https:\/\/api.w.org\/{rel}","templated":true}]}}