{"id":6522,"date":"2023-11-10T15:39:44","date_gmt":"2023-11-10T12:39:44","guid":{"rendered":"https:\/\/ermtech.com.tr\/magaza\/?post_type=product&#038;p=6522"},"modified":"2025-09-07T15:03:02","modified_gmt":"2025-09-07T12:03:02","slug":"apex-12v-24v-3000-watt-tam-sinus-inverter","status":"publish","type":"product","link":"https:\/\/ermtech.com.tr\/magaza\/urun\/apex-12v-24v-3000-watt-tam-sinus-inverter","title":{"rendered":"Apex 12V \/ 24V 3000 Watt Tam Sin\u00fcs Inverter"},"content":{"rendered":"<div id=\"tab-description\" class=\"tab-content\">\n<h2>A\u00e7\u0131klama<\/h2>\n<p>Apex 12V \/ 24V 3000 Watt Tam Sin\u00fcs \u0130nverter, g\u00fc\u00e7l\u00fc ve hassas elektronik cihazlar\u0131n\u0131z\u0131 g\u00fcvenli bir \u015fekilde \u00e7al\u0131\u015ft\u0131rmak i\u00e7in tasarlanm\u0131\u015f bir cihazd\u0131r. Ger\u00e7ek sin\u00fcs dalga \u00e7\u0131k\u0131\u015f\u0131 sayesinde, bilgisayarlar, TV\u2019ler, ses ekipmanlar\u0131 gibi hassas cihazlar\u0131n\u0131z\u0131n g\u00fc\u00e7 ihtiya\u00e7lar\u0131n\u0131 kar\u015f\u0131lar.<\/p>\n<p>Maksimum 3000 watt \u00e7\u0131k\u0131\u015f g\u00fcc\u00fcne sahip olan inverter, bu \u00f6zelli\u011fi sayesinde buzdolaplar\u0131, klima sistemleri, g\u00fc\u00e7 ara\u00e7lar\u0131 gibi b\u00fcy\u00fck cihazlar\u0131 da besleyebilir. 12V ve 24V DC giri\u015flere uyumlu olmas\u0131, farkl\u0131 batarya konfig\u00fcrasyonlar\u0131na uyum sa\u011flar.<\/p>\n<p>Ayr\u0131ca, inverter, a\u015f\u0131r\u0131 gerilim, d\u00fc\u015f\u00fck gerilim, a\u015f\u0131r\u0131 \u0131s\u0131nma gibi \u00e7e\u015fitli koruma \u00f6zellikleri ile donat\u0131lm\u0131\u015ft\u0131r. Bu \u00f6zellikler sayesinde, cihaz\u0131n\u0131z\u0131 g\u00fcvenli ve uzun \u00f6m\u00fcrl\u00fc bir \u015fekilde kullanabilirsiniz.<\/p>\n<ul class=\"detail-desc-list\">\n<li><strong>Apex 3000 Watt Tam Sin\u00fcs \u0130nverter Bu cihazla neler \u00e7al\u0131\u015f\u0131r ?<\/strong><\/li>\n<li>Anl\u0131k t\u00fcketim g\u00fcc\u00fc en fazla 3000 Watt olan televizyon, buzdolab\u0131, laptop, masa\u00fcst\u00fc bilgisayar, sinema sistemi, matkap, s\u00fcp\u00fcrge, kahve makinesi, \u00e7ay makinesi, \u00e7ama\u015f\u0131r makinesi, bula\u015f\u0131k makinesi, f\u0131r\u0131n, \u00fct\u00fc, sa\u00e7 kurutma makinesi gibi \u00fcr\u00fcnler \u00e7al\u0131\u015fabilir.<\/li>\n<li><strong>Dijital Ekranl\u0131 Usb \u00c7\u0131k\u0131\u015fl\u0131 Uzaktan Kumanda ( Opsiyonel)<\/strong><\/li>\n<li><strong>Kullan\u0131m Alanlar\u0131<\/strong><\/li>\n<li>Karavan, Tekne, Ba\u011f Evi, Vip Ara\u00e7lar<\/li>\n<li><\/li>\n<li><strong>Teknik \u00d6zellikler<\/strong><\/li>\n<li><\/li>\n<li>Anma g\u00fcc\u00fc : 3000 Watt<\/li>\n<li>Peak Zirve g\u00fcc\u00fc : 6000 Watt<\/li>\n<li>Giri\u015f Volta\u0131 : 220V AC<\/li>\n<li>Dalga Formu : Ger\u00e7ek Saf Sin\u00fcs Dalgas\u0131<\/li>\n<li>USB giri\u015fi : 5V 2.1A<\/li>\n<li>Voltaj aral\u0131\u011f\u0131 : 10.5 ile 15VDC<\/li>\n<li>LED G\u00f6stergesi : G\u00fc\u00e7 i\u00e7in ye\u015fil, hatal\u0131 durum i\u00e7in k\u0131rm\u0131z\u0131<\/li>\n<li>Yumu\u015fak Ba\u015flang\u0131\u00e7 : Evet, 3-5 saniye<\/li>\n<li>Boyutlar (LxWxH) : 340 x 152 x 97.5mm<\/li>\n<li>A\u011f\u0131rl\u0131k :4.9kg<\/li>\n<li>Kutu \u0130\u00e7eri\u011fi: \u0130nverter Kullan\u0131m Kitap\u00e7\u0131\u011f\u0131 Ak\u00fc Ba\u011flant\u0131 Kablolar\u0131<\/li>\n<\/ul>\n<\/div>\n","protected":false},"excerpt":{"rendered":"<p><img decoding=\"async\" class=\"alignnone wp-image-6814\" src=\"https:\/\/ermtech.com.tr\/magaza\/wp-content\/uploads\/sites\/2\/2023\/11\/logo.png\" alt=\"\" width=\"150\" height=\"74\" \/><\/p>\n","protected":false},"featured_media":6549,"comment_status":"open","ping_status":"closed","template":"","meta":{"_acf_changed":false},"product_cat":[315,314],"product_tag":[],"class_list":{"0":"post-6522","1":"product","2":"type-product","3":"status-publish","4":"has-post-thumbnail","6":"product_cat-inverterler-invertor","7":"product_cat-tam-sinus-inverterler","9":"first","10":"outofstock","11":"taxable","12":"shipping-taxable","13":"purchasable","14":"product-type-simple"},"acf":[],"_links":{"self":[{"href":"https:\/\/ermtech.com.tr\/magaza\/wp-json\/wp\/v2\/product\/6522","targetHints":{"allow":["GET"]}}],"collection":[{"href":"https:\/\/ermtech.com.tr\/magaza\/wp-json\/wp\/v2\/product"}],"about":[{"href":"https:\/\/ermtech.com.tr\/magaza\/wp-json\/wp\/v2\/types\/product"}],"replies":[{"embeddable":true,"href":"https:\/\/ermtech.com.tr\/magaza\/wp-json\/wp\/v2\/comments?post=6522"}],"version-history":[{"count":2,"href":"https:\/\/ermtech.com.tr\/magaza\/wp-json\/wp\/v2\/product\/6522\/revisions"}],"predecessor-version":[{"id":7204,"href":"https:\/\/ermtech.com.tr\/magaza\/wp-json\/wp\/v2\/product\/6522\/revisions\/7204"}],"wp:featuredmedia":[{"embeddable":true,"href":"https:\/\/ermtech.com.tr\/magaza\/wp-json\/wp\/v2\/media\/6549"}],"wp:attachment":[{"href":"https:\/\/ermtech.com.tr\/magaza\/wp-json\/wp\/v2\/media?parent=6522"}],"wp:term":[{"taxonomy":"product_cat","embeddable":true,"href":"https:\/\/ermtech.com.tr\/magaza\/wp-json\/wp\/v2\/product_cat?post=6522"},{"taxonomy":"product_tag","embeddable":true,"href":"https:\/\/ermtech.com.tr\/magaza\/wp-json\/wp\/v2\/product_tag?post=6522"}],"curies":[{"name":"wp","href":"https:\/\/api.w.org\/{rel}","templated":true}]}}