{"id":6520,"date":"2023-11-10T15:39:44","date_gmt":"2023-11-10T12:39:44","guid":{"rendered":"https:\/\/ermtech.com.tr\/magaza\/?post_type=product&#038;p=6520"},"modified":"2025-09-07T15:03:13","modified_gmt":"2025-09-07T12:03:13","slug":"apex-12v-24v-2000-watt-tam-sinus-inverter","status":"publish","type":"product","link":"https:\/\/ermtech.com.tr\/magaza\/urun\/apex-12v-24v-2000-watt-tam-sinus-inverter","title":{"rendered":"Apex 12V \/ 24V 2000 Watt Tam Sin\u00fcs Inverter"},"content":{"rendered":"<div id=\"tab-description\" class=\"tab-content\">\n<h2>A\u00e7\u0131klama<\/h2>\n<p>Apex 12V \/ 24V 2000 Watt Tam Sin\u00fcs Inverter, y\u00fcksek g\u00fc\u00e7 kapasitesi ve ta\u015f\u0131nabilirlik \u00f6zellikleriyle birlikte gelir. Bu inverter, 12V veya 24V giri\u015f voltaj\u0131 se\u00e7enekleriyle kullan\u0131labilir ve tam sin\u00fcs teknolojisi sayesinde y\u00fcksek verimli bir performans sunar.<\/p>\n<p>Bu inverter, ara\u00e7 i\u00e7i kullan\u0131m i\u00e7in idealdir ve off-grid ya\u015fam, kamp, karavan, tekne ve acil durumlar i\u00e7in m\u00fckemmel bir se\u00e7enektir. Y\u00fcksek g\u00fc\u00e7 \u00e7\u0131k\u0131\u015f\u0131 sayesinde elektrikli aletler, elektronik cihazlar, aletler, mutfak ekipmanlar\u0131, \u0131\u015f\u0131klar ve daha bir\u00e7ok cihaz\u0131 rahatl\u0131kla \u00e7al\u0131\u015ft\u0131rabilirsiniz.<\/p>\n<p>Tam sin\u00fcs \u00e7\u0131k\u0131\u015f\u0131 sayesinde cihazlar\u0131n\u0131za g\u00fcvenli ve istikrarl\u0131 bir g\u00fc\u00e7 sa\u011flar. Ayr\u0131ca, y\u00fcksek kaliteli bile\u015fenler kullan\u0131larak \u00fcretilmi\u015ftir ve a\u015f\u0131r\u0131 \u0131s\u0131nma, a\u015f\u0131r\u0131 voltaj, a\u015f\u0131r\u0131 ak\u0131m ve k\u0131sa devre gibi durumlara kar\u015f\u0131 koruma sa\u011flar. B\u00f6ylece, cihazlar\u0131n\u0131z\u0131n ve kendinizin g\u00fcvende oldu\u011fundan emin olabilirsiniz.<\/p>\n<h2>Anma g\u00fcc\u00fc : 2000 watt<\/h2>\n<div><\/div>\n<p>Dc giri\u015f : 24v<\/p>\n<div><\/div>\n<h2>Peak zirve g\u00fcc\u00fc : 4000 watt<\/h2>\n<div><\/div>\n<h2>Giri\u015f volta\u0131 : 220v ac<\/h2>\n<div><\/div>\n<h2>Dalga formu\u00a0 : Ger\u00e7ek saf sin\u00fcs dalgas\u0131<\/h2>\n<div><\/div>\n<h2>Usb giri\u015fi\u00a0 \u00a0: 5v 2.1a<\/h2>\n<div><\/div>\n<h2>Voltaj aral\u0131\u011f\u0131 : 21 ile 30vdc<\/h2>\n<div><\/div>\n<h2>Led g\u00f6stergesi : G\u00fc\u00e7 i\u00e7in ye\u015fil, hatal\u0131 durum i\u00e7in k\u0131rm\u0131z\u0131<\/h2>\n<div><\/div>\n<h2>Yumu\u015fak ba\u015flang\u0131\u00e7 : Evet, 3-5 saniye<\/h2>\n<div><\/div>\n<h2>Boyutlar (lxwxh)\u00a0 : 340 x 152 x 97.5mm<\/h2>\n<div><\/div>\n<h2>A\u011f\u0131rl\u0131k :4.2kg<\/h2>\n<div><\/div>\n<p>&nbsp;<\/p>\n<p>&nbsp;<\/p>\n<div><\/div>\n<p>Kutu i\u00e7eri\u011fi:<\/p>\n<div><\/div>\n<p>Inverter<\/p>\n<div><\/div>\n<p>Kullan\u0131m kitap\u00e7\u0131\u011f\u0131<\/p>\n<div><\/div>\n<p>Ak\u00fc ba\u011flant\u0131 kablolar\u0131<\/p>\n<\/div>\n","protected":false},"excerpt":{"rendered":"<p><img decoding=\"async\" class=\"alignnone wp-image-6814\" src=\"https:\/\/ermtech.com.tr\/magaza\/wp-content\/uploads\/sites\/2\/2023\/11\/logo.png\" alt=\"\" width=\"150\" height=\"74\" \/><\/p>\n","protected":false},"featured_media":6547,"comment_status":"open","ping_status":"closed","template":"","meta":{"_acf_changed":false},"product_cat":[315,314],"product_tag":[],"class_list":{"0":"post-6520","1":"product","2":"type-product","3":"status-publish","4":"has-post-thumbnail","6":"product_cat-inverterler-invertor","7":"product_cat-tam-sinus-inverterler","9":"first","10":"outofstock","11":"taxable","12":"shipping-taxable","13":"purchasable","14":"product-type-simple"},"acf":[],"_links":{"self":[{"href":"https:\/\/ermtech.com.tr\/magaza\/wp-json\/wp\/v2\/product\/6520","targetHints":{"allow":["GET"]}}],"collection":[{"href":"https:\/\/ermtech.com.tr\/magaza\/wp-json\/wp\/v2\/product"}],"about":[{"href":"https:\/\/ermtech.com.tr\/magaza\/wp-json\/wp\/v2\/types\/product"}],"replies":[{"embeddable":true,"href":"https:\/\/ermtech.com.tr\/magaza\/wp-json\/wp\/v2\/comments?post=6520"}],"version-history":[{"count":2,"href":"https:\/\/ermtech.com.tr\/magaza\/wp-json\/wp\/v2\/product\/6520\/revisions"}],"predecessor-version":[{"id":7257,"href":"https:\/\/ermtech.com.tr\/magaza\/wp-json\/wp\/v2\/product\/6520\/revisions\/7257"}],"wp:featuredmedia":[{"embeddable":true,"href":"https:\/\/ermtech.com.tr\/magaza\/wp-json\/wp\/v2\/media\/6547"}],"wp:attachment":[{"href":"https:\/\/ermtech.com.tr\/magaza\/wp-json\/wp\/v2\/media?parent=6520"}],"wp:term":[{"taxonomy":"product_cat","embeddable":true,"href":"https:\/\/ermtech.com.tr\/magaza\/wp-json\/wp\/v2\/product_cat?post=6520"},{"taxonomy":"product_tag","embeddable":true,"href":"https:\/\/ermtech.com.tr\/magaza\/wp-json\/wp\/v2\/product_tag?post=6520"}],"curies":[{"name":"wp","href":"https:\/\/api.w.org\/{rel}","templated":true}]}}