{"id":6516,"date":"2023-11-10T15:39:43","date_gmt":"2023-11-10T12:39:43","guid":{"rendered":"https:\/\/ermtech.com.tr\/magaza\/?post_type=product&#038;p=6516"},"modified":"2025-07-01T14:19:15","modified_gmt":"2025-07-01T11:19:15","slug":"apex-12v-24v-1000-watt-tam-sinus-inverter","status":"publish","type":"product","link":"https:\/\/ermtech.com.tr\/magaza\/urun\/apex-12v-24v-1000-watt-tam-sinus-inverter","title":{"rendered":"Apex 12V \/ 24V 1000 Watt Tam Sin\u00fcs Inverter"},"content":{"rendered":"<p>Apex FS Tam Sin\u00fcs \u0130nverter \u00dcr\u00fcn \u00d6zellikleri Tam sin\u00fcs dalgal\u0131 invert\u00f6rler elektronik cihazlara daha stabil g\u00fc\u00e7 sa\u011flayarak elektrikli cihazlar\u0131n\u0131z\u0131 korur ve uzun \u00f6m\u00fcrl\u00fc olmas\u0131n\u0131 sa\u011flar. \u00dcr\u00fcnde ak\u00fc ba\u011flant\u0131 kablolar\u0131 mevcuttur. 12V\/24 V elektri\u011fi 220 V \u015febeke elektri\u011fine d\u00f6n\u00fc\u015ft\u00fcr\u00fcr. D\u00fc\u015f\u00fck g\u00fc\u00e7 t\u00fcketimi ve y\u00fcksek verimlilikle \u00e7al\u0131\u015f\u0131r. \u00dcr\u00fcn i\u00e7indeki dahili fan invert\u00f6r\u00fcn d\u00fc\u015f\u00fck \u0131s\u0131da g\u00fcvenle \u00e7al\u0131\u015fmas\u0131n\u0131 sa\u011flar. G\u00fcr\u00fclt\u00fcs\u00fcz bir \u015fekilde \u00e7al\u0131\u015f\u0131r. Apex FS Tam Sin\u00fcs \u0130nverter Kullan\u0131m Alan\u0131 Elektrik sistemlerinde do\u011fru ak\u0131m\u0131 (DC) alternatif ak\u0131ma (AC) \u00e7evirmek amac\u0131yla kullan\u0131l\u0131r.<br \/>\nApex inverter karavanlar, tekneler, ba\u011f evleri ve VIP dizayn ara\u00e7lar\u0131ndaki gibi \u015febekeden ba\u011f\u0131ms\u0131z g\u00fc\u00e7 ihtiyac\u0131n\u0131n oldu\u011fu alanlarda yayg\u0131n kullan\u0131ma sahiptir. Bu ortamlarda telefon sarj\u0131, PC sarj\u0131, ayd\u0131nlatma gibi 220V AC ile \u00e7al\u0131\u015fan cihazlar\u0131 kullanmaya imkan tan\u0131r.<\/p>\n<p>Birlikte Kullan\u0131lan Aksesuarlar: CD-80 \/ CRD-80 \/ CRW-80 \/ CRW-88<\/p>\n<table width=\"268\">\n<tbody>\n<tr>\n<td width=\"124\">Boyut (mm)<\/td>\n<td width=\"144\">313.5&#215;173.6&#215;103.1<\/td>\n<\/tr>\n<tr>\n<td width=\"124\">A\u011f\u0131rl\u0131k (kg)<\/td>\n<td width=\"144\">2.9<\/td>\n<\/tr>\n<tr>\n<td width=\"124\">G\u00fc\u00e7 (W)<\/td>\n<td width=\"144\">1000 W<\/td>\n<\/tr>\n<tr>\n<td width=\"124\">Zirve (Peak) g\u00fc\u00e7 (W)<\/td>\n<td width=\"144\">2000 W (3 sn)<\/td>\n<\/tr>\n<tr>\n<td width=\"124\">Giri\u015f Voltaj\u0131 (V)<\/td>\n<td width=\"144\">12\/24 VDC<\/td>\n<\/tr>\n<tr>\n<td width=\"124\">\u00c7\u0131k\u0131\u015f Voltaj\u0131 (V)<\/td>\n<td width=\"144\">220 VAC<\/td>\n<\/tr>\n<tr>\n<td rowspan=\"2\" width=\"124\">Voltaj Aral\u0131\u011f\u0131 (V)<\/td>\n<td width=\"144\">12VDC-&gt; 10.5-15.0 VDC<\/td>\n<\/tr>\n<tr>\n<td width=\"144\">24VDC-&gt; 21-30 VDC<\/td>\n<\/tr>\n<tr>\n<td width=\"124\">Dalga Formu<\/td>\n<td width=\"144\">Tam sin\u00fcs Dalga<\/td>\n<\/tr>\n<tr>\n<td width=\"124\">USB Giri\u015f<\/td>\n<td width=\"144\">5V 2.1A<\/td>\n<\/tr>\n<\/tbody>\n<\/table>\n","protected":false},"excerpt":{"rendered":"<p><img decoding=\"async\" class=\"alignnone wp-image-6814\" src=\"https:\/\/ermtech.com.tr\/magaza\/wp-content\/uploads\/sites\/2\/2023\/11\/logo.png\" alt=\"\" width=\"150\" height=\"74\" \/><\/p>\n","protected":false},"featured_media":6532,"comment_status":"open","ping_status":"closed","template":"","meta":{"_acf_changed":false},"product_cat":[315,314],"product_tag":[],"class_list":{"0":"post-6516","1":"product","2":"type-product","3":"status-publish","4":"has-post-thumbnail","6":"product_cat-inverterler-invertor","7":"product_cat-tam-sinus-inverterler","9":"first","10":"instock","11":"taxable","12":"shipping-taxable","13":"purchasable","14":"product-type-simple"},"acf":[],"_links":{"self":[{"href":"https:\/\/ermtech.com.tr\/magaza\/wp-json\/wp\/v2\/product\/6516","targetHints":{"allow":["GET"]}}],"collection":[{"href":"https:\/\/ermtech.com.tr\/magaza\/wp-json\/wp\/v2\/product"}],"about":[{"href":"https:\/\/ermtech.com.tr\/magaza\/wp-json\/wp\/v2\/types\/product"}],"replies":[{"embeddable":true,"href":"https:\/\/ermtech.com.tr\/magaza\/wp-json\/wp\/v2\/comments?post=6516"}],"version-history":[{"count":2,"href":"https:\/\/ermtech.com.tr\/magaza\/wp-json\/wp\/v2\/product\/6516\/revisions"}],"predecessor-version":[{"id":7205,"href":"https:\/\/ermtech.com.tr\/magaza\/wp-json\/wp\/v2\/product\/6516\/revisions\/7205"}],"wp:featuredmedia":[{"embeddable":true,"href":"https:\/\/ermtech.com.tr\/magaza\/wp-json\/wp\/v2\/media\/6532"}],"wp:attachment":[{"href":"https:\/\/ermtech.com.tr\/magaza\/wp-json\/wp\/v2\/media?parent=6516"}],"wp:term":[{"taxonomy":"product_cat","embeddable":true,"href":"https:\/\/ermtech.com.tr\/magaza\/wp-json\/wp\/v2\/product_cat?post=6516"},{"taxonomy":"product_tag","embeddable":true,"href":"https:\/\/ermtech.com.tr\/magaza\/wp-json\/wp\/v2\/product_tag?post=6516"}],"curies":[{"name":"wp","href":"https:\/\/api.w.org\/{rel}","templated":true}]}}