{"id":6449,"date":"2023-11-10T15:38:29","date_gmt":"2023-11-10T12:38:29","guid":{"rendered":"https:\/\/ermtech.com.tr\/magaza\/?post_type=product&#038;p=6449"},"modified":"2025-09-30T09:55:35","modified_gmt":"2025-09-30T06:55:35","slug":"apex-12v-150-amper-deep-cycle-jel-aku","status":"publish","type":"product","link":"https:\/\/ermtech.com.tr\/magaza\/urun\/apex-12v-150-amper-deep-cycle-jel-aku","title":{"rendered":"Apex 12v 150 Amper Deep Cycle Jel Ak\u00fc"},"content":{"rendered":"<div id=\"tab-description\" class=\"tab-content\">\n<h2>A\u00e7\u0131klama<\/h2>\n<div id=\"ctl00_ContentPlaceHolder1_ProductControl1_MainControl1_TabControl1_ProductDescription1_CustomContentBottom\">\n<p>Apex 12v 150 Amper Deep Cycle Jel Ak\u00fc, y\u00fcksek kaliteli bir g\u00fc\u00e7 kayna\u011f\u0131d\u0131r ve derin d\u00f6ng\u00fc kullan\u0131ma \u00f6zel olarak tasarlanm\u0131\u015ft\u0131r. Bu ak\u00fc, bir\u00e7ok farkl\u0131 uygulama i\u00e7in idealdir ve y\u00fcksek performansl\u0131 bir g\u00fc\u00e7 sa\u011flar.<\/p>\n<p>Derin d\u00f6ng\u00fc \u00f6zelli\u011fi sayesinde, bu ak\u00fc s\u00fcrekli \u015farj ve de\u015farj i\u015flemlerine dayan\u0131kl\u0131d\u0131r ve uzun \u00f6m\u00fcrl\u00fcd\u00fcr. Bu da onu, \u00f6zellikle tekne, tar\u0131m sulama, karavan, kamyon, tar\u0131m makineleri ve di\u011fer profesyonel kullan\u0131mlar i\u00e7in ideal bir se\u00e7enek yapar.<\/p>\n<p>Apex 12v 150 Amper Deep Cycle Jel Ak\u00fc, \u00e7evresel etkilere kar\u015f\u0131 dayan\u0131kl\u0131d\u0131r ve d\u00fc\u015f\u00fck bak\u0131m gerektirir. Ayr\u0131ca, yenilik\u00e7i tasar\u0131m\u0131 sayesinde enerji tasarrufu sa\u011flar ve daha az enerji harcar.<\/p>\n<p>G\u00fcvenilirli\u011fi ve y\u00fcksek performans\u0131yla, Apex 12v 150 Amper Deep Cycle Jel Ak\u00fc, ara\u00e7lar\u0131n performans\u0131n\u0131 ve g\u00fcvenli\u011fini artt\u0131r\u0131r. \u0130leri teknoloji malzemeler ve tasar\u0131mla \u00fcretilmi\u015f olan bu ak\u00fc, y\u00fcksek kalite standartlar\u0131n\u0131 kar\u015f\u0131lar ve m\u00fc\u015fterilerine uzun s\u00fcreli g\u00fcvenilir bir g\u00fc\u00e7 kayna\u011f\u0131 sunar.<\/p>\n<\/div>\n<table>\n<tbody>\n<tr>\n<td class=\"no-border\">\n<table>\n<tbody>\n<tr>\n<td>\n<div class=\"tealium\">\n<div id=\"ccs-inline-content\" class=\"cnet-integration\"><\/div>\n<\/div>\n<\/td>\n<\/tr>\n<\/tbody>\n<\/table>\n<table>\n<tbody>\n<tr>\n<td>\n<div id=\"productTechSpecContainer\">\n<p>45Kg<\/p>\n<table class=\"data-list tech-spec\">\n<tbody>\n<tr>\n<th><span style=\"font-weight: 400;\">Ak\u0131m (A)<\/span><\/th>\n<td>150 Ah<\/td>\n<\/tr>\n<tr>\n<th><span style=\"font-weight: 400;\">Boy<\/span><\/th>\n<td>\u00a049 cm<\/td>\n<\/tr>\n<tr>\n<th><span style=\"font-weight: 400;\">En<\/span><\/th>\n<td>25 cm<\/td>\n<\/tr>\n<tr>\n<th><span style=\"font-weight: 400;\">Voltaj (V)<\/span><\/th>\n<td>12 V<\/td>\n<\/tr>\n<tr>\n<th><span style=\"font-weight: 400;\">Y\u00fckseklik<\/span><\/th>\n<td>17 cm<\/td>\n<\/tr>\n<\/tbody>\n<\/table>\n<\/div>\n<\/td>\n<\/tr>\n<\/tbody>\n<\/table>\n<\/td>\n<\/tr>\n<\/tbody>\n<\/table>\n<\/div>\n","protected":false},"excerpt":{"rendered":"<p><img decoding=\"async\" class=\"alignnone wp-image-6814\" src=\"https:\/\/ermtech.com.tr\/magaza\/wp-content\/uploads\/sites\/2\/2023\/11\/logo.png\" alt=\"\" width=\"150\" height=\"74\" \/><\/p>\n","protected":false},"featured_media":6465,"comment_status":"open","ping_status":"closed","template":"","meta":{"_acf_changed":false},"product_cat":[320,294],"product_tag":[],"class_list":{"0":"post-6449","1":"product","2":"type-product","3":"status-publish","4":"has-post-thumbnail","6":"product_cat-akuler","7":"product_cat-jel-aku-solar-akuler-enerji","9":"first","10":"outofstock","11":"taxable","12":"shipping-taxable","13":"purchasable","14":"product-type-simple"},"acf":[],"_links":{"self":[{"href":"https:\/\/ermtech.com.tr\/magaza\/wp-json\/wp\/v2\/product\/6449","targetHints":{"allow":["GET"]}}],"collection":[{"href":"https:\/\/ermtech.com.tr\/magaza\/wp-json\/wp\/v2\/product"}],"about":[{"href":"https:\/\/ermtech.com.tr\/magaza\/wp-json\/wp\/v2\/types\/product"}],"replies":[{"embeddable":true,"href":"https:\/\/ermtech.com.tr\/magaza\/wp-json\/wp\/v2\/comments?post=6449"}],"version-history":[{"count":1,"href":"https:\/\/ermtech.com.tr\/magaza\/wp-json\/wp\/v2\/product\/6449\/revisions"}],"predecessor-version":[{"id":7206,"href":"https:\/\/ermtech.com.tr\/magaza\/wp-json\/wp\/v2\/product\/6449\/revisions\/7206"}],"wp:featuredmedia":[{"embeddable":true,"href":"https:\/\/ermtech.com.tr\/magaza\/wp-json\/wp\/v2\/media\/6465"}],"wp:attachment":[{"href":"https:\/\/ermtech.com.tr\/magaza\/wp-json\/wp\/v2\/media?parent=6449"}],"wp:term":[{"taxonomy":"product_cat","embeddable":true,"href":"https:\/\/ermtech.com.tr\/magaza\/wp-json\/wp\/v2\/product_cat?post=6449"},{"taxonomy":"product_tag","embeddable":true,"href":"https:\/\/ermtech.com.tr\/magaza\/wp-json\/wp\/v2\/product_tag?post=6449"}],"curies":[{"name":"wp","href":"https:\/\/api.w.org\/{rel}","templated":true}]}}