{"id":6419,"date":"2023-11-10T15:27:48","date_gmt":"2023-11-10T12:27:48","guid":{"rendered":"https:\/\/ermtech.com.tr\/magaza\/?post_type=product&#038;p=6419"},"modified":"2025-07-01T14:18:03","modified_gmt":"2025-07-01T11:18:03","slug":"apex-12v-100-amper-deep-cycle-jel-aku","status":"publish","type":"product","link":"https:\/\/ermtech.com.tr\/magaza\/urun\/apex-12v-100-amper-deep-cycle-jel-aku","title":{"rendered":"Apex 12v 100 Amper Deep Cycle Jel Ak\u00fc"},"content":{"rendered":"<div id=\"tab-description\" class=\"tab-content\">\n<h2>A\u00e7\u0131klama<\/h2>\n<div id=\"ctl00_ContentPlaceHolder1_ProductControl1_MainControl1_TabControl1_ProductDescription1_CustomContentBottom\">\n<p>Apex 12v 100 Amper Deep Cycle Jel Ak\u00fc, y\u00fcksek performansl\u0131 bir g\u00fc\u00e7 kayna\u011f\u0131d\u0131r ve \u00f6zellikle derin d\u00f6ng\u00fc kullan\u0131m\u0131 i\u00e7in tasarlanm\u0131\u015ft\u0131r. Bu ak\u00fc, y\u00fcksek kapasitesi ile uzun s\u00fcreli g\u00fc\u00e7 sa\u011flar ve \u00e7evresel etkilere kar\u015f\u0131 dayan\u0131kl\u0131d\u0131r.<\/p>\n<p>Derin d\u00f6ng\u00fc \u00f6zelli\u011fi sayesinde, Apex 12v 100 Amper Deep Cycle Jel Ak\u00fc, s\u00fcrekli \u015farj ve de\u015farj i\u015flemlerine dayan\u0131kl\u0131d\u0131r ve uzun \u00f6m\u00fcrl\u00fcd\u00fcr. Bu da onu, \u00f6zellikle tekne, Tar\u0131msal sulama, Karavan, kamyon, tar\u0131m makineleri ve di\u011fer profesyonel kullan\u0131mlar i\u00e7in ideal bir se\u00e7enek yapar.<\/p>\n<p>Apex 12v 100 Amper Deep Cycle Jel Ak\u00fc, yenilik\u00e7i tasar\u0131m\u0131 sayesinde enerji tasarrufu sa\u011flar ve daha az enerji harcar. Ayr\u0131ca, d\u00fc\u015f\u00fck bak\u0131m gerektirir ve \u00e7evresel etkilere kar\u015f\u0131 dayan\u0131kl\u0131d\u0131r. Bu \u00f6zellikleriyle, ara\u00e7lar\u0131n performans\u0131n\u0131 ve g\u00fcvenli\u011fini artt\u0131r\u0131r.<\/p>\n<p>Apex 12v 100 Amper Deep Cycle Jel Ak\u00fc, y\u00fcksek kaliteli malzemeler ve son teknoloji tasar\u0131m\u0131 ile \u00fcretilmi\u015ftir. Bu ak\u00fc, y\u00fcksek kalite standartlar\u0131n\u0131 kar\u015f\u0131lar ve m\u00fc\u015fterilerine uzun s\u00fcreli, g\u00fcvenilir bir g\u00fc\u00e7 kayna\u011f\u0131 sa\u011flar. Hem profesyonel hem de ki\u015fisel kullan\u0131mlar i\u00e7in ideal olan bu ak\u00fc, y\u00fcksek performans\u0131 ve dayan\u0131kl\u0131l\u0131\u011f\u0131 ile \u00f6ne \u00e7\u0131kar.<\/p>\n<\/div>\n<table>\n<tbody>\n<tr>\n<td class=\"no-border\">\n<table>\n<tbody>\n<tr>\n<td>\n<div class=\"tealium\">\n<div id=\"ccs-inline-content\" class=\"cnet-integration\"><\/div>\n<\/div>\n<\/td>\n<\/tr>\n<\/tbody>\n<\/table>\n<table>\n<tbody>\n<tr>\n<td>\n<div id=\"productTechSpecContainer\">\n<table class=\"data-list tech-spec\">\n<tbody>\n<tr>\n<th>Ak\u0131m (A)<\/th>\n<td>100 Ah<\/td>\n<\/tr>\n<tr>\n<th>Boy<\/th>\n<td>196 mm<\/td>\n<\/tr>\n<tr>\n<th>En<\/th>\n<td>100 mm<\/td>\n<\/tr>\n<tr>\n<th>Voltaj (V)<\/th>\n<td>12 V<\/td>\n<\/tr>\n<tr>\n<th>Y\u00fckseklik<\/th>\n<td>101 mm<\/td>\n<\/tr>\n<\/tbody>\n<\/table>\n<\/div>\n<\/td>\n<\/tr>\n<\/tbody>\n<\/table>\n<\/td>\n<\/tr>\n<\/tbody>\n<\/table>\n<\/div>\n","protected":false},"excerpt":{"rendered":"<p><img decoding=\"async\" class=\"alignnone wp-image-6814\" src=\"https:\/\/ermtech.com.tr\/magaza\/wp-content\/uploads\/sites\/2\/2023\/11\/logo.png\" alt=\"\" width=\"150\" height=\"74\" \/><\/p>\n","protected":false},"featured_media":6462,"comment_status":"open","ping_status":"closed","template":"","meta":{"_acf_changed":false},"product_cat":[320,294],"product_tag":[],"class_list":{"0":"post-6419","1":"product","2":"type-product","3":"status-publish","4":"has-post-thumbnail","6":"product_cat-akuler","7":"product_cat-jel-aku-solar-akuler-enerji","9":"first","10":"instock","11":"taxable","12":"shipping-taxable","13":"purchasable","14":"product-type-simple"},"acf":[],"_links":{"self":[{"href":"https:\/\/ermtech.com.tr\/magaza\/wp-json\/wp\/v2\/product\/6419","targetHints":{"allow":["GET"]}}],"collection":[{"href":"https:\/\/ermtech.com.tr\/magaza\/wp-json\/wp\/v2\/product"}],"about":[{"href":"https:\/\/ermtech.com.tr\/magaza\/wp-json\/wp\/v2\/types\/product"}],"replies":[{"embeddable":true,"href":"https:\/\/ermtech.com.tr\/magaza\/wp-json\/wp\/v2\/comments?post=6419"}],"version-history":[{"count":1,"href":"https:\/\/ermtech.com.tr\/magaza\/wp-json\/wp\/v2\/product\/6419\/revisions"}],"predecessor-version":[{"id":7262,"href":"https:\/\/ermtech.com.tr\/magaza\/wp-json\/wp\/v2\/product\/6419\/revisions\/7262"}],"wp:featuredmedia":[{"embeddable":true,"href":"https:\/\/ermtech.com.tr\/magaza\/wp-json\/wp\/v2\/media\/6462"}],"wp:attachment":[{"href":"https:\/\/ermtech.com.tr\/magaza\/wp-json\/wp\/v2\/media?parent=6419"}],"wp:term":[{"taxonomy":"product_cat","embeddable":true,"href":"https:\/\/ermtech.com.tr\/magaza\/wp-json\/wp\/v2\/product_cat?post=6419"},{"taxonomy":"product_tag","embeddable":true,"href":"https:\/\/ermtech.com.tr\/magaza\/wp-json\/wp\/v2\/product_tag?post=6419"}],"curies":[{"name":"wp","href":"https:\/\/api.w.org\/{rel}","templated":true}]}}