{"id":6393,"date":"2023-11-10T15:27:07","date_gmt":"2023-11-10T12:27:07","guid":{"rendered":"https:\/\/ermtech.com.tr\/magaza\/?post_type=product&#038;p=6393"},"modified":"2025-03-21T16:01:07","modified_gmt":"2025-03-21T13:01:07","slug":"apex-50-w-monokristal-gunes-paneli","status":"publish","type":"product","link":"https:\/\/ermtech.com.tr\/magaza\/urun\/apex-50-w-monokristal-gunes-paneli","title":{"rendered":"Apex 50 W Monokristal G\u00fcne\u015f Paneli"},"content":{"rendered":"<div id=\"tab-description\" class=\"tab-content\">\n<h2>A\u00e7\u0131klama<\/h2>\n<p>Elektriksel \u00d6zellikler A\u011f\u0131rl\u0131k 3,32<\/p>\n<p>Ba\u011flant\u0131 Kutusu Ip65,<\/p>\n<p>3 Diyot \u00c7al\u0131\u015fma S\u0131cakl\u0131\u011f\u0131 Aral\u0131\u011f\u0131 -40oc ~ +85oc<\/p>\n<p>\u00c7\u0131k\u0131\u015f G\u00fcc\u00fc Tolerans\u0131 \u00b1%5<\/p>\n<p>\u00c7\u0131k\u0131\u015f Kablosu Kesiti 4 Mm2<\/p>\n<p>H\u00fccre Say\u0131s\u0131 36<\/p>\n<p>Konnekt\u00f6r Mc4 Veya Mc4<\/p>\n<p>Uyumlu Maksimum G\u00fc\u00e7 (Pmax) 50w<\/p>\n<p>\u00d6n Taraf (Cam) 3,2 Mm D\u00fc\u015f\u00fck Demir Oranl\u0131,<\/p>\n<p>Temperli Anti-R\u00f6fle<\/p>\n<p>Cam H\u00fccre Tipi Mono<\/p>\n<p>A\u00e7\u0131k Devre Voltaj\u0131 (Voc) 24,05<\/p>\n<p>Maksimum G\u00fc\u00e7 Voltaj\u0131 (Vmp) 20,6v<\/p>\n<p>K\u0131sa Devre Ak\u0131m\u0131 (Isc) 2,57a<\/p>\n<p>Maksimum G\u00fc\u00e7 Ak\u0131m\u0131 (Imp) 2,43a<\/p>\n<p>\u00d6l\u00e7\u00fcler 424*674*25<\/p>\n<\/div>\n","protected":false},"excerpt":{"rendered":"<p><img decoding=\"async\" class=\"alignnone size-full wp-image-6814\" src=\"https:\/\/ermtech.com.tr\/magaza\/wp-content\/uploads\/sites\/2\/2023\/11\/logo-e1699738599223.png\" alt=\"\" width=\"150\" height=\"74\" \/><\/p>\n","protected":false},"featured_media":6435,"comment_status":"open","ping_status":"closed","template":"","meta":{"_acf_changed":false},"product_cat":[270,302],"product_tag":[],"class_list":{"0":"post-6393","1":"product","2":"type-product","3":"status-publish","4":"has-post-thumbnail","6":"product_cat-gunes-panelleri","7":"product_cat-monokristal-gunes-paneli","9":"first","10":"outofstock","11":"taxable","12":"shipping-taxable","13":"purchasable","14":"product-type-simple"},"acf":[],"_links":{"self":[{"href":"https:\/\/ermtech.com.tr\/magaza\/wp-json\/wp\/v2\/product\/6393","targetHints":{"allow":["GET"]}}],"collection":[{"href":"https:\/\/ermtech.com.tr\/magaza\/wp-json\/wp\/v2\/product"}],"about":[{"href":"https:\/\/ermtech.com.tr\/magaza\/wp-json\/wp\/v2\/types\/product"}],"replies":[{"embeddable":true,"href":"https:\/\/ermtech.com.tr\/magaza\/wp-json\/wp\/v2\/comments?post=6393"}],"version-history":[{"count":1,"href":"https:\/\/ermtech.com.tr\/magaza\/wp-json\/wp\/v2\/product\/6393\/revisions"}],"predecessor-version":[{"id":8011,"href":"https:\/\/ermtech.com.tr\/magaza\/wp-json\/wp\/v2\/product\/6393\/revisions\/8011"}],"wp:featuredmedia":[{"embeddable":true,"href":"https:\/\/ermtech.com.tr\/magaza\/wp-json\/wp\/v2\/media\/6435"}],"wp:attachment":[{"href":"https:\/\/ermtech.com.tr\/magaza\/wp-json\/wp\/v2\/media?parent=6393"}],"wp:term":[{"taxonomy":"product_cat","embeddable":true,"href":"https:\/\/ermtech.com.tr\/magaza\/wp-json\/wp\/v2\/product_cat?post=6393"},{"taxonomy":"product_tag","embeddable":true,"href":"https:\/\/ermtech.com.tr\/magaza\/wp-json\/wp\/v2\/product_tag?post=6393"}],"curies":[{"name":"wp","href":"https:\/\/api.w.org\/{rel}","templated":true}]}}