{"id":6392,"date":"2023-11-10T15:27:07","date_gmt":"2023-11-10T12:27:07","guid":{"rendered":"https:\/\/ermtech.com.tr\/magaza\/?post_type=product&#038;p=6392"},"modified":"2025-07-01T12:31:14","modified_gmt":"2025-07-01T09:31:14","slug":"apex-450-w-monokristal-half-cut-gunes-paneli","status":"publish","type":"product","link":"https:\/\/ermtech.com.tr\/magaza\/urun\/apex-450-w-monokristal-half-cut-gunes-paneli","title":{"rendered":"Apex 455 W Monokristal Half-Cut G\u00fcne\u015f Paneli"},"content":{"rendered":"<div id=\"tab-description\" class=\"tab-content\">\n<p>455 Watt Half Cut Monokristal \u00d6zellikleri<br \/>\n\u00dcr\u00fcn Tan\u0131m\u0131<\/p>\n<p>HALF CUT 455W MONOKRISTAL<br \/>\n\u00dcr\u00fcn Kodu: Apx450-450M<br \/>\nMarka:Apex<br \/>\nSertifikalar: CE, IEC<\/p>\n<p>Elektriksel \u00d6zellikler<\/p>\n<p>G\u00fc\u00e7:450W<br \/>\nH\u00fccre Say\u0131s\u0131 : 144<br \/>\nA\u00e7\u0131k Devre Voltaj\u0131 (Voc):50,40V<br \/>\nMaks. Voltaj (Vmp):42V<br \/>\nK\u0131sa Devre Ak\u0131m\u0131 (Isc):11,43A<br \/>\nMaks. Ak\u0131m (Imp):10,83A<br \/>\nMaks. Sistem Voltaj\u0131:1500V<\/p>\n<p>Mekanik \u00d6zellikler<\/p>\n<p>Mod\u00fcl \u00d6l\u00e7\u00fcleri (mm):103*209*4 cm<br \/>\nA\u011f\u0131rl\u0131k:24kg<br \/>\nStandart Test Ko\u015fullar\u0131: Am=1.5 E=1000W\/m2 Tc=25\u2103<\/p>\n<p>Half Cut G\u00fcne\u015f Paneli Nedir?<br \/>\nHalf Cut G\u00fcne\u015f Paneli Nedir? HalfCut Solar Panel, zay\u0131f \u0131\u015f\u0131k ko\u015fullar\u0131nda dahi g\u00fcne\u015f paneli h\u00fccrelerinden maksimum enerji elde edilmesini sa\u011flayan solar enerji teknolojisidir. Half Cut solar paneller normal standart g\u00fcne\u015f paneli h\u00fccresi ikiye kesilmesi sonucu elde edilir.<\/p>\n<p><img fetchpriority=\"high\" decoding=\"async\" class=\"alignnone size-full wp-image-6855\" src=\"https:\/\/ermtech.com.tr\/magaza\/wp-content\/uploads\/sites\/2\/2023\/11\/half-cut-solar-panels.png\" alt=\"\" width=\"1000\" height=\"616\" srcset=\"https:\/\/ermtech.com.tr\/magaza\/wp-content\/uploads\/sites\/2\/2023\/11\/half-cut-solar-panels.png 1000w, https:\/\/ermtech.com.tr\/magaza\/wp-content\/uploads\/sites\/2\/2023\/11\/half-cut-solar-panels-300x185.png 300w, https:\/\/ermtech.com.tr\/magaza\/wp-content\/uploads\/sites\/2\/2023\/11\/half-cut-solar-panels-768x473.png 768w, https:\/\/ermtech.com.tr\/magaza\/wp-content\/uploads\/sites\/2\/2023\/11\/half-cut-solar-panels-600x370.png 600w\" sizes=\"(max-width: 1000px) 100vw, 1000px\" \/><\/p>\n<p><strong>HALF CUT SOLAR PANEL \u00d6ZELL\u0130KLER\u0130<\/strong><br \/>\nHalf Cut G\u00fcne\u015f Panelleri \u00f6zelliklerini \u015fu \u015fekilde s\u0131ralayabiliriz.<\/p>\n<p>Half Cut G\u00fcne\u015f Paneli di\u011fer enerji panelleri ile k\u0131yasland\u0131\u011f\u0131nda Az \u0131\u015f\u0131k ko\u015fullar\u0131nda dahi y\u00fcksek performans sunar<br \/>\nHalf Cut G\u00fcne\u015f Paneli, g\u00f6lgeleme etkilerinden di\u011fer panellere nazaran daha az etkilenir.<br \/>\nHalf Cut G\u00fcne\u015f Paneli Daha y\u00fcksek g\u00fc\u00e7 \u00e7\u0131k\u0131\u015f\u0131 sa\u011flar<br \/>\nHalf Cut G\u00fcne\u015f Paneli \u00e7al\u0131\u015fma s\u0131cakl\u0131k de\u011ferleri y\u00fcksektir. Bu nedenle S\u0131cak b\u00f6lgelerde dahi y\u00fcksek verim ile enerji \u00fcretmeye devam eder.<\/p>\n<\/div>\n","protected":false},"excerpt":{"rendered":"<p><img decoding=\"async\" class=\"alignnone size-full wp-image-6814\" src=\"https:\/\/ermtech.com.tr\/magaza\/wp-content\/uploads\/sites\/2\/2023\/11\/logo-e1699738599223.png\" alt=\"\" width=\"150\" height=\"74\" \/><\/p>\n","protected":false},"featured_media":6434,"comment_status":"open","ping_status":"closed","template":"","meta":{"_acf_changed":false},"product_cat":[270,302],"product_tag":[],"class_list":{"0":"post-6392","1":"product","2":"type-product","3":"status-publish","4":"has-post-thumbnail","6":"product_cat-gunes-panelleri","7":"product_cat-monokristal-gunes-paneli","9":"first","10":"instock","11":"taxable","12":"shipping-taxable","13":"purchasable","14":"product-type-simple"},"acf":[],"_links":{"self":[{"href":"https:\/\/ermtech.com.tr\/magaza\/wp-json\/wp\/v2\/product\/6392","targetHints":{"allow":["GET"]}}],"collection":[{"href":"https:\/\/ermtech.com.tr\/magaza\/wp-json\/wp\/v2\/product"}],"about":[{"href":"https:\/\/ermtech.com.tr\/magaza\/wp-json\/wp\/v2\/types\/product"}],"replies":[{"embeddable":true,"href":"https:\/\/ermtech.com.tr\/magaza\/wp-json\/wp\/v2\/comments?post=6392"}],"version-history":[{"count":3,"href":"https:\/\/ermtech.com.tr\/magaza\/wp-json\/wp\/v2\/product\/6392\/revisions"}],"predecessor-version":[{"id":7265,"href":"https:\/\/ermtech.com.tr\/magaza\/wp-json\/wp\/v2\/product\/6392\/revisions\/7265"}],"wp:featuredmedia":[{"embeddable":true,"href":"https:\/\/ermtech.com.tr\/magaza\/wp-json\/wp\/v2\/media\/6434"}],"wp:attachment":[{"href":"https:\/\/ermtech.com.tr\/magaza\/wp-json\/wp\/v2\/media?parent=6392"}],"wp:term":[{"taxonomy":"product_cat","embeddable":true,"href":"https:\/\/ermtech.com.tr\/magaza\/wp-json\/wp\/v2\/product_cat?post=6392"},{"taxonomy":"product_tag","embeddable":true,"href":"https:\/\/ermtech.com.tr\/magaza\/wp-json\/wp\/v2\/product_tag?post=6392"}],"curies":[{"name":"wp","href":"https:\/\/api.w.org\/{rel}","templated":true}]}}