{"id":6390,"date":"2023-11-10T15:27:07","date_gmt":"2023-11-10T12:27:07","guid":{"rendered":"https:\/\/ermtech.com.tr\/magaza\/?post_type=product&#038;p=6390"},"modified":"2025-03-21T15:58:27","modified_gmt":"2025-03-21T12:58:27","slug":"apex-340-w-monokristal-gunes-paneli","status":"publish","type":"product","link":"https:\/\/ermtech.com.tr\/magaza\/urun\/apex-340-w-monokristal-gunes-paneli","title":{"rendered":"Apex 340 W Monokristal G\u00fcne\u015f Paneli"},"content":{"rendered":"<p>340W Monokristal G\u00fcne\u015f Paneli \u00dcr\u00fcn \u00d6zellikleri<br \/>\nG\u00fcne\u015f paneli, fotovoltaik h\u00fccreler \u00fczerinden g\u00fcne\u015f \u0131\u015f\u0131\u011f\u0131n\u0131 elektri\u011fe d\u00f6n\u00fc\u015ft\u00fcren bir cihazd\u0131r. PV h\u00fccreleri, \u0131\u015f\u0131\u011fa maruz kald\u0131klar\u0131nda devre boyunca akarak \u00e7e\u015fitli cihazlar\u0131 \u00e7al\u0131\u015ft\u0131rmak veya pillerde saklanmak \u00fczere do\u011fru ak\u0131m elektrik \u00fcretir. Monokristal g\u00fcne\u015f panelleri genellikle y\u00fcksek verimlili\u011fe sahiptir. Yani, g\u00fcne\u015f \u0131\u015f\u0131\u011f\u0131n\u0131 elektri\u011fe d\u00f6n\u00fc\u015ft\u00fcrme oran\u0131 di\u011fer tip panellere g\u00f6re daha y\u00fcksektir. Bu, s\u0131n\u0131rl\u0131 bir alan \u00fczerinde daha fazla enerji \u00fcretebilmeleri anlam\u0131na gelir.<\/p>\n<p>340W Monokristal G\u00fcne\u015f Paneli Kullan\u0131m Alan\u0131 G\u00fcne\u015f panelleri, g\u00fcne\u015f enerjisinden enerji elde edilmek istenen her yerde kullan\u0131labilir. Sanayi ve \u00fcretim tesislerinde, elektrik \u00fcretme ama\u00e7l\u0131 ev ve ofislerde, karavan ve teknelerde elektrik enerjisi elde etme gibi g\u00fcne\u015f \u0131\u015f\u0131nlar\u0131n\u0131n oldu\u011fu her yerde kullan\u0131lmaktad\u0131r.<\/p>\n<p><img fetchpriority=\"high\" decoding=\"async\" class=\"alignnone size-full wp-image-6998\" src=\"https:\/\/ermtech.com.tr\/magaza\/wp-content\/uploads\/sites\/2\/2023\/11\/Resim1.jpg\" alt=\"\" width=\"302\" height=\"335\" srcset=\"https:\/\/ermtech.com.tr\/magaza\/wp-content\/uploads\/sites\/2\/2023\/11\/Resim1.jpg 302w, https:\/\/ermtech.com.tr\/magaza\/wp-content\/uploads\/sites\/2\/2023\/11\/Resim1-270x300.jpg 270w\" sizes=\"(max-width: 302px) 100vw, 302px\" \/><\/p>\n","protected":false},"excerpt":{"rendered":"<p><img decoding=\"async\" class=\"alignnone wp-image-6814\" src=\"https:\/\/ermtech.com.tr\/magaza\/wp-content\/uploads\/sites\/2\/2023\/11\/logo.png\" alt=\"\" width=\"150\" height=\"74\" \/><\/p>\n","protected":false},"featured_media":6432,"comment_status":"open","ping_status":"closed","template":"","meta":{"_acf_changed":false},"product_cat":[270,302],"product_tag":[],"class_list":{"0":"post-6390","1":"product","2":"type-product","3":"status-publish","4":"has-post-thumbnail","6":"product_cat-gunes-panelleri","7":"product_cat-monokristal-gunes-paneli","9":"first","10":"instock","11":"taxable","12":"shipping-taxable","13":"purchasable","14":"product-type-simple"},"acf":[],"_links":{"self":[{"href":"https:\/\/ermtech.com.tr\/magaza\/wp-json\/wp\/v2\/product\/6390","targetHints":{"allow":["GET"]}}],"collection":[{"href":"https:\/\/ermtech.com.tr\/magaza\/wp-json\/wp\/v2\/product"}],"about":[{"href":"https:\/\/ermtech.com.tr\/magaza\/wp-json\/wp\/v2\/types\/product"}],"replies":[{"embeddable":true,"href":"https:\/\/ermtech.com.tr\/magaza\/wp-json\/wp\/v2\/comments?post=6390"}],"version-history":[{"count":2,"href":"https:\/\/ermtech.com.tr\/magaza\/wp-json\/wp\/v2\/product\/6390\/revisions"}],"predecessor-version":[{"id":7207,"href":"https:\/\/ermtech.com.tr\/magaza\/wp-json\/wp\/v2\/product\/6390\/revisions\/7207"}],"wp:featuredmedia":[{"embeddable":true,"href":"https:\/\/ermtech.com.tr\/magaza\/wp-json\/wp\/v2\/media\/6432"}],"wp:attachment":[{"href":"https:\/\/ermtech.com.tr\/magaza\/wp-json\/wp\/v2\/media?parent=6390"}],"wp:term":[{"taxonomy":"product_cat","embeddable":true,"href":"https:\/\/ermtech.com.tr\/magaza\/wp-json\/wp\/v2\/product_cat?post=6390"},{"taxonomy":"product_tag","embeddable":true,"href":"https:\/\/ermtech.com.tr\/magaza\/wp-json\/wp\/v2\/product_tag?post=6390"}],"curies":[{"name":"wp","href":"https:\/\/api.w.org\/{rel}","templated":true}]}}