{"id":6388,"date":"2023-11-10T15:27:06","date_gmt":"2023-11-10T12:27:06","guid":{"rendered":"https:\/\/ermtech.com.tr\/magaza\/?post_type=product&#038;p=6388"},"modified":"2025-03-21T16:04:55","modified_gmt":"2025-03-21T13:04:55","slug":"apex-285-watt-gunes-paneli-polikristal","status":"publish","type":"product","link":"https:\/\/ermtech.com.tr\/magaza\/urun\/apex-285-watt-gunes-paneli-polikristal","title":{"rendered":"Apex 285 Watt G\u00fcne\u015f Paneli Polikristal"},"content":{"rendered":"<div id=\"tab-description\" class=\"tab-content\">\n<h2>A\u00e7\u0131klama<\/h2>\n<p>285 Watt Polikristal G\u00fcne\u015f Paneli Made \u0130n Turkey<\/p>\n<p><strong>G\u00fcne\u015f Paneli Nedir ?<\/strong><\/p>\n<p>Fotonlar Solar H\u00fccrelere \u00c7arpt\u0131\u011f\u0131nda, Elektronlar\u0131 Hareketlendirerek Atomlar\u0131ndan Ayr\u0131lmas\u0131na Neden Olur. E\u011fer \u0130letkenler G\u00fcne\u015f Enerjisi H\u00fccrelerinin Art\u0131 Ve Eksi Taraflar\u0131na Ba\u011flan\u0131rsa Bir Elektrik Devresi Olu\u015fur Ve Elektronlar B\u00f6yle Bir Devreden Akarsa Elektrik \u00dcretilir. \u00c7ok Say\u0131da Solar H\u00fccre Bir Araya Gelerek Solar Paneli, \u00c7ok Say\u0131da Solar Panel Bir Araya Gelerek Solar Enerji Sistemini Olu\u015fturur. Bir G\u00fcne\u015f Enerjisi Sisteminde Ne Kadar \u00c7ok G\u00fcne\u015f Enerjisi Mod\u00fcl\u00fc Varsa Sistemin Kurulu G\u00fcc\u00fc De O Kadar B\u00fcy\u00fck Olur.<\/p>\n<p>G\u00fcne\u015f Panellerinin \u00d6m\u00fcr Beklentileri Yakla\u015f\u0131k 20-25 Y\u0131l Olarak \u00d6ng\u00f6r\u00fclmektedir.<\/p>\n<p>2 \u00c7e\u015fit G\u00fcne\u015f Paneli Vard\u0131r, Polikristal Ve Monokristal.<\/p>\n<p>Polikristal G\u00fcne\u015f Panelleri \u00d6zetle, Yaz \u015eartlar\u0131nda Kullan\u0131ma Uygundur.<\/p>\n<p>Monokristal G\u00fcne\u015f Panelleri \u0130se Bulutlu Havalarda Polikristal Panellere G\u00f6re Daha \u0130yi Verim Verir.<\/p>\n<p><strong>Hangi Paneli Tercih Etmeliyim ?<\/strong><\/p>\n<p>E\u011fer S\u00fcrekli G\u00fcne\u015f G\u00f6ren Bir B\u00f6lgede \u0130seniz \u00d6rne\u011fin; Akdeniz Veya Do\u011fu Anadolu B\u00f6lgesinde Polikristal G\u00fcne\u015f Paneli Kullanman\u0131z Daha Uygundur.<\/p>\n<p>Karadeniz B\u00f6lgesinde Ve K\u0131\u015f\u0131n A\u011f\u0131rl\u0131kl\u0131 Olarak Kullanacaksan\u0131z Monokristal G\u00fcne\u015f Paneli Kullanman\u0131z Daha Uygundur.<\/p>\n<p>\u00dcretim<\/p>\n<p>Bu Panelin Maksimum \u00dcretebilece\u011fi G\u00fc\u00e7 280 Watt\u2019T\u0131r. Havan\u0131n Bulutlu Veya A\u00e7\u0131k Olmas\u0131na G\u00f6re De\u011fi\u015fiklik G\u00f6sterebilir.<\/p>\n<p><strong>\u00d6zellikler<\/strong><\/p>\n<p>280w G\u00fcne\u015f Paneli<\/p>\n<p>Uzun \u00c7al\u0131\u015fma \u00d6mr\u00fc<\/p>\n<p>Korozyon Ve Uv I\u015f\u0131nlar\u0131na Kar\u015f\u0131 Korumal\u0131<\/p>\n<p>Panel G\u00fc\u00e7 Tolerans\u0131 +-%3<\/p>\n<p>Sertifikal\u0131<\/p>\n<p>Teknik \u00d6zellikler<\/p>\n<p>\u00c7\u0131k\u0131\u015f G\u00fcc\u00fc (W) 280w<\/p>\n<p>Vmp (V) 30.5<\/p>\n<p>Imp (A) 9.02<\/p>\n<p>Voc (V) 37.1<\/p>\n<p>Isc (A) 9.43<\/p>\n<p>Boyut (Mm) 1640x990x35<\/p>\n<p>A\u011f\u0131rl\u0131k (Kg) 19<\/p>\n<p>H\u00fccre Say\u0131s\u0131 60<\/p>\n<p>Sertifikalar Ce, Iec<\/p>\n<p>Tescilli Marka Apex<\/p>\n<p>Maksimum Sistem Voltaj\u0131 1000v<\/p>\n<\/div>\n","protected":false},"excerpt":{"rendered":"<p>A\u00e7\u0131klama 285 Watt Polikristal G\u00fcne\u015f Paneli Made \u0130n Turkey G\u00fcne\u015f Paneli Nedir ? Fotonlar Solar H\u00fccrelere \u00c7arpt\u0131\u011f\u0131nda, Elektronlar\u0131 Hareketlendirerek Atomlar\u0131ndan Ayr\u0131lmas\u0131na Neden Olur. E\u011fer \u0130letkenler G\u00fcne\u015f Enerjisi H\u00fccrelerinin Art\u0131 Ve<\/p>\n","protected":false},"featured_media":6430,"comment_status":"open","ping_status":"closed","template":"","meta":{"_acf_changed":false},"product_cat":[303],"product_tag":[],"class_list":{"0":"post-6388","1":"product","2":"type-product","3":"status-publish","4":"has-post-thumbnail","6":"product_cat-polikristal-gunes-paneli","8":"first","9":"outofstock","10":"taxable","11":"shipping-taxable","12":"purchasable","13":"product-type-simple"},"acf":[],"_links":{"self":[{"href":"https:\/\/ermtech.com.tr\/magaza\/wp-json\/wp\/v2\/product\/6388","targetHints":{"allow":["GET"]}}],"collection":[{"href":"https:\/\/ermtech.com.tr\/magaza\/wp-json\/wp\/v2\/product"}],"about":[{"href":"https:\/\/ermtech.com.tr\/magaza\/wp-json\/wp\/v2\/types\/product"}],"replies":[{"embeddable":true,"href":"https:\/\/ermtech.com.tr\/magaza\/wp-json\/wp\/v2\/comments?post=6388"}],"version-history":[{"count":1,"href":"https:\/\/ermtech.com.tr\/magaza\/wp-json\/wp\/v2\/product\/6388\/revisions"}],"predecessor-version":[{"id":8012,"href":"https:\/\/ermtech.com.tr\/magaza\/wp-json\/wp\/v2\/product\/6388\/revisions\/8012"}],"wp:featuredmedia":[{"embeddable":true,"href":"https:\/\/ermtech.com.tr\/magaza\/wp-json\/wp\/v2\/media\/6430"}],"wp:attachment":[{"href":"https:\/\/ermtech.com.tr\/magaza\/wp-json\/wp\/v2\/media?parent=6388"}],"wp:term":[{"taxonomy":"product_cat","embeddable":true,"href":"https:\/\/ermtech.com.tr\/magaza\/wp-json\/wp\/v2\/product_cat?post=6388"},{"taxonomy":"product_tag","embeddable":true,"href":"https:\/\/ermtech.com.tr\/magaza\/wp-json\/wp\/v2\/product_tag?post=6388"}],"curies":[{"name":"wp","href":"https:\/\/api.w.org\/{rel}","templated":true}]}}