{"id":6387,"date":"2023-11-10T15:27:06","date_gmt":"2023-11-10T12:27:06","guid":{"rendered":"https:\/\/ermtech.com.tr\/magaza\/?post_type=product&#038;p=6387"},"modified":"2025-07-01T12:24:02","modified_gmt":"2025-07-01T09:24:02","slug":"apex-230w-half-cut-monokristal-gunes-paneli-full-black","status":"publish","type":"product","link":"https:\/\/ermtech.com.tr\/magaza\/urun\/apex-230w-half-cut-monokristal-gunes-paneli-full-black","title":{"rendered":"Apex 230W Half-cut Monokristal G\u00fcne\u015f Paneli (Full Black)"},"content":{"rendered":"<p>230W Half-Cut Monokristal Full Black G\u00fcne\u015f Paneli \u00dcr\u00fcn \u00d6zellikleri<br \/>\nG\u00fcne\u015f paneli, fotovoltaik h\u00fccreler \u00fczerinden g\u00fcne\u015f \u0131\u015f\u0131\u011f\u0131n\u0131 elektri\u011fe d\u00f6n\u00fc\u015ft\u00fcren bir cihazd\u0131r. PV h\u00fccreleri, \u0131\u015f\u0131\u011fa maruz kald\u0131klar\u0131nda devre boyunca akarak \u00e7e\u015fitli cihazlar\u0131 \u00e7al\u0131\u015ft\u0131rmak veya pillerde saklanmak \u00fczere do\u011fru ak\u0131m elektrik \u00fcretir. Half-cut paneller, genellikle y\u00fcksek verimlilik, g\u00f6lge tolerans\u0131 ve daha iyi performanslara sahiptirler. 230W Half-Cut Monokristal Full Black G\u00fcne\u015f Paneli Kullan\u0131m Alan\u0131 G\u00fcne\u015f panelleri, g\u00fcne\u015f enerjisinden enerji elde edilmek istenen her yerde kullan\u0131labilir. Sanayi ve \u00fcretim tesislerinde, elektrik \u00fcretme ama\u00e7l\u0131 ev ve ofislerde, karavan ve teknelerde elektrik enerjisi elde etme gibi g\u00fcne\u015f \u0131\u015f\u0131nlar\u0131n\u0131n oldu\u011fu her yerde kullan\u0131lmaktad\u0131r.<\/p>\n<p><img fetchpriority=\"high\" decoding=\"async\" class=\"alignnone size-full wp-image-7000\" src=\"https:\/\/ermtech.com.tr\/magaza\/wp-content\/uploads\/sites\/2\/2023\/11\/Resim2.jpg\" alt=\"\" width=\"313\" height=\"309\" srcset=\"https:\/\/ermtech.com.tr\/magaza\/wp-content\/uploads\/sites\/2\/2023\/11\/Resim2.jpg 313w, https:\/\/ermtech.com.tr\/magaza\/wp-content\/uploads\/sites\/2\/2023\/11\/Resim2-300x296.jpg 300w, https:\/\/ermtech.com.tr\/magaza\/wp-content\/uploads\/sites\/2\/2023\/11\/Resim2-60x60.jpg 60w, https:\/\/ermtech.com.tr\/magaza\/wp-content\/uploads\/sites\/2\/2023\/11\/Resim2-100x100.jpg 100w\" sizes=\"(max-width: 313px) 100vw, 313px\" \/><\/p>\n","protected":false},"excerpt":{"rendered":"<p><img decoding=\"async\" class=\"alignnone size-full wp-image-6814\" src=\"https:\/\/ermtech.com.tr\/magaza\/wp-content\/uploads\/sites\/2\/2023\/11\/logo-e1699738599223.png\" alt=\"\" width=\"150\" height=\"74\" \/><\/p>\n","protected":false},"featured_media":6429,"comment_status":"open","ping_status":"closed","template":"","meta":{"_acf_changed":false},"product_cat":[270,302],"product_tag":[],"class_list":{"0":"post-6387","1":"product","2":"type-product","3":"status-publish","4":"has-post-thumbnail","6":"product_cat-gunes-panelleri","7":"product_cat-monokristal-gunes-paneli","9":"first","10":"instock","11":"taxable","12":"shipping-taxable","13":"purchasable","14":"product-type-simple"},"acf":[],"_links":{"self":[{"href":"https:\/\/ermtech.com.tr\/magaza\/wp-json\/wp\/v2\/product\/6387","targetHints":{"allow":["GET"]}}],"collection":[{"href":"https:\/\/ermtech.com.tr\/magaza\/wp-json\/wp\/v2\/product"}],"about":[{"href":"https:\/\/ermtech.com.tr\/magaza\/wp-json\/wp\/v2\/types\/product"}],"replies":[{"embeddable":true,"href":"https:\/\/ermtech.com.tr\/magaza\/wp-json\/wp\/v2\/comments?post=6387"}],"version-history":[{"count":2,"href":"https:\/\/ermtech.com.tr\/magaza\/wp-json\/wp\/v2\/product\/6387\/revisions"}],"predecessor-version":[{"id":7267,"href":"https:\/\/ermtech.com.tr\/magaza\/wp-json\/wp\/v2\/product\/6387\/revisions\/7267"}],"wp:featuredmedia":[{"embeddable":true,"href":"https:\/\/ermtech.com.tr\/magaza\/wp-json\/wp\/v2\/media\/6429"}],"wp:attachment":[{"href":"https:\/\/ermtech.com.tr\/magaza\/wp-json\/wp\/v2\/media?parent=6387"}],"wp:term":[{"taxonomy":"product_cat","embeddable":true,"href":"https:\/\/ermtech.com.tr\/magaza\/wp-json\/wp\/v2\/product_cat?post=6387"},{"taxonomy":"product_tag","embeddable":true,"href":"https:\/\/ermtech.com.tr\/magaza\/wp-json\/wp\/v2\/product_tag?post=6387"}],"curies":[{"name":"wp","href":"https:\/\/api.w.org\/{rel}","templated":true}]}}