{"id":6355,"date":"2023-11-08T21:53:03","date_gmt":"2023-11-08T18:53:03","guid":{"rendered":"https:\/\/ermtech.com.tr\/magaza\/?post_type=product&#038;p=6355"},"modified":"2025-03-21T16:09:52","modified_gmt":"2025-03-21T13:09:52","slug":"cbe-mp2usb-5v-1a-2-1a-cift-usb-sarj-soketi-kapakli-12v-giris","status":"publish","type":"product","link":"https:\/\/ermtech.com.tr\/magaza\/urun\/cbe-mp2usb-5v-1a-2-1a-cift-usb-sarj-soketi-kapakli-12v-giris","title":{"rendered":"CBE MP2USB 5V \/ 1A + 2.1A \u00c7ift Usb \u015earj Soketi  Kapakl\u0131 (12V Giri\u015f)"},"content":{"rendered":"<div id=\"Jpills-two-example1\" class=\"tab-pane fade active show\" role=\"tabpanel\" aria-labelledby=\"Jpills-two-example1-tab\">\n<p><span style=\"color: f28b00; font-family: helvetica; font-weight: bold; font-size: 18px; letter-spacing: -0.3px;\">CBE MP2USB 5V \/ 1A + 2.1A \u00c7ift Usb \u015earj Soketi Kapakl\u0131 (12V Giri\u015f)<\/span><\/p>\n<p><span style=\"color: f28b00; font-family: helvetica; ;font-size: 14px; letter-spacing: -0.3px;\"> Stok kodu: CBE270652<\/span><\/p>\n<hr \/>\n<p>Stok Kodu : 4300098<\/p>\n<p>CBE 12v \u0130kiz USB soket soketi\u00a0karavan\u0131n\u0131zda kullan\u0131m i\u00e7in idealdir.\u00a0Bu CBE Twin 12v USB soketi ile a\u00e7\u0131k hava e\u011flence maceralar\u0131n\u0131z s\u0131ras\u0131nda elektrikli cihazlar\u0131n\u0131z\u0131n sorunsuz \u00e7al\u0131\u015ft\u0131\u011f\u0131ndan emin olun.<\/p>\n<p>\u015eARTNAME<\/p>\n<ul>\n<li>\u00c7ift USB \u00e7\u0131k\u0131\u015f\u0131 5V<\/li>\n<li>\u00dcst soket maksimum 1 Amp Alt soket Maks 2,1 Amp<\/li>\n<li>Giri\u015f 12V<\/li>\n<li>CBE &amp; C-line \u00e7er\u00e7eveler vb. ile uyumlu<\/li>\n<\/ul>\n<p>\u00d6ZELL\u0130KLER\u0130<\/p>\n<ul>\n<li>Donan\u0131m\u0131 tamamlamak i\u00e7in tek y\u00f6nl\u00fc, iki y\u00f6nl\u00fc veya \u00fc\u00e7 y\u00f6nl\u00fc \u00e7er\u00e7eve gerektirir<\/li>\n<li>koyu gri renkli<\/li>\n<\/ul>\n<p><iframe src=\"https:\/\/www.youtube.com\/embed\/0WcwaDZldcQ?autohide=1&amp;controls=1&amp;showinfo=0\" frameborder=\"0\"><\/iframe><\/p>\n<\/div>\n","protected":false},"excerpt":{"rendered":"<p>CBE MP2USB 5V \/ 1A + 2.1A \u00c7ift Usb \u015earj Soketi Kapakl\u0131 (12V Giri\u015f) Stok kodu: CBE270652 Stok Kodu : 4300098 CBE 12v \u0130kiz USB soket soketi\u00a0karavan\u0131n\u0131zda kullan\u0131m i\u00e7in idealdir.\u00a0Bu<\/p>\n","protected":false},"featured_media":5840,"comment_status":"open","ping_status":"closed","template":"","meta":{"_acf_changed":false},"product_cat":[275],"product_tag":[],"class_list":{"0":"post-6355","1":"product","2":"type-product","3":"status-publish","4":"has-post-thumbnail","6":"product_cat-karavan-priz-ve-anahtar-grubu","8":"first","9":"outofstock","10":"taxable","11":"shipping-taxable","12":"purchasable","13":"product-type-simple"},"acf":[],"_links":{"self":[{"href":"https:\/\/ermtech.com.tr\/magaza\/wp-json\/wp\/v2\/product\/6355","targetHints":{"allow":["GET"]}}],"collection":[{"href":"https:\/\/ermtech.com.tr\/magaza\/wp-json\/wp\/v2\/product"}],"about":[{"href":"https:\/\/ermtech.com.tr\/magaza\/wp-json\/wp\/v2\/types\/product"}],"replies":[{"embeddable":true,"href":"https:\/\/ermtech.com.tr\/magaza\/wp-json\/wp\/v2\/comments?post=6355"}],"version-history":[{"count":1,"href":"https:\/\/ermtech.com.tr\/magaza\/wp-json\/wp\/v2\/product\/6355\/revisions"}],"predecessor-version":[{"id":8013,"href":"https:\/\/ermtech.com.tr\/magaza\/wp-json\/wp\/v2\/product\/6355\/revisions\/8013"}],"wp:featuredmedia":[{"embeddable":true,"href":"https:\/\/ermtech.com.tr\/magaza\/wp-json\/wp\/v2\/media\/5840"}],"wp:attachment":[{"href":"https:\/\/ermtech.com.tr\/magaza\/wp-json\/wp\/v2\/media?parent=6355"}],"wp:term":[{"taxonomy":"product_cat","embeddable":true,"href":"https:\/\/ermtech.com.tr\/magaza\/wp-json\/wp\/v2\/product_cat?post=6355"},{"taxonomy":"product_tag","embeddable":true,"href":"https:\/\/ermtech.com.tr\/magaza\/wp-json\/wp\/v2\/product_tag?post=6355"}],"curies":[{"name":"wp","href":"https:\/\/api.w.org\/{rel}","templated":true}]}}