{"id":6354,"date":"2023-11-08T21:53:03","date_gmt":"2023-11-08T18:53:03","guid":{"rendered":"https:\/\/ermtech.com.tr\/magaza\/?post_type=product&#038;p=6354"},"modified":"2025-03-21T16:10:11","modified_gmt":"2025-03-21T13:10:11","slug":"cbe-mp22d-230v-priz-soket-kapakli-ve-arka-koruma-kutusu","status":"publish","type":"product","link":"https:\/\/ermtech.com.tr\/magaza\/urun\/cbe-mp22d-230v-priz-soket-kapakli-ve-arka-koruma-kutusu","title":{"rendered":"CBE MP22D 230V Priz Soket Kapakl\u0131 Ve Arka Koruma Kutusu"},"content":{"rendered":"<div id=\"Jpills-two-example1\" class=\"tab-pane fade active show\" role=\"tabpanel\" aria-labelledby=\"Jpills-two-example1-tab\">\n<p><span style=\"color: f28b00; font-family: helvetica; font-weight: bold; font-size: 18px; letter-spacing: -0.3px;\">CBE MP22D 230V Priz Soket Kapakl\u0131 Ve Arka Koruma Kutusu<\/span><\/p>\n<p><span style=\"color: f28b00; font-family: helvetica; ;font-size: 14px; letter-spacing: -0.3px;\"> Stok kodu: CBE270362<\/span><\/p>\n<p><strong>230V priz<\/strong><\/p>\n<p>koruma kutusu ile birlikte g\u00fcvenlik alveolleri ile<\/p>\n<table border=\"1\">\n<tbody>\n<tr>\n<td><b>\u015eABLON<\/b><\/td>\n<td><b>RENK<\/b><\/td>\n<td><b>KABARCIK<\/b><\/td>\n<td><b>KUTU (*)<\/b><\/td>\n<\/tr>\n<tr>\n<td>BMP22D \/ GR<\/td>\n<td>Antrasit gri RAL7021<\/td>\n<td>235362<\/td>\n<td>275362<\/td>\n<\/tr>\n<tr>\n<td>BMP22D \/ MA<\/td>\n<td>Kahverengi RAL8017<\/td>\n<td>235366<\/td>\n<td>275366<\/td>\n<\/tr>\n<tr>\n<td>BMP22D \/ BI<\/td>\n<td>Parlak beyaz RAL9010<\/td>\n<td>235360<\/td>\n<td>275360<\/td>\n<\/tr>\n<\/tbody>\n<\/table>\n<p><iframe src=\"https:\/\/www.youtube.com\/embed\/0WcwaDZldcQ?autohide=1&amp;controls=1&amp;showinfo=0\" frameborder=\"0\"><\/iframe><\/p>\n<\/div>\n","protected":false},"excerpt":{"rendered":"<p>CBE MP22D 230V Priz Soket Kapakl\u0131 Ve Arka Koruma Kutusu Stok kodu: CBE270362 230V priz koruma kutusu ile birlikte g\u00fcvenlik alveolleri ile \u015eABLON RENK KABARCIK KUTU (*) BMP22D \/ GR<\/p>\n","protected":false},"featured_media":5839,"comment_status":"open","ping_status":"closed","template":"","meta":{"_acf_changed":false},"product_cat":[275],"product_tag":[],"class_list":{"0":"post-6354","1":"product","2":"type-product","3":"status-publish","4":"has-post-thumbnail","6":"product_cat-karavan-priz-ve-anahtar-grubu","8":"first","9":"outofstock","10":"taxable","11":"shipping-taxable","12":"purchasable","13":"product-type-simple"},"acf":[],"_links":{"self":[{"href":"https:\/\/ermtech.com.tr\/magaza\/wp-json\/wp\/v2\/product\/6354","targetHints":{"allow":["GET"]}}],"collection":[{"href":"https:\/\/ermtech.com.tr\/magaza\/wp-json\/wp\/v2\/product"}],"about":[{"href":"https:\/\/ermtech.com.tr\/magaza\/wp-json\/wp\/v2\/types\/product"}],"replies":[{"embeddable":true,"href":"https:\/\/ermtech.com.tr\/magaza\/wp-json\/wp\/v2\/comments?post=6354"}],"version-history":[{"count":1,"href":"https:\/\/ermtech.com.tr\/magaza\/wp-json\/wp\/v2\/product\/6354\/revisions"}],"predecessor-version":[{"id":8014,"href":"https:\/\/ermtech.com.tr\/magaza\/wp-json\/wp\/v2\/product\/6354\/revisions\/8014"}],"wp:featuredmedia":[{"embeddable":true,"href":"https:\/\/ermtech.com.tr\/magaza\/wp-json\/wp\/v2\/media\/5839"}],"wp:attachment":[{"href":"https:\/\/ermtech.com.tr\/magaza\/wp-json\/wp\/v2\/media?parent=6354"}],"wp:term":[{"taxonomy":"product_cat","embeddable":true,"href":"https:\/\/ermtech.com.tr\/magaza\/wp-json\/wp\/v2\/product_cat?post=6354"},{"taxonomy":"product_tag","embeddable":true,"href":"https:\/\/ermtech.com.tr\/magaza\/wp-json\/wp\/v2\/product_tag?post=6354"}],"curies":[{"name":"wp","href":"https:\/\/api.w.org\/{rel}","templated":true}]}}