{"id":6350,"date":"2023-11-08T21:53:03","date_gmt":"2023-11-08T18:53:03","guid":{"rendered":"https:\/\/ermtech.com.tr\/magaza\/?post_type=product&#038;p=6350"},"modified":"2024-11-08T10:48:27","modified_gmt":"2024-11-08T07:48:27","slug":"abl-plus-3164001-220v-cee-soket-karavan-dis-gomme-elektrik-girisi","status":"publish","type":"product","link":"https:\/\/ermtech.com.tr\/magaza\/urun\/abl-plus-3164001-220v-cee-soket-karavan-dis-gomme-elektrik-girisi","title":{"rendered":"ABL Plus 3164001 220V CEE Soket Karavan D\u0131\u015f G\u00f6mme Elektrik Giri\u015fi"},"content":{"rendered":"<div id=\"Jpills-two-example1\" class=\"tab-pane fade active show\" role=\"tabpanel\" aria-labelledby=\"Jpills-two-example1-tab\">\n<p><span style=\"color: f28b00; font-family: helvetica; font-weight: bold; font-size: 18px; letter-spacing: -0.3px;\">ABL Plus 3164001 220V CEE Soket Karavan D\u0131\u015f G\u00f6mme Elektrik Giri\u015fi<\/span><\/p>\n<p><span style=\"color: f28b00; font-family: helvetica; ;font-size: 14px; letter-spacing: -0.3px;\"> Stok kodu: ABL3164001<\/span><\/p>\n<hr \/>\n<p>220V karavan enerji besleme giri\u015fi, karavan\u0131n\u0131za 230V&#8217;a kadar d\u0131\u015far\u0131dan enesji beslemeniz i\u00e7in kullan\u0131l\u0131r. CEE giri\u015flik, kapakl\u0131 d\u0131\u015far\u0131dan gelencek ya\u011fmur sular\u0131na kar\u015f\u0131 korumal\u0131<\/p>\n<p>Karavan b\u00f6l\u00fcm\u00fcm\u00fcz, her t\u00fcr RV uygulamas\u0131 i\u00e7in yenilik\u00e7i ve kapsaml\u0131 bir giri\u015f yelpazesi sunar. ABL, %80 pazar pay\u0131yla Avrupa&#8217;da e\u011flence arac\u0131 priz giri\u015f segmentinde lider konumdad\u0131r.<\/p>\n<p>T\u00fcm ABL e\u011flence arac\u0131 priz giri\u015fleri, zarif tasar\u0131mlar\u0131 ve ilgili i\u015flevlerinin kolayca ay\u0131rt edilmesini sa\u011flayan piktogramlar\u0131 ile \u00f6ne \u00e7\u0131kar. Manyetik veya mandall\u0131 kapak se\u00e7enekleri, onlar\u0131 \u00f6zellikle kullan\u0131c\u0131 dostu yapar. Kapaklar 180\u00b0&#8217;ye kadar a\u00e7\u0131l\u0131r.<\/p>\n<p>Y\u00fcksek kaliteli malzemeler, uzun s\u00fcreli kullan\u0131mda bile g\u00fcvenli\u011fi garanti eder. G\u00f6r\u00fcnen t\u00fcm par\u00e7alar UV \u0131\u015f\u0131nlar\u0131na dayan\u0131kl\u0131 plastikten yap\u0131lm\u0131\u015ft\u0131r.<\/p>\n<h2><strong>G\u00fc\u00e7 giri\u015fleri<\/strong><\/h2>\n<p>G\u00fc\u00e7 giri\u015fleri, karavana veya karavana bir g\u00fc\u00e7 kayna\u011f\u0131 sa\u011flar ve bu nedenle bir RV&#8217;nin temel ekipman\u0131n\u0131n bir par\u00e7as\u0131d\u0131r.<\/p>\n<p><strong>G\u00dcVENL\u0130K<\/strong><br \/>\nY\u00fcksek, 850\u00b0C yang\u0131n koruma s\u0131n\u0131f\u0131, kendili\u011finden s\u00f6nen plastik.<\/p>\n<p>Kendili\u011finden a\u00e7\u0131lan emniyet mandall\u0131\u00a0KULLANICI DOSTU CEE konekt\u00f6r\u00fc.<\/p>\n<p>Rahat ve h\u0131zl\u0131 bir kablolama i\u015flemi i\u00e7in\u00a0GEN\u0130\u015e KABLOLAMA ALANI .<\/p>\n<p><strong>\u00dcretim yerin <\/strong>:<strong> Almanya<\/strong><\/p>\n<\/div>\n","protected":false},"excerpt":{"rendered":"<p>ABL Plus 3164001 220V CEE Soket Karavan D\u0131\u015f G\u00f6mme Elektrik Giri\u015fi Stok kodu: ABL3164001 220V karavan enerji besleme giri\u015fi, karavan\u0131n\u0131za 230V&#8217;a kadar d\u0131\u015far\u0131dan enesji beslemeniz i\u00e7in kullan\u0131l\u0131r. CEE giri\u015flik, kapakl\u0131<\/p>\n","protected":false},"featured_media":5834,"comment_status":"open","ping_status":"closed","template":"","meta":{"_acf_changed":false},"product_cat":[277],"product_tag":[],"class_list":{"0":"post-6350","1":"product","2":"type-product","3":"status-publish","4":"has-post-thumbnail","6":"product_cat-karavan-elektrik-kablosu","8":"first","9":"outofstock","10":"taxable","11":"shipping-taxable","12":"purchasable","13":"product-type-simple"},"acf":[],"_links":{"self":[{"href":"https:\/\/ermtech.com.tr\/magaza\/wp-json\/wp\/v2\/product\/6350","targetHints":{"allow":["GET"]}}],"collection":[{"href":"https:\/\/ermtech.com.tr\/magaza\/wp-json\/wp\/v2\/product"}],"about":[{"href":"https:\/\/ermtech.com.tr\/magaza\/wp-json\/wp\/v2\/types\/product"}],"replies":[{"embeddable":true,"href":"https:\/\/ermtech.com.tr\/magaza\/wp-json\/wp\/v2\/comments?post=6350"}],"version-history":[{"count":1,"href":"https:\/\/ermtech.com.tr\/magaza\/wp-json\/wp\/v2\/product\/6350\/revisions"}],"predecessor-version":[{"id":7291,"href":"https:\/\/ermtech.com.tr\/magaza\/wp-json\/wp\/v2\/product\/6350\/revisions\/7291"}],"wp:featuredmedia":[{"embeddable":true,"href":"https:\/\/ermtech.com.tr\/magaza\/wp-json\/wp\/v2\/media\/5834"}],"wp:attachment":[{"href":"https:\/\/ermtech.com.tr\/magaza\/wp-json\/wp\/v2\/media?parent=6350"}],"wp:term":[{"taxonomy":"product_cat","embeddable":true,"href":"https:\/\/ermtech.com.tr\/magaza\/wp-json\/wp\/v2\/product_cat?post=6350"},{"taxonomy":"product_tag","embeddable":true,"href":"https:\/\/ermtech.com.tr\/magaza\/wp-json\/wp\/v2\/product_tag?post=6350"}],"curies":[{"name":"wp","href":"https:\/\/api.w.org\/{rel}","templated":true}]}}