{"id":6349,"date":"2023-11-08T21:53:03","date_gmt":"2023-11-08T18:53:03","guid":{"rendered":"https:\/\/ermtech.com.tr\/magaza\/?post_type=product&#038;p=6349"},"modified":"2025-03-21T16:07:24","modified_gmt":"2025-03-21T13:07:24","slug":"karavan-220v-cikisli-enerji-besleme-kablosu-1-5-metre","status":"publish","type":"product","link":"https:\/\/ermtech.com.tr\/magaza\/urun\/karavan-220v-cikisli-enerji-besleme-kablosu-1-5-metre","title":{"rendered":"Karavan 220V \u00c7\u0131k\u0131\u015fl\u0131 Enerji Besleme Kablosu 1.5 Metre"},"content":{"rendered":"<div id=\"Jpills-two-example1\" class=\"tab-pane fade active show\" role=\"tabpanel\" aria-labelledby=\"Jpills-two-example1-tab\">\n<p><span style=\"color: f28b00; font-family: helvetica; font-weight: bold; font-size: 18px; letter-spacing: -0.3px;\">Karavan 220V \u00c7\u0131k\u0131\u015fl\u0131 Enerji Besleme Kablosu 1.5 Metre<\/span><\/p>\n<p><span style=\"color: f28b00; font-family: helvetica; ;font-size: 14px; letter-spacing: -0.3px;\"> Stok kodu: ER000013<\/span><\/p>\n<p>CEE enerji besleme fi\u015fi,\u00a0\u00a0bir CEE fi\u015fine ve koruma kontakl\u0131 kombine priz dahil a\u00e7\u0131l\u0131 ba\u011flant\u0131ya sahiptir. Adapt\u00f6r kablosu d\u0131\u015f mekanlarda s\u00fcrekli kullan\u0131m i\u00e7in \u00e7ok uygundur, \u00f6rne\u011fin karavan, kamp veya teknede. Karavan adapt\u00f6r kablosu sadece son derece sa\u011flam olmakla kalmaz, ayn\u0131 zamanda a\u015fa\u011f\u0131daki \u00f6zelliklere sahiptir: Sizin i\u00e7in \u00f6zel haz\u0131rlanan kabloda, karavana enerji besleme giri\u015f verdikten sonra kapak arkas\u0131nda ayn\u0131 anda size 220V priz giri\u015fi verir. Bu sayede karavan d\u0131\u015f\u0131nda beslenme esnas\u0131nda\u00a0\u00a0220V \u00e7\u0131k\u0131\u015f alabilirsiniz.<\/p>\n<ul>\n<li>Yabanc\u0131 cisimlere ve s\u0131\u00e7rayan suya kar\u015f\u0131 korumal\u0131, IP44.<\/li>\n<li>Kablo uzunlu\u011fu: 1,5 m.<\/li>\n<li>Kablo tan\u0131m\u0131: H07RN-F 3&#215;2,5mm<\/li>\n<li>Kablo kalitesi: Kau\u00e7uk neopren.<\/li>\n<li>Kablo rengi: Siyah<\/li>\n<li>Ba\u011flant\u0131: CEE fi\u015f, CEE a\u00e7\u0131l\u0131 kavrama, korumal\u0131 priz dahil.<\/li>\n<li>Priz sistemi \/ kavrama: 1x CEE 16A 2P+PE (3p) 230V Tip F (koruma konta\u011f\u0131) priz dahil<\/li>\n<li>Almanya&#8217;da \u00fcretilmi\u015ftir.<\/li>\n<\/ul>\n<p><strong>Men\u015fei :Hollanda<\/strong><\/p>\n<\/div>\n","protected":false},"excerpt":{"rendered":"<p>Karavan 220V \u00c7\u0131k\u0131\u015fl\u0131 Enerji Besleme Kablosu 1.5 Metre Stok kodu: ER000013 CEE enerji besleme fi\u015fi,\u00a0\u00a0bir CEE fi\u015fine ve koruma kontakl\u0131 kombine priz dahil a\u00e7\u0131l\u0131 ba\u011flant\u0131ya sahiptir. Adapt\u00f6r kablosu d\u0131\u015f mekanlarda<\/p>\n","protected":false},"featured_media":5827,"comment_status":"open","ping_status":"closed","template":"","meta":{"_acf_changed":false},"product_cat":[277],"product_tag":[],"class_list":{"0":"post-6349","1":"product","2":"type-product","3":"status-publish","4":"has-post-thumbnail","6":"product_cat-karavan-elektrik-kablosu","8":"first","9":"outofstock","10":"taxable","11":"shipping-taxable","12":"purchasable","13":"product-type-simple"},"acf":[],"_links":{"self":[{"href":"https:\/\/ermtech.com.tr\/magaza\/wp-json\/wp\/v2\/product\/6349","targetHints":{"allow":["GET"]}}],"collection":[{"href":"https:\/\/ermtech.com.tr\/magaza\/wp-json\/wp\/v2\/product"}],"about":[{"href":"https:\/\/ermtech.com.tr\/magaza\/wp-json\/wp\/v2\/types\/product"}],"replies":[{"embeddable":true,"href":"https:\/\/ermtech.com.tr\/magaza\/wp-json\/wp\/v2\/comments?post=6349"}],"version-history":[{"count":1,"href":"https:\/\/ermtech.com.tr\/magaza\/wp-json\/wp\/v2\/product\/6349\/revisions"}],"predecessor-version":[{"id":7292,"href":"https:\/\/ermtech.com.tr\/magaza\/wp-json\/wp\/v2\/product\/6349\/revisions\/7292"}],"wp:featuredmedia":[{"embeddable":true,"href":"https:\/\/ermtech.com.tr\/magaza\/wp-json\/wp\/v2\/media\/5827"}],"wp:attachment":[{"href":"https:\/\/ermtech.com.tr\/magaza\/wp-json\/wp\/v2\/media?parent=6349"}],"wp:term":[{"taxonomy":"product_cat","embeddable":true,"href":"https:\/\/ermtech.com.tr\/magaza\/wp-json\/wp\/v2\/product_cat?post=6349"},{"taxonomy":"product_tag","embeddable":true,"href":"https:\/\/ermtech.com.tr\/magaza\/wp-json\/wp\/v2\/product_tag?post=6349"}],"curies":[{"name":"wp","href":"https:\/\/api.w.org\/{rel}","templated":true}]}}