{"id":6347,"date":"2023-11-08T21:53:02","date_gmt":"2023-11-08T18:53:02","guid":{"rendered":"https:\/\/ermtech.com.tr\/magaza\/?post_type=product&#038;p=6347"},"modified":"2024-01-18T13:45:09","modified_gmt":"2024-01-18T10:45:09","slug":"ecoflow-mc4-xt60-girisli-gunes-paneli-sarj-kablosu-3-5-metre","status":"publish","type":"product","link":"https:\/\/ermtech.com.tr\/magaza\/urun\/ecoflow-mc4-xt60-girisli-gunes-paneli-sarj-kablosu-3-5-metre","title":{"rendered":"Ecoflow MC4 &#8211; XT60 Giri\u015fli G\u00fcne\u015f Paneli \u015earj Kablosu (3.5 Metre)"},"content":{"rendered":"<div id=\"Jpills-two-example1\" class=\"tab-pane fade active show\" role=\"tabpanel\" aria-labelledby=\"Jpills-two-example1-tab\">\n<p><span style=\"color: f28b00; font-family: helvetica; font-weight: bold; font-size: 18px; letter-spacing: -0.3px;\">Ecoflow MC4 &#8211; XT60 Giri\u015fli G\u00fcne\u015f Paneli \u015earj Kablosu (3.5 Metre)<\/span><\/p>\n<p><span style=\"color: f28b00; font-family: helvetica; ;font-size: 14px; letter-spacing: -0.3px;\"> Stok kodu: ECFLW35<\/span><\/p>\n<p>Solar &#8211; XT60 kablosu: Y dallanma tipi bir u\u00e7 g\u00fcne\u015f paneli fi\u015fidir, (erkek\/di\u015fi), di\u011fer u\u00e7 XT60I fi\u015fidir, XT60i giri\u015fi, g\u00fcne\u015f jenerat\u00f6r\u00fcn\u00fc \u015farj etmek i\u00e7in t\u00fcm MC-4 \u00e7\u0131k\u0131\u015fl\u0131 g\u00fcne\u015f panelleri ile uyumludur.<br \/>\nKullan\u0131m: G\u00fcne\u015f paneli ve g\u00fcne\u015f enerjisi jenerat\u00f6r\u00fcn\u00fc ba\u011flamak i\u00e7in, g\u00fcne\u015f paneli konnekt\u00f6rleri ile t\u00fcm solar panel kitleri ile m\u00fckemmel uyum.<br \/>\nIP68 su ge\u00e7irmez: Her solar fi\u015f, hava ko\u015fullar\u0131na dayan\u0131kl\u0131 ve d\u0131\u015f mekan kullan\u0131m\u0131 i\u00e7in ideal olan su ge\u00e7irmez bir lastik halka ile donat\u0131lm\u0131\u015ft\u0131r. Do\u011fru bir ba\u011flant\u0131 sa\u011flamak i\u00e7in solar fi\u015fler dikkatlice \u00fcretilmi\u015ftir<br \/>\nY\u00fcksek kaliteli malzemeler: XT60I adapt\u00f6r\u00fcnde solar fi\u015f, iyi iletkenli\u011fe sahip saf bak\u0131r kablodan yap\u0131lm\u0131\u015ft\u0131r, y\u00fcksek kaliteli PVC manto, \u00e7izilmez, patlamaya kar\u015f\u0131 dayan\u0131kl\u0131, b\u00fck\u00fclmez, \u00e7atlaklardan korkmaz ve uzun bir kullan\u0131m \u00f6mr\u00fcne sahiptir.<\/p>\n<p>\u00dcr\u00fcn A\u00e7\u0131klamas\u0131;<\/p>\n<p>EcoFlow MC4 Solar Paralel Kablo, g\u00fcne\u015f panellerini bir EcoFlow g\u00fc\u00e7 istasyonuna (DELTA\/RIVER Serisi) paralel olarak ba\u011flar.<\/p>\n<p>\u00d6ne \u00c7\u0131kanlar<br \/>\n\u015earj h\u0131z\u0131n\u0131n verimlili\u011fini art\u0131rmak i\u00e7in g\u00fcne\u015f panellerini paralel olarak ba\u011flar.DELTA\u2019y\u0131 \u015farj etmek i\u00e7in 4 g\u00fcne\u015f panelinin paralel ba\u011flanmas\u0131 gerekir.<\/p>\n<p>RIVER Serisini \u015farj etmek i\u00e7in 2 g\u00fcne\u015f panelini paralel ba\u011flamak i\u00e7in gereklidir.<\/p>\n<p>Paket \u0130\u00e7eri\u011fi;<\/p>\n<p>MC4 Solar Paralel Kablo<\/p>\n<\/div>\n","protected":false},"excerpt":{"rendered":"<p>Ecoflow MC4 &#8211; XT60 Giri\u015fli G\u00fcne\u015f Paneli \u015earj Kablosu (3.5 Metre) Stok kodu: ECFLW35 Solar &#8211; XT60 kablosu: Y dallanma tipi bir u\u00e7 g\u00fcne\u015f paneli fi\u015fidir, (erkek\/di\u015fi), di\u011fer u\u00e7 XT60I<\/p>\n","protected":false},"featured_media":5819,"comment_status":"open","ping_status":"closed","template":"","meta":{"_acf_changed":false},"product_cat":[276],"product_tag":[],"class_list":{"0":"post-6347","1":"product","2":"type-product","3":"status-publish","4":"has-post-thumbnail","6":"product_cat-guc-istasyonlari","8":"first","9":"outofstock","10":"taxable","11":"shipping-taxable","12":"purchasable","13":"product-type-simple"},"acf":[],"_links":{"self":[{"href":"https:\/\/ermtech.com.tr\/magaza\/wp-json\/wp\/v2\/product\/6347","targetHints":{"allow":["GET"]}}],"collection":[{"href":"https:\/\/ermtech.com.tr\/magaza\/wp-json\/wp\/v2\/product"}],"about":[{"href":"https:\/\/ermtech.com.tr\/magaza\/wp-json\/wp\/v2\/types\/product"}],"replies":[{"embeddable":true,"href":"https:\/\/ermtech.com.tr\/magaza\/wp-json\/wp\/v2\/comments?post=6347"}],"version-history":[{"count":0,"href":"https:\/\/ermtech.com.tr\/magaza\/wp-json\/wp\/v2\/product\/6347\/revisions"}],"wp:featuredmedia":[{"embeddable":true,"href":"https:\/\/ermtech.com.tr\/magaza\/wp-json\/wp\/v2\/media\/5819"}],"wp:attachment":[{"href":"https:\/\/ermtech.com.tr\/magaza\/wp-json\/wp\/v2\/media?parent=6347"}],"wp:term":[{"taxonomy":"product_cat","embeddable":true,"href":"https:\/\/ermtech.com.tr\/magaza\/wp-json\/wp\/v2\/product_cat?post=6347"},{"taxonomy":"product_tag","embeddable":true,"href":"https:\/\/ermtech.com.tr\/magaza\/wp-json\/wp\/v2\/product_tag?post=6347"}],"curies":[{"name":"wp","href":"https:\/\/api.w.org\/{rel}","templated":true}]}}