{"id":6344,"date":"2023-11-08T21:52:56","date_gmt":"2023-11-08T18:52:56","guid":{"rendered":"https:\/\/ermtech.com.tr\/magaza\/?post_type=product&#038;p=6344"},"modified":"2024-02-10T16:28:54","modified_gmt":"2024-02-10T13:28:54","slug":"cbe-mp12ac-cakmak-tip-soketkapak","status":"publish","type":"product","link":"https:\/\/ermtech.com.tr\/magaza\/urun\/cbe-mp12ac-cakmak-tip-soketkapak","title":{"rendered":"CBE MP12AC \u00c7akmak Tip Soket+Kapak"},"content":{"rendered":"<div id=\"Jpills-two-example1\" class=\"tab-pane fade active show\" role=\"tabpanel\" aria-labelledby=\"Jpills-two-example1-tab\">\n<p><span style=\"color: f28b00; font-family: helvetica; font-weight: bold; font-size: 18px; letter-spacing: -0.3px;\">CBE MP12AC \u00c7akmak Tip Soket+Kapak<\/span><\/p>\n<p><span style=\"color: f28b00; font-family: helvetica; ;font-size: 14px; letter-spacing: -0.3px;\"> Stok kodu: CBE270182<\/span><\/p>\n<p><strong>Kapakl\u0131 12V araba prizi<\/strong><\/p>\n<p>\u00e7akmak tipi<\/p>\n<table border=\"1\">\n<tbody>\n<tr>\n<td><b>\u015eABLON<\/b><\/td>\n<td><b>RENK<\/b><\/td>\n<td><b>KABARCIK<\/b><\/td>\n<td><b>KUTU(*)<\/b><\/td>\n<\/tr>\n<tr>\n<td>MP12AC \/ G<\/td>\n<td>Gri RAL7015<\/td>\n<td>212907<\/td>\n<td>270182<\/td>\n<\/tr>\n<tr>\n<td>MP12AC \/ M<\/td>\n<td>Kahverengi RAL8016<\/td>\n<td>212908<\/td>\n<td>270186<\/td>\n<\/tr>\n<tr>\n<td>MP12AC \/ B<\/td>\n<td>Beyaz RAL9010<\/td>\n<td>212909<\/td>\n<td>270180<\/td>\n<\/tr>\n<tr>\n<td>MP12AC \/ GC<\/td>\n<td>Hafif Gri RAL7035<\/td>\n<td>&#8211;<\/td>\n<td>270184<\/td>\n<\/tr>\n<\/tbody>\n<\/table>\n<p><iframe src=\"https:\/\/www.youtube.com\/embed\/0WcwaDZldcQ?autohide=1&amp;controls=1&amp;showinfo=0\" frameborder=\"0\"><\/iframe><\/p>\n<\/div>\n","protected":false},"excerpt":{"rendered":"<p>CBE MP12AC \u00c7akmak Tip Soket+Kapak Stok kodu: CBE270182 Kapakl\u0131 12V araba prizi \u00e7akmak tipi \u015eABLON RENK KABARCIK KUTU(*) MP12AC \/ G Gri RAL7015 212907 270182 MP12AC \/ M Kahverengi RAL8016<\/p>\n","protected":false},"featured_media":5808,"comment_status":"open","ping_status":"closed","template":"","meta":{"_acf_changed":false},"product_cat":[275],"product_tag":[],"class_list":{"0":"post-6344","1":"product","2":"type-product","3":"status-publish","4":"has-post-thumbnail","6":"product_cat-karavan-priz-ve-anahtar-grubu","8":"first","9":"outofstock","10":"taxable","11":"shipping-taxable","12":"purchasable","13":"product-type-simple"},"acf":[],"_links":{"self":[{"href":"https:\/\/ermtech.com.tr\/magaza\/wp-json\/wp\/v2\/product\/6344","targetHints":{"allow":["GET"]}}],"collection":[{"href":"https:\/\/ermtech.com.tr\/magaza\/wp-json\/wp\/v2\/product"}],"about":[{"href":"https:\/\/ermtech.com.tr\/magaza\/wp-json\/wp\/v2\/types\/product"}],"replies":[{"embeddable":true,"href":"https:\/\/ermtech.com.tr\/magaza\/wp-json\/wp\/v2\/comments?post=6344"}],"version-history":[{"count":1,"href":"https:\/\/ermtech.com.tr\/magaza\/wp-json\/wp\/v2\/product\/6344\/revisions"}],"predecessor-version":[{"id":7184,"href":"https:\/\/ermtech.com.tr\/magaza\/wp-json\/wp\/v2\/product\/6344\/revisions\/7184"}],"wp:featuredmedia":[{"embeddable":true,"href":"https:\/\/ermtech.com.tr\/magaza\/wp-json\/wp\/v2\/media\/5808"}],"wp:attachment":[{"href":"https:\/\/ermtech.com.tr\/magaza\/wp-json\/wp\/v2\/media?parent=6344"}],"wp:term":[{"taxonomy":"product_cat","embeddable":true,"href":"https:\/\/ermtech.com.tr\/magaza\/wp-json\/wp\/v2\/product_cat?post=6344"},{"taxonomy":"product_tag","embeddable":true,"href":"https:\/\/ermtech.com.tr\/magaza\/wp-json\/wp\/v2\/product_tag?post=6344"}],"curies":[{"name":"wp","href":"https:\/\/api.w.org\/{rel}","templated":true}]}}