{"id":6338,"date":"2023-11-08T21:52:55","date_gmt":"2023-11-08T18:52:55","guid":{"rendered":"https:\/\/ermtech.com.tr\/magaza\/?post_type=product&#038;p=6338"},"modified":"2025-03-21T16:19:15","modified_gmt":"2025-03-21T13:19:15","slug":"victron-bluesolar-mppt-sarj-cihazi-100-15","status":"publish","type":"product","link":"https:\/\/ermtech.com.tr\/magaza\/urun\/victron-bluesolar-mppt-sarj-cihazi-100-15","title":{"rendered":"Victron Bluesolar Mppt 100\/15 Solar \u015earj Cihaz\u0131"},"content":{"rendered":"<div id=\"Jpills-two-example1\" class=\"tab-pane fade active show\" role=\"tabpanel\" aria-labelledby=\"Jpills-two-example1-tab\">\n<p><span style=\"color: f28b00; font-family: helvetica; font-weight: bold; font-size: 18px; letter-spacing: -0.3px;\">Victron Bluesolar Mppt \u015earj Cihaz\u0131 100\/15<\/span><\/p>\n<p>BlueSolar MPPT 75\/10, 75\/15 ve 100\/15<\/p>\n<p>Solar \u1e62arj Cihazlar\u0131<\/p>\n<p>Solar \u015farj cihaz\u0131, g\u00fcne\u015f panellerinden gelen enerjiyi toplar ve ak\u00fclerinizde depolar. En yeni ve en h\u0131zl\u0131 teknolojiyi kullanan BlueSolar bu enerji toplama i\u015flemini maksimum seviyeye \u00e7\u0131kar\u0131r ve ak\u00fcy\u00fc en k\u0131sa s\u00fcrede tamamen \u015farj eder. BlueSolar ak\u00fcn\u00fcn sa\u011fl\u0131\u011f\u0131n\u0131 korur ve hizmet \u00f6mr\u00fcn\u00fc uzat\u0131r.\u2022 Bluetooth etkin (Bluetooth g\u00fcvenlik cihaz\u0131 gereklidir) \u2022 Gece\/g\u00fcnd\u00fcz zamanlamas\u0131 ve \u0131\u015f\u0131k karartma se\u00e7ene\u011fi \u2022 Ultra h\u0131zl\u0131 Maksimum G\u00fc\u00e7 Noktas\u0131 \u0130zleme (MPPT) \u2022 BatteryLife: ak\u0131ll\u0131 ak\u00fc y\u00f6netimi \u2022 Y\u00fck \u00c7\u0131k\u0131\u015f\u0131<\/p>\n<p>MPPT teknolojisi, solar panellerinizin (PV) voltaj ve ak\u0131m \u00e7\u0131k\u0131\u015f\u0131n\u0131 s\u00fcrekli izleyerek panellerin toplad\u0131\u011f\u0131 her damla g\u00fcc\u00fcn al\u0131nabilmesini ve depolanabilmesini sa\u011flar. Bunun avantaj\u0131 \u00f6zellikle havan\u0131n par\u00e7al\u0131 bulutlu oldu\u011fu ve \u0131\u015f\u0131k yo\u011funlu\u011funun s\u00fcrekli de\u011fi\u015fti\u011fi zamanlarda fark edilir.<\/p>\n<p>Bir Bluetooth g\u00fcvenlik cihaz\u0131 tak\u0131p bunu VictronConnect arac\u0131l\u0131\u011f\u0131yla ak\u0131ll\u0131 telefon veya ba\u015fka bir ayg\u0131t\u0131n\u0131zla e\u015fle\u015ftirerek BlueSolar MPPT \u015farj cihaz\u0131n\u0131n kapsaml\u0131 \u00f6zelliklerini uzaktan kontrol edebilir ve izleyebilirsiniz. Tesisat\u0131n\u0131z internette Victron Uzaktan Y\u00f6netim Portal\u0131na (VRM) ba\u011flanm\u0131\u015fsa MPPT&#8217;nin t\u00fcm i\u015flevlerine diledi\u011finiz zaman diledi\u011finiz yerden eri\u015febilirsiniz, \u00fcstelik her iki hizmet de \u00fccretsizdir. Hi\u00e7bir internet ba\u011flant\u0131s\u0131n\u0131n veya yak\u0131nlarda telefon sinyalinin olmad\u0131\u011f\u0131 uzak tesisatlarda ise, opsiyonel sunulan bir LoRaWAN(uzun menzilli geni\u015f alan a\u011f\u0131) ayg\u0131t\u0131 ile Bluetooth e\u015fle\u015ftirmesi yaparak MPPT&#8217;nizi izleyebilirsiniz.<\/p>\n<p>Ak\u0131ll\u0131 y\u00fck \u00e7\u0131k\u0131\u015f\u0131 i\u015flevi, ak\u00fclerin &#8220;bo\u015f&#8221; \u00e7al\u0131\u015ft\u0131r\u0131lmak nedeniyle hasar g\u00f6rmesini \u00f6nler. BlueSolar&#8217;\u0131n bir y\u00fck\u00fcn ba\u011flant\u0131s\u0131n\u0131 kesti\u011fi voltaj\u0131 yap\u0131land\u0131rabilir ve b\u00f6ylece ak\u00fclerinizin \u00e7ok fazla bo\u015falmas\u0131n\u0131 \u00f6nleyebilirsiniz. Faydal\u0131 bir ipucu: BlueSolar ak\u00fcy\u00fc her g\u00fcn %100 \u015farj etmeye \u00e7al\u0131\u015f\u0131r. Olumsuz hava ko\u015fullar\u0131 nedeniyle bunu yapamad\u0131\u011f\u0131 zamanlarda ise, ba\u011flant\u0131 kesme voltaj\u0131n\u0131, ba\u015far\u0131l\u0131 olana kadar her g\u00fcn y\u00fckseltir. Ak\u00fcn\u00fcz\u00fcn sa\u011fl\u0131\u011f\u0131n\u0131 koruyup hizmet \u00f6mr\u00fcn\u00fc uzatt\u0131\u011f\u0131ndan bu \u00f6zelli\u011fe BatteryLife ad\u0131n\u0131 verdik.<\/p>\n<p><a href=\"https:\/\/www.victronenergy.com.tr\/upload\/documents\/Datasheet-Blue-Solar-Charge-Controller-MPPT-75-10,-75-15-&amp;-MPPT-100-15-EN.pdf\">https:\/\/www.victronenergy.com.tr\/upload\/documents\/Datasheet-Blue-Solar-Charge-Controller-MPPT-75-10,-75-15-&amp;-MPPT-100-15-EN.pdf<\/a><\/p>\n<div class=\"videodetector\"><iframe src=\"https:\/\/www.youtube.com\/embed\/vZJA4eTd6vw?autohide=1&amp;controls=1&amp;showinfo=0\" frameborder=\"0\"><\/iframe><\/div>\n<div class=\"videodetector\"><\/div>\n<div class=\"videodetector\"><\/div>\n<div class=\"videodetector\">\n<div class=\"videodetector\"><iframe src=\"https:\/\/www.youtube.com\/embed\/Y4AOaf05dnU?autohide=1&amp;controls=1&amp;showinfo=0\" frameborder=\"0\"><\/iframe><\/div>\n<\/div>\n<\/div>\n","protected":false},"excerpt":{"rendered":"<p><img decoding=\"async\" class=\"alignnone size-full wp-image-6859\" src=\"https:\/\/ermtech.com.tr\/magaza\/wp-content\/uploads\/sites\/2\/2023\/11\/victron-energy-bv-logo-vector-e1699788428433.png\" alt=\"\" width=\"150\" height=\"83\" \/><\/p>\n","protected":false},"featured_media":5801,"comment_status":"open","ping_status":"closed","template":"","meta":{"_acf_changed":false},"product_cat":[297],"product_tag":[],"class_list":{"0":"post-6338","1":"product","2":"type-product","3":"status-publish","4":"has-post-thumbnail","6":"product_cat-mppt-solar-sarj-cihazlari","8":"first","9":"outofstock","10":"taxable","11":"shipping-taxable","12":"purchasable","13":"product-type-simple"},"acf":[],"_links":{"self":[{"href":"https:\/\/ermtech.com.tr\/magaza\/wp-json\/wp\/v2\/product\/6338","targetHints":{"allow":["GET"]}}],"collection":[{"href":"https:\/\/ermtech.com.tr\/magaza\/wp-json\/wp\/v2\/product"}],"about":[{"href":"https:\/\/ermtech.com.tr\/magaza\/wp-json\/wp\/v2\/types\/product"}],"replies":[{"embeddable":true,"href":"https:\/\/ermtech.com.tr\/magaza\/wp-json\/wp\/v2\/comments?post=6338"}],"version-history":[{"count":2,"href":"https:\/\/ermtech.com.tr\/magaza\/wp-json\/wp\/v2\/product\/6338\/revisions"}],"predecessor-version":[{"id":8024,"href":"https:\/\/ermtech.com.tr\/magaza\/wp-json\/wp\/v2\/product\/6338\/revisions\/8024"}],"wp:featuredmedia":[{"embeddable":true,"href":"https:\/\/ermtech.com.tr\/magaza\/wp-json\/wp\/v2\/media\/5801"}],"wp:attachment":[{"href":"https:\/\/ermtech.com.tr\/magaza\/wp-json\/wp\/v2\/media?parent=6338"}],"wp:term":[{"taxonomy":"product_cat","embeddable":true,"href":"https:\/\/ermtech.com.tr\/magaza\/wp-json\/wp\/v2\/product_cat?post=6338"},{"taxonomy":"product_tag","embeddable":true,"href":"https:\/\/ermtech.com.tr\/magaza\/wp-json\/wp\/v2\/product_tag?post=6338"}],"curies":[{"name":"wp","href":"https:\/\/api.w.org\/{rel}","templated":true}]}}