{"id":6337,"date":"2023-11-08T21:52:55","date_gmt":"2023-11-08T18:52:55","guid":{"rendered":"https:\/\/ermtech.com.tr\/magaza\/?post_type=product&#038;p=6337"},"modified":"2025-03-21T16:18:17","modified_gmt":"2025-03-21T13:18:17","slug":"victron-battery-bmv-712-smart-aku-gostergesi-izleme-monitoru","status":"publish","type":"product","link":"https:\/\/ermtech.com.tr\/magaza\/urun\/victron-battery-bmv-712-smart-aku-gostergesi-izleme-monitoru","title":{"rendered":"Victron Battery BMV-712 Smart Ak\u00fc G\u00f6stergesi \u0130zleme Monit\u00f6r\u00fc"},"content":{"rendered":"<div id=\"Jpills-two-example1\" class=\"tab-pane fade active show\" role=\"tabpanel\" aria-labelledby=\"Jpills-two-example1-tab\">\n<p><span style=\"color: f28b00; font-family: helvetica; font-weight: bold; font-size: 18px; letter-spacing: -0.3px;\"> Victron Battery BMV-712 Smart Ak\u00fc G\u00f6stergesi \u0130zleme Monit\u00f6r\u00fc<\/span><\/p>\n<p>BMV-712 serisi, en yeni y\u00fcksek hassasiyetli ak\u00fc izleme monit\u00f6r ekran\u0131d\u0131r.<br \/>\nBir izleme \u00fcnitesinin temel i\u015flevi, t\u00fcketilen amper\/saatleri ve bir ak\u00fcn\u00fcn \u015farj durumunu hesaplamakt\u0131r. T\u00fcketilen amper\/saatler, ak\u00fcye giren ve \u00e7\u0131kan ak\u0131m\u0131n toplanmas\u0131yla hesaplan\u0131r. Dahili Bluetooth i\u00e7ermektedir.<br \/>\nDahili Bluetooth ile BMV Smart, Nesnelerin \u0130nterneti (IoT) \u00e7a\u011f\u0131na haz\u0131rd\u0131r.<br \/>\nVictron Energy \u00fcr\u00fcnleri Bluetooth \u00f6zelli\u011fi kazan\u0131yor; \u00fcr\u00fcnler aras\u0131 kablosuz ileti\u015fimle sistem kurulumunu basitle\u015ftirirken \u00fcr\u00fcn performans\u0131n\u0131 art\u0131r\u0131r.<\/p>\n<p>Dahili Bluetooth ile BMV Smart, Nesnelerin \u0130nterneti (IoT) \u00e7a\u011f\u0131na haz\u0131rd\u0131r. Bluetooth&#8217;un di\u011fer Victron Energy \u00fcr\u00fcnlerinin \u00e7o\u011funda uygulanmas\u0131yla, \u00fcr\u00fcnler aras\u0131ndaki kablosuz ileti\u015fim, sistem kurulumunu basitle\u015ftirecek ve performans\u0131 art\u0131racakt\u0131r.<br \/>\n<span style=\"font-size: 16px;\"><strong>Victron Bluetooth uygulamas\u0131n\u0131 indirin<\/strong><\/span><br \/>\nAyarlar\u0131 \u00f6zelle\u015ftirmek i\u00e7in bir ak\u0131ll\u0131 telefon veya Bluetooth \u00f6zellikli ba\u015fka bir cihaz kullan\u0131n,<br \/>\n&#8211; t\u00fcm \u00f6nemli verileri tek ekranda izleyin, &#8211; ge\u00e7mi\u015f verileri g\u00f6r\u00fcnt\u00fcleyin ve<br \/>\n&#8211; yeni \u00f6zellikler kullan\u0131ma sunuldu\u011funda yaz\u0131l\u0131m\u0131 g\u00fcncelleyin.<\/p>\n<p><span style=\"font-size: 18px;\"><strong>Kurulumu kolay<\/strong><\/span><br \/>\nT\u00fcm elektrik ba\u011flant\u0131lar\u0131, mevcut \u015f\u00f6nt \u00fczerindeki h\u0131zl\u0131 ba\u011flant\u0131 PCB&#8217;sine yap\u0131l\u0131r. \u015e\u00f6nt, monit\u00f6re standart bir RJ12 telefon kablosuyla ba\u011flan\u0131r. Dahil: RJ12 kablosu (10 m) ve sigortal\u0131 ak\u00fc kablosu (2 m); ba\u015fka bile\u015fen gerekmez.<br \/>\nAyr\u0131ca kare veya yuvarlak ekran g\u00f6r\u00fcn\u00fcm\u00fc i\u00e7in ayr\u0131 bir \u00f6n \u00e7er\u00e7eve, arka montaj i\u00e7in bir sabitleme halkas\u0131 ve \u00f6n montaj i\u00e7in vidalar dahildir.<br \/>\nOrta nokta voltaj\u0131 izleme<br \/>\nBir bozuk pil veya bir bozuk pil, b\u00fcy\u00fck ve pahal\u0131 bir pil grubunu yok edebilir. Ak\u00fcler seri ba\u011fland\u0131\u011f\u0131nda orta nokta voltaj\u0131 \u00f6l\u00e7\u00fclerek zaman\u0131nda uyar\u0131 \u00fcretilebilir. Daha fazla bilgi i\u00e7in l\u00fctfen BMV k\u0131lavuzunun 5.2 b\u00f6l\u00fcm\u00fcne bak\u0131n.<br \/>\nSeri ba\u011fl\u0131 kur\u015fun-asit ak\u00fclerin hizmet \u00f6mr\u00fcn\u00fc en \u00fcst d\u00fczeye \u00e7\u0131karmak i\u00e7in Ak\u00fc Dengeleyicimizi (BMS012201000) \u00f6neriyoruz.<br \/>\nAk\u00fcden \u00e7ok d\u00fc\u015f\u00fck ak\u0131m \u00e7eki\u015fi<br \/>\nAk\u0131m t\u00fcketimi: Ayda 0,7 Ah (1 mA) @12 V ve ayda 0,6 Ah (0,8 mA) @ 24 V<br \/>\n\u00d6zellikle Li-ion piller, bo\u015fald\u0131klar\u0131nda d\u00fc\u015f\u00fck voltajl\u0131 kapanmaya kadar neredeyse hi\u00e7 kapasiteye sahip de\u011fildir.<br \/>\nD\u00fc\u015f\u00fck h\u00fccre voltaj\u0131 nedeniyle kapatma sonras\u0131nda, bir Li-ion ak\u00fcn\u00fcn kapasite rezervi, 100 Ah ak\u00fc kapasitesi ba\u015f\u0131na yakla\u015f\u0131k 1 Ah&#8217;dir. Kalan kapasite rezervi pilden \u00e7ekilirse pil zarar g\u00f6r\u00fcr. \u00d6rne\u011fin 10 mA&#8217;l\u0131k bir art\u0131k ak\u0131m, sistem 8 g\u00fcnden fazla bo\u015falm\u0131\u015f durumda kal\u0131rsa 200 Ah ak\u00fcye zarar verebilir.<br \/>\nBi-stabil alarm r\u00f6lesi<br \/>\nAlarm durumunda artan ak\u0131m \u00e7eki\u015fini \u00f6nler.<\/p>\n<p><span style=\"font-size: 18px;\">Di\u011fer \u00f6zellikler<\/span><br \/>\n&#8211; Ak\u00fc voltaj\u0131, ak\u0131m\u0131, g\u00fcc\u00fc, t\u00fcketilen amper-saat ve \u015farj durumu<br \/>\n&#8211; Mevcut de\u015farj oran\u0131nda kalan s\u00fcre<br \/>\n&#8211; Programlanabilir g\u00f6rsel ve sesli alarm<br \/>\n&#8211; Kritik olmayan y\u00fckleri kapatmak veya gerekti\u011finde jenerat\u00f6r \u00e7al\u0131\u015ft\u0131rmak i\u00e7in programlanabilir r\u00f6le &#8211; 500 Amper h\u0131zl\u0131 ba\u011flant\u0131 \u015f\u00f6nt ve ba\u011flant\u0131 kiti<br \/>\n&#8211; 10.000 Ampere kadar \u015f\u00f6nt se\u00e7im \u00f6zelli\u011fi<br \/>\n&#8211; VE.Direct ileti\u015fim portu<br \/>\n&#8211; Kullan\u0131m modellerini ve pil sa\u011fl\u0131\u011f\u0131n\u0131 de\u011ferlendirmek i\u00e7in kullan\u0131labilecek \u00e7ok \u00e7e\u015fitli ge\u00e7mi\u015f olaylar\u0131 depolar &#8211; Geni\u015f giri\u015f voltaj\u0131 aral\u0131\u011f\u0131: 6,5 \u2013 70 V<br \/>\n&#8211; Y\u00fcksek ak\u0131m \u00f6l\u00e7\u00fcm \u00e7\u00f6z\u00fcn\u00fcrl\u00fc\u011f\u00fc: 10 mA (0,01 A)<br \/>\n&#8211; Voltaj\u0131 (ikinci bir pilin), s\u0131cakl\u0131\u011f\u0131 veya orta nokta voltaj\u0131n\u0131 \u00f6l\u00e7mek i\u00e7in ek giri\u015f ve<br \/>\nilgili alarm ve r\u00f6le ayarlar\u0131.<\/p>\n<p><a href=\"https:\/\/www.victronenergy.com\/upload\/documents\/Datasheet-BMV-712-Smart-EN.pdf\">Datasheet i\u00e7in t\u0131klay\u0131n\u0131z.<\/a><\/p>\n<div class=\"videodetector\">\n<p><a href=\"https:\/\/www.victronenergy.com.tr\/upload\/documents\/Datasheet-BMV-712-Smart-TR.pdf\"><strong><span style=\"background-color: #ffff00;\">Kullanma Talimat\u0131\u00a0<\/span><\/strong><\/a><\/p>\n<\/div>\n<p><iframe title=\"YouTube video player\" src=\"https:\/\/www.youtube.com\/embed\/2vA-EjSSBVA\" width=\"560\" height=\"315\" frameborder=\"0\" allowfullscreen=\"allowfullscreen\"><\/iframe><\/p>\n<\/div>\n","protected":false},"excerpt":{"rendered":"<p><img decoding=\"async\" class=\"alignnone size-full wp-image-6859\" src=\"https:\/\/ermtech.com.tr\/magaza\/wp-content\/uploads\/sites\/2\/2023\/11\/victron-energy-bv-logo-vector-e1699788428433.png\" alt=\"\" width=\"150\" height=\"83\" \/><\/p>\n","protected":false},"featured_media":5796,"comment_status":"open","ping_status":"closed","template":"","meta":{"_acf_changed":false},"product_cat":[326,300],"product_tag":[],"class_list":{"0":"post-6337","1":"product","2":"type-product","3":"status-publish","4":"has-post-thumbnail","6":"product_cat-gosterge-panelleri","7":"product_cat-victron-aku-gostergeleri","9":"first","10":"instock","11":"taxable","12":"shipping-taxable","13":"purchasable","14":"product-type-simple"},"acf":[],"_links":{"self":[{"href":"https:\/\/ermtech.com.tr\/magaza\/wp-json\/wp\/v2\/product\/6337","targetHints":{"allow":["GET"]}}],"collection":[{"href":"https:\/\/ermtech.com.tr\/magaza\/wp-json\/wp\/v2\/product"}],"about":[{"href":"https:\/\/ermtech.com.tr\/magaza\/wp-json\/wp\/v2\/types\/product"}],"replies":[{"embeddable":true,"href":"https:\/\/ermtech.com.tr\/magaza\/wp-json\/wp\/v2\/comments?post=6337"}],"version-history":[{"count":2,"href":"https:\/\/ermtech.com.tr\/magaza\/wp-json\/wp\/v2\/product\/6337\/revisions"}],"predecessor-version":[{"id":8023,"href":"https:\/\/ermtech.com.tr\/magaza\/wp-json\/wp\/v2\/product\/6337\/revisions\/8023"}],"wp:featuredmedia":[{"embeddable":true,"href":"https:\/\/ermtech.com.tr\/magaza\/wp-json\/wp\/v2\/media\/5796"}],"wp:attachment":[{"href":"https:\/\/ermtech.com.tr\/magaza\/wp-json\/wp\/v2\/media?parent=6337"}],"wp:term":[{"taxonomy":"product_cat","embeddable":true,"href":"https:\/\/ermtech.com.tr\/magaza\/wp-json\/wp\/v2\/product_cat?post=6337"},{"taxonomy":"product_tag","embeddable":true,"href":"https:\/\/ermtech.com.tr\/magaza\/wp-json\/wp\/v2\/product_tag?post=6337"}],"curies":[{"name":"wp","href":"https:\/\/api.w.org\/{rel}","templated":true}]}}