{"id":6334,"date":"2023-11-08T21:52:55","date_gmt":"2023-11-08T18:52:55","guid":{"rendered":"https:\/\/ermtech.com.tr\/magaza\/?post_type=product&#038;p=6334"},"modified":"2025-03-21T16:17:27","modified_gmt":"2025-03-21T13:17:27","slug":"victron-bluesolar-150-35-35a-mppt-solar-sarj-cihazi","status":"publish","type":"product","link":"https:\/\/ermtech.com.tr\/magaza\/urun\/victron-bluesolar-150-35-35a-mppt-solar-sarj-cihazi","title":{"rendered":"Victron BlueSolar 150\/35 35A MPPT Solar \u015earj Cihaz\u0131"},"content":{"rendered":"<div id=\"Jpills-two-example1\" class=\"tab-pane fade active show\" role=\"tabpanel\" aria-labelledby=\"Jpills-two-example1-tab\">\n<p><span style=\"color: f28b00; font-family: helvetica; font-weight: bold; font-size: 18px; letter-spacing: -0.3px;\">Victron BlueSolar 150\/35 35A MPPT Solar \u015earj Cihaz\u0131<\/span><\/p>\n<p>35 Amper Ak\u00fc \u015farj ak\u0131m\u0131<br \/>\nStandart \u015farj cihazlar\u0131na g\u00f6re %30 daha fazla verimlilik hatta Victron markas\u0131na ait ultra-fast mppt teknolojisi ile di\u011fer mppt\u2019lere g\u00f6re bile daha y\u00fcksek verimlilik<br \/>\nY\u00fcksek s\u0131cakl\u0131klarda ve nem ortamlar\u0131nda \u00e7al\u0131\u015fabilme \u00f6zelli\u011fi ile yat ve karavanlarda kullan\u0131ma uygundur.<br \/>\nRe\u00e7ine kaps\u00fcll\u00fc elektronikler: \u00c7evre ko\u015fullar\u0131na kar\u015f\u0131 elektronik bile\u015fenleri korur.<\/p>\n<p>Teknik \u00d6zellikleri;<br \/>\nVerimlilik:\u00a0\u00a0\u00a0\u00a0\u00a0 %98<br \/>\n\u015earj ak\u0131m\u0131:\u00a0\u00a0\u00a0\u00a0 35 Amper<br \/>\n12 \/ 24 \/ 48 V Auto Select<br \/>\nNominal Panel G\u00fcc\u00fc, 12V i\u00e7in:\u00a0\u00a0\u00a0\u00a0 500Watt<br \/>\nNominal Panel G\u00fcc\u00fc, 24V i\u00e7in:\u00a0\u00a0 1000Watt<br \/>\nNominal Panel G\u00fcc\u00fc, 48V i\u00e7in:\u00a0\u00a0 2000Watt<br \/>\nMaksimum panel voltaj\u0131:\u00a0\u00a0 150 Volt<br \/>\n\u00c7al\u0131\u015fma s\u0131cakl\u0131k aral\u0131\u011f\u0131:\u00a0 -30 ile +60 derece<br \/>\n\u00c7al\u0131\u015fma nemi:\u00a0 %95<br \/>\nBoyutlar\u0131:\u00a0 YxGxD (130 x 186 x 70mm)<br \/>\nA\u011f\u0131rl\u0131k: 1.25kg<\/p>\n<p>Solar \u015farj cihaz\u0131, g\u00fcne\u015f panellerinden gelen enerjiyi toplar ve ak\u00fclerinizde depolar. En yeni ve en h\u0131zl\u0131 teknolojiyi kullanan BlueSolar bu enerji toplama i\u015flemini maksimum seviyeye \u00e7\u0131kar\u0131r ve ak\u00fcy\u00fc en k\u0131sa s\u00fcrede tamamen \u015farj eder. BlueSolar ak\u00fcn\u00fcn sa\u011fl\u0131\u011f\u0131n\u0131 korur ve hizmet \u00f6mr\u00fcn\u00fc uzat\u0131r.<br \/>\n\u2022 Bluetooth etkin (Bluetooth g\u00fcvenlik cihaz\u0131 gereklidir)<br \/>\n\u2022 Ultra h\u0131zl\u0131 Maksimum G\u00fc\u00e7 Noktas\u0131 \u0130zleme (MPPT)<br \/>\n\u2022 Battery Life: ak\u0131ll\u0131 ak\u00fc y\u00f6netimi<\/p>\n<p>MPPT: Ultra h\u0131zl\u0131 Maksimum G\u00fc\u00e7 Noktas\u0131 \u0130zleme<\/p>\n<\/div>\n","protected":false},"excerpt":{"rendered":"<p><img decoding=\"async\" class=\"alignnone size-full wp-image-6859\" src=\"https:\/\/ermtech.com.tr\/magaza\/wp-content\/uploads\/sites\/2\/2023\/11\/victron-energy-bv-logo-vector-e1699788428433.png\" alt=\"\" width=\"150\" height=\"83\" \/><\/p>\n","protected":false},"featured_media":5790,"comment_status":"open","ping_status":"closed","template":"","meta":{"_acf_changed":false},"product_cat":[297],"product_tag":[],"class_list":{"0":"post-6334","1":"product","2":"type-product","3":"status-publish","4":"has-post-thumbnail","6":"product_cat-mppt-solar-sarj-cihazlari","8":"first","9":"outofstock","10":"taxable","11":"shipping-taxable","12":"purchasable","13":"product-type-simple"},"acf":[],"_links":{"self":[{"href":"https:\/\/ermtech.com.tr\/magaza\/wp-json\/wp\/v2\/product\/6334","targetHints":{"allow":["GET"]}}],"collection":[{"href":"https:\/\/ermtech.com.tr\/magaza\/wp-json\/wp\/v2\/product"}],"about":[{"href":"https:\/\/ermtech.com.tr\/magaza\/wp-json\/wp\/v2\/types\/product"}],"replies":[{"embeddable":true,"href":"https:\/\/ermtech.com.tr\/magaza\/wp-json\/wp\/v2\/comments?post=6334"}],"version-history":[{"count":2,"href":"https:\/\/ermtech.com.tr\/magaza\/wp-json\/wp\/v2\/product\/6334\/revisions"}],"predecessor-version":[{"id":8022,"href":"https:\/\/ermtech.com.tr\/magaza\/wp-json\/wp\/v2\/product\/6334\/revisions\/8022"}],"wp:featuredmedia":[{"embeddable":true,"href":"https:\/\/ermtech.com.tr\/magaza\/wp-json\/wp\/v2\/media\/5790"}],"wp:attachment":[{"href":"https:\/\/ermtech.com.tr\/magaza\/wp-json\/wp\/v2\/media?parent=6334"}],"wp:term":[{"taxonomy":"product_cat","embeddable":true,"href":"https:\/\/ermtech.com.tr\/magaza\/wp-json\/wp\/v2\/product_cat?post=6334"},{"taxonomy":"product_tag","embeddable":true,"href":"https:\/\/ermtech.com.tr\/magaza\/wp-json\/wp\/v2\/product_tag?post=6334"}],"curies":[{"name":"wp","href":"https:\/\/api.w.org\/{rel}","templated":true}]}}