{"id":6330,"date":"2023-11-08T21:52:55","date_gmt":"2023-11-08T18:52:55","guid":{"rendered":"https:\/\/ermtech.com.tr\/magaza\/?post_type=product&#038;p=6330"},"modified":"2025-03-21T16:16:23","modified_gmt":"2025-03-21T13:16:23","slug":"victron-smartsolar-75-15-15a-mppt-solar-sarj-cihazi-dahili-bluetooth","status":"publish","type":"product","link":"https:\/\/ermtech.com.tr\/magaza\/urun\/victron-smartsolar-75-15-15a-mppt-solar-sarj-cihazi-dahili-bluetooth","title":{"rendered":"Victron SmartSolar 75\/15 15A MPPT Solar \u015earj Cihaz\u0131 ( Dahili Bluetooth )"},"content":{"rendered":"<div id=\"Jpills-two-example1\" class=\"tab-pane fade active show\" role=\"tabpanel\" aria-labelledby=\"Jpills-two-example1-tab\">\n<p><span style=\"color: f28b00; font-family: helvetica; font-weight: bold; font-size: 18px; letter-spacing: -0.3px;\">Victron SmartSolar 75\/15 15A MPPT Solar \u015earj Cihaz\u0131 ( Dahili Bluetooth )<\/span><\/p>\n<p><span style=\"color: f28b00; font-family: helvetica; ;font-size: 14px; letter-spacing: -0.3px;\"> Stok kodu: SCC075015060R<\/span><\/p>\n<div>\n<hr align=\"left\" noshade=\"noshade\" size=\"1\" width=\"100%\" \/>\n<\/div>\n<p>5 y\u0131l garanti<br \/>\n15 Amper Ak\u00fc \u015farj ak\u0131m\u0131<br \/>\nStandart \u015farj cihazlar\u0131na g\u00f6re %30 daha fazla verimlilik hatta Victron markas\u0131na ait ultra-fast mppt teknolojisi ile di\u011fer mppt\u2019lere g\u00f6re bile daha y\u00fcksek verimlilik<\/p>\n<p>Y\u00fcksek s\u0131cakl\u0131klarda ve nem ortamlar\u0131nda \u00e7al\u0131\u015fabilme \u00f6zelli\u011fi ile yat ve karavanlarda kullan\u0131ma uygundur.<\/p>\n<p>Re\u00e7ine kaps\u00fcll\u00fc elektronikler: \u00c7evre ko\u015fullar\u0131na kar\u015f\u0131 elektronik bile\u015fenleri korur.<br \/>\n<strong>Teknik \u00d6zellikleri;<\/strong><\/p>\n<p>Verimlilik:\u00a0 \u00a0 \u00a0 %98<\/p>\n<p>\u015earj ak\u0131m\u0131:\u00a0 \u00a0 \u00a015 Amper<\/p>\n<p>Nominal Panel G\u00fcc\u00fc, 12V i\u00e7in:\u00a0 \u00a0220 Watt<\/p>\n<p>Nominal Panel G\u00fcc\u00fc, 24V i\u00e7in:\u00a0 \u00a0440 Watt<\/p>\n<p>Maksimum panel voltaj\u0131:\u00a0 \u00a075 Volt<\/p>\n<p>\u00c7al\u0131\u015fma s\u0131cakl\u0131k aral\u0131\u011f\u0131:\u00a0 -30 ile +60 derece<\/p>\n<p>\u00c7al\u0131\u015fma nemi:\u00a0 %95<\/p>\n<p>Boyutlar\u0131:\u00a0 YxGxD (100 x 113 x 40mm)<\/p>\n<p>A\u011f\u0131rl\u0131k: 0.5kg<\/p>\n<p>Solar \u015earj Cihazlar\u0131<\/p>\n<p>Solar \u015farj cihaz\u0131, g\u00fcne\u015f panellerinden gelen enerjiyi toplar ve ak\u00fclerinizde depolar. En yeni ve en h\u0131zl\u0131 teknolojiyi kullanan SmartSolar bu enerji toplama i\u015flemini maksimum seviyeye \u00e7\u0131kar\u0131r ve ak\u00fcy\u00fc en k\u0131sa s\u00fcrede tamamen \u015farj eder. SmartSolar ak\u00fcn\u00fcn sa\u011fl\u0131\u011f\u0131n\u0131 korur ve hizmet \u00f6mr\u00fcn\u00fc uzat\u0131r.<\/p>\n<p>\u2022 Dahili Bluetooth<\/p>\n<p>\u2022 Ultra h\u0131zl\u0131 Maksimum G\u00fc\u00e7 Noktas\u0131 \u0130zleme (MPPT)<\/p>\n<p>\u2022 BatteryLife: ak\u0131ll\u0131 ak\u00fc y\u00f6netimi<\/p>\n<p>MPPT: Ultra h\u0131zl\u0131 Maksimum G\u00fc\u00e7 Noktas\u0131 \u0130zleme<\/p>\n<p>MPPT teknolojisi, solar panellerinizin (PV) voltaj ve ak\u0131m \u00e7\u0131k\u0131\u015f\u0131n\u0131 s\u00fcrekli izleyerek panellerin toplad\u0131\u011f\u0131 her damla g\u00fcc\u00fcn al\u0131nabilmesini ve depolanabilmesini sa\u011flar. Bunun avantaj\u0131 \u00f6zellikle havan\u0131n par\u00e7al\u0131 bulutlu oldu\u011fu ve \u0131\u015f\u0131k yo\u011funlu\u011funun s\u00fcrekli de\u011fi\u015fti\u011fi zamanlarda fark edilir.<\/p>\n<p>Dahili Bluetooth \u00d6zelli\u011fi ve Victron Connect Yaz\u0131l\u0131m\u0131 ile Uzaktan \u0130zleme ve Kontrol<\/p>\n<\/div>\n","protected":false},"excerpt":{"rendered":"<p><img decoding=\"async\" class=\"alignnone size-full wp-image-6859\" src=\"https:\/\/ermtech.com.tr\/magaza\/wp-content\/uploads\/sites\/2\/2023\/11\/victron-energy-bv-logo-vector-e1699788428433.png\" alt=\"\" width=\"150\" height=\"83\" \/><\/p>\n","protected":false},"featured_media":5782,"comment_status":"open","ping_status":"closed","template":"","meta":{"_acf_changed":false},"product_cat":[297],"product_tag":[],"class_list":{"0":"post-6330","1":"product","2":"type-product","3":"status-publish","4":"has-post-thumbnail","6":"product_cat-mppt-solar-sarj-cihazlari","8":"first","9":"instock","10":"taxable","11":"shipping-taxable","12":"purchasable","13":"product-type-simple"},"acf":[],"_links":{"self":[{"href":"https:\/\/ermtech.com.tr\/magaza\/wp-json\/wp\/v2\/product\/6330","targetHints":{"allow":["GET"]}}],"collection":[{"href":"https:\/\/ermtech.com.tr\/magaza\/wp-json\/wp\/v2\/product"}],"about":[{"href":"https:\/\/ermtech.com.tr\/magaza\/wp-json\/wp\/v2\/types\/product"}],"replies":[{"embeddable":true,"href":"https:\/\/ermtech.com.tr\/magaza\/wp-json\/wp\/v2\/comments?post=6330"}],"version-history":[{"count":2,"href":"https:\/\/ermtech.com.tr\/magaza\/wp-json\/wp\/v2\/product\/6330\/revisions"}],"predecessor-version":[{"id":8020,"href":"https:\/\/ermtech.com.tr\/magaza\/wp-json\/wp\/v2\/product\/6330\/revisions\/8020"}],"wp:featuredmedia":[{"embeddable":true,"href":"https:\/\/ermtech.com.tr\/magaza\/wp-json\/wp\/v2\/media\/5782"}],"wp:attachment":[{"href":"https:\/\/ermtech.com.tr\/magaza\/wp-json\/wp\/v2\/media?parent=6330"}],"wp:term":[{"taxonomy":"product_cat","embeddable":true,"href":"https:\/\/ermtech.com.tr\/magaza\/wp-json\/wp\/v2\/product_cat?post=6330"},{"taxonomy":"product_tag","embeddable":true,"href":"https:\/\/ermtech.com.tr\/magaza\/wp-json\/wp\/v2\/product_tag?post=6330"}],"curies":[{"name":"wp","href":"https:\/\/api.w.org\/{rel}","templated":true}]}}