{"id":6313,"date":"2023-11-08T21:52:47","date_gmt":"2023-11-08T18:52:47","guid":{"rendered":"https:\/\/ermtech.com.tr\/magaza\/?post_type=product&#038;p=6313"},"modified":"2025-07-01T11:10:46","modified_gmt":"2025-07-01T08:10:46","slug":"tekli-konnektor-solar-gunes-paneli-baglanti-erkek-disi","status":"publish","type":"product","link":"https:\/\/ermtech.com.tr\/magaza\/urun\/tekli-konnektor-solar-gunes-paneli-baglanti-erkek-disi","title":{"rendered":"Tekli G\u00fcne\u015f Paneli Ba\u011flant\u0131 Konnekt\u00f6r\u00fc (Erkek-Di\u015fi)"},"content":{"rendered":"<div id=\"Jpills-two-example1\" class=\"tab-pane fade active show\" role=\"tabpanel\" aria-labelledby=\"Jpills-two-example1-tab\">\n<p style=\"text-align: left;\"><span style=\"color: f28b00; font-family: helvetica; font-weight: bold; font-size: 18px; letter-spacing: -0.3px;\">Tekli Konnekt\u00f6r (Solar) G\u00fcne\u015f Paneli Ba\u011flant\u0131 (Erkek-Di\u015fi) <\/span><\/p>\n<p>G\u00fcne\u015f paneli ile Mppt ars\u0131daki kablo ba\u011flant\u0131s\u0131nda kullan\u0131l\u0131r. Paket i\u00e7eri\u011finden Erkek ve Di\u015fi olarak konnekt\u00f6r \u00e7\u0131kar. G\u00fcne\u015f panellerindeki soketler ile birebir uyumlu olarak kullan\u0131ma ba\u015flanabilir.<\/p>\n<p>-Farkl\u0131 yal\u0131t\u0131m \u00e7aplar\u0131 ile PV kablolar\u0131 ile uyumlu<\/p>\n<p>-Sert ortamda kullan\u0131labilir<\/p>\n<p>-M\u00fckemmel ya\u015flanma direnci ve UV dayan\u0131kl\u0131l\u0131k ile<\/p>\n<p>-Daha iyi su ge\u00e7irmez etki i\u00e7in \u00e7ift conta halkalar\u0131<\/p>\n<p>-Olu\u015fturulmu\u015f m\u00fch\u00fcr, toz ge\u00e7irmez tasar\u0131m\u0131<\/p>\n<p>-B\u00fcy\u00fck ak\u0131m ve y\u00fcksek voltaj ile y\u00fck kapasitesi<\/p>\n<p>-H\u0131zl\u0131 ve basit montaj i\u015fleme ve herhangi bir ekstra enstr\u00fcman yard\u0131m\u0131 olmadan fi\u015flerin basit \u00e7\u0131kar\u0131lmas\u0131<\/p>\n<p>-G\u00fc\u00e7l\u00fc \u00e7ekme kuvveti yetene\u011fi<\/p>\n<p>-Ekstra y\u00fcksek ve d\u00fc\u015f\u00fck s\u0131cakl\u0131k ve yanmaz direnci<\/p>\n<p>-D\u00fc\u015f\u00fck temas direnci<\/p>\n<p>-Anma ak\u0131m\u0131: 30A<\/p>\n<p>-Anma gerilimi: 1000VDC<\/p>\n<p>-Uygun kablo: 2.5mm, 4mm, 6mm,10mm -\u0130leti\u015fim direnci: \u2264 0.2mm\u03a9<\/p>\n<p>-Su ge\u00e7irmez derecesi: IP67<\/p>\n<p>-G\u00fcvenlik s\u0131n\u0131f\u0131: II<\/p>\n<p>-\u00c7ekilme kuvveti: \u2265 50N<\/p>\n<p>-Pin boyutu: 4.0mm dia.<\/p>\n<p>-Ekleme kuvveti: \u2264 \u2264<\/p>\n<p>-Yal\u0131t\u0131m malzemesi: PPO + PA<\/p>\n<p>-Ba\u011flant\u0131 sistemi: s\u0131kma ba\u011flant\u0131s\u0131<\/p>\n<p>-\u0130leti\u015fim malzemesi: bak\u0131r, kalay kaplama<\/p>\n<p>-S\u0131cakl\u0131k aral\u0131\u011f\u0131: -40 \u00b0 c ~ + 90 \u00b0 c<br \/>\n<span style=\"font-size: 18px;\"><strong>Paket \u0130\u00e7eri\u011fi : <\/strong><\/span><br \/>\n<span style=\"font-size: 14px;\">1 x Erkek Soket <\/span><br \/>\n<span style=\"font-size: 14px;\">1 x Di\u015fi Soket<\/span><\/p>\n<\/div>\n","protected":false},"excerpt":{"rendered":"<p>Tekli Konnekt\u00f6r (Solar) G\u00fcne\u015f Paneli Ba\u011flant\u0131 (Erkek-Di\u015fi) G\u00fcne\u015f paneli ile Mppt ars\u0131daki kablo ba\u011flant\u0131s\u0131nda kullan\u0131l\u0131r. Paket i\u00e7eri\u011finden Erkek ve Di\u015fi olarak konnekt\u00f6r \u00e7\u0131kar. G\u00fcne\u015f panellerindeki soketler ile birebir uyumlu olarak<\/p>\n","protected":false},"featured_media":5709,"comment_status":"open","ping_status":"closed","template":"","meta":{"_acf_changed":false},"product_cat":[325],"product_tag":[],"class_list":{"0":"post-6313","1":"product","2":"type-product","3":"status-publish","4":"has-post-thumbnail","6":"product_cat-gunes-enerjisi-aksesuarlari","8":"first","9":"instock","10":"taxable","11":"shipping-taxable","12":"purchasable","13":"product-type-simple"},"acf":[],"_links":{"self":[{"href":"https:\/\/ermtech.com.tr\/magaza\/wp-json\/wp\/v2\/product\/6313","targetHints":{"allow":["GET"]}}],"collection":[{"href":"https:\/\/ermtech.com.tr\/magaza\/wp-json\/wp\/v2\/product"}],"about":[{"href":"https:\/\/ermtech.com.tr\/magaza\/wp-json\/wp\/v2\/types\/product"}],"replies":[{"embeddable":true,"href":"https:\/\/ermtech.com.tr\/magaza\/wp-json\/wp\/v2\/comments?post=6313"}],"version-history":[{"count":4,"href":"https:\/\/ermtech.com.tr\/magaza\/wp-json\/wp\/v2\/product\/6313\/revisions"}],"predecessor-version":[{"id":6900,"href":"https:\/\/ermtech.com.tr\/magaza\/wp-json\/wp\/v2\/product\/6313\/revisions\/6900"}],"wp:featuredmedia":[{"embeddable":true,"href":"https:\/\/ermtech.com.tr\/magaza\/wp-json\/wp\/v2\/media\/5709"}],"wp:attachment":[{"href":"https:\/\/ermtech.com.tr\/magaza\/wp-json\/wp\/v2\/media?parent=6313"}],"wp:term":[{"taxonomy":"product_cat","embeddable":true,"href":"https:\/\/ermtech.com.tr\/magaza\/wp-json\/wp\/v2\/product_cat?post=6313"},{"taxonomy":"product_tag","embeddable":true,"href":"https:\/\/ermtech.com.tr\/magaza\/wp-json\/wp\/v2\/product_tag?post=6313"}],"curies":[{"name":"wp","href":"https:\/\/api.w.org\/{rel}","templated":true}]}}