{"id":6311,"date":"2023-11-08T21:52:47","date_gmt":"2023-11-08T18:52:47","guid":{"rendered":"https:\/\/ermtech.com.tr\/magaza\/?post_type=product&#038;p=6311"},"modified":"2024-11-08T10:49:43","modified_gmt":"2024-11-08T07:49:43","slug":"victron-smartsolar-150-70-70a-mppt-solar-sarj-cihazi-dahili-bluetooth","status":"publish","type":"product","link":"https:\/\/ermtech.com.tr\/magaza\/urun\/victron-smartsolar-150-70-70a-mppt-solar-sarj-cihazi-dahili-bluetooth","title":{"rendered":"Victron SmartSolar 150\/70 70A MPPT Solar \u015earj Cihaz\u0131 (Dahili Bluetooth)"},"content":{"rendered":"<div id=\"Jpills-two-example1\" class=\"tab-pane fade active show\" role=\"tabpanel\" aria-labelledby=\"Jpills-two-example1-tab\">\n<p><span style=\"color: f28b00; font-family: helvetica; font-weight: bold; font-size: 18px; letter-spacing: -0.3px;\">Victron SmartSolar 150\/70 70A MPPT Solar \u015earj Cihaz\u0131 (Dahili Bluetooth)<\/span><\/p>\n<p><span style=\"color: f28b00; font-family: helvetica; ;font-size: 14px; letter-spacing: -0.3px;\"> Stok kodu: SCC115070211<\/span><\/p>\n<p><span style=\"font-size: 16px;\"><strong>Victron Smartsolar MPPT:<\/strong><\/span><br \/>\nSolar \u015farj cihaz\u0131, g\u00fcne\u015f panellerinizden enerji toplar ve onu pillerinizde depolar. En yeni, en h\u0131zl\u0131 teknolojiyi kullanan SmartSolar, bu enerji hasad\u0131n\u0131 en \u00fcst d\u00fczeye \u00e7\u0131kar\u0131r ve m\u00fcmk\u00fcn olan en k\u0131sa s\u00fcrede tam \u015farj olmas\u0131 i\u00e7in onu ak\u0131ll\u0131ca y\u00f6nlendirir. SmartSolar pil sa\u011fl\u0131\u011f\u0131n\u0131 koruyarak \u00f6mr\u00fcn\u00fc uzat\u0131r.<br \/>\nPWM ve MPPT \u015farj kontrol cihazlar\u0131, pilleri g\u00fcne\u015f enerjisiyle \u015farj etmek i\u00e7in yayg\u0131n olarak kullan\u0131lmaktad\u0131r. PWM denetleyicisi \u00f6z\u00fcnde bir g\u00fcne\u015f dizisini ak\u00fcye ba\u011flayan bir anahtard\u0131r. Sonu\u00e7, dizinin voltaj\u0131n\u0131n pilin voltaj\u0131na yak\u0131n bir yere \u00e7ekilmesidir. MPPT denetleyicisi daha karma\u015f\u0131kt\u0131r (ve daha pahal\u0131d\u0131r): g\u00fcne\u015f dizisinden maksimum g\u00fcc\u00fc toplamak i\u00e7in giri\u015f voltaj\u0131n\u0131 ayarlayacak ve ard\u0131ndan bu g\u00fcc\u00fc, pil art\u0131 y\u00fck\u00fcn de\u011fi\u015fen voltaj gereksinimini kar\u015f\u0131layacak \u015fekilde d\u00f6n\u00fc\u015ft\u00fcrecektir. B\u00f6ylece, \u00f6rne\u011fin MPPT \u015farj kontrol cihaz\u0131n\u0131n bir taraf\u0131nda 12 voltluk bir pil ve di\u011fer taraf\u0131nda 36 volt \u00fcretmek i\u00e7in seri olarak ba\u011flanm\u0131\u015f paneller olabilecek \u015fekilde dizi ve ak\u00fc voltajlar\u0131n\u0131 esasen ay\u0131r\u0131r.<br \/>\nMPPT&#8217;nin so\u011fuk ve \u0131l\u0131man bir iklimde PWM&#8217;den daha iyi performans g\u00f6sterece\u011fi genel olarak kabul edilirken, her iki kontrol cihaz\u0131 da subtropikal ila tropikal bir iklimde yakla\u015f\u0131k olarak ayn\u0131 performans\u0131 g\u00f6sterecektir. Bir MPPT denetleyicisi, temel bir denetleyici i\u015flevini yerine getirmenin yan\u0131 s\u0131ra, \u00e7ok az g\u00fc\u00e7 kayb\u0131yla dizinin gerilimini pillerin gerektirdi\u011fi gerilime d\u00f6n\u00fc\u015ft\u00fcren bir DC&#8217;den DC&#8217;ye gerilim d\u00f6n\u00fc\u015ft\u00fcr\u00fcc\u00fc i\u00e7erir.<br \/>\nBir MPPT denetleyicisi, pil art\u0131 y\u00fck\u00fcn de\u011fi\u015fen voltaj gereksinimlerini kar\u015f\u0131larken diziden Maksimum G\u00fc\u00e7 Noktas\u0131na yak\u0131n g\u00fc\u00e7 toplamaya \u00e7al\u0131\u015f\u0131r. B\u00f6ylece, dizi ve ak\u00fc voltajlar\u0131n\u0131 temel olarak ay\u0131r\u0131r, b\u00f6ylece MPPT \u015farj kontrol cihaz\u0131n\u0131n bir taraf\u0131nda 12 voltluk bir ak\u00fc ve di\u011fer taraf\u0131nda 36 volt \u00fcretmek i\u00e7in seri olarak ba\u011flanm\u0131\u015f iki adet 12 V panel olabilir. Bu nedenle, bir MPPT denetleyicisi, pil voltaj\u0131ndan \u00f6nemli \u00f6l\u00e7\u00fcde daha y\u00fcksek bir nominal gerilime sahip bir PV dizisine ba\u011flan\u0131rsa, \u00e7ok y\u00fcksek h\u00fccre s\u0131cakl\u0131klar\u0131nda veya bir PWM denetleyicisinin pek yard\u0131mc\u0131 olmayaca\u011f\u0131 d\u00fc\u015f\u00fck \u0131\u015f\u0131n\u0131m ko\u015fullar\u0131nda bile \u015farj ak\u0131m\u0131 sa\u011flayacakt\u0131r.<br \/>\nDizi boyutu artt\u0131k\u00e7a, hem kablo kesit alan\u0131 hem de kablo uzunlu\u011fu artacakt\u0131r. Seri olarak daha fazla panel ba\u011flama ve b\u00f6ylece ak\u0131m\u0131 azaltma se\u00e7ene\u011fi, dizi g\u00fcc\u00fc birka\u00e7 y\u00fcz Watt&#8217;\u0131 (12 V pil) veya birka\u00e7 100 Watt&#8217;\u0131 (24 V veya 48 V pil) a\u015ft\u0131\u011f\u0131 anda bir MPPT denetleyicisi kurmak i\u00e7in zorlay\u0131c\u0131 bir nedendir. )<\/p>\n<p><span style=\"font-size: 16px;\"><strong>\u00d6zellikler:<\/strong><\/span><br \/>\nBluetooth Smart yerle\u015fik: donan\u0131m kilidi gerekmez &#8211; \u00a0Apple ve Android ak\u0131ll\u0131 telefonlar, tabletler veya di\u011fer cihazlar\u0131 kullanarak denetleyiciyi kurmak, izlemek ve g\u00fcncellemek i\u00e7in kablosuz \u00e7\u00f6z\u00fcm.<br \/>\nVE.Direct- \u00a0Color Control GX&#8217;e, di\u011fer GX \u00fcr\u00fcnlerine, PC&#8217;ye veya di\u011fer cihazlara kablolu veri ba\u011flant\u0131s\u0131 i\u00e7in<br \/>\nUltra H\u0131zl\u0131 Maksimum G\u00fc\u00e7 Noktas\u0131 Takibi (MPPT) &#8211; \u00a0\u00d6zellikle bulutlu bir g\u00f6ky\u00fcz\u00fc durumunda, \u0131\u015f\u0131k yo\u011funlu\u011fu s\u00fcrekli de\u011fi\u015firken, ultra h\u0131zl\u0131 bir MPPT kontrol cihaz\u0131, enerji hasad\u0131n\u0131 PWM \u015farj kontrol cihazlar\u0131na k\u0131yasla %30&#8217;a kadar ve Daha yava\u015f MPPT denetleyicilerine k\u0131yasla %10.<br \/>\nK\u0131smi g\u00f6lgeleme ko\u015fullar\u0131nda Geli\u015fmi\u015f Maksimum G\u00fc\u00e7 Noktas\u0131 Tespiti &#8211; \u00a0K\u0131smi g\u00f6lgeleme meydana gelirse, g\u00fc\u00e7-voltaj e\u011frisinde iki veya daha fazla maksimum g\u00fc\u00e7 noktas\u0131 bulunabilir. Geleneksel MPPT&#8217;ler, optimum MPP olmayabilen yerel bir MPP&#8217;ye kilitlenme e\u011filimindedir. Yenilik\u00e7i BlueSolar algoritmas\u0131, optimum MPP&#8217;ye kilitlenerek enerji hasad\u0131n\u0131 her zaman en \u00fcst d\u00fczeye \u00e7\u0131karacakt\u0131r.<br \/>\nOla\u011fan\u00fcst\u00fc d\u00f6n\u00fc\u015f\u00fcm verimlili\u011fi &#8211; \u00a0So\u011futma fan\u0131 yok. Maksimum verimlilik %98&#8217;i a\u015f\u0131yor.<br \/>\nEsnek \u015farj algoritmas\u0131 &#8211; \u00a0Tamamen programlanabilir \u015farj algoritmas\u0131 (web sitemizdeki yaz\u0131l\u0131m sayfas\u0131na bak\u0131n) ve bir d\u00f6ner anahtarla se\u00e7ilebilen \u00f6nceden programlanm\u0131\u015f sekiz algoritma (ayr\u0131nt\u0131lar i\u00e7in k\u0131lavuza bak\u0131n).<br \/>\nProgramlama, ger\u00e7ek zamanl\u0131 veri ve ge\u00e7mi\u015f g\u00f6r\u00fcnt\u00fcleme se\u00e7enekleri- \u00a0Modern Apple ve Android ak\u0131ll\u0131 telefonlar, tabletler, macbook&#8217;lar ve di\u011fer cihazlar: ekran g\u00f6r\u00fcnt\u00fcleri i\u00e7in VE.Direct Bluetooth Smart program kilidine ve MPPT uygulama ke\u015fif sayfas\u0131na bak\u0131n.<br \/>\nProgramlanabilir r\u00f6le- \u00a0Bir alarmda veya di\u011fer olaylarda a\u00e7acak \u015fekilde programlanabilir (ak\u0131ll\u0131 telefon ile).<br \/>\n\u0130ste\u011fe ba\u011fl\u0131: tak\u0131labilir LCD ekran &#8211; \u00a0Kontrol\u00f6r\u00fcn \u00f6n\u00fcndeki fi\u015fi koruyan lastik contay\u0131 \u00e7\u0131karman\u0131z ve ekran\u0131 takman\u0131z yeterlidir.<br \/>\nUzaktan a\u00e7ma-kapama- \u00a0\u00d6rne\u011fin bir VE.BUS BMS&#8217;ye ba\u011flanmak i\u00e7in.<br \/>\nKapsaml\u0131 elektronik koruma &#8211; \u00a0A\u015f\u0131r\u0131 s\u0131cakl\u0131k korumas\u0131 ve s\u0131cakl\u0131k y\u00fcksek oldu\u011funda g\u00fcc\u00fcn azalmas\u0131. PV k\u0131sa devre ve PV ters polarite korumas\u0131. PV ters ak\u0131m korumas\u0131.<\/p>\n<table border=\"1\" width=\"741\" cellspacing=\"0\" cellpadding=\"0\">\n<tbody>\n<tr>\n<td width=\"231\" height=\"63\"><strong>SmartSolar \u015earj Kontrol Cihaz\u0131<\/strong><\/td>\n<td width=\"86\">150\/45<\/td>\n<td width=\"86\">150\/60<\/td>\n<td style=\"text-align: center;\" colspan=\"2\" width=\"155\"><span style=\"font-size: 14px;\"><strong>150\/70<\/strong><\/span><\/td>\n<td width=\"86\">150\/85<\/td>\n<td width=\"97\">150\/100<\/td>\n<\/tr>\n<tr>\n<td width=\"231\" height=\"32\">Batarya voltaj\u0131<\/td>\n<td colspan=\"6\" width=\"510\">12 \/ 24 \/ 48V Otomatik Se\u00e7im (36V&#8217;u se\u00e7mek i\u00e7in yaz\u0131l\u0131m arac\u0131 gerekir)<\/td>\n<\/tr>\n<tr>\n<td width=\"231\" height=\"32\">Nominal\u00a0\u00a0\u015farj\u00a0\u00a0ak\u0131m\u0131<\/td>\n<td width=\"86\">45A<\/td>\n<td width=\"86\">60A<\/td>\n<td style=\"text-align: center;\" colspan=\"2\" width=\"155\">70A<\/td>\n<td width=\"86\">85A<\/td>\n<td width=\"97\">100A<\/td>\n<\/tr>\n<tr>\n<td width=\"231\" height=\"63\">Nominal PV g\u00fcc\u00fc,\u00a0\u00a012V\u00a0\u00a01a,b)<\/td>\n<td width=\"86\">650W<\/td>\n<td width=\"86\">860W<\/td>\n<td style=\"text-align: center;\" colspan=\"2\" width=\"155\">1000W<\/td>\n<td width=\"86\">1200W<\/td>\n<td width=\"97\">1450W<\/td>\n<\/tr>\n<tr>\n<td width=\"231\" height=\"63\">Nominal PV g\u00fcc\u00fc,\u00a0\u00a024V\u00a0\u00a01a,b)<\/td>\n<td width=\"86\">1300W<\/td>\n<td width=\"86\">1720W<\/td>\n<td style=\"text-align: center;\" colspan=\"2\" width=\"155\">2000W<\/td>\n<td width=\"86\">2400W<\/td>\n<td width=\"97\">2900W<\/td>\n<\/tr>\n<tr>\n<td width=\"231\" height=\"63\">Nominal PV g\u00fcc\u00fc, 36V 1a,b)<\/td>\n<td width=\"86\">1950W<\/td>\n<td width=\"86\">2580W<\/td>\n<td style=\"text-align: center;\" colspan=\"2\" width=\"155\">3000W<\/td>\n<td width=\"86\">3600W<\/td>\n<td width=\"97\">4350W<\/td>\n<\/tr>\n<tr>\n<td width=\"231\" height=\"63\">Nominal PV g\u00fcc\u00fc, 48V 1a,b)<\/td>\n<td width=\"86\">2600W<\/td>\n<td width=\"86\">3440W<\/td>\n<td style=\"text-align: center;\" colspan=\"2\" width=\"155\">4000W<\/td>\n<td width=\"86\">4900W<\/td>\n<td width=\"97\">5800W<\/td>\n<\/tr>\n<tr>\n<td width=\"231\" height=\"63\">Maks.\u00a0PV k\u0131sa devre\u00a0\u00a0ak\u0131m\u0131\u00a0\u00a0\u00a02)<\/td>\n<td colspan=\"3\" width=\"254\">50A (\u00a0\u00a0MC4\u00a0\u00a0ba\u011flant\u0131s\u0131 ba\u015f\u0131na maks. 30A)<\/td>\n<td colspan=\"3\" width=\"256\">70A (MC4\u00a0\u00a0ba\u011flant\u0131s\u0131 ba\u015f\u0131na maks. 30A)<\/td>\n<\/tr>\n<tr>\n<td rowspan=\"2\" width=\"231\" height=\"63\">Maksimum\u00a0\u00a0PV\u00a0\u00a0a\u00e7\u0131k\u00a0\u00a0devre\u00a0\u00a0gerilimi<\/td>\n<td colspan=\"6\" width=\"510\">150V\u00a0\u00a0mutlak\u00a0\u00a0maksimum\u00a0\u00a0en so\u011fuk\u00a0\u00a0ko\u015fullar<\/td>\n<\/tr>\n<tr>\n<td colspan=\"6\" width=\"510\" height=\"32\">145V ba\u015flatma ve maksimum \u00e7al\u0131\u015fma<\/td>\n<\/tr>\n<tr>\n<td width=\"231\" height=\"32\">Maksimum verimlilik<\/td>\n<td colspan=\"6\" width=\"510\">98%<\/td>\n<\/tr>\n<tr>\n<td width=\"231\" height=\"32\">\u00d6z t\u00fcketim<\/td>\n<td colspan=\"6\" width=\"510\">35mA @ 12V \/ 20mA @ 48V&#8217;den az<\/td>\n<\/tr>\n<tr>\n<td rowspan=\"2\" width=\"231\" height=\"63\">\u015earj gerilimi &#8217;emilimi&#8217;<\/td>\n<td colspan=\"6\" width=\"510\">Varsay\u0131lan ayar: 14,4 \/ 28,8 \/ 43,2 \/ 57,6V<\/td>\n<\/tr>\n<tr>\n<td colspan=\"6\" width=\"510\" height=\"32\">(ayarlanabilir: d\u00f6ner anahtar, ekran, VE.Direct veya Bluetooth)<\/td>\n<\/tr>\n<tr>\n<td rowspan=\"2\" width=\"231\" height=\"63\">\u015earj voltaj\u0131 &#8216;kayan&#8217;<\/td>\n<td colspan=\"6\" width=\"510\">Varsay\u0131lan ayar: 13,8 \/ 27,6 \/ 41,4 \/ 55,2V<\/td>\n<\/tr>\n<tr>\n<td colspan=\"6\" width=\"510\" height=\"32\">(ayarlanabilir: d\u00f6ner anahtar, ekran, VE.Direct veya Bluetooth)<\/td>\n<\/tr>\n<tr>\n<td width=\"231\" height=\"32\">\u015earj voltaj\u0131 &#8216;e\u015fitleme&#8217;<\/td>\n<td colspan=\"6\" width=\"510\">Varsay\u0131lan ayar: 16,2V \/ 32,4V \/ 48,6V \/ 64,8V (ayarlanabilir)<\/td>\n<\/tr>\n<tr>\n<td width=\"231\" height=\"32\">\u015earj algoritmas\u0131<\/td>\n<td colspan=\"6\" width=\"510\">\u00e7ok a\u015famal\u0131 uyarlamal\u0131 (sekiz \u00f6nceden programlanm\u0131\u015f algoritma) veya kullan\u0131c\u0131 tan\u0131ml\u0131 algoritma<\/td>\n<\/tr>\n<tr>\n<td width=\"231\" height=\"32\">S\u0131cakl\u0131k telafisi<\/td>\n<td colspan=\"6\" width=\"510\">-16 mV \/ -32 mV \/ -64 mV \/ \u00b0C<\/td>\n<\/tr>\n<tr>\n<td rowspan=\"2\" width=\"231\" height=\"63\">Koruma<\/td>\n<td colspan=\"6\" width=\"510\">Pil ters polarite (sigorta, kullan\u0131c\u0131 taraf\u0131ndan eri\u015filemez)<\/td>\n<\/tr>\n<tr>\n<td colspan=\"6\" width=\"510\" height=\"32\">PV ters polarite \/ \u00c7\u0131k\u0131\u015f k\u0131sa devresi \/ A\u015f\u0131r\u0131 s\u0131cakl\u0131k<\/td>\n<\/tr>\n<tr>\n<td width=\"231\" height=\"32\">\u00c7al\u0131\u015fma s\u0131cakl\u0131\u011f\u0131<\/td>\n<td colspan=\"6\" width=\"510\">-30 ila +60\u00b0C (40\u00b0C&#8217;ye kadar tam nominal \u00e7\u0131k\u0131\u015f)<\/td>\n<\/tr>\n<tr>\n<td width=\"231\" height=\"32\">Nem<\/td>\n<td colspan=\"6\" width=\"510\">%95, yo\u011fu\u015fmas\u0131z<\/td>\n<\/tr>\n<tr>\n<td width=\"231\" height=\"32\">Maksimum rak\u0131m<\/td>\n<td colspan=\"6\" width=\"510\">5000m (2000m&#8217;ye kadar tam nominal \u00e7\u0131k\u0131\u015f)<\/td>\n<\/tr>\n<tr>\n<td width=\"231\" height=\"32\">\u00e7evresel durum<\/td>\n<td colspan=\"6\" width=\"510\">Kapal\u0131, ko\u015fulsuz<\/td>\n<\/tr>\n<tr>\n<td width=\"231\" height=\"32\">Kirlilik derecesi<\/td>\n<td colspan=\"6\" width=\"510\">PD3<\/td>\n<\/tr>\n<tr>\n<td width=\"231\" height=\"32\">Veri ileti\u015fim portu<\/td>\n<td colspan=\"6\" width=\"510\">VE.Direct veya Bluetooth<\/td>\n<\/tr>\n<tr>\n<td width=\"231\" height=\"63\">Uzaktan a\u00e7ma\/kapama<\/td>\n<td colspan=\"6\" width=\"510\">Evet (2 kutuplu konekt\u00f6r)<\/td>\n<\/tr>\n<tr>\n<td rowspan=\"2\" width=\"231\" height=\"63\">programlanabilir r\u00f6le<\/td>\n<td colspan=\"6\" width=\"510\">DPST AC derecesi: 240VAC \/ 4A<\/td>\n<\/tr>\n<tr>\n<td colspan=\"6\" width=\"510\" height=\"32\">DC derecesi: 35VDC&#8217;ye kadar 4A, 60VDC&#8217;ye kadar 1A<\/td>\n<\/tr>\n<tr>\n<td width=\"231\" height=\"32\">paralel \u00e7al\u0131\u015fma<\/td>\n<td colspan=\"6\" width=\"510\">Evet (senkronize de\u011fil)<\/td>\n<\/tr>\n<tr>\n<td colspan=\"7\" width=\"741\" height=\"32\">MUHAFAZA<\/td>\n<\/tr>\n<tr>\n<td width=\"231\" height=\"32\">Renk<\/td>\n<td colspan=\"6\" width=\"510\">Mavi (RAL 5012)<\/td>\n<\/tr>\n<tr>\n<td rowspan=\"3\" width=\"231\" height=\"94\">PV terminalleri 3)<\/td>\n<td colspan=\"3\" width=\"254\">35 mm\u00b2 \/ AWG2 (Tr modelleri)<\/td>\n<td colspan=\"3\" width=\"256\">35 mm\u00b2 \/ AWG2 (Tr modelleri)<\/td>\n<\/tr>\n<tr>\n<td colspan=\"3\" width=\"254\" height=\"31\">\u0130ki \u00e7ift MC4 konnekt\u00f6r\u00fc (MC4 modelleri)<\/td>\n<td colspan=\"3\" width=\"256\">\u00dc\u00e7 \u00e7ift MC4 konnekt\u00f6r\u00fc (MC4<\/td>\n<\/tr>\n<tr>\n<td colspan=\"3\" width=\"254\" height=\"32\"><\/td>\n<td colspan=\"3\" width=\"256\">modeller)<\/td>\n<\/tr>\n<tr>\n<td width=\"231\" height=\"32\">Pil terminalleri<\/td>\n<td colspan=\"6\" width=\"510\">35mm\u00b2 \/ AWG2<\/td>\n<\/tr>\n<tr>\n<td width=\"231\" height=\"32\">Koruma kategorisi<\/td>\n<td colspan=\"6\" width=\"510\">IP43 (elektronik bile\u015fenler), IP22 (ba\u011flant\u0131 alan\u0131)<\/td>\n<\/tr>\n<tr>\n<td width=\"231\" height=\"32\">A\u011f\u0131rl\u0131k<\/td>\n<td colspan=\"3\" width=\"254\">3 kilo<\/td>\n<td colspan=\"3\" width=\"256\">\u00a0\u00a0\u00a0\u00a0\u00a0\u00a0\u00a0\u00a0\u00a0\u00a0\u00a0\u00a0\u00a0\u00a0\u00a0\u00a0\u00a0 4,5kg<\/td>\n<\/tr>\n<tr>\n<td rowspan=\"2\" width=\"231\" height=\"63\">Boyutlar (yxwxd) mm cinsinden<\/td>\n<td colspan=\"3\" width=\"254\">Tr modelleri: 185 x 250 x 95 mm<\/td>\n<td colspan=\"3\" width=\"256\">Tr modelleri: 216 x 295 x 103<\/td>\n<\/tr>\n<tr>\n<td colspan=\"3\" width=\"254\" height=\"32\">MC4 modelleri: 215 x 250 x 95 mm<\/td>\n<td colspan=\"3\" width=\"256\">MC4 modelleri: 246 x 295 x 103<\/td>\n<\/tr>\n<tr>\n<td colspan=\"7\" width=\"741\" height=\"32\">STANDARTLAR<\/td>\n<\/tr>\n<tr>\n<td width=\"231\" height=\"32\">Emniyet<\/td>\n<td colspan=\"6\" width=\"510\">EN\/IEC 62109-1, UL 1741, CSA C22.2<\/td>\n<\/tr>\n<tr>\n<td colspan=\"7\" width=\"741\" height=\"32\">1a) Daha fazla PV g\u00fcc\u00fc ba\u011flan\u0131rsa, kontrol\u00f6r giri\u015f g\u00fcc\u00fcn\u00fc s\u0131n\u0131rlayacakt\u0131r.<\/td>\n<\/tr>\n<tr>\n<td colspan=\"7\" width=\"741\" height=\"32\">1b) Kontrol\u00f6r\u00fcn ba\u015flamas\u0131 i\u00e7in PV voltaj\u0131n\u0131n Vbat + 5V&#8217;u ge\u00e7mesi gerekir.\u00a0Bundan sonra minimum PV voltaj\u0131 Vbat + 1V&#8217;dir.<\/td>\n<\/tr>\n<tr>\n<td colspan=\"7\" width=\"741\" height=\"32\">\u00a0\u00a0\u00a0\u00a0\u00a0\u00a0\u00a0\u00a0\u00a0\u00a0\u00a0\u00a0\u00a0\u00a0\u00a0\u00a0\u00a0\u00a0\u00a0\u00a0\u00a0\u00a0\u00a0\u00a0\u00a0\u00a0\u00a0\u00a0\u00a0\u00a0\u00a0\u00a0\u00a0\u00a0\u00a0\u00a0\u00a0\u00a0\u00a0\u00a0\u00a0\u00a0\u00a0\u00a0\u00a0\u00a0\u00a0\u00a0\u00a0\u00a0\u00a0\u00a0\u00a0\u00a0\u00a0\u00a0\u00a0\u00a0\u00a0\u00a0\u00a0\u00a0\u00a0\u00a0\u00a0\u00a0\u00a0\u00a0\u00a0\u00a0\u00a0\u00a0\u00a0\u00a0\u00a0\u00a0\u00a0\u00a0\u00a0\u00a0\u00a0\u00a0\u00a0 2) Daha y\u00fcksek k\u0131sa devre ak\u0131m\u0131na sahip bir PV dizisi, denetleyiciye zarar verebilir.<\/td>\n<\/tr>\n<tr>\n<td colspan=\"7\" width=\"741\" height=\"32\">3) MC4 modelleri: g\u00fcne\u015f panellerinin dizilerini paralel hale getirmek i\u00e7in birka\u00e7 ay\u0131r\u0131c\u0131 \u00e7ift gerekebilir<\/td>\n<\/tr>\n<\/tbody>\n<\/table>\n<\/div>\n","protected":false},"excerpt":{"rendered":"<p><img decoding=\"async\" class=\"alignnone size-full wp-image-6859\" src=\"https:\/\/ermtech.com.tr\/magaza\/wp-content\/uploads\/sites\/2\/2023\/11\/victron-energy-bv-logo-vector-e1699788428433.png\" alt=\"\" width=\"150\" height=\"83\" \/><\/p>\n","protected":false},"featured_media":5703,"comment_status":"open","ping_status":"closed","template":"","meta":{"_acf_changed":false},"product_cat":[297],"product_tag":[],"class_list":{"0":"post-6311","1":"product","2":"type-product","3":"status-publish","4":"has-post-thumbnail","6":"product_cat-mppt-solar-sarj-cihazlari","8":"first","9":"outofstock","10":"taxable","11":"shipping-taxable","12":"purchasable","13":"product-type-simple"},"acf":[],"_links":{"self":[{"href":"https:\/\/ermtech.com.tr\/magaza\/wp-json\/wp\/v2\/product\/6311","targetHints":{"allow":["GET"]}}],"collection":[{"href":"https:\/\/ermtech.com.tr\/magaza\/wp-json\/wp\/v2\/product"}],"about":[{"href":"https:\/\/ermtech.com.tr\/magaza\/wp-json\/wp\/v2\/types\/product"}],"replies":[{"embeddable":true,"href":"https:\/\/ermtech.com.tr\/magaza\/wp-json\/wp\/v2\/comments?post=6311"}],"version-history":[{"count":2,"href":"https:\/\/ermtech.com.tr\/magaza\/wp-json\/wp\/v2\/product\/6311\/revisions"}],"predecessor-version":[{"id":7294,"href":"https:\/\/ermtech.com.tr\/magaza\/wp-json\/wp\/v2\/product\/6311\/revisions\/7294"}],"wp:featuredmedia":[{"embeddable":true,"href":"https:\/\/ermtech.com.tr\/magaza\/wp-json\/wp\/v2\/media\/5703"}],"wp:attachment":[{"href":"https:\/\/ermtech.com.tr\/magaza\/wp-json\/wp\/v2\/media?parent=6311"}],"wp:term":[{"taxonomy":"product_cat","embeddable":true,"href":"https:\/\/ermtech.com.tr\/magaza\/wp-json\/wp\/v2\/product_cat?post=6311"},{"taxonomy":"product_tag","embeddable":true,"href":"https:\/\/ermtech.com.tr\/magaza\/wp-json\/wp\/v2\/product_tag?post=6311"}],"curies":[{"name":"wp","href":"https:\/\/api.w.org\/{rel}","templated":true}]}}