{"id":6308,"date":"2023-11-08T21:52:47","date_gmt":"2023-11-08T18:52:47","guid":{"rendered":"https:\/\/ermtech.com.tr\/magaza\/?post_type=product&#038;p=6308"},"modified":"2023-11-29T16:24:28","modified_gmt":"2023-11-29T13:24:28","slug":"victron-12v-130ah-deep-cycle-jel-aku-38kg","status":"publish","type":"product","link":"https:\/\/ermtech.com.tr\/magaza\/urun\/victron-12v-130ah-deep-cycle-jel-aku-38kg","title":{"rendered":"Victron 12V 130AH Deep Cycle JEL Ak\u00fc 38kg"},"content":{"rendered":"<div id=\"Jpills-two-example1\" class=\"tab-pane fade active show\" role=\"tabpanel\" aria-labelledby=\"Jpills-two-example1-tab\">\n<p><span style=\"color: f28b00; font-family: helvetica; font-weight: bold; font-size: 18px; letter-spacing: -0.3px;\">Victron 12V 130AH Deep Cycle JEL Ak\u00fc 38kg<\/span><\/p>\n<p><span style=\"color: f28b00; font-family: helvetica; ;font-size: 14px; letter-spacing: -0.3px;\"> Stok kodu: BAT412121104<\/span><\/p>\n<hr \/>\n<p>&nbsp;<\/p>\n<p>Jel ve AGM Ak\u00fcler<br \/>\nVRLA AGM: tasar\u0131m \u00f6mr\u00fc 7-10 y\u0131l<br \/>\nVRLA GEL: tasar\u0131m \u00f6mr\u00fc 12 y\u0131l<\/p>\n<p>AGM serisi, \u00e7ok d\u00fc\u015f\u00fck bir dahili rezistansa sahip olmas\u0131 sebebiyle, invert\u00f6rler, iticiler, ve vin\u00e7ler gibi y\u00fcksek ak\u0131ml\u0131 de\u015farj i\u015flemleri i\u00e7in \u00f6zellikle uygundur.<\/p>\n<p>GEL modeli, en iyi derin devir dayan\u0131kl\u0131l\u0131\u011f\u0131n\u0131 sunar ve daha uzun bir kullan\u0131m \u00f6mr\u00fc sa\u011flar. Tamamen saf malzemelerin ve kur\u015fun kalsiyum \u0131zgaralar\u0131n kullan\u0131m\u0131, AGM ve GEL \u00fcr\u00fcnlerinin kendi kendine de\u015farj olma e\u011filimini d\u00fc\u015f\u00fcrerek, uzun s\u00fcre boyunca \u015farj edilmediklerinde bile de\u015farj olmalar\u0131n\u0131 geciktirir. \u0130ki \u00fcr\u00fcn serisi de, olabilecek en iyi ba\u011flant\u0131 konta\u011f\u0131n\u0131 sa\u011flayan ve ak\u00fc terminali ihtiyac\u0131n\u0131 ortadan kald\u0131ran M8 delikli, d\u00fcz bak\u0131r terminallerle sunulmu\u015ftur. Ak\u00fcler, ABS yanmaz kaplar i\u00e7inde CE ve UL spesifikasyonlar\u0131na uygun \u015fekilde sunulur ve Victron\u2019un d\u00fcnya \u00e7ap\u0131nda sa\u011flad\u0131\u011f\u0131 2 y\u0131l garantiyle temin edilir.<\/p>\n<p>GEL model yelpazesi, en iyi derin d\u00f6ng\u00fc dayan\u0131kl\u0131l\u0131\u011f\u0131 ve genel olarak daha uzun \u00f6m\u00fcr sunar.\u00a0Y\u00fcksek safl\u0131kta malzemelerin ve kur\u015fun kalsiyum \u0131zgaralar\u0131n\u0131n kullan\u0131lmas\u0131, hem AGM hem de GEL \u00fcr\u00fcnlerinin \u00f6zellikle d\u00fc\u015f\u00fck kendi kendine de\u015farj olmas\u0131n\u0131 sa\u011flar, b\u00f6ylece uzun s\u00fcreler boyunca \u015farj olmadan d\u00fcz gitmezler.\u00a0Her iki seri de, m\u00fcmk\u00fcn olan en iyi ba\u011flant\u0131 temas\u0131n\u0131 sa\u011flayan ve pil terminallerine olan ihtiyac\u0131 ortadan kald\u0131ran M8 delinmi\u015f, d\u00fcz bak\u0131r terminallerle sa\u011flan\u0131r.\u00a0Ak\u00fcler, ABS yanmaz kaplarda hem CE hem de UL spesifikasyonlar\u0131yla uyumludur ve Victron&#8217;un 2 y\u0131ll\u0131k d\u00fcnya \u00e7ap\u0131nda garantisi ile birlikte gelir.<\/p>\n<p>VRLA GEL: tasar\u0131m \u00f6mr\u00fc 12 y\u0131l<\/p>\n<p><strong>\u00d6zellikleri<\/strong><\/p>\n<p><strong>VRLA teknolojisi<\/strong><\/p>\n<p>VRLA, Valf D\u00fczenlemeli Kur\u015fun Asit anlam\u0131na gelir; bu, pillerin s\u0131zd\u0131rmaz oldu\u011fu anlam\u0131na gelir.\u00a0Gaz, yaln\u0131zca a\u015f\u0131r\u0131 \u015farj veya h\u00fccre ar\u0131zas\u0131 durumunda g\u00fcvenlik valflerinden ka\u00e7acakt\u0131r.<\/p>\n<p>VRLA pilleri \u00f6m\u00fcr boyu bak\u0131m gerektirmez.<\/p>\n<p><strong>M\u00fch\u00fcrl\u00fc (VRLA) JEL Piller<\/strong><\/p>\n<p>Burada elektrolit jel olarak hareketsiz hale getirilir.\u00a0Jel ak\u00fcler genel olarak AGM ak\u00fclere g\u00f6re daha uzun hizmet \u00f6mr\u00fcne ve daha iyi \u00e7evrim kapasitesine sahiptir.<\/p>\n<p><strong>D\u00fc\u015f\u00fck Kendi Kendine De\u015farj<\/strong><\/p>\n<p>Kur\u015fun kalsiyum \u0131zgaralar\u0131n ve y\u00fcksek safl\u0131ktaki malzemelerin kullan\u0131lmas\u0131 nedeniyle, Victron VRLA piller, yeniden \u015farj edilmeden uzun s\u00fcre saklanabilir.\u00a020\u00b0C&#8217;de kendi kendine de\u015farj oran\u0131 ayda %2&#8217;den azd\u0131r.\u00a0Kendi kendine de\u015farj, s\u0131cakl\u0131ktaki her 10\u00b0C art\u0131\u015f i\u00e7in iki kat\u0131na \u00e7\u0131kar.<\/p>\n<p>Bu nedenle Victron VRLA pilleri, serin ko\u015fullarda muhafaza edilirse, yeniden \u015farj edilmeden bir y\u0131la kadar saklanabilir.<\/p>\n<p><strong>Ola\u011fan\u00fcst\u00fc Derin De\u015farj Kurtarma<\/strong><\/p>\n<p>Victron VRLA pilleri, derin veya uzun s\u00fcreli de\u015farjdan sonra bile ola\u011fan\u00fcst\u00fc de\u015farj geri kazan\u0131m\u0131na sahiptir.<\/p>\n<p>Bununla birlikte, tekrar tekrar derin ve uzun s\u00fcreli de\u015farj, t\u00fcm kur\u015fun asit ak\u00fclerin hizmet \u00f6mr\u00fc \u00fczerinde \u00e7ok olumsuz bir etkiye sahiptir, Victron ak\u00fcleri istisna de\u011fildir.<\/p>\n<p><strong>Pil Bo\u015faltma \u00d6zellikleri<\/strong><\/p>\n<p>Victron AGM ve Gel Deep Cycle ak\u00fclerin nominal kapasitesi, 20 saatlik de\u015farj anlam\u0131na gelir, di\u011fer bir deyi\u015fle: 0,05 C de\u015farj ak\u0131m\u0131. Victron Tubular Plate Long Life ak\u00fclerin nominal kapasitesi, 10 saatlik de\u015farj anlam\u0131na gelir.\u00a0Artan de\u015farj ak\u0131m\u0131 ile etkin kapasite azal\u0131r (bkz. Tablo 1).\u00a0L\u00fctfen, inverter gibi sabit bir g\u00fc\u00e7 y\u00fck\u00fc durumunda kapasite azalmas\u0131n\u0131n daha da h\u0131zl\u0131 olaca\u011f\u0131n\u0131 unutmay\u0131n.<\/p>\n<table>\n<tbody>\n<tr>\n<th>Marka<\/th>\n<td>Victron Enerji<\/td>\n<\/tr>\n<tr>\n<th>\u00dcretici parti numaras\u0131<\/th>\n<td>BAT412121104<\/td>\n<\/tr>\n<tr>\n<th>Voltaj<\/th>\n<td>12<\/td>\n<\/tr>\n<tr>\n<th>Kapasite (C20)<\/th>\n<td>130<\/td>\n<\/tr>\n<tr>\n<th>So\u011fuk Mar\u015f (TR)<\/th>\n<td>500<\/td>\n<\/tr>\n<tr>\n<th>Terminal Tipi<\/th>\n<td>M8<\/td>\n<\/tr>\n<tr>\n<th>Terminal D\u00fczeni<\/th>\n<td>LH+<\/td>\n<\/tr>\n<tr>\n<th>Boyutlar (Terminaller Dahil)<\/th>\n<td>L410 x G176 x H227mm<\/td>\n<\/tr>\n<tr>\n<th>A\u011f\u0131rl\u0131k (kg)<\/th>\n<td>38<\/td>\n<\/tr>\n<tr>\n<th>Garanti<\/th>\n<td>2 y\u0131l<\/td>\n<\/tr>\n<tr>\n<th>Pil Teknolojisi<\/th>\n<td>Jel<\/td>\n<\/tr>\n<tr>\n<th>Pil Uygulamas\u0131<\/th>\n<td>Derin D\u00f6ng\u00fc<\/td>\n<\/tr>\n<tr>\n<th>\u00dcretim \u00dclkesi<\/th>\n<td>Vietnam<\/td>\n<\/tr>\n<\/tbody>\n<\/table>\n<p><a href=\"https:\/\/www.victronenergy.com.tr\/upload\/documents\/Datasheet-AGM-Super-Cycle-battery-TR.pdf\">https:\/\/www.victronenergy.com.tr\/upload\/documents\/Datasheet-AGM-Super-Cycle-battery-TR.pdf<\/a><\/p>\n<p><a href=\"https:\/\/www.victronenergy.com.tr\/upload\/documents\/Datasheet-GEL-and-AGM-Batteries-TR.pdf\">https:\/\/www.victronenergy.com.tr\/upload\/documents\/Datasheet-GEL-and-AGM-Batteries-TR.pdf<\/a><\/p>\n<\/div>\n","protected":false},"excerpt":{"rendered":"<p><img decoding=\"async\" class=\"alignnone size-full wp-image-6859\" src=\"https:\/\/ermtech.com.tr\/magaza\/wp-content\/uploads\/sites\/2\/2023\/11\/victron-energy-bv-logo-vector-e1699788428433.png\" alt=\"\" width=\"150\" height=\"83\" \/><\/p>\n","protected":false},"featured_media":5700,"comment_status":"open","ping_status":"closed","template":"","meta":{"_acf_changed":false},"product_cat":[294],"product_tag":[],"class_list":{"0":"post-6308","1":"product","2":"type-product","3":"status-publish","4":"has-post-thumbnail","6":"product_cat-jel-aku-solar-akuler-enerji","8":"first","9":"outofstock","10":"taxable","11":"shipping-taxable","12":"purchasable","13":"product-type-simple"},"acf":[],"_links":{"self":[{"href":"https:\/\/ermtech.com.tr\/magaza\/wp-json\/wp\/v2\/product\/6308","targetHints":{"allow":["GET"]}}],"collection":[{"href":"https:\/\/ermtech.com.tr\/magaza\/wp-json\/wp\/v2\/product"}],"about":[{"href":"https:\/\/ermtech.com.tr\/magaza\/wp-json\/wp\/v2\/types\/product"}],"replies":[{"embeddable":true,"href":"https:\/\/ermtech.com.tr\/magaza\/wp-json\/wp\/v2\/comments?post=6308"}],"version-history":[{"count":1,"href":"https:\/\/ermtech.com.tr\/magaza\/wp-json\/wp\/v2\/product\/6308\/revisions"}],"predecessor-version":[{"id":6898,"href":"https:\/\/ermtech.com.tr\/magaza\/wp-json\/wp\/v2\/product\/6308\/revisions\/6898"}],"wp:featuredmedia":[{"embeddable":true,"href":"https:\/\/ermtech.com.tr\/magaza\/wp-json\/wp\/v2\/media\/5700"}],"wp:attachment":[{"href":"https:\/\/ermtech.com.tr\/magaza\/wp-json\/wp\/v2\/media?parent=6308"}],"wp:term":[{"taxonomy":"product_cat","embeddable":true,"href":"https:\/\/ermtech.com.tr\/magaza\/wp-json\/wp\/v2\/product_cat?post=6308"},{"taxonomy":"product_tag","embeddable":true,"href":"https:\/\/ermtech.com.tr\/magaza\/wp-json\/wp\/v2\/product_tag?post=6308"}],"curies":[{"name":"wp","href":"https:\/\/api.w.org\/{rel}","templated":true}]}}