{"id":6305,"date":"2023-11-08T21:52:47","date_gmt":"2023-11-08T18:52:47","guid":{"rendered":"https:\/\/ermtech.com.tr\/magaza\/?post_type=product&#038;p=6305"},"modified":"2023-11-29T16:23:56","modified_gmt":"2023-11-29T13:23:56","slug":"victron-12v-110ah-agm-deep-cycle-aku","status":"publish","type":"product","link":"https:\/\/ermtech.com.tr\/magaza\/urun\/victron-12v-110ah-agm-deep-cycle-aku","title":{"rendered":"Victron 12V 110Ah AGM Deep Cycle Ak\u00fc"},"content":{"rendered":"<div id=\"Jpills-two-example1\" class=\"tab-pane fade active show\" role=\"tabpanel\" aria-labelledby=\"Jpills-two-example1-tab\">\n<p><span style=\"color: f28b00; font-family: helvetica; font-weight: bold; font-size: 18px; letter-spacing: -0.3px;\">Victron 12V 110Ah AGM Deep Cycle Ak\u00fc<\/span><\/p>\n<p><span style=\"color: f28b00; font-family: helvetica; ;font-size: 14px; letter-spacing: -0.3px;\"> Stok kodu: BAT412101084<\/span><\/p>\n<p>&nbsp;<\/p>\n<p>VRLA AGM: tasar\u0131m \u00f6mr\u00fc 7-10 y\u0131l<br \/>\nVRLA GEL: tasar\u0131m \u00f6mr\u00fc 12 y\u0131l<br \/>\nVRLA GEL 2 Volt h\u00fccre: tasar\u0131m \u00f6mr\u00fc 20 y\u0131l<\/p>\n<p>AGM serisi, \u00e7ok d\u00fc\u015f\u00fck bir dahili rezistansa sahip olmas\u0131 sebebiyle, invert\u00f6rler, iticiler, ve vin\u00e7ler gibi y\u00fcksek ak\u0131ml\u0131 de\u015farj i\u015flemleri i\u00e7in \u00f6zellikle uygundur.<\/p>\n<p>GEL modeli, en iyi derin devir dayan\u0131kl\u0131l\u0131\u011f\u0131n\u0131 sunar ve daha uzun bir kullan\u0131m \u00f6mr\u00fc sa\u011flar. Tamamen saf malzemelerin ve kur\u015fun kalsiyum \u0131zgaralar\u0131n kullan\u0131m\u0131, AGM ve GEL \u00fcr\u00fcnlerinin kendi kendine de\u015farj olma e\u011filimini d\u00fc\u015f\u00fcrerek, uzun s\u00fcre boyunca \u015farj edilmediklerinde bile de\u015farj olmalar\u0131n\u0131 geciktirir. \u0130ki \u00fcr\u00fcn serisi de, olabilecek en iyi ba\u011flant\u0131 konta\u011f\u0131n\u0131 sa\u011flayan ve ak\u00fc terminali ihtiyac\u0131n\u0131 ortadan kald\u0131ran M8 delikli, d\u00fcz bak\u0131r terminallerle sunulmu\u015ftur. Ak\u00fcler, ABS yanmaz kaplar i\u00e7inde CE ve UL spesifikasyonlar\u0131na uygun \u015fekilde sunulur ve Victron\u2019un d\u00fcnya \u00e7ap\u0131nda sa\u011flad\u0131\u011f\u0131 2 y\u0131l garantiyle temin edilir.<\/p>\n<div class=\"videodetector\"><iframe src=\"https:\/\/www.youtube.com\/embed\/RCKDfziuDWI?autohide=1&amp;controls=1&amp;showinfo=0\" frameborder=\"0\"><\/iframe><\/div>\n<div class=\"videodetector\"><iframe src=\"https:\/\/www.youtube.com\/embed\/Ge51ObvvhdM?autohide=1&amp;controls=1&amp;showinfo=0\" frameborder=\"0\"><\/iframe><\/div>\n<div class=\"videodetector\"><\/div>\n<\/div>\n","protected":false},"excerpt":{"rendered":"<p><img decoding=\"async\" class=\"alignnone size-full wp-image-6859\" src=\"https:\/\/ermtech.com.tr\/magaza\/wp-content\/uploads\/sites\/2\/2023\/11\/victron-energy-bv-logo-vector-e1699788428433.png\" alt=\"\" width=\"150\" height=\"83\" \/><\/p>\n","protected":false},"featured_media":5697,"comment_status":"open","ping_status":"closed","template":"","meta":{"_acf_changed":false},"product_cat":[321],"product_tag":[],"class_list":{"0":"post-6305","1":"product","2":"type-product","3":"status-publish","4":"has-post-thumbnail","6":"product_cat-agm-akuler","8":"first","9":"outofstock","10":"taxable","11":"shipping-taxable","12":"purchasable","13":"product-type-simple"},"acf":[],"_links":{"self":[{"href":"https:\/\/ermtech.com.tr\/magaza\/wp-json\/wp\/v2\/product\/6305","targetHints":{"allow":["GET"]}}],"collection":[{"href":"https:\/\/ermtech.com.tr\/magaza\/wp-json\/wp\/v2\/product"}],"about":[{"href":"https:\/\/ermtech.com.tr\/magaza\/wp-json\/wp\/v2\/types\/product"}],"replies":[{"embeddable":true,"href":"https:\/\/ermtech.com.tr\/magaza\/wp-json\/wp\/v2\/comments?post=6305"}],"version-history":[{"count":1,"href":"https:\/\/ermtech.com.tr\/magaza\/wp-json\/wp\/v2\/product\/6305\/revisions"}],"predecessor-version":[{"id":6896,"href":"https:\/\/ermtech.com.tr\/magaza\/wp-json\/wp\/v2\/product\/6305\/revisions\/6896"}],"wp:featuredmedia":[{"embeddable":true,"href":"https:\/\/ermtech.com.tr\/magaza\/wp-json\/wp\/v2\/media\/5697"}],"wp:attachment":[{"href":"https:\/\/ermtech.com.tr\/magaza\/wp-json\/wp\/v2\/media?parent=6305"}],"wp:term":[{"taxonomy":"product_cat","embeddable":true,"href":"https:\/\/ermtech.com.tr\/magaza\/wp-json\/wp\/v2\/product_cat?post=6305"},{"taxonomy":"product_tag","embeddable":true,"href":"https:\/\/ermtech.com.tr\/magaza\/wp-json\/wp\/v2\/product_tag?post=6305"}],"curies":[{"name":"wp","href":"https:\/\/api.w.org\/{rel}","templated":true}]}}