{"id":6296,"date":"2023-11-08T21:52:46","date_gmt":"2023-11-08T18:52:46","guid":{"rendered":"https:\/\/ermtech.com.tr\/magaza\/?post_type=product&#038;p=6296"},"modified":"2025-03-21T16:25:09","modified_gmt":"2025-03-21T13:25:09","slug":"victron-orion-tr-smart-12-12-30a-360w-izoleli-dc-dc-sarj-cihazi","status":"publish","type":"product","link":"https:\/\/ermtech.com.tr\/magaza\/urun\/victron-orion-tr-smart-12-12-30a-360w-izoleli-dc-dc-sarj-cihazi","title":{"rendered":"Victron Orion-Tr Smart 12\/12 30A 360W \u0130zoleli DC-DC \u015earj Cihaz\u0131"},"content":{"rendered":"<div id=\"Jpills-two-example1\" class=\"tab-pane fade active show\" role=\"tabpanel\" aria-labelledby=\"Jpills-two-example1-tab\">\n<p><span style=\"color: f28b00; font-family: helvetica; font-weight: bold; font-size: 18px; letter-spacing: -0.3px;\">Victron Orion-Tr Smart 12\/12 30A 360W \u0130zoleli DC-DC \u015earj Cihaz\u0131<\/span><\/p>\n<p><span style=\"color: f28b00; font-family: helvetica; ;font-size: 14px; letter-spacing: -0.3px;\"> Stok kodu: ORI121236120<\/span><\/p>\n<p><span style=\"font-size: 14px;\"><strong>Bluetooth \u00d6zellikli Ak\u0131ll\u0131 Cihazlarla Uyumlu<\/strong><br \/>\nBluetooth \u00f6zellikli her ak\u0131ll\u0131 telefon, tablet ya da cihaz, KampKaravanMarket&#8217;te sat\u0131lan bu \u00fcr\u00fcnde\u00a0ayarlar\u0131 izlemek, de\u011fi\u015ftirmek ve yeni yaz\u0131l\u0131m \u00f6zellikleri geldi\u011finde \u015farj cihaz\u0131n\u0131 g\u00fcncellemek i\u00e7in kullan\u0131labilir.<\/span><br \/>\n<span style=\"font-size: 14px;\"><strong>Tamamen programlanabilme \u00f6zelli\u011fi<\/strong><br \/>\n&#8211; Ak\u00fc \u015farj algoritmas\u0131 (yap\u0131land\u0131r\u0131labilir) veya sabit \u00e7\u0131k\u0131\u015f.<br \/>\n&#8211; Ak\u0131ll\u0131 alternat\u00f6r uyumlulu\u011fu: motor \u00e7al\u0131\u015fmas\u0131 alg\u0131lama mekanizmas\u0131.<\/span><br \/>\n<span style=\"font-size: 14px;\"><strong>3 kademeli uyarlanabilir \u015farj algoritmas\u0131: yo\u011fun &#8211; emilim &#8211; de\u011fi\u015fken<\/strong><br \/>\n\u2022 Kur\u015fun asit ak\u00fcler i\u00e7in, d\u00fc\u015f\u00fck de\u015farj i\u015flemlerinin yap\u0131ld\u0131\u011f\u0131 durumlarda ak\u00fcn\u00fcn a\u015f\u0131r\u0131 \u015farj olmas\u0131n\u0131 engellemek i\u00e7in emilim s\u00fcresinin k\u0131sa tutulmas\u0131 \u00f6nemlidir. KampKaravanMarket&#8217;ten alabilece\u011finiz bu \u00fcr\u00fcnde derin de\u015farjdan sonra, emilim s\u00fcresi ak\u00fcn\u00fcn tamamen tekrar \u015farj edilmesini sa\u011flamak i\u00e7in otomatik olarak artt\u0131r\u0131l\u0131r.<br \/>\n\u2022 Lityum ak\u00fcler i\u00e7in emilim s\u00fcresi sabit olup 2 saattir.<br \/>\n\u2022 Alternatif olarak bir sabit \u00e7\u0131k\u0131\u015f gerilimi se\u00e7ilebilir.<\/span><br \/>\n<span style=\"font-size: 14px;\"><strong>Ak\u0131ll\u0131 alternat\u00f6rl\u00fc ara\u00e7larda kullan\u0131m i\u00e7in uygundur (Euro 5 ve Euro 6 motorlar)<\/strong><br \/>\nKampKaravanMarket b\u00fcnyesinde olan bu \u00fcr\u00fcn\u00fcn entegre motor kapanma alg\u0131lama sistemi, motor \u00e7al\u0131\u015fmad\u0131\u011f\u0131nda konvert\u00f6r\u00fc durdurur. B\u00f6ylece mar\u015f ak\u00fcs\u00fcn\u00fcn istenmeyen \u015fekilde de\u015farj olmas\u0131 \u00f6nlenir (ayr\u0131nt\u0131lar i\u00e7in kullan\u0131m k\u0131lavuzuna bak\u0131n\u0131z).<\/span><br \/>\n<span style=\"font-size: 14px;\"><strong>Uzaktan a\u00e7ma-kapama<\/strong><br \/>\n\u0130ki kutuplu bir konekt\u00f6re uzaktan a\u00e7ma\/kapama anahtar\u0131 ya da r\u00f6le konta\u011f\u0131 ba\u011flanabilir. Alternatif olarak iki kutuplu konekt\u00f6r\u00fcn H terminali (sa\u011f), ak\u00fc art\u0131 kutbuna veya L terminali (sol) ak\u00fc eksi kutbuna (veya \u00f6rne\u011fin, arac\u0131na \u015fasisine) ge\u00e7irilebilir.<\/span><br \/>\n<span style=\"font-size: 14px;\"><strong>T\u00fcm modeller k\u0131sa devre korumal\u0131d\u0131r ve \u00e7\u0131k\u0131\u015f ak\u0131m\u0131n\u0131 art\u0131rmak i\u00e7in paralel ba\u011flanabilir<\/strong><br \/>\nS\u0131n\u0131rs\u0131z say\u0131da \u00fcnite paralel ba\u011flanabilir.<\/span><br \/>\n<span style=\"font-size: 14px;\"><strong>Y\u00fcksek s\u0131cakl\u0131k korumal\u0131<\/strong><br \/>\n\u00c7\u0131k\u0131\u015f ak\u0131m\u0131, y\u00fcksek ortam s\u0131cakl\u0131\u011f\u0131nda d\u00fc\u015fer.<\/span><br \/>\n<span style=\"font-size: 14px;\"><strong>IP43 korumas\u0131<\/strong><br \/>\nA\u015fa\u011f\u0131 y\u00f6nl\u00fc vidal\u0131 terminallerle kuruldu\u011funda.<\/span><br \/>\n<span style=\"font-size: 14px;\"><strong>Vidal\u0131 terminaller<\/strong><br \/>\nKurulum i\u00e7in \u00f6zel bir alet gerekli de\u011fildir.<\/span><br \/>\n<strong><span style=\"font-size: 14px;\">Giri\u015f sigortas\u0131 (de\u011fi\u015ftirilemez)\u00a0<\/span><\/strong><\/p>\n<p><span style=\"font-size: 16px;\"><strong>\u00d6ZELL\u0130KLER<\/strong><\/span><\/p>\n<p><span style=\"font-size: 14px;\">Giri\u015f voltaj\u0131 aral\u0131\u011f\u0131 (1) -&gt; 10-17 V<br \/>\nD\u00fc\u015f\u00fck voltajda kapanma -&gt; 7 V<br \/>\nD\u00fc\u015f\u00fck voltajda yeniden ba\u015flatma -&gt; 7,5 V<br \/>\nNominal \u00e7\u0131k\u0131\u015f voltaj\u0131 -&gt; 12,2 V<br \/>\n\u00c7\u0131k\u0131\u015f voltaj\u0131 ayarlama aral\u0131\u011f\u0131 -&gt; 10-15 V<br \/>\n\u00c7\u0131k\u0131\u015f voltaj\u0131 tolerans\u0131 -&gt; +\/- 0,2 V<br \/>\n\u00c7\u0131k\u0131\u015f g\u00fcr\u00fclt\u00fcs\u00fc -&gt; 2 mV rms<br \/>\nNominal \u00e7\u0131k\u0131\u015f voltaj\u0131nda ve 40\u00b0C\u2019de s\u00fcrekli \u00e7\u0131k\u0131\u015f ak\u0131m\u0131 -&gt; 30A<br \/>\nNominal \u00e7\u0131k\u0131\u015f voltaj\u0131 eksi %20\u2019de s\u00fcrekli \u00e7\u0131k\u0131\u015f ak\u0131m\u0131 (10 s) -&gt; 40 A<br \/>\nK\u0131sa devre \u00e7\u0131k\u0131\u015f ak\u0131m\u0131 -&gt; 60 A<br \/>\n25 \u00b0C\u2019de s\u00fcrekli \u00e7\u0131k\u0131\u015f g\u00fcc\u00fc -&gt; 430 W<br \/>\n40 \u00b0C\u2019de s\u00fcrekli \u00e7\u0131k\u0131\u015f g\u00fcc\u00fc -&gt; 360 W<br \/>\nVerimlilik -&gt; %87<br \/>\nY\u00fcks\u00fcz giri\u015f y\u00fck ak\u0131m\u0131 -&gt; &lt; 80 mA<br \/>\nBekleme ak\u0131m\u0131 -&gt; &lt; 1 mA<br \/>\nGalvanik izolasyon -&gt; Giri\u015f, \u00e7\u0131k\u0131\u015f ve kasa aras\u0131nda 200 VDC<br \/>\n\u00c7al\u0131\u015fma s\u0131cakl\u0131\u011f\u0131 aral\u0131\u011f\u0131 -&gt; -20 ila +55 \u00b0C (40 \u00b0C \u00fczerinde her \u00b0C de\u011feri i\u00e7in %3 d\u00fc\u015f\u00fc\u015f)<br \/>\nNem Maks. -&gt; %95, yo\u011fu\u015fmas\u0131z<br \/>\nDC ba\u011flant\u0131s\u0131 -&gt; Vidal\u0131 terminaller<br \/>\nMaksimum kablo \u00e7apraz kesiti -&gt; 16 mm\u00b2 \/ AWG6<br \/>\nA\u011f\u0131rl\u0131k -&gt; 1,8 kg<br \/>\nBoyutlar (yxgxd) -&gt; 130 x 186 x 80 mm<br \/>\nKoruma kategorisi -&gt; IP43 (elektronik bile\u015fenler), IP22 (ba\u011flant\u0131 b\u00f6lgesi)<br \/>\n<strong>STANDARTLAR<\/strong><\/span><\/p>\n<p><span style=\"font-size: 14px;\">G\u00fcvenlik -&gt;\u00a0EN 60950<br \/>\nEmisyon \/ Ba\u011f\u0131\u015f\u0131kl\u0131k -&gt;\u00a0EN 61000-6-3, EN 55014-1 \/ EN 61000-6-2, EN 61000-6-1, EN 55014-2<br \/>\nOtomotiv Direktifi -&gt; ECE R10-5<\/span><\/p>\n<\/div>\n","protected":false},"excerpt":{"rendered":"<p><img decoding=\"async\" class=\"alignnone size-full wp-image-6859\" src=\"https:\/\/ermtech.com.tr\/magaza\/wp-content\/uploads\/sites\/2\/2023\/11\/victron-energy-bv-logo-vector-e1699788428433.png\" alt=\"\" width=\"150\" height=\"83\" \/><\/p>\n","protected":false},"featured_media":5686,"comment_status":"open","ping_status":"closed","template":"","meta":{"_acf_changed":false},"product_cat":[286],"product_tag":[],"class_list":{"0":"post-6296","1":"product","2":"type-product","3":"status-publish","4":"has-post-thumbnail","6":"product_cat-alternatorden-aku-sarj-cihazlari-karavan-enerji-enerji","8":"first","9":"outofstock","10":"taxable","11":"shipping-taxable","12":"purchasable","13":"product-type-simple"},"acf":[],"_links":{"self":[{"href":"https:\/\/ermtech.com.tr\/magaza\/wp-json\/wp\/v2\/product\/6296","targetHints":{"allow":["GET"]}}],"collection":[{"href":"https:\/\/ermtech.com.tr\/magaza\/wp-json\/wp\/v2\/product"}],"about":[{"href":"https:\/\/ermtech.com.tr\/magaza\/wp-json\/wp\/v2\/types\/product"}],"replies":[{"embeddable":true,"href":"https:\/\/ermtech.com.tr\/magaza\/wp-json\/wp\/v2\/comments?post=6296"}],"version-history":[{"count":2,"href":"https:\/\/ermtech.com.tr\/magaza\/wp-json\/wp\/v2\/product\/6296\/revisions"}],"predecessor-version":[{"id":8025,"href":"https:\/\/ermtech.com.tr\/magaza\/wp-json\/wp\/v2\/product\/6296\/revisions\/8025"}],"wp:featuredmedia":[{"embeddable":true,"href":"https:\/\/ermtech.com.tr\/magaza\/wp-json\/wp\/v2\/media\/5686"}],"wp:attachment":[{"href":"https:\/\/ermtech.com.tr\/magaza\/wp-json\/wp\/v2\/media?parent=6296"}],"wp:term":[{"taxonomy":"product_cat","embeddable":true,"href":"https:\/\/ermtech.com.tr\/magaza\/wp-json\/wp\/v2\/product_cat?post=6296"},{"taxonomy":"product_tag","embeddable":true,"href":"https:\/\/ermtech.com.tr\/magaza\/wp-json\/wp\/v2\/product_tag?post=6296"}],"curies":[{"name":"wp","href":"https:\/\/api.w.org\/{rel}","templated":true}]}}