{"id":6291,"date":"2023-11-08T21:52:46","date_gmt":"2023-11-08T18:52:46","guid":{"rendered":"https:\/\/ermtech.com.tr\/magaza\/?post_type=product&#038;p=6291"},"modified":"2024-03-22T22:27:51","modified_gmt":"2024-03-22T19:27:51","slug":"victron-12-8v-100ah-lifepo4-lityum-aku-smart","status":"publish","type":"product","link":"https:\/\/ermtech.com.tr\/magaza\/urun\/victron-12-8v-100ah-lifepo4-lityum-aku-smart","title":{"rendered":"Victron 12.8V 100Ah LiFePO4 Lityum Ak\u00fc Smart"},"content":{"rendered":"<div id=\"Jpills-two-example1\" class=\"tab-pane fade active show\" role=\"tabpanel\" aria-labelledby=\"Jpills-two-example1-tab\">\n<p><span style=\"color: f28b00; font-family: helvetica; font-weight: bold; font-size: 18px; letter-spacing: -0.3px;\">Victron 12.8V 100Ah LiFePO4 Lityum Ak\u00fc Smart <\/span><\/p>\n<p><span style=\"color: f28b00; font-family: helvetica; ;font-size: 14px; letter-spacing: -0.3px;\"> Stok kodu: BAT512110610<\/span><\/p>\n<p><strong><span style=\"font-size: 14px;\">Neden lityum iyon fosfat?<\/span><\/strong><\/p>\n<p>Lityum iyon fosfat (LiFePO4 veya LFP) piyasada bulunan li-ion ak\u00fc tiplerinin en g\u00fcvenlisidir. Bir LFP h\u00fccresinin nominal voltaj\u0131 3,2 V\u2019tur (kur\u015fun-asit: 2 V\/h\u00fccre). Bu nedenle bir 12,8 V LFP ak\u00fc seri ba\u011fl\u0131 4 h\u00fccreden meydana gelir ve bir 25,6 V ak\u00fc seri ba\u011fl\u0131 8 h\u00fccreden meydana gelir.<\/p>\n<p><strong><span style=\"font-size: 14px;\">Dayan\u0131kl\u0131<\/span><\/strong><\/p>\n<p>Bir kur\u015fun-asit ak\u00fc a\u015fa\u011f\u0131daki durumlarda s\u00fclfatla\u015fmaya ba\u011fl\u0131 olarak zaman\u0131ndan \u00f6nce i\u015flevini yitirecektir:<br \/>\n\u2022 Uzun s\u00fcreler boyunca \u015farj a\u00e7\u0131\u011f\u0131yla \u00e7al\u0131\u015f\u0131rsa (\u00f6rn. e\u011fer ak\u00fc nadiren tam \u015farj edilir veya hi\u00e7 tam \u015farj edilmezse).<br \/>\n\u2022 E\u011fer k\u0131smen \u015farj edilmi\u015f halde veya daha da k\u00f6t\u00fcs\u00fc tamamen de\u015farj olmu\u015f halde kal\u0131rsa (k\u0131\u015f boyunca yatta veya karavanda).<\/p>\n<p>Bir LFP ak\u00fcn\u00fcn tam \u015farj edilmesi gerekmez. Hatta bir tam \u015farj yerine k\u0131smi \u015farj durumunda hizmet \u00f6mr\u00fc k\u0131smen iyile\u015fir. Bu, kur\u015fun-asit ak\u00fclere k\u0131yasla LFP\u2019nin \u00e7ok \u00f6nemli bir avantaj\u0131d\u0131r. Di\u011fer avantajlar\u0131 ise geni\u015f \u00e7al\u0131\u015fma s\u0131cakl\u0131\u011f\u0131 aral\u0131\u011f\u0131, m\u00fckemmel d\u00f6ng\u00fc performans\u0131, d\u00fc\u015f\u00fck i\u00e7 diren\u00e7 ve y\u00fcksek verimliliktir (a\u015fa\u011f\u0131ya bak\u0131n).<\/p>\n<p>Bu nedenle LFP, her zorlu kullan\u0131m alan\u0131 i\u00e7in do\u011fal se\u00e7imdir.<\/p>\n<p><strong><span style=\"font-size: 14px;\">Verimli<\/span><\/strong><\/p>\n<p>Pek \u00e7ok uygulamada (\u00f6zellikle \u015febekeden ba\u011f\u0131ms\u0131z g\u00fcne\u015f ve\/veya r\u00fczgar) enerji verimlili\u011fi hayati \u00f6nem arz edebilir.<\/p>\n<p>Ortalama kur\u015fun asit ak\u00fcn\u00fcn gidi\u015f-d\u00f6n\u00fc\u015f enerji verimlili\u011fi (%100&#8217;den %0&#8217;a de\u015farj ve tekrar %100&#8217;e \u015farj) %80&#8217;dir.<br \/>\nBir LFP ak\u00fcs\u00fcn\u00fcn gidi\u015f-d\u00f6n\u00fc\u015f enerji verimlili\u011fi %92&#8217;dir.<\/p>\n<p>Kur\u015fun-asit ak\u00fclerin \u015farj i\u015flemi, %80 \u015farj durumuna ula\u015f\u0131ld\u0131\u011f\u0131nda verimsiz hale gelir ve bu da birka\u00e7 g\u00fcnl\u00fck enerji rezervinin gerekli oldu\u011fu g\u00fcne\u015f enerjisi sistemlerinde (ak\u00fcn\u00fcn %70 ila %100 \u015farj durumunda \u00e7al\u0131\u015ft\u0131\u011f\u0131) %50 ve hatta daha d\u00fc\u015f\u00fck verimliliklere neden olur.<\/p>\n<p>Bunun aksine bir LFP ak\u00fc, s\u0131\u011f de\u015farj ko\u015fullar\u0131nda bile %90 verimlili\u011fe ula\u015facakt\u0131r.<\/p>\n<p><strong><span style=\"font-size: 14px;\">Boyut ve a\u011f\u0131rl\u0131k<\/span><\/strong><\/p>\n<p>%70\u2019e kadar yer tasarrufu sa\u011flar<\/p>\n<p>%70\u2019e kadar a\u011f\u0131rl\u0131k tasarrufu sa\u011flar<\/p>\n<p><strong><span style=\"font-size: 14px;\">Pahal\u0131 m\u0131?<\/span><\/strong><\/p>\n<p>LFP ak\u00fcler kur\u015fun-aside k\u0131yasla pahal\u0131d\u0131rlar. Ancak zorlu uygulamalarda, daha uzun hizmet \u00f6mr\u00fc, \u00fcst\u00fcn g\u00fcvenilirlik ve m\u00fckemmel verimlilik y\u00fcksek ilk maliyeti fazlas\u0131yla telafi edecektir.<\/p>\n<p><strong><span style=\"font-size: 14px;\">Bluetooth<\/span><\/strong><\/p>\n<p>Bluetooth ile h\u00fccre voltajlar\u0131, s\u0131cakl\u0131k ve alarm durumu izlenebilir.<\/p>\n<p>H\u00fccre dengesizli\u011fi gibi bir (potansiyel) sorunun yerini tespit etmede \u00e7ok faydal\u0131d\u0131r.<\/p>\n<p><strong><span style=\"font-size: 14px;\">Teknik \u00d6zellikler<\/span><\/strong><\/p>\n<p>12.8V<\/p>\n<p>Pil Kapasitesi (C20)<br \/>\n100Ah<\/p>\n<p>Terminal Tipi<br \/>\nM8<\/p>\n<p>Terminal D\u00fczeni<br \/>\nSa\u011f El Pozitif<\/p>\n<p>Boyutlar (Terminaller Dahil)<br \/>\n197 x 321 x 152mm<\/p>\n<p>A\u011f\u0131rl\u0131k<br \/>\n14Kg<\/p>\n<p>Garanti<br \/>\n3 y\u0131l<\/p>\n<p>\u00dcretim \u00dclkesi<br \/>\n\u00c7in<\/p>\n<p>Pil Teknolojisi<br \/>\nLityum<\/p>\n<p>Pil Uygulamas\u0131<br \/>\nDerin D\u00f6ng\u00fc<\/p>\n<\/div>\n","protected":false},"excerpt":{"rendered":"<p><img decoding=\"async\" class=\"alignnone size-full wp-image-6859\" src=\"https:\/\/ermtech.com.tr\/magaza\/wp-content\/uploads\/sites\/2\/2023\/11\/victron-energy-bv-logo-vector-e1699788428433.png\" alt=\"\" width=\"150\" height=\"83\" \/><\/p>\n","protected":false},"featured_media":5656,"comment_status":"open","ping_status":"closed","template":"","meta":{"_acf_changed":false},"product_cat":[290],"product_tag":[],"class_list":{"0":"post-6291","1":"product","2":"type-product","3":"status-publish","4":"has-post-thumbnail","6":"product_cat-lityum-lifepo4-aku-solar-akuler-enerji","8":"first","9":"outofstock","10":"taxable","11":"shipping-taxable","12":"purchasable","13":"product-type-simple"},"acf":[],"_links":{"self":[{"href":"https:\/\/ermtech.com.tr\/magaza\/wp-json\/wp\/v2\/product\/6291","targetHints":{"allow":["GET"]}}],"collection":[{"href":"https:\/\/ermtech.com.tr\/magaza\/wp-json\/wp\/v2\/product"}],"about":[{"href":"https:\/\/ermtech.com.tr\/magaza\/wp-json\/wp\/v2\/types\/product"}],"replies":[{"embeddable":true,"href":"https:\/\/ermtech.com.tr\/magaza\/wp-json\/wp\/v2\/comments?post=6291"}],"version-history":[{"count":1,"href":"https:\/\/ermtech.com.tr\/magaza\/wp-json\/wp\/v2\/product\/6291\/revisions"}],"predecessor-version":[{"id":6901,"href":"https:\/\/ermtech.com.tr\/magaza\/wp-json\/wp\/v2\/product\/6291\/revisions\/6901"}],"wp:featuredmedia":[{"embeddable":true,"href":"https:\/\/ermtech.com.tr\/magaza\/wp-json\/wp\/v2\/media\/5656"}],"wp:attachment":[{"href":"https:\/\/ermtech.com.tr\/magaza\/wp-json\/wp\/v2\/media?parent=6291"}],"wp:term":[{"taxonomy":"product_cat","embeddable":true,"href":"https:\/\/ermtech.com.tr\/magaza\/wp-json\/wp\/v2\/product_cat?post=6291"},{"taxonomy":"product_tag","embeddable":true,"href":"https:\/\/ermtech.com.tr\/magaza\/wp-json\/wp\/v2\/product_tag?post=6291"}],"curies":[{"name":"wp","href":"https:\/\/api.w.org\/{rel}","templated":true}]}}