{"id":6285,"date":"2023-11-08T21:52:45","date_gmt":"2023-11-08T18:52:45","guid":{"rendered":"https:\/\/ermtech.com.tr\/magaza\/?post_type=product&#038;p=6285"},"modified":"2025-03-21T16:24:47","modified_gmt":"2025-03-21T13:24:47","slug":"victron-energy-blue-smart-ip22-12v-15a-sarj-cihazi","status":"publish","type":"product","link":"https:\/\/ermtech.com.tr\/magaza\/urun\/victron-energy-blue-smart-ip22-12v-15a-sarj-cihazi","title":{"rendered":"Victron Energy Blue Smart IP22 12V 15A \u015earj Cihaz\u0131"},"content":{"rendered":"<div id=\"Jpills-two-example1\" class=\"tab-pane fade active show\" role=\"tabpanel\" aria-labelledby=\"Jpills-two-example1-tab\">\n<p><span style=\"color: f28b00; font-family: helvetica; font-weight: bold; font-size: 18px; letter-spacing: -0.3px;\">Victron Energy Blue Smart IP22 12V 15A \u015earj Cihaz\u0131 <\/span><\/p>\n<p><span style=\"color: f28b00; font-family: helvetica; ;font-size: 14px; letter-spacing: -0.3px;\"> Stok kodu: BPC121542002<\/span><\/p>\n<p>Bluetooth Smart<br \/>\nVoltaj ve ak\u0131m\u0131 izlemek, ayarlar\u0131 de\u011fi\u015ftirmek ve yeni \u00f6zellikler kullan\u0131ma sunuldu\u011funda \u015farj cihaz\u0131n\u0131 g\u00fcncellemek<br \/>\ni\u00e7in kablosuz \u00e7\u00f6z\u00fcm.<\/p>\n<p>Y\u00fcksek verimlilik<br \/>\n%94&#8217;e varan verimlilikleriyle bu \u015farj cihazlar\u0131 end\u00fcstri standard\u0131yla kar\u015f\u0131la\u015ft\u0131r\u0131ld\u0131\u011f\u0131nda d\u00f6rt kata kadar daha az \u0131s\u0131<br \/>\n\u00fcretirler.<br \/>\nAk\u00fc tamamen \u015farj olunca g\u00fc\u00e7 t\u00fcketimi 0,5 Watt&#8217;\u0131n alt\u0131na kadar d\u00fc\u015fer, bu da end\u00fcstri standard\u0131ndan be\u015f-on kat<br \/>\ndaha iyi bir de\u011ferdir.<br \/>\n6 kademeli uyarlanabilir \u015farj algoritmas\u0131: test &#8211; yo\u011fun &#8211; emilim &#8211; revizyon &#8211; y\u00fczd\u00fcrme &#8211; depolama<br \/>\nBlue Smart \u015earj Cihaz\u0131, mikro i\u015flemci kontroll\u00fc bir \u201cadaptif\u201d ak\u00fc y\u00f6netimi \u00f6zelli\u011fi i\u00e7erir. Adaptif \u00f6zelli\u011fi, \u015farj s\u00fcrecini<br \/>\nak\u00fcn\u00fcn kullan\u0131lma bi\u00e7imine g\u00f6re otomatik olarak optimize eder.<br \/>\nTamamen programlanabilir \u015farj algoritmas\u0131<br \/>\nEmilim, Y\u00fczd\u00fcrme ve Depolama voltajlar\u0131n\u0131n yan\u0131 s\u0131ra Revizyon ayar\u0131 ve s\u0131cakl\u0131k telafi de\u011feri Bluetooth<br \/>\nuygulamas\u0131yla programlanabilir.<br \/>\nUzman modunu a\u00e7t\u0131ktan sonra uygulama, \u015farj algoritmas\u0131 taraf\u0131ndan kullan\u0131lan t\u00fcm parametre ve s\u00fcre limitlerinin<br \/>\npratikte de\u011fi\u015ftirilmesini sa\u011flar.<br \/>\nDepolama Modu: Ak\u00fc kullan\u0131lmad\u0131\u011f\u0131nda daha az bak\u0131m ve daha az eskime<br \/>\nDepolama modu, ak\u00fc 24 saat boyunca de\u015farj i\u015flemine tabi tutulmad\u0131\u011f\u0131nda devreye girer. Depolama modunda<br \/>\nminimum voltaj 2,2 V\/h\u00fccre (12 V ak\u00fc i\u00e7in 13,2 V) de\u011ferine d\u00fc\u015f\u00fcr\u00fclerek, pozitif plakalar\u0131n gazlanmas\u0131 ve<br \/>\nkorozyonu en d\u00fc\u015f\u00fck seviyeye indirilir. Voltaj haftada bir emilim seviyesine y\u00fckseltilerek ak\u00fcn\u00fcn \u201ce\u015fitlenmesi\u201d<br \/>\nsa\u011flan\u0131r. Bu \u00f6zellik, elektrolit tabakala\u015fmas\u0131n\u0131 ve erken ak\u00fc ar\u0131zalar\u0131n\u0131n en \u00f6nemli sebeplerinden biri olan<br \/>\ns\u00fclfatlanmay\u0131 \u00f6nler.<br \/>\nLi-iyon ak\u00fcleri de \u015farj eder<br \/>\nLi-iyon ak\u00fcler basit bir bulk \u2013 emilim \u2013 y\u00fczd\u00fcrme algoritmas\u0131yla \u015farj edilir.<br \/>\nTam bo\u015falm\u0131\u015f ak\u00fc geri kazan\u0131m fonksiyonu<br \/>\nAk\u00fc s\u0131f\u0131r volta kadar bo\u015falm\u0131\u015f olsa bile \u015farj\u0131 ba\u015flat\u0131r.<br \/>\nDahili ba\u011flant\u0131 kesme fonksiyonuyla tam bo\u015falm\u0131\u015f bir Li-iyon ak\u00fcye yeniden ba\u011flan\u0131r.<br \/>\nGECE ve D\u00dc\u015e\u00dcK ayar\u0131<br \/>\nGECE ve D\u00dc\u015e\u00dcK modunda, \u00e7\u0131k\u0131\u015f ak\u0131m\u0131 nominal \u00e7\u0131k\u0131\u015f\u0131n maks. %50\u2019sine d\u00fc\u015f\u00fcr\u00fcl\u00fcr ve \u015farj cihaz\u0131 tamamen sessiz<br \/>\n\u00e7al\u0131\u015f\u0131r. GECE modu 8 saat sonra otomatik olarak kapan\u0131r. D\u00dc\u015e\u00dcK modu manuel olarak kapat\u0131labilir.<br \/>\nA\u015f\u0131r\u0131 \u0131s\u0131nmaya kar\u015f\u0131 korumal\u0131<br \/>\n\u00c7\u0131k\u0131\u015f ak\u0131m\u0131 s\u0131cakl\u0131k 50\u00b0C\u2019ye \u00e7\u0131kana kadar d\u00fc\u015fmeyi s\u00fcrd\u00fcr\u00fcr ancak Blue Power \u015farj cihaz\u0131 ar\u0131za yapmaz.<br \/>\nDurum g\u00f6stergesi i\u00e7in on bir LED \u0131\u015f\u0131\u011f\u0131<br \/>\n\u015earj algoritmas\u0131: TEST \/ YO\u011eUN \/ EM\u0130L\u0130M \/ REV\u0130ZYON \/ Y\u00dcZD\u00dcRME \/ DEPOLAMA \/ HAZIR.<br \/>\nAyar i\u00e7in MOD d\u00fc\u011fmesi: NORMAL (14,4 V) \/ Y\u00dcKSEK (14,7 V) \/ REV\u0130ZYON \/ LI-ION.<br \/>\nK\u0131rk d\u00f6ng\u00fcl\u00fc ge\u00e7mi\u015f kayd\u0131<br \/>\nGe\u00e7mi\u015f ekran\u0131nda \u015farj cihaz\u0131n\u0131n kullan\u0131m \u00f6mr\u00fcne ili\u015fkin ge\u00e7mi\u015f kullan\u0131m verileri ve son 40 \u015farj d\u00f6ng\u00fcs\u00fc i\u00e7in<br \/>\ndetayl\u0131 istatistikler bulunur.<br \/>\nVE.Smart Networking<br \/>\nVE.Smart Network, Bluetooth Smart kullanarak Victron \u00fcr\u00fcnleri aras\u0131nda kablosuz cihazlar aras\u0131 (D2D) ileti\u015fim<br \/>\nkurulmas\u0131n\u0131 sa\u011flayan a\u011fd\u0131r.<br \/>\n\u0130ste\u011fe ba\u011fl\u0131 ak\u00fc voltaj\u0131 ve s\u0131cakl\u0131k telafisi ve ak\u0131m alg\u0131lama<br \/>\nVE.Smart Network \u015farj s\u00fcrecini optimize etme olana\u011f\u0131 sa\u011flar: Ak\u00fc voltaj\u0131 ve s\u0131cakl\u0131\u011f\u0131n\u0131 bir ya da daha fazla \u015farj<br \/>\ncihaz\u0131na iletmek i\u00e7in Smart Battery Sense, Smart Battery Monitor ya da SmartShunt kullan\u0131l\u0131r. Smart Battery<br \/>\nMonitor ya da SmartShunt ak\u00fc ak\u0131m\u0131n\u0131 iletmek i\u00e7in de kullan\u0131l\u0131r.<br \/>\nSenkronize paralel \u015farj<br \/>\nBir ak\u00fcy\u00fc tek bir b\u00fcy\u00fck \u015farj cihaz\u0131 gibi \u015farj etmesi i\u00e7in VE.Smart a\u011f\u0131nda on adede kadar ak\u00fc \u015farj cihaz\u0131 senkronize<br \/>\nedin. \u015earj cihazlar\u0131 kendi aralar\u0131ndaki \u015farj algoritmas\u0131n\u0131 senkronize ederler. E\u015f zamanl\u0131 olarak bir \u015farj durumundan<br \/>\ndi\u011ferine, \u00f6rne\u011fin yo\u011fundan emilime ge\u00e7i\u015f yaparlar.<br \/>\nSenkronize paralel \u015farj\u0131n birka\u00e7 ilgin\u00e7 avantaj\u0131 vard\u0131r:<br \/>\n&#8211; Yedeklilik: bir \u015farj cihaz\u0131 herhangi bir nedenle durursa di\u011fer \u015farj cihazlar\u0131 \u00e7al\u0131\u015fmaya devam eder.<br \/>\n&#8211; Esneklik: daha fazla ak\u0131m gerekti\u011finde a\u011fa bir \u015farj cihaz\u0131 ekleyebilirsiniz.<br \/>\n&#8211; Maliyet: birka\u00e7 d\u00fc\u015f\u00fck g\u00fc\u00e7l\u00fc \u015farj cihaz\u0131 genel olarak tek bir y\u00fcksek g\u00fc\u00e7l\u00fc \u015farj cihaz\u0131ndan daha az maliyet \u00e7\u0131kar\u0131r.<br \/>\n&#8211; Kurulum: birka\u00e7 d\u00fc\u015f\u00fck g\u00fc\u00e7l\u00fc \u015farj cihaz\u0131n\u0131 s\u0131n\u0131rl\u0131 bir alana kurmak daha kolay olabilir.<\/p>\n<\/div>\n","protected":false},"excerpt":{"rendered":"<p><img decoding=\"async\" class=\"alignnone size-full wp-image-6859\" src=\"https:\/\/ermtech.com.tr\/magaza\/wp-content\/uploads\/sites\/2\/2023\/11\/victron-energy-bv-logo-vector-e1699788428433.png\" alt=\"\" width=\"150\" height=\"83\" \/><\/p>\n","protected":false},"featured_media":5645,"comment_status":"open","ping_status":"closed","template":"","meta":{"_acf_changed":false},"product_cat":[285],"product_tag":[],"class_list":{"0":"post-6285","1":"product","2":"type-product","3":"status-publish","4":"has-post-thumbnail","6":"product_cat-aku-sarj-cihazlari-karavan-enerji-enerji","8":"first","9":"instock","10":"taxable","11":"shipping-taxable","12":"purchasable","13":"product-type-simple"},"acf":[],"_links":{"self":[{"href":"https:\/\/ermtech.com.tr\/magaza\/wp-json\/wp\/v2\/product\/6285","targetHints":{"allow":["GET"]}}],"collection":[{"href":"https:\/\/ermtech.com.tr\/magaza\/wp-json\/wp\/v2\/product"}],"about":[{"href":"https:\/\/ermtech.com.tr\/magaza\/wp-json\/wp\/v2\/types\/product"}],"replies":[{"embeddable":true,"href":"https:\/\/ermtech.com.tr\/magaza\/wp-json\/wp\/v2\/comments?post=6285"}],"version-history":[{"count":2,"href":"https:\/\/ermtech.com.tr\/magaza\/wp-json\/wp\/v2\/product\/6285\/revisions"}],"predecessor-version":[{"id":8026,"href":"https:\/\/ermtech.com.tr\/magaza\/wp-json\/wp\/v2\/product\/6285\/revisions\/8026"}],"wp:featuredmedia":[{"embeddable":true,"href":"https:\/\/ermtech.com.tr\/magaza\/wp-json\/wp\/v2\/media\/5645"}],"wp:attachment":[{"href":"https:\/\/ermtech.com.tr\/magaza\/wp-json\/wp\/v2\/media?parent=6285"}],"wp:term":[{"taxonomy":"product_cat","embeddable":true,"href":"https:\/\/ermtech.com.tr\/magaza\/wp-json\/wp\/v2\/product_cat?post=6285"},{"taxonomy":"product_tag","embeddable":true,"href":"https:\/\/ermtech.com.tr\/magaza\/wp-json\/wp\/v2\/product_tag?post=6285"}],"curies":[{"name":"wp","href":"https:\/\/api.w.org\/{rel}","templated":true}]}}