{"id":6284,"date":"2023-11-08T21:52:40","date_gmt":"2023-11-08T18:52:40","guid":{"rendered":"https:\/\/ermtech.com.tr\/magaza\/?post_type=product&#038;p=6284"},"modified":"2025-03-21T16:27:40","modified_gmt":"2025-03-21T13:27:40","slug":"victron-energy-blue-smart-ip22-12v-20a-sarj-cihazi","status":"publish","type":"product","link":"https:\/\/ermtech.com.tr\/magaza\/urun\/victron-energy-blue-smart-ip22-12v-20a-sarj-cihazi","title":{"rendered":"Victron Energy, Blue Smart IP22 12V 20A \u015earj Cihaz\u0131(1)"},"content":{"rendered":"<div id=\"Jpills-two-example1\" class=\"tab-pane fade active show\" role=\"tabpanel\" aria-labelledby=\"Jpills-two-example1-tab\">\n<p><span style=\"color: f28b00; font-family: helvetica; font-weight: bold; font-size: 18px; letter-spacing: -0.3px;\">Victron Energy, Blue Smart IP22 12V 20A \u015earj Cihaz\u0131<\/span><\/p>\n<p><span style=\"color: f28b00; font-family: helvetica; ;font-size: 14px; letter-spacing: -0.3px;\"> Stok kodu: BPC122042002<\/span><\/p>\n<p>Bluetooth Smart Etkinle\u015ftirildi<br \/>\nBus Smart IP22 \u015earj Cihaz\u0131, voltaj ve ak\u0131m ayarlar\u0131n\u0131 izlemek ve g\u00fcncellemek i\u00e7in kablosuz \u00e7\u00f6z\u00fcmd\u00fcr. Yeni \u00f6zellikler kullan\u0131ma sunuldu\u011funda \u015farj cihaz\u0131.<\/p>\n<p>Y\u00fcksek verimlilik<br \/>\n%94&#8217;e varan verimlilikle bu \u015farj cihazlar\u0131, end\u00fcstri standard\u0131na k\u0131yasla d\u00f6rt kata kadar daha az \u0131s\u0131 \u00fcretir. Pil tamamen \u015farj oldu\u011funda, g\u00fc\u00e7 t\u00fcketimi 0,5 Watt&#8217;a d\u00fc\u015fer, bu end\u00fcstri standard\u0131ndan yakla\u015f\u0131k be\u015f ila on kat daha iyidir.<\/p>\n<\/div>\n","protected":false},"excerpt":{"rendered":"<p><img decoding=\"async\" class=\"alignnone size-full wp-image-6859\" src=\"https:\/\/ermtech.com.tr\/magaza\/wp-content\/uploads\/sites\/2\/2023\/11\/victron-energy-bv-logo-vector-e1699788428433.png\" alt=\"\" width=\"150\" height=\"83\" \/><\/p>\n","protected":false},"featured_media":5644,"comment_status":"open","ping_status":"closed","template":"","meta":{"_acf_changed":false},"product_cat":[285],"product_tag":[],"class_list":{"0":"post-6284","1":"product","2":"type-product","3":"status-publish","4":"has-post-thumbnail","6":"product_cat-aku-sarj-cihazlari-karavan-enerji-enerji","8":"first","9":"instock","10":"taxable","11":"shipping-taxable","12":"purchasable","13":"product-type-simple"},"acf":[],"_links":{"self":[{"href":"https:\/\/ermtech.com.tr\/magaza\/wp-json\/wp\/v2\/product\/6284","targetHints":{"allow":["GET"]}}],"collection":[{"href":"https:\/\/ermtech.com.tr\/magaza\/wp-json\/wp\/v2\/product"}],"about":[{"href":"https:\/\/ermtech.com.tr\/magaza\/wp-json\/wp\/v2\/types\/product"}],"replies":[{"embeddable":true,"href":"https:\/\/ermtech.com.tr\/magaza\/wp-json\/wp\/v2\/comments?post=6284"}],"version-history":[{"count":2,"href":"https:\/\/ermtech.com.tr\/magaza\/wp-json\/wp\/v2\/product\/6284\/revisions"}],"predecessor-version":[{"id":8029,"href":"https:\/\/ermtech.com.tr\/magaza\/wp-json\/wp\/v2\/product\/6284\/revisions\/8029"}],"wp:featuredmedia":[{"embeddable":true,"href":"https:\/\/ermtech.com.tr\/magaza\/wp-json\/wp\/v2\/media\/5644"}],"wp:attachment":[{"href":"https:\/\/ermtech.com.tr\/magaza\/wp-json\/wp\/v2\/media?parent=6284"}],"wp:term":[{"taxonomy":"product_cat","embeddable":true,"href":"https:\/\/ermtech.com.tr\/magaza\/wp-json\/wp\/v2\/product_cat?post=6284"},{"taxonomy":"product_tag","embeddable":true,"href":"https:\/\/ermtech.com.tr\/magaza\/wp-json\/wp\/v2\/product_tag?post=6284"}],"curies":[{"name":"wp","href":"https:\/\/api.w.org\/{rel}","templated":true}]}}