{"id":6268,"date":"2023-11-08T21:52:39","date_gmt":"2023-11-08T18:52:39","guid":{"rendered":"https:\/\/ermtech.com.tr\/magaza\/?post_type=product&#038;p=6268"},"modified":"2024-03-22T22:23:31","modified_gmt":"2024-03-22T19:23:31","slug":"meanwell-12v-20a-360w-220v-den-agmjellityumlifepo4-aku-sarj-cihazi","status":"publish","type":"product","link":"https:\/\/ermtech.com.tr\/magaza\/urun\/meanwell-12v-20a-360w-220v-den-agmjellityumlifepo4-aku-sarj-cihazi","title":{"rendered":"Meanwell 12V 20A 360W 220V den  AGM,JEL,Lityum,LiFePO4 Ak\u00fc \u015earj Cihaz\u0131"},"content":{"rendered":"<div id=\"Jpills-two-example1\" class=\"tab-pane fade active show\" role=\"tabpanel\" aria-labelledby=\"Jpills-two-example1-tab\">\n<p><span style=\"color: f28b00; font-family: helvetica; font-weight: bold; font-size: 18px; letter-spacing: -0.3px;\">Meanwell 12V 20A 360W 220V den AGM,JEL,Lityum,LiFePO4 Ak\u00fc \u015earj Cihaz\u0131<\/span><\/p>\n<p>NPB-360-12TB Meanwell 12V 20A 360W 220V den \u00a0AGM, JEL, Lityum \u0130yon Ak\u00fc \u015earj Cihaz\u0131\u00a0 serisi, kur\u015fun-asit (Flooded, Gel, AGM) ve li-ion (Lityum iyon, lityum manganez) bataryalara uyumlu 360W&#8217;l\u0131k bir \u00fck\u00fc \u015farj cihaz\u0131d\u0131r.<br \/>\nFarkl\u0131 pil t\u00fcrlerini \u015farj etme: kur\u015fun asit, lityum iyon (nikel-kobalt ve LiFePO4) lityum veya Lifepo4 ak\u00fclerin bms devrelerini uyand\u0131rma \u00f6zelli\u011fi vard\u0131r.<br \/>\nGeni\u015f giri\u015f voltaj\u0131 aral\u0131\u011f\u0131: 90 &#8211; 264 Vac \u00dcniversal Giri\u015f 110\/230V<br \/>\n\u00c7al\u0131\u015fma s\u0131cakl\u0131\u011f\u0131 aral\u0131\u011f\u0131: -30~+70\u00b0C<br \/>\nEnd\u00fcstriyel g\u00fcvenlik sertifikas\u0131: IEC\/EN 62368-1, UL 62368-1<br \/>\nDahili PFC<br \/>\nDahili fan, s\u0131cakl\u0131k kontroll\u00fc<br \/>\n\u015earj durumu i\u00e7in LED g\u00f6stergesi<br \/>\n\u015earj cihaz\u0131 OK ve batarya dolu sinyali<br \/>\nKullan\u0131c\u0131 taraf\u0131ndan se\u00e7ilebilen \u015farj: 2 veya 3 a\u015famal\u0131 \u015farj modu<br \/>\nAC giri\u015fi: IEC 320-C14<br \/>\n\u00c7\u0131k\u0131\u015f konekt\u00f6r\u00fc: Terminal blo\u011fu<br \/>\nA\u00e7ma \/ kapama d\u00fc\u011fmesi<br \/>\nPotansiyometre ile ayarlanabilen \u00e7\u0131k\u0131\u015f voltaj\u0131 ve \u00e7\u0131k\u0131\u015f ak\u0131m\u0131<br \/>\nY\u00fcks\u00fcz g\u00fc\u00e7 t\u00fcketimi &lt;0,15 Watt (AC anahtar\u0131 Kapal\u0131yken)<br \/>\nKorumalar: ters polarite \/ k\u0131sa devre \/ a\u015f\u0131r\u0131 s\u0131cakl\u0131k \/ a\u015f\u0131r\u0131 gerilim<br \/>\n2 veya 3 kademeli \u015farj e\u011frisi se\u00e7imi Y\u00fcks\u00fcz durumda d\u00fc\u015f\u00fck g\u00fc\u00e7 t\u00fcketimi (&lt;0,15W)<\/p>\n<p><span style=\"font-size: 18px;\"><strong>Paket \u0130\u00e7eri\u011fi :<\/strong><\/span><\/p>\n<p>1 x\u00a0NPB-360-12TB Meanwell 12V 20A<\/p>\n<p>1 x 220V Power Enerji kablosu<\/p>\n<table id=\"product-attributes\">\n<tbody>\n<tr>\n<th scope=\"col\">T\u0130P<\/th>\n<th scope=\"col\">TANIM<\/th>\n<th scope=\"col\" data-testid=\"attributes-table-search-column\"><\/th>\n<\/tr>\n<\/tbody>\n<tbody>\n<tr>\n<td>Kategori<\/td>\n<td>Pil \u00dcr\u00fcnleri<\/p>\n<p>Pil \u015earj Aletleri<\/td>\n<td data-testid=\"attributes-table-search-column\"><\/td>\n<\/tr>\n<tr>\n<td>Mfr<\/td>\n<td>MEAN WELL USA Inc.<\/td>\n<td data-testid=\"attributes-table-search-column\"><\/td>\n<\/tr>\n<tr>\n<td>Seri<\/td>\n<td>NPB-360-12TB<\/td>\n<td data-testid=\"attributes-table-search-column\"><\/td>\n<\/tr>\n<tr>\n<td>paket<\/td>\n<td>Kutu<\/td>\n<td data-testid=\"attributes-table-search-column\"><\/td>\n<\/tr>\n<tr>\n<td>\u00fcr\u00fcn durumu<\/td>\n<td>Aktif<\/td>\n<td data-testid=\"attributes-table-search-column\"><\/td>\n<\/tr>\n<tr>\n<td>Tip<\/td>\n<td>Masa\u00fcst\u00fc<\/td>\n<td data-testid=\"attributes-table-search-column\"><\/td>\n<\/tr>\n<tr>\n<td>Pil Kimyas\u0131<\/td>\n<td>Kur\u015fun Asit, Lityum \u0130yon<\/td>\n<td data-testid=\"attributes-table-search-column\"><\/td>\n<\/tr>\n<tr>\n<td>Pil H\u00fccresi Boyutu<\/td>\n<td>&#8211;<\/td>\n<td data-testid=\"attributes-table-search-column\"><\/td>\n<\/tr>\n<tr>\n<td>H\u00fccre Say\u0131s\u0131<\/td>\n<td>1<\/td>\n<td data-testid=\"attributes-table-search-column\"><\/td>\n<\/tr>\n<tr>\n<td>Gerilim &#8211; Nominal<\/td>\n<td>10.5V ~ 15.2V<\/td>\n<td data-testid=\"attributes-table-search-column\"><\/td>\n<\/tr>\n<tr>\n<td>\u015earj Ak\u0131m\u0131 &#8211; Maks<\/td>\n<td>20A<\/td>\n<td data-testid=\"attributes-table-search-column\"><\/td>\n<\/tr>\n<tr>\n<td>\u015earj S\u00fcresi<\/td>\n<td>&#8211;<\/td>\n<td data-testid=\"attributes-table-search-column\"><\/td>\n<\/tr>\n<tr>\n<td>Voltaj &#8211; Giri\u015f<\/td>\n<td>90 ~ 264VAC, 127 ~ 370VDC<\/td>\n<td data-testid=\"attributes-table-search-column\"><\/td>\n<\/tr>\n<tr>\n<td>Maksimum g\u00fc\u00e7<\/td>\n<td>360W<\/td>\n<td data-testid=\"attributes-table-search-column\"><\/td>\n<\/tr>\n<tr>\n<td>Boyut \/ Boyut<\/td>\n<td>7,09&#8243; U x 3,78&#8243; G x 1,93&#8243; Y (180,0 mm x 96,0 mm x 49,0 mm)<\/td>\n<td data-testid=\"attributes-table-search-column\"><\/td>\n<\/tr>\n<tr>\n<td>Montaj tipi<\/td>\n<td>Masa\u00fcst\u00fc<\/td>\n<td data-testid=\"attributes-table-search-column\"><\/td>\n<\/tr>\n<tr>\n<td>Sonland\u0131rma Stili<\/td>\n<td>Klemens<\/td>\n<td data-testid=\"attributes-table-search-column\"><\/td>\n<\/tr>\n<tr>\n<td>\u00d6zellikler<\/td>\n<td>&#8211;<\/td>\n<td data-testid=\"attributes-table-search-column\"><\/td>\n<\/tr>\n<tr>\n<td>\u00c7al\u0131\u015fma s\u0131cakl\u0131\u011f\u0131<\/td>\n<td>-30\u00b0C ~ 70\u00b0C (D\u00fc\u015f\u00fcrme ile)<\/td>\n<td data-testid=\"attributes-table-search-column\"><\/td>\n<\/tr>\n<tr>\n<td>Onay Kurulu\u015fu<\/td>\n<td>CB, CE, cURus, DEKRA, EAC, PFC, UKCA<\/td>\n<td data-testid=\"attributes-table-search-column\"><\/td>\n<\/tr>\n<tr>\n<td>A\u011f\u0131rl\u0131k<\/td>\n<td>&#8211;<\/td>\n<\/tr>\n<\/tbody>\n<\/table>\n<\/div>\n","protected":false},"excerpt":{"rendered":"<p>Meanwell 12V 20A 360W 220V den AGM,JEL,Lityum,LiFePO4 Ak\u00fc \u015earj Cihaz\u0131 NPB-360-12TB Meanwell 12V 20A 360W 220V den \u00a0AGM, JEL, Lityum \u0130yon Ak\u00fc \u015earj Cihaz\u0131\u00a0 serisi, kur\u015fun-asit (Flooded, Gel, AGM) ve<\/p>\n","protected":false},"featured_media":5601,"comment_status":"open","ping_status":"closed","template":"","meta":{"_acf_changed":false},"product_cat":[285],"product_tag":[],"class_list":{"0":"post-6268","1":"product","2":"type-product","3":"status-publish","4":"has-post-thumbnail","6":"product_cat-aku-sarj-cihazlari-karavan-enerji-enerji","8":"first","9":"outofstock","10":"taxable","11":"shipping-taxable","12":"purchasable","13":"product-type-simple"},"acf":[],"_links":{"self":[{"href":"https:\/\/ermtech.com.tr\/magaza\/wp-json\/wp\/v2\/product\/6268","targetHints":{"allow":["GET"]}}],"collection":[{"href":"https:\/\/ermtech.com.tr\/magaza\/wp-json\/wp\/v2\/product"}],"about":[{"href":"https:\/\/ermtech.com.tr\/magaza\/wp-json\/wp\/v2\/types\/product"}],"replies":[{"embeddable":true,"href":"https:\/\/ermtech.com.tr\/magaza\/wp-json\/wp\/v2\/comments?post=6268"}],"version-history":[{"count":1,"href":"https:\/\/ermtech.com.tr\/magaza\/wp-json\/wp\/v2\/product\/6268\/revisions"}],"predecessor-version":[{"id":7210,"href":"https:\/\/ermtech.com.tr\/magaza\/wp-json\/wp\/v2\/product\/6268\/revisions\/7210"}],"wp:featuredmedia":[{"embeddable":true,"href":"https:\/\/ermtech.com.tr\/magaza\/wp-json\/wp\/v2\/media\/5601"}],"wp:attachment":[{"href":"https:\/\/ermtech.com.tr\/magaza\/wp-json\/wp\/v2\/media?parent=6268"}],"wp:term":[{"taxonomy":"product_cat","embeddable":true,"href":"https:\/\/ermtech.com.tr\/magaza\/wp-json\/wp\/v2\/product_cat?post=6268"},{"taxonomy":"product_tag","embeddable":true,"href":"https:\/\/ermtech.com.tr\/magaza\/wp-json\/wp\/v2\/product_tag?post=6268"}],"curies":[{"name":"wp","href":"https:\/\/api.w.org\/{rel}","templated":true}]}}