{"id":6265,"date":"2023-11-08T21:52:39","date_gmt":"2023-11-08T18:52:39","guid":{"rendered":"https:\/\/ermtech.com.tr\/magaza\/?post_type=product&#038;p=6265"},"modified":"2025-03-21T16:28:48","modified_gmt":"2025-03-21T13:28:48","slug":"victron-orion-tr-smart-24-24-17a-400w-izoleli-dc-dc-aku-sarj-cihazi","status":"publish","type":"product","link":"https:\/\/ermtech.com.tr\/magaza\/urun\/victron-orion-tr-smart-24-24-17a-400w-izoleli-dc-dc-aku-sarj-cihazi","title":{"rendered":"Victron Orion-Tr Smart 24\/24-17A (400W) \u0130zoleli DC-DC Ak\u00fc \u015earj Cihaz\u0131"},"content":{"rendered":"<div id=\"Jpills-two-example1\" class=\"tab-pane fade active show\" role=\"tabpanel\" aria-labelledby=\"Jpills-two-example1-tab\">\n<p><span style=\"color: f28b00; font-family: helvetica; font-weight: bold; font-size: 18px; letter-spacing: -0.3px;\">Victron Orion-Tr Smart 24\/24-17A (400W) \u0130zoleli DC-DC Ak\u00fc \u015earj Cihaz\u0131<\/span><\/p>\n<p><span style=\"color: f28b00; font-family: helvetica; ;font-size: 14px; letter-spacing: -0.3px;\"> Stok kodu: ORI242440120<\/span><\/p>\n<p><span style=\"font-size: 14px;\"><strong>Victron ak\u0131ll\u0131 izole DC-DC \u015farj cihaz\u0131:<\/strong><\/span><\/p>\n<p>Orion-Tr Smart DC-DC \u015farj cihaz\u0131, yerle\u015fik Bluetooth&#8217;a sahip profesyonel bir DC&#8217;den DC&#8217;ye uyarlanabilir 3 a\u015famal\u0131 \u015farj cihaz\u0131d\u0131r. Servis ak\u00fcs\u00fcn\u00fc \u015farj etmek i\u00e7in (ak\u0131ll\u0131) alternat\u00f6r ve mar\u015f ak\u00fcs\u00fcn\u00fcn kullan\u0131ld\u0131\u011f\u0131 ara\u00e7larda veya teknelerde ikili ak\u00fc sistemlerinde kullan\u0131m i\u00e7indir. \u00dcnite, Bluetooth \u00fczerinden izlenebilir ve programlanabilir ve uzaktan a\u00e7ma\/kapama anahtar\u0131 ile uzaktan kontrol edilebilir ve motor \u00e7al\u0131\u015f\u0131rken alg\u0131lama mekanizmas\u0131na sahiptir.<br \/>\nOrion Tr-Smart \u015farj cihaz\u0131 12V veya 24V sistemlerde kullan\u0131labilir ve hem kur\u015fun asit hem de lityum piller i\u00e7in uygundur. 400W&#8217;a kadar olan modeller mevcuttur ve \u00e7\u0131k\u0131\u015f g\u00fcc\u00fcn\u00fc art\u0131rmak i\u00e7in s\u0131n\u0131rs\u0131z \u00e7oklu \u00fcnite paralel olarak ba\u011flanabilir. 40\u00b0C&#8217;ye kadar tam nominal \u00e7\u0131k\u0131\u015f ile 55\u00b0C&#8217;ye kadar y\u00fcksek s\u0131cakl\u0131klar i\u00e7in uygundur. Orion Smart DC-DC \u015farj cihazlar\u0131, g\u00fc\u00e7 kayna\u011f\u0131 veya pil \u015farj cihaz\u0131 olarak kullan\u0131labilir \u00a0. \u015earj modunda, \u00fc\u00e7 durumlu \u015farj \u00a0algoritmas\u0131, pili uygun \u015fekilde \u015farj ederek pil \u00f6mr\u00fcn\u00fc uzatacakt\u0131r \u00a0. \u00d6zellikle ak\u0131ll\u0131 alternat\u00f6rl\u00fc ara\u00e7larda \u00a0veya uzun kablo ge\u00e7i\u015flerinden kaynaklanan voltaj d\u00fc\u015f\u00fc\u015flerinde kontroll\u00fc \u015farj olmazsa \u00a0olmazd\u0131r. Kontroll\u00fc \u015farj, alternat\u00f6r\u00fc de koruyacakt\u0131r<br \/>\nLityum pilin d\u00fc\u015f\u00fck empedans\u0131 nedeniyle do\u011frudan \u015farj\u0131n alternat\u00f6r\u00fc a\u015f\u0131r\u0131 y\u00fckleyebilece\u011fi lityum sistemlerde \u00a0. Sabit \u00a0\u00e7\u0131k\u0131\u015f modunda, \u00e7\u0131k\u0131\u015f voltaj\u0131 , uygulanan y\u00fckten veya de\u011fi\u015fen giri\u015f voltaj\u0131ndan (belirtilen \u00a0aral\u0131k dahilinde) ba\u011f\u0131ms\u0131z olarak sabit kalacakt\u0131r \u00a0.<br \/>\nOrion Smart DC-DC \u015farj cihaz\u0131, yaln\u0131zca motor \u00e7al\u0131\u015f\u0131rken g\u00fc\u00e7 sa\u011flayacak \u015fekilde ayarlanabilir \u00a0. Bu , yerle\u015fik motor kapatma tespiti sayesinde m\u00fcmk\u00fcnd\u00fcr \u00a0. Bu ayn\u0131 zamanda \u00a0arac\u0131n yerle\u015fik voltaj\u0131n\u0131n \u00e7ok d\u00fc\u015fmesini de \u00f6nler. Arac\u0131n sistemine m\u00fcdahale etmeye, \u00a0ayr\u0131 bir motor \u00e7al\u0131\u015fma sens\u00f6r\u00fc takmaya veya CAN-bus sistemine m\u00fcdahale etmeye \u00a0gerek yoktur \u00a0. Bu alg\u0131laman\u0131n d\u0131\u015f\u0131nda Orion Smart DC-DC \u015farj cihaz\u0131, \u00a0\u00f6rne\u011fin kontak anahtar\u0131na ba\u011fl\u0131 olmak \u00fczere zorunlu \u015farja izin verme \u00f6zelli\u011fi ile de etkinle\u015ftirilebilir \u00a0.<br \/>\nOrion-Tr Ak\u0131ll\u0131 DC-DC \u015earj Cihaz\u0131, VictronConnect uygulamas\u0131yla \u00a0tamamen programlanabilir \u00a0.<\/p>\n<p><span style=\"font-size: 14px;\"><strong>\u00d6zellikler:<\/strong><\/span><\/p>\n<p>Bluetooth Smart etkin &#8211; \u00a0Yeni yaz\u0131l\u0131m \u00f6zellikleri kullan\u0131ma sunuldu\u011funda \u015farj cihaz\u0131n\u0131 izlemek, de\u011fi\u015ftirmek ve g\u00fcncellemek i\u00e7in herhangi bir Bluetooth \u00f6zellikli ak\u0131ll\u0131 telefon, tablet veya ba\u015fka cihaz kullan\u0131labilir \u00a0.<br \/>\nTamamen programlanabilir &#8211; \u00a0Pil \u015farj algoritmas\u0131 (yap\u0131land\u0131r\u0131labilir) veya sabit \u00e7\u0131k\u0131\u015f. Ak\u0131ll\u0131 alternat\u00f6r uyumlulu\u011fu: motor \u00e7al\u0131\u015f\u0131rken alg\u0131lama mekanizmas\u0131.<br \/>\nUyarlanabilir 3 a\u015famal\u0131 \u015farj algoritmas\u0131: y\u0131\u011f\u0131n \u2013 emilim \u2013 y\u00fczer- \u00a0Kur\u015fun asitli ak\u00fcler i\u00e7in, s\u0131\u011f de\u015farjlar s\u0131ras\u0131nda ak\u00fcn\u00fcn a\u015f\u0131r\u0131 \u015farj edilmesini \u00f6nlemek i\u00e7in emme s\u00fcresinin k\u0131sa tutulmas\u0131 \u00f6nemlidir \u00a0. Derin bir de\u015farjdan sonra, \u00a0pilin tamamen \u00a0yeniden \u015farj edildi\u011finden emin olmak i\u00e7in emme s\u00fcresi otomatik olarak art\u0131r\u0131l\u0131r.<br \/>\nLityum piller i\u00e7in emilim s\u00fcresi sabittir, varsay\u0131lan 2 saattir.<br \/>\nAlternatif olarak, sabit bir \u00e7\u0131k\u0131\u015f voltaj\u0131 se\u00e7ilebilir.<br \/>\nUzaktan a\u00e7ma-kapama &#8211; \u00a0\u0130ki kutuplu bir konekt\u00f6re bir uzaktan a\u00e7ma\/kapama anahtar\u0131 veya r\u00f6le konta\u011f\u0131 ba\u011flanabilir. Alternatif olarak, iki kutuplu konnekt\u00f6r\u00fcn H terminali (sa\u011f) ak\u00fc art\u0131 olarak de\u011fi\u015ftirilebilir \u00a0veya iki kutuplu konnekt\u00f6r\u00fcn L terminali (sol) ak\u00fc eksi (veya \u00f6rne\u011fin bir arac\u0131n \u015fasisi) olarak de\u011fi\u015ftirilebilir. \u00a0.<br \/>\nT\u00fcm modeller k\u0131sa devre korumal\u0131d\u0131r ve \u00e7\u0131k\u0131\u015f ak\u0131m\u0131n\u0131 art\u0131rmak i\u00e7in paralel ba\u011flanabilir &#8211; \u00a0 S\u0131n\u0131rs\u0131z say\u0131da \u00fcnite paralel ba\u011flanabilir.<br \/>\nY\u00fcksek s\u0131cakl\u0131k korumal\u0131 &#8211; \u00a0\u00c7\u0131k\u0131\u015f ak\u0131m\u0131, y\u00fcksek ortam s\u0131cakl\u0131\u011f\u0131nda d\u00fc\u015fecektir.<br \/>\nIP43 korumas\u0131- \u00a0Vidal\u0131 terminaller a\u015fa\u011f\u0131 bakacak \u015fekilde kuruldu\u011funda.<br \/>\nVidal\u0131 terminaller &#8211; \u00a0Kurulum i\u00e7in \u00f6zel bir alet gerekmez.<\/p>\n<table style=\"width: 676px;\" border=\"0\" width=\"676\" cellspacing=\"0\" cellpadding=\"0\">\n<colgroup>\n<col \/>\n<col \/> <\/colgroup>\n<tbody>\n<tr>\n<td style=\"height: 25px; width: 207px;\" height=\"25\">Modeli:<\/td>\n<td style=\"width: 469px;\">ORI242440120<\/td>\n<\/tr>\n<tr>\n<td style=\"height: 25px; width: 207px;\" height=\"25\">Giri\u015f voltaj\u0131 aral\u0131\u011f\u0131\u00a0:<\/td>\n<td style=\"width: 469px;\">20 &#8211; 35V<\/td>\n<\/tr>\n<tr>\n<td style=\"height: 49px; width: 207px;\" height=\"49\">D\u00fc\u015f\u00fck voltaj kapatma\u00a0:<\/td>\n<td style=\"width: 469px;\">14V<\/td>\n<\/tr>\n<tr>\n<td style=\"height: 49px; width: 207px;\" height=\"49\">D\u00fc\u015f\u00fck voltaj yeniden ba\u015flatma\u00a0:<\/td>\n<td style=\"width: 469px;\">15V<\/td>\n<\/tr>\n<tr>\n<td style=\"height: 49px; width: 207px;\" height=\"49\">Nominal \u00e7\u0131k\u0131\u015f gerilimi\u00a0:<\/td>\n<td style=\"width: 469px;\">24.2V<\/td>\n<\/tr>\n<tr>\n<td style=\"height: 49px; width: 207px;\" height=\"49\">\u00c7\u0131k\u0131\u015f voltaj\u0131 ayar aral\u0131\u011f\u0131\u00a0:<\/td>\n<td style=\"width: 469px;\">20 &#8211; 30V<\/td>\n<\/tr>\n<tr>\n<td style=\"height: 97px; width: 207px;\" height=\"97\">Nominal \u00e7\u0131k\u0131\u015f geriliminde (40\u00b0C\u00a0)\u00a0s\u00fcrekli\u00a0\u00e7\u0131k\u0131\u015f ak\u0131m\u0131 :<\/td>\n<td style=\"width: 469px;\">17A<\/td>\n<\/tr>\n<tr>\n<td style=\"height: 97px; width: 207px;\" height=\"97\">Nominal \u00e7\u0131k\u0131\u015f voltaj\u0131 eksi %20&#8217;de maksimum \u00e7\u0131k\u0131\u015f ak\u0131m\u0131 (10s)\u00a0:<\/td>\n<td style=\"width: 469px;\">25A<\/td>\n<\/tr>\n<tr>\n<td style=\"height: 49px; width: 207px;\" height=\"49\">K\u0131sa devre \u00e7\u0131k\u0131\u015f ak\u0131m\u0131\u00a0:<\/td>\n<td style=\"width: 469px;\">40A<\/td>\n<\/tr>\n<tr>\n<td style=\"height: 49px; width: 207px;\" height=\"49\">25\u00b0C&#8217;de s\u00fcrekli \u00e7\u0131k\u0131\u015f g\u00fcc\u00fc\u00a0:<\/td>\n<td style=\"width: 469px;\">480W<\/td>\n<\/tr>\n<tr>\n<td style=\"height: 49px; width: 207px;\" height=\"49\">40\u00b0C&#8217;de s\u00fcrekli \u00e7\u0131k\u0131\u015f g\u00fcc\u00fc\u00a0:<\/td>\n<td style=\"width: 469px;\">400W<\/td>\n<\/tr>\n<tr>\n<td style=\"height: 25px; width: 207px;\" height=\"25\">verimlilik\u00a0:<\/td>\n<td style=\"width: 469px;\">89%<\/td>\n<\/tr>\n<tr>\n<td style=\"height: 49px; width: 207px;\" height=\"49\">\u00c7al\u0131\u015fma s\u0131cakl\u0131\u011f\u0131 aral\u0131\u011f\u0131:<\/td>\n<td style=\"width: 469px;\">-20 ila +55\u00b0C (40\u00b0C&#8217;nin \u00fczerinde her \u00b0C ba\u015f\u0131na %3 d\u00fc\u015f\u00fc\u015f)<\/td>\n<\/tr>\n<tr>\n<td style=\"height: 25px; width: 207px;\" height=\"25\">DC ba\u011flant\u0131s\u0131:<\/td>\n<td style=\"width: 469px;\">Vidal\u0131 terminal<\/td>\n<\/tr>\n<tr>\n<td style=\"height: 49px; width: 207px;\" height=\"49\">Maksimum kablo kesiti\u00a0:<\/td>\n<td style=\"width: 469px;\">16mm2 (AWG5)<\/td>\n<\/tr>\n<tr>\n<td style=\"height: 25px; width: 207px;\" height=\"25\">Yeterlik:<\/td>\n<td style=\"width: 469px;\">87%<\/td>\n<\/tr>\n<tr>\n<td style=\"height: 25px; width: 207px;\" height=\"25\">A\u011f\u0131rl\u0131k:<\/td>\n<td style=\"width: 469px;\">1.8kg<\/td>\n<\/tr>\n<tr>\n<td style=\"height: 49px; width: 207px;\" height=\"49\">Boyutlar (YxGxD):<\/td>\n<td style=\"width: 469px;\">130x186x80mm<\/td>\n<\/tr>\n<tr>\n<td style=\"height: 25px; width: 207px;\" height=\"25\">Garanti:<\/td>\n<td style=\"width: 469px;\">5 y\u0131l<\/td>\n<\/tr>\n<\/tbody>\n<\/table>\n<div class=\"\">\n<p>&nbsp;<\/p>\n<\/div>\n<\/div>\n","protected":false},"excerpt":{"rendered":"<p><img decoding=\"async\" class=\"alignnone size-full wp-image-6859\" src=\"https:\/\/ermtech.com.tr\/magaza\/wp-content\/uploads\/sites\/2\/2023\/11\/victron-energy-bv-logo-vector-e1699788428433.png\" alt=\"\" width=\"150\" height=\"83\" \/><\/p>\n","protected":false},"featured_media":5577,"comment_status":"open","ping_status":"closed","template":"","meta":{"_acf_changed":false},"product_cat":[286],"product_tag":[],"class_list":{"0":"post-6265","1":"product","2":"type-product","3":"status-publish","4":"has-post-thumbnail","6":"product_cat-alternatorden-aku-sarj-cihazlari-karavan-enerji-enerji","8":"first","9":"outofstock","10":"taxable","11":"shipping-taxable","12":"purchasable","13":"product-type-simple"},"acf":[],"_links":{"self":[{"href":"https:\/\/ermtech.com.tr\/magaza\/wp-json\/wp\/v2\/product\/6265","targetHints":{"allow":["GET"]}}],"collection":[{"href":"https:\/\/ermtech.com.tr\/magaza\/wp-json\/wp\/v2\/product"}],"about":[{"href":"https:\/\/ermtech.com.tr\/magaza\/wp-json\/wp\/v2\/types\/product"}],"replies":[{"embeddable":true,"href":"https:\/\/ermtech.com.tr\/magaza\/wp-json\/wp\/v2\/comments?post=6265"}],"version-history":[{"count":2,"href":"https:\/\/ermtech.com.tr\/magaza\/wp-json\/wp\/v2\/product\/6265\/revisions"}],"predecessor-version":[{"id":8030,"href":"https:\/\/ermtech.com.tr\/magaza\/wp-json\/wp\/v2\/product\/6265\/revisions\/8030"}],"wp:featuredmedia":[{"embeddable":true,"href":"https:\/\/ermtech.com.tr\/magaza\/wp-json\/wp\/v2\/media\/5577"}],"wp:attachment":[{"href":"https:\/\/ermtech.com.tr\/magaza\/wp-json\/wp\/v2\/media?parent=6265"}],"wp:term":[{"taxonomy":"product_cat","embeddable":true,"href":"https:\/\/ermtech.com.tr\/magaza\/wp-json\/wp\/v2\/product_cat?post=6265"},{"taxonomy":"product_tag","embeddable":true,"href":"https:\/\/ermtech.com.tr\/magaza\/wp-json\/wp\/v2\/product_tag?post=6265"}],"curies":[{"name":"wp","href":"https:\/\/api.w.org\/{rel}","templated":true}]}}