{"id":6264,"date":"2023-11-08T21:52:38","date_gmt":"2023-11-08T18:52:38","guid":{"rendered":"https:\/\/ermtech.com.tr\/magaza\/?post_type=product&#038;p=6264"},"modified":"2025-03-21T15:03:22","modified_gmt":"2025-03-21T12:03:22","slug":"victron-orion-tr-smart-24-24-17a-dc-dc-izolesiz-aku-sarj-cihazi","status":"publish","type":"product","link":"https:\/\/ermtech.com.tr\/magaza\/urun\/victron-orion-tr-smart-24-24-17a-dc-dc-izolesiz-aku-sarj-cihazi","title":{"rendered":"Victron Orion-Tr Smart 24\/24-17A DC-DC \u0130zolesiz Ak\u00fc \u015earj Cihaz\u0131"},"content":{"rendered":"<div id=\"Jpills-two-example1\" class=\"tab-pane fade active show\" role=\"tabpanel\" aria-labelledby=\"Jpills-two-example1-tab\">\n<p style=\"text-align: left;\"><span style=\"color: f28b00; font-family: helvetica; font-weight: bold; font-size: 18px; letter-spacing: -0.3px;\">Victron Orion-Tr Smart 24\/24-17A DC-DC \u0130zolesiz Ak\u00fc \u015earj Cihaz\u0131<\/span><\/p>\n<p><span style=\"color: f28b00; font-family: helvetica; ;font-size: 14px; letter-spacing: -0.3px;\"> Stok kodu: ORI242440140 <\/span><\/p>\n<p>Orion-Tr Smart DC-DC \u015farj cihaz\u0131, yerle\u015fik Bluetooth&#8217;a sahip profesyonel bir DC&#8217;den DC&#8217;ye uyarlanabilir 3 a\u015famal\u0131 \u015farj cihaz\u0131d\u0131r.<br \/>\nServis ak\u00fcs\u00fcn\u00fc \u015farj etmek i\u00e7in (ak\u0131ll\u0131) alternat\u00f6r ve mar\u015f ak\u00fcs\u00fcn\u00fcn kullan\u0131ld\u0131\u011f\u0131 ara\u00e7larda veya teknelerde ikili ak\u00fc sistemlerinde kullan\u0131m i\u00e7indir. \u00dcnite, Bluetooth \u00fczerinden izlenebilir ve programlanabilir ve uzaktan a\u00e7ma\/kapama anahtar\u0131 ile uzaktan kontrol edilebilir ve motor \u00e7al\u0131\u015f\u0131rken alg\u0131lama mekanizmas\u0131na sahiptir.<br \/>\nOrion Tr-Smart \u015farj cihaz\u0131 12V veya 24V sistemlerde kullan\u0131labilir ve hem kur\u015fun asit hem de lityum piller i\u00e7in uygundur. 400W&#8217;a kadar olan modeller mevcuttur ve \u00e7\u0131k\u0131\u015f g\u00fcc\u00fcn\u00fc art\u0131rmak i\u00e7in s\u0131n\u0131rs\u0131z \u00e7oklu \u00fcnite paralel olarak ba\u011flanabilir.<br \/>\n40\u00b0C&#8217;ye kadar tam nominal \u00e7\u0131k\u0131\u015f ile 55\u00b0C&#8217;ye kadar y\u00fcksek s\u0131cakl\u0131klar i\u00e7in uygundur.<\/p>\n<p><span style=\"font-size: 14px;\"><strong>\u00d6zellikler<\/strong><\/span><\/p>\n<p>Bluetooth Ak\u0131ll\u0131 etkin<br \/>\nYeni yaz\u0131l\u0131m \u00f6zellikleri kullan\u0131ma sunuldu\u011funda \u015farj cihaz\u0131n\u0131 izlemek, ayarlar\u0131 de\u011fi\u015ftirmek ve g\u00fcncellemek i\u00e7in herhangi bir Bluetooth \u00f6zellikli ak\u0131ll\u0131 telefon, tablet veya ba\u015fka bir cihaz kullan\u0131labilir.<br \/>\nTamamen programlanabilir<br \/>\nPil \u015farj algoritmas\u0131 (yap\u0131land\u0131r\u0131labilir) veya sabit \u00e7\u0131k\u0131\u015f.<br \/>\nAk\u0131ll\u0131 alternat\u00f6r uyumlulu\u011fu: motor \u00e7al\u0131\u015f\u0131rken alg\u0131lama mekanizmas\u0131.<br \/>\nUyarlanabilir 3 a\u015famal\u0131 \u015farj algoritmas\u0131: toplu \u2013 emilim \u2013 hareketli<br \/>\nKur\u015fun asitli ak\u00fcler i\u00e7in s\u0131\u011f de\u015farjlar s\u0131ras\u0131nda ak\u00fcn\u00fcn a\u015f\u0131r\u0131 \u015farj olmas\u0131n\u0131 \u00f6nlemek i\u00e7in emme s\u00fcresinin k\u0131sa tutulmas\u0131 \u00f6nemlidir. Derin bir de\u015farjdan sonra, pilin tamamen yeniden \u015farj edildi\u011finden emin olmak i\u00e7in emme s\u00fcresi otomatik olarak art\u0131r\u0131l\u0131r.<br \/>\nLityum piller i\u00e7in emilim s\u00fcresi sabittir, varsay\u0131lan 2 saattir.<br \/>\nAlternatif olarak, sabit bir \u00e7\u0131k\u0131\u015f voltaj\u0131 se\u00e7ilebilir.<br \/>\nUzaktan a\u00e7ma kapama<br \/>\nBir uzaktan a\u00e7ma\/kapama anahtar\u0131 veya r\u00f6le konta\u011f\u0131, iki kutuplu bir konekt\u00f6re ba\u011flanabilir. Alternatif olarak, iki kutuplu konnekt\u00f6r\u00fcn H terminali (sa\u011f) ak\u00fc art\u0131 olarak de\u011fi\u015ftirilebilir veya iki kutuplu konnekt\u00f6r\u00fcn L terminali (sol) ak\u00fc eksi (veya \u00f6rne\u011fin bir arac\u0131n \u015fasisi) olarak de\u011fi\u015ftirilebilir. .<br \/>\nT\u00fcm modeller k\u0131sa devre korumal\u0131d\u0131r ve \u00e7\u0131k\u0131\u015f ak\u0131m\u0131n\u0131 art\u0131rmak i\u00e7in paralel ba\u011flanabilir<br \/>\nS\u0131n\u0131rs\u0131z say\u0131da \u00fcnite paralel olarak ba\u011flanabilir.<br \/>\nY\u00fcksek s\u0131cakl\u0131k korumal\u0131<br \/>\n\u00c7\u0131k\u0131\u015f ak\u0131m\u0131, y\u00fcksek ortam s\u0131cakl\u0131\u011f\u0131nda d\u00fc\u015fecektir.<br \/>\nIP43 korumas\u0131<br \/>\nVidal\u0131 terminaller a\u015fa\u011f\u0131 bakacak \u015fekilde monte edildi\u011finde.<br \/>\nVidal\u0131 terminaller<br \/>\nKurulum i\u00e7in \u00f6zel bir alet gerekmez.<br \/>\nGiri\u015f sigortas\u0131 (de\u011fi\u015ftirilemez)<\/p>\n<table border=\"0\" width=\"379\" cellspacing=\"0\" cellpadding=\"0\">\n<tbody>\n<tr>\n<td width=\"196\" height=\"21\">Marka<\/td>\n<td width=\"183\">Victron Enerji<\/td>\n<\/tr>\n<tr>\n<td width=\"196\" height=\"21\">\u00dcretici parti numaras\u0131<\/td>\n<td width=\"183\">ORI242440140<\/td>\n<\/tr>\n<tr>\n<td width=\"196\" height=\"21\">Giri\u015f Gerilimi Aral\u0131\u011f\u0131<\/td>\n<td width=\"183\">20-35V<\/td>\n<\/tr>\n<tr>\n<td width=\"196\" height=\"21\">D\u00fc\u015f\u00fck voltaj kapatma<\/td>\n<td width=\"183\">14V<\/td>\n<\/tr>\n<tr>\n<td width=\"196\" height=\"42\">D\u00fc\u015f\u00fck voltaj yeniden ba\u015flatma<\/td>\n<td width=\"183\">15V<\/td>\n<\/tr>\n<tr>\n<td width=\"196\" height=\"21\">Nominal \u00e7\u0131k\u0131\u015f gerilimi<\/td>\n<td width=\"183\">24.2V<\/td>\n<\/tr>\n<tr>\n<td width=\"196\" height=\"21\">\u00c7\u0131k\u0131\u015f voltaj\u0131 ayar aral\u0131\u011f\u0131<\/td>\n<td width=\"183\">20-30V<\/td>\n<\/tr>\n<tr>\n<td width=\"196\" height=\"63\">Devam\u00a0nominal \u00e7\u0131k\u0131\u015f geriliminde ve 40\u00b0C&#8217;de \u00e7\u0131k\u0131\u015f ak\u0131m\u0131<\/td>\n<td width=\"183\">17A<\/td>\n<\/tr>\n<tr>\n<td width=\"196\" height=\"21\">K\u0131sa devre \u00e7\u0131k\u0131\u015f ak\u0131m\u0131<\/td>\n<td width=\"183\">40A<\/td>\n<\/tr>\n<tr>\n<td width=\"196\" height=\"42\">Devam\u00a025\u00b0C&#8217;de \u00e7\u0131k\u0131\u015f g\u00fcc\u00fc<\/td>\n<td width=\"183\">480W<\/td>\n<\/tr>\n<tr>\n<td width=\"196\" height=\"42\">Devam\u00a040\u00b0C&#8217;de \u00e7\u0131k\u0131\u015f g\u00fcc\u00fc<\/td>\n<td width=\"183\">400W<\/td>\n<\/tr>\n<tr>\n<td width=\"196\" height=\"21\">Yeterlik<\/td>\n<td width=\"183\">89%<\/td>\n<\/tr>\n<tr>\n<td width=\"196\" height=\"21\">do\u011fru ak\u0131m ba\u011flant\u0131s\u0131<\/td>\n<td width=\"183\">Vidal\u0131 Klemensler<\/td>\n<\/tr>\n<tr>\n<td width=\"196\" height=\"21\">IP derecelendirme<\/td>\n<td width=\"183\">IP43<\/td>\n<\/tr>\n<tr>\n<td width=\"196\" height=\"21\">boyutlar<\/td>\n<td width=\"183\">Y130 x G186 x D80mm<\/td>\n<\/tr>\n<tr>\n<td width=\"196\" height=\"21\">A\u011f\u0131rl\u0131k<\/td>\n<td width=\"183\">1.6Kg<\/td>\n<\/tr>\n<\/tbody>\n<\/table>\n<\/div>\n","protected":false},"excerpt":{"rendered":"<p><img decoding=\"async\" class=\"alignnone size-full wp-image-6859\" src=\"https:\/\/ermtech.com.tr\/magaza\/wp-content\/uploads\/sites\/2\/2023\/11\/victron-energy-bv-logo-vector-e1699788428433.png\" alt=\"\" width=\"150\" height=\"83\" \/><\/p>\n","protected":false},"featured_media":5574,"comment_status":"open","ping_status":"closed","template":"","meta":{"_acf_changed":false},"product_cat":[286],"product_tag":[],"class_list":{"0":"post-6264","1":"product","2":"type-product","3":"status-publish","4":"has-post-thumbnail","6":"product_cat-alternatorden-aku-sarj-cihazlari-karavan-enerji-enerji","8":"first","9":"outofstock","10":"taxable","11":"shipping-taxable","12":"purchasable","13":"product-type-simple"},"acf":[],"_links":{"self":[{"href":"https:\/\/ermtech.com.tr\/magaza\/wp-json\/wp\/v2\/product\/6264","targetHints":{"allow":["GET"]}}],"collection":[{"href":"https:\/\/ermtech.com.tr\/magaza\/wp-json\/wp\/v2\/product"}],"about":[{"href":"https:\/\/ermtech.com.tr\/magaza\/wp-json\/wp\/v2\/types\/product"}],"replies":[{"embeddable":true,"href":"https:\/\/ermtech.com.tr\/magaza\/wp-json\/wp\/v2\/comments?post=6264"}],"version-history":[{"count":2,"href":"https:\/\/ermtech.com.tr\/magaza\/wp-json\/wp\/v2\/product\/6264\/revisions"}],"predecessor-version":[{"id":8007,"href":"https:\/\/ermtech.com.tr\/magaza\/wp-json\/wp\/v2\/product\/6264\/revisions\/8007"}],"wp:featuredmedia":[{"embeddable":true,"href":"https:\/\/ermtech.com.tr\/magaza\/wp-json\/wp\/v2\/media\/5574"}],"wp:attachment":[{"href":"https:\/\/ermtech.com.tr\/magaza\/wp-json\/wp\/v2\/media?parent=6264"}],"wp:term":[{"taxonomy":"product_cat","embeddable":true,"href":"https:\/\/ermtech.com.tr\/magaza\/wp-json\/wp\/v2\/product_cat?post=6264"},{"taxonomy":"product_tag","embeddable":true,"href":"https:\/\/ermtech.com.tr\/magaza\/wp-json\/wp\/v2\/product_tag?post=6264"}],"curies":[{"name":"wp","href":"https:\/\/api.w.org\/{rel}","templated":true}]}}