{"id":6262,"date":"2023-11-08T21:52:38","date_gmt":"2023-11-08T18:52:38","guid":{"rendered":"https:\/\/ermtech.com.tr\/magaza\/?post_type=product&#038;p=6262"},"modified":"2025-03-21T16:40:16","modified_gmt":"2025-03-21T13:40:16","slug":"victron-blue-smart-ip22-charger-220v-12v-30a-3-aku-sarj-cihazi","status":"publish","type":"product","link":"https:\/\/ermtech.com.tr\/magaza\/urun\/victron-blue-smart-ip22-charger-220v-12v-30a-3-aku-sarj-cihazi","title":{"rendered":"Victron Blue Smart IP22 Charger 220V 12V 30A (3) Ak\u00fc \u015earj Cihaz\u0131"},"content":{"rendered":"<div id=\"Jpills-two-example1\" class=\"tab-pane fade active show\" role=\"tabpanel\" aria-labelledby=\"Jpills-two-example1-tab\">\n<p><span style=\"color: f28b00; font-family: helvetica; font-weight: bold; font-size: 18px; letter-spacing: -0.3px;\">Victron Blue Smart IP22 Charger 220V 12V 30A (3) Ak\u00fc \u015earj Cihaz\u0131<\/span><\/p>\n<p><span style=\"color: f28b00; font-family: helvetica; ;font-size: 14px; letter-spacing: -0.3px;\"> Stok kodu: BPC123048022<\/span><\/p>\n<p>Blue Smart IP22 \u015earj Cihaz\u0131, yerle\u015fik bluetooth \u00f6zellikli yeni profesyonel pil \u015farj cihaz\u0131d\u0131r. Blue Smart IP22 \u015earj Cihaz\u0131, at\u00f6lyenizdeki cihazlarda ve (klasik) arabalar gibi motorlu ta\u015f\u0131tlarda kullan\u0131labilir; motosikletler; tekneler ve karavanlar.<br \/>\nPil ak\u0131ll\u0131ca \u015farj edildi\u2026 m\u00fckemmel durumda<br \/>\nYedi ad\u0131ml\u0131 \u015farj algoritmas\u0131, pilinizden en iyi \u015fekilde yararlanman\u0131z\u0131 sa\u011flar. \u015earj cihaz\u0131, bataryaya ihtiya\u00e7 duydu\u011fu g\u00fcc\u00fc verir, sa\u011fl\u0131\u011f\u0131n\u0131 korur, daha iyi performans ve daha uzun \u00f6m\u00fcr sa\u011flar.<br \/>\nTamamen bo\u015falm\u0131\u015f &#8216;bitmi\u015f&#8217; pillerin kurtar\u0131lmas\u0131<br \/>\nDi\u011fer markalar\u0131n aksine, Blue Smart IP22 \u015earj Cihaz\u0131, tamamen bo\u015falm\u0131\u015f bir pili d\u00fc\u015f\u00fck bir ak\u0131mla zorla besleyerek yeniden \u015farj etmeye \u00e7al\u0131\u015facakt\u0131r. Ak\u00fc terminallerinde yeterli voltaj olur olmaz normal \u015farj i\u015flemine devam edilecektir.<br \/>\nPilinizin durumunu uzaktan kontrol edin<br \/>\nBlue Smart IP22, dahili Bluetooth ile donat\u0131lm\u0131\u015ft\u0131r, bu nedenle \u015farj cihaz\u0131n\u0131n ve pilin durumu bir ak\u0131ll\u0131 telefon, tablet veya diz\u00fcst\u00fc bilgisayarda kontrol edilebilir. \u015earj cihaz\u0131n\u0131n t\u00fcm ayarlar\u0131 VictronConnect uygulamas\u0131yla yap\u0131land\u0131r\u0131labilir.<br \/>\nBluetooth Ak\u0131ll\u0131<br \/>\nGerilim ve ak\u0131m\u0131 izlemek, ayarlar\u0131 de\u011fi\u015ftirmek ve yeni \u00f6zellikler kullan\u0131ma sunuldu\u011funda \u015farj cihaz\u0131n\u0131 g\u00fcncellemek i\u00e7in kablosuz \u00e7\u00f6z\u00fcm.<br \/>\nY\u00fcksek verim<br \/>\n%94&#8217;e varan verimlilikle bu \u015farj cihazlar\u0131, end\u00fcstri standard\u0131 ile kar\u015f\u0131la\u015ft\u0131r\u0131ld\u0131\u011f\u0131nda d\u00f6rt kata kadar daha az \u0131s\u0131 \u00fcretir. Pil tamamen \u015farj oldu\u011funda, g\u00fc\u00e7 t\u00fcketimi end\u00fcstri standard\u0131ndan be\u015f ila on kat daha iyi olan 0,5 Watt&#8217;a d\u00fc\u015fer.<br \/>\nUyarlanabilir 6 a\u015famal\u0131 \u015farj algoritmas\u0131: test \u2013 y\u0131\u011f\u0131n \u2013 emilim \u2013 yenileme \u2013 y\u00fczd\u00fcrme \u2013 depolama<br \/>\nBlue Smart Charger, mikroi\u015flemci kontroll\u00fc &#8216;uyarlanabilir&#8217; pil y\u00f6netimi \u00f6zelli\u011fine sahiptir. Uyarlanabilir \u00f6zellik, pilin kullan\u0131m \u015fekline g\u00f6re \u015farj i\u015flemini otomatik olarak optimize eder.<br \/>\nTamamen programlanabilir \u015farj algoritmas\u0131<br \/>\nAbsorpsiyon, Float ve Depolama voltajlar\u0131n\u0131n yan\u0131 s\u0131ra Yenileme ayar\u0131 ve s\u0131cakl\u0131k kompanzasyon de\u011feri Bluetooth uygulamas\u0131yla programlanabilir. Uzman modunu etkinle\u015ftirdikten sonra uygulama, \u015farj algoritmas\u0131 taraf\u0131ndan kullan\u0131lan t\u00fcm parametrelerin ve zaman s\u0131n\u0131rlar\u0131n\u0131n pratik olarak de\u011fi\u015ftirilmesine izin verir.<br \/>\nDepolama Modu: pil kullan\u0131lmad\u0131\u011f\u0131nda daha az bak\u0131m ve eskime<br \/>\nDepolama modu, pil 24 saat boyunca de\u015farj edilmedi\u011finde devreye girer. Depolama modunda, pozitif plakalar\u0131n gazlanmas\u0131n\u0131 ve a\u015f\u0131nmas\u0131n\u0131 en aza indirmek i\u00e7in tampon voltaj\u0131 2,2 V\/h\u00fccreye (12 V ak\u00fc i\u00e7in 13,2 V) d\u00fc\u015f\u00fcr\u00fcl\u00fcr. Haftada bir kez voltaj, pili &#8220;e\u015fitlemek&#8221; i\u00e7in emme seviyesine y\u00fckseltilir. Bu \u00f6zellik, erken pil ar\u0131zas\u0131n\u0131n ana nedenleri olan elektrolit tabakala\u015fmas\u0131n\u0131 ve s\u00fclfatla\u015fmay\u0131 \u00f6nler.<br \/>\nLi-ion pilleri de \u015farj eder<br \/>\nLi-ion piller, basit bir y\u0131\u011f\u0131n \u2013 emme \u2013 y\u00fczd\u00fcrme algoritmas\u0131yla \u015farj edilir.<br \/>\nTamamen bo\u015falm\u0131\u015f pil kurtarma i\u015flevi<br \/>\nPil s\u0131f\u0131r volta kadar bo\u015falm\u0131\u015f olsa bile \u015farj\u0131 ba\u015flat\u0131r. Dahili ba\u011flant\u0131 kesme i\u015fleviyle tamamen bo\u015falm\u0131\u015f bir Li-ion pile yeniden ba\u011flanacakt\u0131r.<br \/>\nGECE ve D\u00dc\u015e\u00dcK ayar\u0131<br \/>\nGECE veya D\u00dc\u015e\u00dcK modundayken, \u00e7\u0131k\u0131\u015f ak\u0131m\u0131 maks. Nominal \u00e7\u0131k\u0131\u015f\u0131n %50&#8217;si ve \u015farj cihaz\u0131 tamamen g\u00fcr\u00fclt\u00fcs\u00fcz olacakt\u0131r. GECE modu 8 saat sonra otomatik olarak sona erer. LOW modu manuel olarak sonland\u0131r\u0131labilir.<br \/>\nA\u015f\u0131r\u0131 \u0131s\u0131nmaya kar\u015f\u0131 korumal\u0131<br \/>\nS\u0131cakl\u0131k 50 \u00b0C&#8217;ye kadar y\u00fckseldi\u011finde \u00e7\u0131k\u0131\u015f ak\u0131m\u0131 d\u00fc\u015fecek, ancak Blue Smart \u015earj Cihaz\u0131 ar\u0131zalanmayacakt\u0131r.<br \/>\nDurum g\u00f6stergesi i\u00e7in on bir LED<br \/>\n\u015earj algoritmas\u0131: TEST \/ BULK \/ ABSORPTION \/ RECONDITION \/ FLOAT \/ DEPOLAMA \/ HAZIR. Ayarlamak i\u00e7in MOD d\u00fc\u011fmesi: NORMAL (14,4 V) \/ Y\u00dcKSEK (14,7 V) \/ YEN\u0130LEME \/ LI-ION.<br \/>\nK\u0131rk d\u00f6ng\u00fc ge\u00e7mi\u015fi g\u00fcnl\u00fc\u011f\u00fc<br \/>\nGe\u00e7mi\u015f ekran\u0131, \u015farj cihaz\u0131n\u0131n kullan\u0131m \u00f6mr\u00fc boyunca ge\u00e7mi\u015f kullan\u0131m verilerini ve son 40 \u015farj d\u00f6ng\u00fcs\u00fc i\u00e7in ayr\u0131nt\u0131l\u0131 istatistikleri i\u00e7erir.<br \/>\nVE.Ak\u0131ll\u0131 A\u011f<br \/>\nVE.Smart A\u011f\u0131, Victron \u00fcr\u00fcnleri aras\u0131nda Bluetooth Smart kullanan bir kablosuz cihazdan cihaza (D2D) ileti\u015fim a\u011f\u0131d\u0131r.<br \/>\n\u0130ste\u011fe ba\u011fl\u0131 ak\u00fc voltaj\u0131 ve s\u0131cakl\u0131k telafisi ve ak\u0131m alg\u0131lama<br \/>\nVE.Smart A\u011f\u0131, \u015farj i\u015flemini optimize edebilmeniz i\u00e7in olas\u0131l\u0131klar\u0131 a\u00e7acakt\u0131r: Pil voltaj\u0131n\u0131 ve s\u0131cakl\u0131\u011f\u0131n\u0131 bir veya daha fazla pil \u015farj cihaz\u0131na iletmek i\u00e7in bir Smart Battery Sense, Smart Battery Monitor veya bir SmartShunt kullan\u0131lacakt\u0131r. Bir Smart Battery Monitor veya SmartShunt da pil ak\u0131m\u0131n\u0131 iletecektir.<br \/>\nsenkronize paralel \u015farj<br \/>\nBir pili tek bir b\u00fcy\u00fck \u015farj cihaz\u0131ym\u0131\u015f gibi \u015farj etmelerini sa\u011flamak i\u00e7in bir VE.Smart a\u011f\u0131nda on adede kadar pil \u015farj cihaz\u0131n\u0131 senkronize edin. \u015earj cihazlar\u0131, \u015farj algoritmas\u0131n\u0131 aralar\u0131nda senkronize edecektir. Ayn\u0131 anda bir \u015farj durumundan di\u011ferine, \u00f6rne\u011fin y\u0131\u011f\u0131ndan absorpsiyona ge\u00e7eceklerdir. Senkronize paralel \u015farj\u0131n birka\u00e7 ilgin\u00e7 avantaj\u0131 vard\u0131r:<br \/>\nFazlal\u0131k: Bir \u015farj cihaz\u0131 herhangi bir nedenle durursa, di\u011fer \u015farj cihazlar\u0131 \u00e7al\u0131\u015fmaya devam eder.<br \/>\nEsneklik: Daha fazla ak\u0131m gerekirse a\u011fa bir \u015farj cihaz\u0131 ekleyebilirsiniz.<br \/>\nMaliyet: birka\u00e7 d\u00fc\u015f\u00fck g\u00fc\u00e7l\u00fc \u015farj cihaz\u0131, genel olarak bir y\u00fcksek g\u00fc\u00e7l\u00fc \u015farj cihaz\u0131ndan daha ucuza mal olacakt\u0131r.<br \/>\nKurulum: birka\u00e7 d\u00fc\u015f\u00fck g\u00fc\u00e7l\u00fc \u015farj cihaz\u0131n\u0131n s\u0131n\u0131rl\u0131 bir alana s\u0131\u011fmas\u0131 daha kolay olabilir.<\/p>\n<table style=\"width: 676px;\" border=\"0\" width=\"676\" cellspacing=\"0\" cellpadding=\"0\">\n<colgroup>\n<col \/>\n<col \/> <\/colgroup>\n<tbody>\n<tr>\n<td style=\"height: 20px; width: 207px;\" height=\"20\">Blue Smart IP22 \u015earj Cihaz\u0131<\/td>\n<td style=\"width: 469px;\">12V, 3 \u00e7\u0131k\u0131\u015f 15 \/ 20 \/ 30 A<\/td>\n<\/tr>\n<tr>\n<td style=\"height: 20px;\" height=\"20\">Giri\u015f gerilimi aral\u0131\u011f\u0131<\/td>\n<td>180 \u2013 265 VAC<\/td>\n<\/tr>\n<tr>\n<td style=\"height: 20px;\" height=\"20\">\u015earj ak\u0131m\u0131, normal mod<\/td>\n<td>15 \/ 20 \/ 30 A<\/td>\n<\/tr>\n<tr>\n<td style=\"height: 20px;\" height=\"20\">\u015earj ak\u0131m\u0131, GECE veya D\u00dc\u015e\u00dcK<\/td>\n<td>7,5 \/ 10 \/ 15 A<\/td>\n<\/tr>\n<tr>\n<td style=\"height: 20px;\" height=\"20\">Verimlilik<\/td>\n<td>93%<\/td>\n<\/tr>\n<tr>\n<td style=\"height: 20px;\" height=\"20\">Beklemede g\u00fc\u00e7 t\u00fcketimi<\/td>\n<td>0,5 W<\/td>\n<\/tr>\n<tr>\n<td style=\"height: 20px;\" height=\"20\">Frekans<\/td>\n<td>45 \u2013 65 Hz<\/td>\n<\/tr>\n<tr>\n<td style=\"height: 20px;\" height=\"20\">\u00c7\u0131k\u0131\u015f say\u0131s\u0131<\/td>\n<td>3<\/td>\n<\/tr>\n<tr>\n<td style=\"height: 20px;\" height=\"20\">\u015earj voltaj\u0131 &#8220;emilim&#8221;<\/td>\n<td>Normal: 14,4 V Y\u00fcksek: 14,7 V Li-ion: 14,2 V<\/td>\n<\/tr>\n<tr>\n<td style=\"height: 20px;\" height=\"20\">\u015earj voltaj\u0131 &#8220;y\u00fczd\u00fcrme&#8221;<\/td>\n<td>Normal: 13,8 V Y\u00fcksek: 13,8 V Li-ion: 13,5 V<\/td>\n<\/tr>\n<tr>\n<td style=\"height: 20px;\" height=\"20\">\u015earj voltaj\u0131 &#8220;depolama&#8221;<\/td>\n<td>Normal: 13,2 V Y\u00fcksek: 13,2 V Li-ion: 13,5 V<\/td>\n<\/tr>\n<tr>\n<td style=\"height: 20px;\" height=\"20\">\u015earj algoritmas\u0131<\/td>\n<td>6 a\u015famal\u0131 adaptif<\/td>\n<\/tr>\n<tr>\n<td style=\"height: 20px;\" height=\"20\">G\u00fc\u00e7 kayna\u011f\u0131 olarak kullan\u0131labilir<\/td>\n<td>Evet<\/td>\n<\/tr>\n<tr>\n<td style=\"height: 20px;\" height=\"20\">Koruma<\/td>\n<td>Ak\u00fc ters polarite (sigorta) \/ \u00c7\u0131k\u0131\u015f k\u0131sa devresi \/ A\u015f\u0131r\u0131 s\u0131cakl\u0131k<\/td>\n<\/tr>\n<tr>\n<td style=\"height: 20px;\" height=\"20\">\u00c7al\u0131\u015fma s\u0131cakl\u0131\u011f\u0131 aral\u0131\u011f\u0131<\/td>\n<td>-40 ila +60 \u00b0C (40 \u00b0C&#8217;ye kadar tam g\u00fc\u00e7 \u00e7\u0131k\u0131\u015f\u0131)<\/td>\n<\/tr>\n<tr>\n<td style=\"height: 20px;\" height=\"20\">Nem (yo\u011fu\u015fmas\u0131z)<\/td>\n<td>Maks. %98<\/td>\n<\/tr>\n<tr>\n<td style=\"height: 20px;\" height=\"20\">MUHAFAZA<\/td>\n<td><\/td>\n<\/tr>\n<tr>\n<td style=\"height: 20px;\" height=\"20\">Malzeme ve Renk<\/td>\n<td>Al\u00fcminyum (mavi RAL 5012)<\/td>\n<\/tr>\n<tr>\n<td style=\"height: 20px;\" height=\"20\">Ak\u00fc ba\u011flant\u0131s\u0131<\/td>\n<td>Vidal\u0131 terminaller 16 mm\u00b2 \/ AWG6<\/td>\n<\/tr>\n<tr>\n<td style=\"height: 20px;\" height=\"20\">230 VAC ba\u011flant\u0131s\u0131<\/td>\n<td>CEE 7\/7, BS 1363 fi\u015fli (UK) ya da AS\/NZS 3112 fi\u015fli (AU\/NZ) 1,5 metre kablo<\/td>\n<\/tr>\n<tr>\n<td style=\"height: 20px;\" height=\"20\">Koruma kategorisi<\/td>\n<td>IP22<\/td>\n<\/tr>\n<tr>\n<td style=\"height: 20px;\" height=\"20\">A\u011f\u0131rl\u0131k<\/td>\n<td>1,3 kg<\/td>\n<\/tr>\n<tr>\n<td style=\"height: 20px;\" height=\"20\">Boyutlar (y x g x d)<\/td>\n<td>235 x 108 x 65 mm<\/td>\n<\/tr>\n<\/tbody>\n<\/table>\n<\/div>\n","protected":false},"excerpt":{"rendered":"<p><img decoding=\"async\" class=\"alignnone size-full wp-image-6859\" src=\"https:\/\/ermtech.com.tr\/magaza\/wp-content\/uploads\/sites\/2\/2023\/11\/victron-energy-bv-logo-vector-e1699788428433.png\" alt=\"\" width=\"150\" height=\"83\" \/><\/p>\n","protected":false},"featured_media":5568,"comment_status":"open","ping_status":"closed","template":"","meta":{"_acf_changed":false},"product_cat":[285],"product_tag":[],"class_list":{"0":"post-6262","1":"product","2":"type-product","3":"status-publish","4":"has-post-thumbnail","6":"product_cat-aku-sarj-cihazlari-karavan-enerji-enerji","8":"first","9":"instock","10":"taxable","11":"shipping-taxable","12":"purchasable","13":"product-type-simple"},"acf":[],"_links":{"self":[{"href":"https:\/\/ermtech.com.tr\/magaza\/wp-json\/wp\/v2\/product\/6262","targetHints":{"allow":["GET"]}}],"collection":[{"href":"https:\/\/ermtech.com.tr\/magaza\/wp-json\/wp\/v2\/product"}],"about":[{"href":"https:\/\/ermtech.com.tr\/magaza\/wp-json\/wp\/v2\/types\/product"}],"replies":[{"embeddable":true,"href":"https:\/\/ermtech.com.tr\/magaza\/wp-json\/wp\/v2\/comments?post=6262"}],"version-history":[{"count":2,"href":"https:\/\/ermtech.com.tr\/magaza\/wp-json\/wp\/v2\/product\/6262\/revisions"}],"predecessor-version":[{"id":8031,"href":"https:\/\/ermtech.com.tr\/magaza\/wp-json\/wp\/v2\/product\/6262\/revisions\/8031"}],"wp:featuredmedia":[{"embeddable":true,"href":"https:\/\/ermtech.com.tr\/magaza\/wp-json\/wp\/v2\/media\/5568"}],"wp:attachment":[{"href":"https:\/\/ermtech.com.tr\/magaza\/wp-json\/wp\/v2\/media?parent=6262"}],"wp:term":[{"taxonomy":"product_cat","embeddable":true,"href":"https:\/\/ermtech.com.tr\/magaza\/wp-json\/wp\/v2\/product_cat?post=6262"},{"taxonomy":"product_tag","embeddable":true,"href":"https:\/\/ermtech.com.tr\/magaza\/wp-json\/wp\/v2\/product_tag?post=6262"}],"curies":[{"name":"wp","href":"https:\/\/api.w.org\/{rel}","templated":true}]}}