{"id":6261,"date":"2023-11-08T21:52:38","date_gmt":"2023-11-08T18:52:38","guid":{"rendered":"https:\/\/ermtech.com.tr\/magaza\/?post_type=product&#038;p=6261"},"modified":"2025-03-21T16:39:38","modified_gmt":"2025-03-21T13:39:38","slug":"victron-blue-smart-ip22-charger-220v-24v-16a-3-aku-sarj-cihazi","status":"publish","type":"product","link":"https:\/\/ermtech.com.tr\/magaza\/urun\/victron-blue-smart-ip22-charger-220v-24v-16a-3-aku-sarj-cihazi","title":{"rendered":"Victron Blue Smart IP22 Charger 220V 24V 16A (3) Ak\u00fc \u015earj Cihaz\u0131"},"content":{"rendered":"<div id=\"Jpills-two-example1\" class=\"tab-pane fade active show\" role=\"tabpanel\" aria-labelledby=\"Jpills-two-example1-tab\">\n<p><span style=\"color: f28b00; font-family: helvetica; font-weight: bold; font-size: 18px; letter-spacing: -0.3px;\">Victron Blue Smart IP22 Charger 220V 24V 16A (3) Ak\u00fc \u015earj Cihaz\u0131<\/span><\/p>\n<p><span style=\"color: f28b00; font-family: helvetica; ;font-size: 14px; letter-spacing: -0.3px;\"> Stok kodu: BPC241648002<\/span><\/p>\n<p>Blue Smart Charger IP22&#8217;nin %94&#8217;e varan verimlili\u011fi , bu t\u00fcr cihazlar i\u00e7in yeni end\u00fcstri standartlar\u0131 belirliyor. Victron Energy Blue Smart IP22 serisi \u015farj cihazlar\u0131, piyasada sunulan cihazlara k\u0131yasla d\u00f6rt kat daha az \u0131s\u0131 \u00fcretir. Pil \/ pil tamamen \u015farj oldu\u011funda, \u015farj cihaz\u0131n\u0131n enerji t\u00fcketimi 0,5 W&#8217;\u0131n alt\u0131na d\u00fc\u015fer . Bu sonu\u00e7, standart rekabet cihazlar\u0131ndan yakla\u015f\u0131k on kat daha iyidir.<\/p>\n<p><span style=\"font-size: 14px;\"><strong>Blue Smart \u015earj Cihaz\u0131 IP22&#8217;nin \u00d6zellikleri<\/strong><\/span><\/p>\n<p>Basit kurulum ve yap\u0131land\u0131rma &#8211; Bluetooth Smart \u00fczerinden voltaj ve ak\u0131m okuma<br \/>\nAk\u0131ll\u0131 pil \u015farj\u0131n\u0131n geli\u015fmi\u015f algoritmas\u0131 &#8211; 6 a\u015famal\u0131 pil \u015farj\u0131<br \/>\nTamamen bo\u015falm\u0131\u015f pilleri kurtarma imkan\u0131, s\u00f6zde &#8220;\u00f6l\u00fc&#8221;<br \/>\nOtomatik pil g\u00fc\u00e7 kayna\u011f\u0131 i\u015flevi<br \/>\nY\u00fcksek veya d\u00fc\u015f\u00fck s\u0131cakl\u0131k i\u00e7in otomatik voltaj kompanzasyonu<br \/>\nDaha k\u00fc\u00e7\u00fck pilleri \u015farj etmek i\u00e7in d\u00fc\u015f\u00fck g\u00fc\u00e7 modu<br \/>\nLi-ion piller i\u00e7in \u015farj modu (Li-Ion, LiFeP04)<br \/>\n\u2714\ufe0f \u00c7ok y\u00fcksek verimlilik!<\/p>\n<p>\u2714\ufe0f Tamamen g\u00fcvenli, dayan\u0131kl\u0131 ve sessiz<br \/>\n\u2714\ufe0f Elektronik bile\u015fenlerde d\u00fc\u015f\u00fck termal strese sahiptir<br \/>\n\u2714\ufe0fToz, su ve kimyasallar\u0131n penetrasyonuna kar\u015f\u0131 korumal\u0131d\u0131r.<br \/>\n\u2714\ufe0fA\u015f\u0131r\u0131 \u0131s\u0131nmaya kar\u015f\u0131 korumal\u0131d\u0131r: S\u0131cakl\u0131k 60\u00b0C&#8217;ye y\u00fckseldi\u011finde \u00e7\u0131k\u0131\u015f ak\u0131m\u0131 d\u00fc\u015fer<br \/>\n\u2714\ufe0fG\u00fcr\u00fclt\u00fc yok: fan veya di\u011fer hareketli par\u00e7alar yok<\/p>\n<p>Standart olmayan operasyonda daha d\u00fc\u015f\u00fck bak\u0131m maliyetleri ve daha az pil t\u00fcketimi: depolama modu<br \/>\nBlue Smart \u015earj Cihaz\u0131 IP22, pilin \/ pil paketinin 24 saat i\u00e7inde herhangi bir de\u015farja tabi olmad\u0131\u011f\u0131 durumlarda depolama modunu etkinle\u015ftirir . Enerji depolama modunda, ak\u00fcn\u00fcn pozitif terminallerinde gaz olu\u015fumunu ve a\u015f\u0131nmay\u0131 en aza indirmek i\u00e7in sabit voltaj 2,2 V\/h\u00fccreye (12 V ak\u00fc i\u00e7in 13,2 V) d\u00fc\u015f\u00fcr\u00fcl\u00fcr. Haftada bir voltaj, pil h\u00fccrelerini e\u015fitlemek i\u00e7in emilim voltaj\u0131na y\u00fckseltilir. Bu, pillerin erken ya\u015flanmas\u0131n\u0131n ana nedenleri olarak kabul edilen elektrolitlerin tabakala\u015fmas\u0131n\u0131 ve pillerin k\u00fck\u00fcrtlenmesini \u00f6nler.<br \/>\n\u015earj i\u015fleminin s\u0131cakl\u0131k kompanzasyonu<br \/>\nKur\u015fun asitli bir ak\u00fc i\u00e7in optimum \u015farj voltaj\u0131, ortam s\u0131cakl\u0131\u011f\u0131na g\u00f6re de\u011fi\u015fir. Blue Smart Charger IP22, test a\u015famas\u0131nda havadaki nemi ve s\u0131cakl\u0131\u011f\u0131 \u00f6l\u00e7er ve \u015farj i\u015flemini ortam s\u0131cakl\u0131\u011f\u0131na g\u00f6re ayarlar. D\u00fc\u015f\u00fck ak\u0131m \u015farj modundayken, \u00e7al\u0131\u015fma veya saklama s\u0131ras\u0131nda s\u0131cakl\u0131\u011f\u0131 tekrar \u00f6l\u00e7er. Bu nedenle so\u011fuk veya s\u0131cak ortamlar i\u00e7in \u00f6zel ayarlara gerek yoktur.<br \/>\nLityum-iyon (Li-ion) pil \u015farj modu<br \/>\nBlue Power IP22 \u015farj cihaz\u0131, d\u00fc\u015f\u00fck pil seviyesine kar\u015f\u0131 otomatik yeniden ba\u015flatma korumal\u0131 Lityum \u0130yon (LiFePO4) pilleri \u015farj etmek i\u00e7in \u00f6zel bir algoritma kullan\u0131r.<\/p>\n<p><span style=\"font-size: 14px;\"><strong>\u00d6zellikler:<\/strong><\/span><\/p>\n<p>Yeterlik [%]\u00a0\u00a0 \u00a0%94<br \/>\n\u00c7al\u0131\u015ft\u0131rmay\u0131 engelle (Si)\u00a0\u00a0 \u00a0 K\u0131sa devre korumal\u0131, ak\u0131m 0,5 A ile s\u0131n\u0131rl\u0131d\u0131r<br \/>\nDoyma voltaj\u0131n\u0131n varsay\u0131lan de\u011feri [V]\u00a0\u00a0 \u00a0Normal: 28,8V Y\u00fcksek: 29,42V Li-ion: 28,4V<br \/>\nVarsay\u0131lan tutma gerilimi de\u011feri [V]\u00a0\u00a0 \u00a0Normal: 27,0V Y\u00fcksek: 27,0V Li-ion: 27,6V<br \/>\nDepolama voltaj\u0131n\u0131n varsay\u0131lan de\u011feri [V]\u00a0\u00a0 \u00a0Normal: 26,4 V Y\u00fcksek: 26,4 V Li-ion: yok<br \/>\n\u015earj ak\u0131m\u0131 [A]\u00a0\u00a0 \u00a016A<br \/>\n\u015earj ak\u0131m\u0131 &#8211; GECE veya D\u00dc\u015e\u00dcK modu [A]\u00a0\u00a0 \u00a08A<br \/>\nS\u0131cakl\u0131k telafisi\u00a0\u00a0 \u00a032mV\/\u00b0C<br \/>\nBoyutlar YxGxD [mm]\u00a0\u00a0 \u00a0235x108x65mm<br \/>\nA\u011f\u0131rl\u0131k (kg]\u00a0\u00a0 \u00a01.3Kg<\/p>\n<\/div>\n","protected":false},"excerpt":{"rendered":"<p><img decoding=\"async\" class=\"alignnone size-full wp-image-6859\" src=\"https:\/\/ermtech.com.tr\/magaza\/wp-content\/uploads\/sites\/2\/2023\/11\/victron-energy-bv-logo-vector-e1699788428433.png\" alt=\"\" width=\"150\" height=\"83\" \/><\/p>\n","protected":false},"featured_media":5567,"comment_status":"open","ping_status":"closed","template":"","meta":{"_acf_changed":false},"product_cat":[285],"product_tag":[],"class_list":{"0":"post-6261","1":"product","2":"type-product","3":"status-publish","4":"has-post-thumbnail","6":"product_cat-aku-sarj-cihazlari-karavan-enerji-enerji","8":"first","9":"instock","10":"taxable","11":"shipping-taxable","12":"purchasable","13":"product-type-simple"},"acf":[],"_links":{"self":[{"href":"https:\/\/ermtech.com.tr\/magaza\/wp-json\/wp\/v2\/product\/6261","targetHints":{"allow":["GET"]}}],"collection":[{"href":"https:\/\/ermtech.com.tr\/magaza\/wp-json\/wp\/v2\/product"}],"about":[{"href":"https:\/\/ermtech.com.tr\/magaza\/wp-json\/wp\/v2\/types\/product"}],"replies":[{"embeddable":true,"href":"https:\/\/ermtech.com.tr\/magaza\/wp-json\/wp\/v2\/comments?post=6261"}],"version-history":[{"count":2,"href":"https:\/\/ermtech.com.tr\/magaza\/wp-json\/wp\/v2\/product\/6261\/revisions"}],"predecessor-version":[{"id":8006,"href":"https:\/\/ermtech.com.tr\/magaza\/wp-json\/wp\/v2\/product\/6261\/revisions\/8006"}],"wp:featuredmedia":[{"embeddable":true,"href":"https:\/\/ermtech.com.tr\/magaza\/wp-json\/wp\/v2\/media\/5567"}],"wp:attachment":[{"href":"https:\/\/ermtech.com.tr\/magaza\/wp-json\/wp\/v2\/media?parent=6261"}],"wp:term":[{"taxonomy":"product_cat","embeddable":true,"href":"https:\/\/ermtech.com.tr\/magaza\/wp-json\/wp\/v2\/product_cat?post=6261"},{"taxonomy":"product_tag","embeddable":true,"href":"https:\/\/ermtech.com.tr\/magaza\/wp-json\/wp\/v2\/product_tag?post=6261"}],"curies":[{"name":"wp","href":"https:\/\/api.w.org\/{rel}","templated":true}]}}