{"id":6260,"date":"2023-11-08T21:52:38","date_gmt":"2023-11-08T18:52:38","guid":{"rendered":"https:\/\/ermtech.com.tr\/magaza\/?post_type=product&#038;p=6260"},"modified":"2024-11-08T10:50:15","modified_gmt":"2024-11-08T07:50:15","slug":"victron-energy-275a-acik-kapali-aku-anahtari","status":"publish","type":"product","link":"https:\/\/ermtech.com.tr\/magaza\/urun\/victron-energy-275a-acik-kapali-aku-anahtari","title":{"rendered":"Victron Energy 275A A\u00e7\u0131k\/Kapal\u0131 Ak\u00fc Anahtar\u0131"},"content":{"rendered":"<div id=\"Jpills-two-example1\" class=\"tab-pane fade active show\" role=\"tabpanel\" aria-labelledby=\"Jpills-two-example1-tab\">\n<p><span style=\"color: f28b00; font-family: helvetica; font-weight: bold; font-size: 18px; letter-spacing: -0.3px;\">Victron Energy 275A A\u00e7\u0131k\/Kapal\u0131 Ak\u00fc Anahtar\u0131<\/span><\/p>\n<p><span style=\"color: f28b00; font-family: helvetica; ;font-size: 14px; letter-spacing: -0.3px;\"> Stok kodu: VBS127010010 <\/span><\/p>\n<p>Victron Energy On\/Off ak\u00fc anahtar\u0131, s\u00fcrekli 275 amper de\u011ferine sahiptir ve 48 V&#8217;a kadar olan ak\u00fc sistemleri i\u00e7in uygundur. Ayr\u0131ca \u00e7\u0131kar\u0131labilen benzersiz ve ergonomik bir topuzu vard\u0131r.<\/p>\n<p>Ak\u00fc Anahtar\u0131, bir ak\u00fcy\u00fc DC y\u00fcklerinden ve\/veya DC \u015farj kaynaklar\u0131ndan izole etmek i\u00e7in kullan\u0131labilir.<br \/>\nBir sistemin g\u00f6zetimsiz olmas\u0131 durumunda, sistem bak\u0131m\u0131 i\u00e7in veya acil bir durumda pil \u015farj\u0131n\u0131 korumak i\u00e7in kullan\u0131l\u0131r.<br \/>\nAcil bir durumda bo\u015f mar\u015f ak\u00fcs\u00fcn\u00fc veya d\u00fcz ev ak\u00fcs\u00fcn\u00fc desteklemek i\u00e7in ev ak\u00fcs\u00fcn\u00fc mar\u015f ak\u00fcs\u00fcne paralel ba\u011flamak i\u00e7in de kullan\u0131labilir.<\/p>\n<p><span style=\"font-size: 14px;\"><strong>Kurulum<\/strong><\/span><br \/>\nAk\u00fc Anahtar\u0131, kurulum s\u0131ras\u0131nda esneklik sa\u011flayan y\u00fczeye veya panele monte edilebilir.<br \/>\nKablo eri\u015fimi i\u00e7in kolayca \u00e7\u0131kar\u0131labilen 4 yan panele sahiptir.<br \/>\nAk\u00fc Anahtar\u0131n\u0131 ki\u015fiselle\u015ftirmek i\u00e7in 16 farkl\u0131 etiket etiketi ile birlikte g\u00f6nderilir.<\/p>\n<p><span style=\"font-size: 14px;\"><strong>Emniyet<\/strong><\/span><br \/>\nD\u00fc\u011fme, izolasyon veya g\u00fcvenlik amac\u0131yla \u00e7\u0131kar\u0131labilir. Ak\u00fc Anahtar\u0131, ISO8846 Ate\u015fleme Korumas\u0131 standard\u0131n\u0131 kar\u015f\u0131lar ve makine dairesinde kullan\u0131ma uygundur.<\/p>\n<p><span style=\"font-size: 14px;\"><strong>\u00d6zellikler:<\/strong><\/span><\/p>\n<p>Maks. S\u00fcrekli Ak\u0131m: 275 A<br \/>\nBir Dakika De\u011ferlendirmesi: 455 A<br \/>\nMar\u015f De\u011feri: 1250 A<br \/>\nVoltaj De\u011feri: 48 V<br \/>\nTerminal Malzemesi: Kalay kapl\u0131 bak\u0131r<br \/>\nAlt\u0131gen Somun Malzemesi: Kalay kapl\u0131 bak\u0131r<br \/>\nTerminal \u00c7ap\u0131: 3\/8 in\u00e7 (9,53 mm)<br \/>\n\u00d6nerilen Tork: 70 lbf\/in\u00e7 (8 N\/m)<br \/>\nTemel Malzeme: Cam elyaf takviyeli naylon<br \/>\nA\u011f\u0131rl\u0131k: 0,4 lb (0,2 kg)<br \/>\nBoyutlar (UxGxY): 2,7 x 3,0 x 2,7 in\u00e7 (69,5 x 76,3 x 69,5 mm)<br \/>\nMontaj: Y\u00fczeye veya arka panel montaj\u0131<br \/>\nTutu\u015fmaya Kar\u015f\u0131 Korumal\u0131: ISO8846 \/ SAE J1171<\/p>\n<\/div>\n","protected":false},"excerpt":{"rendered":"<p><img decoding=\"async\" class=\"alignnone size-full wp-image-6859\" src=\"https:\/\/ermtech.com.tr\/magaza\/wp-content\/uploads\/sites\/2\/2023\/11\/victron-energy-bv-logo-vector-e1699788428433.png\" alt=\"\" width=\"150\" height=\"83\" \/><\/p>\n","protected":false},"featured_media":5564,"comment_status":"open","ping_status":"closed","template":"","meta":{"_acf_changed":false},"product_cat":[284],"product_tag":[],"class_list":{"0":"post-6260","1":"product","2":"type-product","3":"status-publish","4":"has-post-thumbnail","6":"product_cat-victron-ara-cihazlar-karavan-enerji-enerji","8":"first","9":"outofstock","10":"taxable","11":"shipping-taxable","12":"purchasable","13":"product-type-simple"},"acf":[],"_links":{"self":[{"href":"https:\/\/ermtech.com.tr\/magaza\/wp-json\/wp\/v2\/product\/6260","targetHints":{"allow":["GET"]}}],"collection":[{"href":"https:\/\/ermtech.com.tr\/magaza\/wp-json\/wp\/v2\/product"}],"about":[{"href":"https:\/\/ermtech.com.tr\/magaza\/wp-json\/wp\/v2\/types\/product"}],"replies":[{"embeddable":true,"href":"https:\/\/ermtech.com.tr\/magaza\/wp-json\/wp\/v2\/comments?post=6260"}],"version-history":[{"count":1,"href":"https:\/\/ermtech.com.tr\/magaza\/wp-json\/wp\/v2\/product\/6260\/revisions"}],"predecessor-version":[{"id":7295,"href":"https:\/\/ermtech.com.tr\/magaza\/wp-json\/wp\/v2\/product\/6260\/revisions\/7295"}],"wp:featuredmedia":[{"embeddable":true,"href":"https:\/\/ermtech.com.tr\/magaza\/wp-json\/wp\/v2\/media\/5564"}],"wp:attachment":[{"href":"https:\/\/ermtech.com.tr\/magaza\/wp-json\/wp\/v2\/media?parent=6260"}],"wp:term":[{"taxonomy":"product_cat","embeddable":true,"href":"https:\/\/ermtech.com.tr\/magaza\/wp-json\/wp\/v2\/product_cat?post=6260"},{"taxonomy":"product_tag","embeddable":true,"href":"https:\/\/ermtech.com.tr\/magaza\/wp-json\/wp\/v2\/product_tag?post=6260"}],"curies":[{"name":"wp","href":"https:\/\/api.w.org\/{rel}","templated":true}]}}