{"id":6259,"date":"2023-11-08T21:52:38","date_gmt":"2023-11-08T18:52:38","guid":{"rendered":"https:\/\/ermtech.com.tr\/magaza\/?post_type=product&#038;p=6259"},"modified":"2026-04-27T16:07:48","modified_gmt":"2026-04-27T13:07:48","slug":"sunny-sn24lede6681-24-61-ekran-12v-uydu-alicili-android-smart-led-tv","status":"publish","type":"product","link":"https:\/\/ermtech.com.tr\/magaza\/urun\/sunny-sn24lede6681-24-61-ekran-12v-uydu-alicili-android-smart-led-tv","title":{"rendered":"Sunny SN24LEDE6681 24&#8243; 61 Ekran 12V Uydu Al\u0131c\u0131l\u0131 Android Smart LED TV"},"content":{"rendered":"<div id=\"Jpills-two-example1\" class=\"tab-pane fade active show\" role=\"tabpanel\" aria-labelledby=\"Jpills-two-example1-tab\">\n<p><span style=\"color: f28b00; font-family: helvetica; font-weight: bold; font-size: 18px; letter-spacing: -0.3px;\">Sunny SN24LEDE6681 24&#8243; 61 Ekran 12V Uydu Al\u0131c\u0131l\u0131 Android Smart LED TV<\/span><\/p>\n<p><span style=\"color: f28b00; font-family: helvetica; ;font-size: 14px; letter-spacing: -0.3px;\"> Stok kodu: SN24LEDE6681<\/span><\/p>\n<p><strong>12Volt ile \u00e7al\u0131\u015fma \u00f6zelli\u011fi oldu\u011fu i\u00e7in otob\u00fcs, Karavan veya teknelerde invert\u00f6r olmadan kullan\u0131labilir.<\/strong><\/p>\n<p><strong>2K Karavan<\/strong><\/p>\n<p>TEKN\u0130K \u00d6ZELL\u0130KLER<\/p>\n<ul>\n<li>12 Volt<\/li>\n<li>24&#8243; 60 EKRAN<\/li>\n<li>1366 x 768 HD READY<\/li>\n<li><strong>SMART ANDROID<\/strong><\/li>\n<li>4 \u00c7EK\u0130RDEK \u0130\u015eLEMC\u0130 \u0130LE HIZLI PERFORMANS<\/li>\n<li>200 HZ<\/li>\n<li><strong>DAH\u0130L\u0130 UYDU ALICILI<\/strong><\/li>\n<li>2 x USB (MEDIA PLAYER)<\/li>\n<li>2 x HDMI G\u0130R\u0130\u015e\u0130<\/li>\n<li>2 x 8 W SES S\u0130STEM\u0130<\/li>\n<li>COAXCIAL SES \u00c7IKI\u015eI<\/li>\n<li>AV G\u0130R\u0130\u015e\u0130<\/li>\n<li>OTOMAT\u0130K KAPANMA<\/li>\n<li>TEK KUMANDA<\/li>\n<li>2 YIL GARANT\u0130<\/li>\n<li>YEDEK PAR\u00c7A VE SERV\u0130S GARANT\u0130S\u0130<\/li>\n<\/ul>\n<p><img decoding=\"async\" style=\"width: 1000px; height: 613px;\" src=\"https:\/\/www.kampkaravanmarket.com\/Resimler\/Sunny_SN24LEDE6681_24_61_Ekran_Uydu_Alcl_Android_Smart_LED_TV_12V_Girili_4.jpg\" alt=\"\" \/><\/p>\n<div class=\"\">\n<p><a style=\"color: #ffffff;\" href=\"https:\/\/www.kampkaravanmarket.com\/karavan-televizyon\"><strong>Televizyon<\/strong><\/a><\/p>\n<p><a style=\"color: #ffffff;\" href=\"https:\/\/www.kampkaravanmarket.com\/sunny\"><strong>Sunny<\/strong><\/a><\/p>\n<\/div>\n<\/div>\n","protected":false},"excerpt":{"rendered":"<p>Sunny SN24LEDE6681 24&#8243; 61 Ekran 12V Uydu Al\u0131c\u0131l\u0131 Android Smart LED TV Stok kodu: SN24LEDE6681 12Volt ile \u00e7al\u0131\u015fma \u00f6zelli\u011fi oldu\u011fu i\u00e7in otob\u00fcs, Karavan veya teknelerde invert\u00f6r olmadan kullan\u0131labilir. 2K Karavan<\/p>\n","protected":false},"featured_media":5560,"comment_status":"open","ping_status":"closed","template":"","meta":{"_acf_changed":false},"product_cat":[253],"product_tag":[],"class_list":{"0":"post-6259","1":"product","2":"type-product","3":"status-publish","4":"has-post-thumbnail","6":"product_cat-televizyon","8":"first","9":"outofstock","10":"taxable","11":"shipping-taxable","12":"purchasable","13":"product-type-simple"},"acf":[],"_links":{"self":[{"href":"https:\/\/ermtech.com.tr\/magaza\/wp-json\/wp\/v2\/product\/6259","targetHints":{"allow":["GET"]}}],"collection":[{"href":"https:\/\/ermtech.com.tr\/magaza\/wp-json\/wp\/v2\/product"}],"about":[{"href":"https:\/\/ermtech.com.tr\/magaza\/wp-json\/wp\/v2\/types\/product"}],"replies":[{"embeddable":true,"href":"https:\/\/ermtech.com.tr\/magaza\/wp-json\/wp\/v2\/comments?post=6259"}],"version-history":[{"count":0,"href":"https:\/\/ermtech.com.tr\/magaza\/wp-json\/wp\/v2\/product\/6259\/revisions"}],"wp:featuredmedia":[{"embeddable":true,"href":"https:\/\/ermtech.com.tr\/magaza\/wp-json\/wp\/v2\/media\/5560"}],"wp:attachment":[{"href":"https:\/\/ermtech.com.tr\/magaza\/wp-json\/wp\/v2\/media?parent=6259"}],"wp:term":[{"taxonomy":"product_cat","embeddable":true,"href":"https:\/\/ermtech.com.tr\/magaza\/wp-json\/wp\/v2\/product_cat?post=6259"},{"taxonomy":"product_tag","embeddable":true,"href":"https:\/\/ermtech.com.tr\/magaza\/wp-json\/wp\/v2\/product_tag?post=6259"}],"curies":[{"name":"wp","href":"https:\/\/api.w.org\/{rel}","templated":true}]}}